{"id":1011,"date":"2021-12-06T06:53:42","date_gmt":"2021-12-06T05:53:42","guid":{"rendered":"https:\/\/visitar.zoodelpirineu.com\/?page_id=1011"},"modified":"2023-01-13T05:39:45","modified_gmt":"2023-01-13T04:39:45","slug":"carnet-jove","status":"publish","type":"page","link":"https:\/\/visitar.zoodelpirineu.com\/ca\/descomptes\/carnet-jove\/","title":{"rendered":"Carnet Jove"},"content":{"rendered":"<div class=\"aioseo-breadcrumbs\"><span class=\"aioseo-breadcrumb\">\n\t<a href=\"https:\/\/visitar.zoodelpirineu.com\/ca\/\" title=\"Home\">Home<\/a>\n<\/span><span class=\"aioseo-breadcrumb-separator\">&raquo;<\/span><span class=\"aioseo-breadcrumb\">\n\t<a href=\"https:\/\/visitar.zoodelpirineu.com\/ca\/descomptes\/\" title=\"Descomptes\">Descomptes<\/a>\n<\/span><span class=\"aioseo-breadcrumb-separator\">&raquo;<\/span><span class=\"aioseo-breadcrumb\">\n\tCarnet Jove\n<\/span><\/div>\n\n\n<div style=\"height:25px\" aria-hidden=\"true\" class=\"wp-block-spacer\"><\/div>\n\n\n\n<div class=\"wp-block-cover\"><span aria-hidden=\"true\" class=\"wp-block-cover__background has-background-dim-60 has-background-dim\"><\/span><img loading=\"lazy\" decoding=\"async\" width=\"800\" height=\"600\" class=\"wp-block-cover__image-background wp-image-957\" alt=\"Descompte amb Carnet Jove\" src=\"https:\/\/visitar.zoodelpirineu.com\/wp-content\/uploads\/2021\/12\/Carnet-Jove.jpg\" style=\"object-position:34% 10%\" data-object-fit=\"cover\" data-object-position=\"34% 10%\" srcset=\"https:\/\/visitar.zoodelpirineu.com\/wp-content\/uploads\/2021\/12\/Carnet-Jove.jpg 800w, https:\/\/visitar.zoodelpirineu.com\/wp-content\/uploads\/2021\/12\/Carnet-Jove-300x225.jpg 300w, https:\/\/visitar.zoodelpirineu.com\/wp-content\/uploads\/2021\/12\/Carnet-Jove-768x576.jpg 768w\" sizes=\"auto, (max-width: 800px) 100vw, 800px\" \/><div class=\"wp-block-cover__inner-container is-layout-flow wp-block-cover-is-layout-flow\">\n<h2 class=\"has-text-align-center has-base-3-color has-text-color has-large-font-size wp-block-heading\">20% de descompte amb Carnet Jove<\/h2>\n\n\n\n<p class=\"has-text-align-center has-medium-font-size\">Codi de descompte &#8220;CarJov&#8221;<\/p>\n\n\n\n<div class=\"wp-block-buttons is-content-justification-center is-layout-flex wp-container-core-buttons-is-layout-16018d1d wp-block-buttons-is-layout-flex\">\n<div class=\"wp-block-button has-custom-font-size has-medium-font-size\"><a class=\"wp-block-button__link wp-element-button\" href=\"https:\/\/visitar.zoodelpirineu.com\/venda-entrades\/venda\" style=\"border-radius:0px\">COMPRA LA TEVA ENTRADA <\/a><\/div>\n<\/div>\n<\/div><\/div>\n\n\n\n<div style=\"height:60px\" aria-hidden=\"true\" class=\"wp-block-spacer\"><\/div>\n\n\n\n<div class=\"wp-block-columns is-layout-flex wp-container-core-columns-is-layout-9d6595d7 wp-block-columns-is-layout-flex\">\n<div class=\"wp-block-column is-layout-flow wp-block-column-is-layout-flow\" style=\"flex-basis:15%\"><\/div>\n\n\n\n<div class=\"wp-block-column has-contrast-2-background-color has-background is-layout-flow wp-block-column-is-layout-flow\"><div class=\"wp-block-image\">\n<figure class=\"aligncenter size-thumbnail is-resized\"><img loading=\"lazy\" decoding=\"async\" src=\"https:\/\/visitar.zoodelpirineu.com\/wp-content\/uploads\/2022\/12\/Picto-cooperacio-150x150.png\" alt=\"Cooperaci\u00f3\" class=\"wp-image-3026\" width=\"75\" height=\"75\" srcset=\"https:\/\/visitar.zoodelpirineu.com\/wp-content\/uploads\/2022\/12\/Picto-cooperacio-150x150.png 150w, https:\/\/visitar.zoodelpirineu.com\/wp-content\/uploads\/2022\/12\/Picto-cooperacio-300x300.png 300w, https:\/\/visitar.zoodelpirineu.com\/wp-content\/uploads\/2022\/12\/Picto-cooperacio.png 512w\" sizes=\"auto, (max-width: 75px) 100vw, 75px\" \/><\/figure>\n<\/div>\n\n\n<h2 class=\"has-text-align-center has-base-3-color has-text-color wp-block-heading\">Benvingut i benviguda!<\/h2>\n\n\n\n<p class=\"has-text-align-center has-base-3-color has-text-color\">Ets una<strong> persona jove especial<\/strong> que prefereix activitats a la natura<br>abans que als parcs d&#8217;atraccions o de turisme de platja.<\/p>\n\n\n\n<p class=\"has-text-align-center has-base-3-color has-text-color\">Per agrair la teva actitud t&#8217;oferim descompte de 20% al preu de l&#8217;entrada.<\/p>\n<\/div>\n\n\n\n<div class=\"wp-block-column is-layout-flow wp-block-column-is-layout-flow\" style=\"flex-basis:15%\"><\/div>\n<\/div>\n\n\n\n<div style=\"height:60px\" aria-hidden=\"true\" class=\"wp-block-spacer\"><\/div>\n\n\n\n<h2 class=\"has-text-align-center wp-block-heading\">Activitats que inclou l&#8217;oferta amb el <a href=\"https:\/\/www.carnetjove.cat\/ca\" target=\"_blank\" rel=\"noopener\" title=\"Carnet Jove\">Carnet Jove<\/a><\/h2>\n\n\n\n<div class=\"wp-block-columns is-layout-flex wp-container-core-columns-is-layout-9d6595d7 wp-block-columns-is-layout-flex\">\n<div class=\"wp-block-column is-layout-flow wp-block-column-is-layout-flow\" style=\"flex-basis:10%\"><\/div>\n\n\n\n<div class=\"wp-block-column has-base-background-color has-background is-layout-flow wp-block-column-is-layout-flow\"><div class=\"wp-block-image\">\n<figure class=\"aligncenter size-full\"><img loading=\"lazy\" decoding=\"async\" width=\"800\" height=\"600\" src=\"https:\/\/visitar.zoodelpirineu.com\/wp-content\/uploads\/2023\/01\/Exhibicio-de-vol-en-el-Zoo-del-Pirineu.jpg\" alt=\"Activitats amb descompte Carnet Jove\" class=\"wp-image-3480\" srcset=\"https:\/\/visitar.zoodelpirineu.com\/wp-content\/uploads\/2023\/01\/Exhibicio-de-vol-en-el-Zoo-del-Pirineu.jpg 800w, https:\/\/visitar.zoodelpirineu.com\/wp-content\/uploads\/2023\/01\/Exhibicio-de-vol-en-el-Zoo-del-Pirineu-300x225.jpg 300w, https:\/\/visitar.zoodelpirineu.com\/wp-content\/uploads\/2023\/01\/Exhibicio-de-vol-en-el-Zoo-del-Pirineu-768x576.jpg 768w\" sizes=\"auto, (max-width: 800px) 100vw, 800px\" \/><\/figure>\n<\/div>\n\n\n<div style=\"height:10px\" aria-hidden=\"true\" class=\"wp-block-spacer\"><\/div>\n\n\n\n<h2 class=\"has-text-align-center wp-block-heading\"><a href=\"https:\/\/visitar.zoodelpirineu.com\/ca\/activitats-amb-animals\/exhibicio-aus-rapinyaires\/\" target=\"_blank\" rel=\"noopener\" title=\"Exhibici\u00f3 de vol de aus rapinyaires\">Exhibici\u00f3 de vol<\/a><\/h2>\n\n\n\n<p class=\"has-text-align-center\">Pasa una hora super divertida amb animals salvatges. Atenci\u00f3! <strong>La teva participaci\u00f3 activa \u00e9s element base.<\/strong><\/p>\n\n\n\n<p class=\"has-text-align-center\">No nom\u00e9s que <strong>t&#8217;ho passar\u00e0s genial<\/strong>, sin\u00f3 tamb\u00e9 adquirir\u00e1s coneixement sobre els animals del nostre pa\u00eds que <strong>deixar\u00e0 assombrats els teus amics<\/strong>.<\/p>\n<\/div>\n\n\n\n<div class=\"wp-block-column has-base-background-color has-background is-layout-flow wp-block-column-is-layout-flow\"><div class=\"wp-block-image\">\n<figure class=\"aligncenter size-full\"><img loading=\"lazy\" decoding=\"async\" width=\"800\" height=\"600\" src=\"https:\/\/visitar.zoodelpirineu.com\/wp-content\/uploads\/2023\/01\/Visita-guiada-amb-carnet-jove.jpg\" alt=\"20% de descompte amb carnet jove\" class=\"wp-image-3483\" srcset=\"https:\/\/visitar.zoodelpirineu.com\/wp-content\/uploads\/2023\/01\/Visita-guiada-amb-carnet-jove.jpg 800w, https:\/\/visitar.zoodelpirineu.com\/wp-content\/uploads\/2023\/01\/Visita-guiada-amb-carnet-jove-300x225.jpg 300w, https:\/\/visitar.zoodelpirineu.com\/wp-content\/uploads\/2023\/01\/Visita-guiada-amb-carnet-jove-768x576.jpg 768w\" sizes=\"auto, (max-width: 800px) 100vw, 800px\" \/><\/figure>\n<\/div>\n\n\n<div style=\"height:10px\" aria-hidden=\"true\" class=\"wp-block-spacer\"><\/div>\n\n\n\n<h2 class=\"has-text-align-center wp-block-heading\"><a href=\"https:\/\/visitar.zoodelpirineu.com\/ca\/activitats-amb-animals\/visita-guiada\/\" target=\"_blank\" rel=\"noopener\" title=\"Visita guiada\">Visita guiada<\/a><\/h2>\n\n\n\n<p class=\"has-text-align-center\">Embarca&#8217;t a la nostra aventura de salvar animals salvatges.<\/p>\n\n\n\n<p class=\"has-text-align-center\">En el Zoo del Pirineu donem llar als <strong>animals que no poden viure en la natura<\/strong>. Coneix les seves hist\u00f2ries i assebenta-te sobre qu\u00e8 pots fer per protegir-los. Ho mereixen.<\/p>\n<\/div>\n\n\n\n<div class=\"wp-block-column is-layout-flow wp-block-column-is-layout-flow\" style=\"flex-basis:10%\"><\/div>\n<\/div>\n\n\n\n<div class=\"wp-block-columns is-layout-flex wp-container-core-columns-is-layout-9d6595d7 wp-block-columns-is-layout-flex\">\n<div class=\"wp-block-column is-layout-flow wp-block-column-is-layout-flow\">\n<h2 class=\"has-text-align-center wp-block-heading\" id=\"descompte-del-20-amb-el-carnet-jove\"><br>Descompte del 20% amb el Carnet Jove<\/h2>\n\n\n\n<p class=\"has-text-align-center\">Utilitza el codi \u00ab<strong>CarJov<\/strong>\u00bb quan compris les entrades en l\u00ednia.&nbsp;<\/p>\n\n\n\n<div class=\"wp-block-buttons is-content-justification-center is-layout-flex wp-container-core-buttons-is-layout-16018d1d wp-block-buttons-is-layout-flex\">\n<div class=\"wp-block-button has-custom-font-size has-medium-font-size\"><a class=\"wp-block-button__link wp-element-button\" style=\"border-radius:0px\">COMPRA LES TEVES ENTRADES ARA MATEIX<\/a><\/div>\n<\/div>\n<\/div>\n<\/div>\n\n\n\n<div style=\"height:60px\" aria-hidden=\"true\" class=\"wp-block-spacer\"><\/div>\n\n\n\n<div class=\"wp-block-columns is-layout-flex wp-container-core-columns-is-layout-9d6595d7 wp-block-columns-is-layout-flex\">\n<div class=\"wp-block-column is-layout-flow wp-block-column-is-layout-flow\" style=\"flex-basis:10%\"><\/div>\n\n\n\n<div class=\"wp-block-column has-base-3-color has-contrast-2-background-color has-text-color has-background is-layout-flow wp-block-column-is-layout-flow\"><div class=\"wp-block-image\">\n<figure class=\"aligncenter size-thumbnail is-resized\"><img loading=\"lazy\" decoding=\"async\" src=\"https:\/\/visitar.zoodelpirineu.com\/wp-content\/uploads\/2022\/12\/Picto-beneficis-150x150.png\" alt=\"Altres activitats\" class=\"wp-image-3035\" width=\"75\" height=\"75\" srcset=\"https:\/\/visitar.zoodelpirineu.com\/wp-content\/uploads\/2022\/12\/Picto-beneficis-150x150.png 150w, https:\/\/visitar.zoodelpirineu.com\/wp-content\/uploads\/2022\/12\/Picto-beneficis-300x300.png 300w, https:\/\/visitar.zoodelpirineu.com\/wp-content\/uploads\/2022\/12\/Picto-beneficis.png 512w\" sizes=\"auto, (max-width: 75px) 100vw, 75px\" \/><\/figure>\n<\/div>\n\n\n<h2 class=\"has-text-align-center has-base-3-color has-text-color wp-block-heading\" id=\"altres-activitats\">Altres activitats<\/h2>\n\n\n\n<p class=\"has-text-align-center has-medium-font-size\">Al Zoo del Pirineu pots gaudir d&#8217;una gran varietat d&#8217;activitats on entres en contacte directe amb animals salvatges.<\/p>\n<\/div>\n\n\n\n<div class=\"wp-block-column is-layout-flow wp-block-column-is-layout-flow\" style=\"flex-basis:10%\"><\/div>\n<\/div>\n\n\n\n<div class=\"wp-block-columns is-layout-flex wp-container-core-columns-is-layout-9d6595d7 wp-block-columns-is-layout-flex\">\n<div class=\"wp-block-column is-layout-flow wp-block-column-is-layout-flow\" style=\"flex-basis:10%\"><\/div>\n\n\n\n<div class=\"wp-block-column has-base-3-color has-text-color is-layout-flow wp-block-column-is-layout-flow\">\n<div class=\"wp-block-cover\"><span aria-hidden=\"true\" class=\"wp-block-cover__background has-background-dim\"><\/span><img loading=\"lazy\" decoding=\"async\" width=\"1920\" height=\"600\" class=\"wp-block-cover__image-background wp-image-615\" alt=\"Experi\u00e8ncia inclou Mussol banyut\" src=\"https:\/\/visitar.zoodelpirineu.com\/wp-content\/uploads\/2021\/11\/Mussol-banyut-2.jpg\" style=\"object-position:43% 45%\" data-object-fit=\"cover\" data-object-position=\"43% 45%\" srcset=\"https:\/\/visitar.zoodelpirineu.com\/wp-content\/uploads\/2021\/11\/Mussol-banyut-2.jpg 1920w, https:\/\/visitar.zoodelpirineu.com\/wp-content\/uploads\/2021\/11\/Mussol-banyut-2-300x94.jpg 300w, https:\/\/visitar.zoodelpirineu.com\/wp-content\/uploads\/2021\/11\/Mussol-banyut-2-1024x320.jpg 1024w, https:\/\/visitar.zoodelpirineu.com\/wp-content\/uploads\/2021\/11\/Mussol-banyut-2-768x240.jpg 768w, https:\/\/visitar.zoodelpirineu.com\/wp-content\/uploads\/2021\/11\/Mussol-banyut-2-1536x480.jpg 1536w\" sizes=\"auto, (max-width: 1920px) 100vw, 1920px\" \/><div class=\"wp-block-cover__inner-container is-layout-flow wp-block-cover-is-layout-flow\">\n<h2 class=\"has-text-align-right wp-block-heading\">Experi\u00e8ncia transformadora que no pots viure en cap altre lloc<\/h2>\n\n\n\n<h3 class=\"has-text-align-right wp-block-heading\">Experi\u00e8ncia Mussols<\/h3>\n\n\n\n<p class=\"has-text-align-right\">Atenci\u00f3! Es requereix treball en l&#8217;equip! Porta la teva parella o fins a 4 amics per gaudir d&#8217;aquesta activitat. <\/p>\n\n\n\n<p class=\"has-text-align-right\">La directora del Zoo del Pirineu t&#8217;acompanyar\u00e0 en aquesta experi\u00e8ncia extraordinaria.<br>Pas a pas <strong>et convertir\u00e0s en un especialista en aus rapinyaires<\/strong>.<\/p>\n\n\n\n<h3 class=\"has-text-align-right has-medium-font-size wp-block-heading\">Deixa&#8217;t inspirar per una idea excel\u00b7lent dels nostres visitants<\/h3>\n\n\n\n<p class=\"has-text-align-right\">Varis visitants van convertir final de l&#8217;activitat en una <strong>proposici\u00f3 de matrimoni<\/strong>. Fins ara portem 100% d&#8217;\u00e8xit!<\/p>\n\n\n\n<div class=\"wp-block-buttons is-content-justification-right is-layout-flex wp-container-core-buttons-is-layout-765c4724 wp-block-buttons-is-layout-flex\">\n<div class=\"wp-block-button\"><a class=\"wp-block-button__link has-contrast-color has-base-3-background-color has-text-color has-background wp-element-button\" href=\"https:\/\/visitar.zoodelpirineu.com\/ca\/contacte\/\" style=\"border-radius:0px\" target=\"_blank\" rel=\"noreferrer noopener\">Demana m\u00e9s informaci\u00f3<\/a><\/div>\n<\/div>\n\n\n\n<div style=\"height:20px\" aria-hidden=\"true\" class=\"wp-block-spacer\"><\/div>\n\n\n\n<div class=\"wp-block-buttons is-content-justification-right is-layout-flex wp-container-core-buttons-is-layout-765c4724 wp-block-buttons-is-layout-flex\">\n<div class=\"wp-block-button\"><a class=\"wp-block-button__link has-contrast-color has-base-3-background-color has-text-color has-background wp-element-button\" href=\"https:\/\/visitar.zoodelpirineu.com\/ca\/activitats-amb-animals\/\" style=\"border-radius:0px\" target=\"_blank\" rel=\"noreferrer noopener\">Vull con\u00e8ixer totes les activitats del Zoo del Pirineu<\/a><\/div>\n<\/div>\n<\/div><\/div>\n<\/div>\n\n\n\n<div class=\"wp-block-column is-layout-flow wp-block-column-is-layout-flow\" style=\"flex-basis:10%\"><\/div>\n<\/div>\n\n\n\n<div style=\"height:50px\" aria-hidden=\"true\" class=\"wp-block-spacer\"><\/div>\n\n\n\n<h2 class=\"has-text-align-center wp-block-heading\" id=\"com-comprar-les-entrades-amb-l-oferta-del-carnet-jove\">Com comprar les entrades amb el descompte del <a href=\"https:\/\/www.carnetjove.cat\/ca\" target=\"_blank\" rel=\"noopener\" title=\"Carnet Jove\">Carnet Jove<\/a>?<\/h2>\n\n\n\n<p class=\"has-text-align-center\">Si tens dubtes sobre com comprar les entrades, consulta la nostra <a href=\"https:\/\/visitar.zoodelpirineu.com\/wp-content\/uploads\/2022\/12\/CAT-Guia-Compra-amb-Carnet-jove.pdf\" target=\"_blank\" rel=\"noopener\" title=\"\">guia espec\u00edfica pel Carnet Jove<\/a> on t&#8217;expliquem pas per pas com comprar les entrades.<br><strong>Important! Ja no oferim el descompte 2&#215;1!!!<\/strong><\/p>\n\n\n\n<div class=\"wp-block-buttons is-content-justification-center is-layout-flex wp-container-core-buttons-is-layout-16018d1d wp-block-buttons-is-layout-flex\">\n<div class=\"wp-block-button has-custom-font-size has-medium-font-size\"><a class=\"wp-block-button__link wp-element-button\" style=\"border-radius:0px\">COMPAR ENTRADES<\/a><\/div>\n<\/div>\n\n\n\n<div style=\"height:50px\" aria-hidden=\"true\" class=\"wp-block-spacer\"><\/div>\n\n\n\n<div class=\"wp-block-cover\"><span aria-hidden=\"true\" class=\"wp-block-cover__background has-background-dim-20 has-background-dim\"><\/span><img loading=\"lazy\" decoding=\"async\" width=\"1920\" height=\"600\" class=\"wp-block-cover__image-background wp-image-1012\" alt=\"Activitats a la natura amb carnet jove\" src=\"https:\/\/visitar.zoodelpirineu.com\/wp-content\/uploads\/2021\/12\/Ardilla.jpg\" style=\"object-position:57% 67%\" data-object-fit=\"cover\" data-object-position=\"57% 67%\" srcset=\"https:\/\/visitar.zoodelpirineu.com\/wp-content\/uploads\/2021\/12\/Ardilla.jpg 1920w, https:\/\/visitar.zoodelpirineu.com\/wp-content\/uploads\/2021\/12\/Ardilla-300x94.jpg 300w, https:\/\/visitar.zoodelpirineu.com\/wp-content\/uploads\/2021\/12\/Ardilla-1024x320.jpg 1024w, https:\/\/visitar.zoodelpirineu.com\/wp-content\/uploads\/2021\/12\/Ardilla-768x240.jpg 768w, https:\/\/visitar.zoodelpirineu.com\/wp-content\/uploads\/2021\/12\/Ardilla-1536x480.jpg 1536w\" sizes=\"auto, (max-width: 1920px) 100vw, 1920px\" \/><div class=\"wp-block-cover__inner-container is-layout-flow wp-block-cover-is-layout-flow\">\n<div style=\"height:10px\" aria-hidden=\"true\" class=\"wp-block-spacer\"><\/div>\n\n\n\n<p class=\"has-text-align-left has-medium-font-size\">Amb el Carnet Jove pots gaudir d&#8217;un descompte del 20% <br>a les activitats m\u00e9s adequades per a persones joves. <\/p>\n\n\n\n<p class=\"has-text-align-left has-medium-font-size\">Les activitats amb animals al Zoo del Pirineu s\u00f3n divertides, per\u00f2 al mateix temps educatives. <br>T&#8217;apuntes a passar-ho b\u00e9 i a aprendre sobre la protecci\u00f3 del medi natural?<\/p>\n\n\n\n<div class=\"wp-block-buttons is-layout-flex wp-block-buttons-is-layout-flex\">\n<div class=\"wp-block-button has-custom-font-size has-medium-font-size\"><a class=\"wp-block-button__link wp-element-button\" href=\"https:\/\/visitar.zoodelpirineu.com\/venda-entrades\/venda\" style=\"border-radius:0px\" target=\"_blank\" rel=\"noreferrer noopener\">COMPRAR ENTRADES<\/a><\/div>\n<\/div>\n<\/div><\/div>\n","protected":false},"excerpt":{"rendered":"<p>Benvingut i benviguda! Ets una persona jove especial que prefereix activitats a la naturaabans que als parcs d&#8217;atraccions o de turisme de platja. Per agrair la teva actitud t&#8217;oferim descompte de 20% al preu de l&#8217;entrada. Activitats que inclou l&#8217;oferta amb el Carnet Jove Exhibici\u00f3 de vol Pasa una hora super divertida amb animals salvatges. &#8230; <a title=\"Carnet Jove\" class=\"read-more\" href=\"https:\/\/visitar.zoodelpirineu.com\/ca\/descomptes\/carnet-jove\/\" aria-label=\"M\u00e9s informaci\u00f3 sobre Carnet Jove\">Read more<\/a><\/p>\n","protected":false},"author":1,"featured_media":957,"parent":25,"menu_order":0,"comment_status":"closed","ping_status":"closed","template":"","meta":{"_monsterinsights_skip_tracking":false,"_monsterinsights_sitenote_active":false,"_monsterinsights_sitenote_note":"","_monsterinsights_sitenote_category":0,"footnotes":""},"class_list":{"0":"post-1011","1":"page","2":"type-page","3":"status-publish","4":"has-post-thumbnail","6":"infinite-scroll-item"},"aioseo_notices":[],"_links":{"self":[{"href":"https:\/\/visitar.zoodelpirineu.com\/ca\/wp-json\/wp\/v2\/pages\/1011","targetHints":{"allow":["GET"]}}],"collection":[{"href":"https:\/\/visitar.zoodelpirineu.com\/ca\/wp-json\/wp\/v2\/pages"}],"about":[{"href":"https:\/\/visitar.zoodelpirineu.com\/ca\/wp-json\/wp\/v2\/types\/page"}],"author":[{"embeddable":true,"href":"https:\/\/visitar.zoodelpirineu.com\/ca\/wp-json\/wp\/v2\/users\/1"}],"replies":[{"embeddable":true,"href":"https:\/\/visitar.zoodelpirineu.com\/ca\/wp-json\/wp\/v2\/comments?post=1011"}],"version-history":[{"count":14,"href":"https:\/\/visitar.zoodelpirineu.com\/ca\/wp-json\/wp\/v2\/pages\/1011\/revisions"}],"predecessor-version":[{"id":3486,"href":"https:\/\/visitar.zoodelpirineu.com\/ca\/wp-json\/wp\/v2\/pages\/1011\/revisions\/3486"}],"up":[{"embeddable":true,"href":"https:\/\/visitar.zoodelpirineu.com\/ca\/wp-json\/wp\/v2\/pages\/25"}],"wp:featuredmedia":[{"embeddable":true,"href":"https:\/\/visitar.zoodelpirineu.com\/ca\/wp-json\/wp\/v2\/media\/957"}],"wp:attachment":[{"href":"https:\/\/visitar.zoodelpirineu.com\/ca\/wp-json\/wp\/v2\/media?parent=1011"}],"curies":[{"name":"wp","href":"https:\/\/api.w.org\/{rel}","templated":true}]}}