{"id":109,"date":"2021-11-25T10:08:29","date_gmt":"2021-11-25T09:08:29","guid":{"rendered":"https:\/\/visitar.zoodelpirineu.com\/?page_id=109"},"modified":"2026-03-06T16:24:33","modified_gmt":"2026-03-06T15:24:33","slug":"contacte","status":"publish","type":"page","link":"https:\/\/visitar.zoodelpirineu.com\/ca\/contacte\/","title":{"rendered":"Contacte"},"content":{"rendered":"\n<div style=\"height:10px\" aria-hidden=\"true\" class=\"wp-block-spacer\"><\/div>\n\n\n\n<div class=\"wp-block-media-text alignwide is-stacked-on-mobile has-background\" style=\"background-color:#edf2fb\"><figure class=\"wp-block-media-text__media\"><img loading=\"lazy\" decoding=\"async\" width=\"800\" height=\"600\" src=\"https:\/\/visitar.zoodelpirineu.com\/wp-content\/uploads\/2021\/11\/Anna-Kuspert.jpg\" alt=\"\" class=\"wp-image-110 size-full\" srcset=\"https:\/\/visitar.zoodelpirineu.com\/wp-content\/uploads\/2021\/11\/Anna-Kuspert.jpg 800w, https:\/\/visitar.zoodelpirineu.com\/wp-content\/uploads\/2021\/11\/Anna-Kuspert-300x225.jpg 300w, https:\/\/visitar.zoodelpirineu.com\/wp-content\/uploads\/2021\/11\/Anna-Kuspert-768x576.jpg 768w\" sizes=\"auto, (max-width: 800px) 100vw, 800px\" \/><\/figure><div class=\"wp-block-media-text__content\">\n<p class=\"has-large-font-size\">Com et podem ajudar?<\/p>\n\n\n\n<p><strong>Contacta amb nosaltres<\/strong>. Estarem encantats de respondre totes les teves preguntes i ajudar-te en tot el que puguem.<\/p>\n\n\n<div class=\"wpforms-container wpforms-container-full\" id=\"wpforms-111\"><form id=\"wpforms-form-111\" class=\"wpforms-validate wpforms-form wpforms-ajax-form\" data-formid=\"111\" method=\"post\" enctype=\"multipart\/form-data\" action=\"\/ca\/wp-json\/wp\/v2\/pages\/109\" data-token=\"8d827c8edc5fbdf478a1e14ee22c328e\" data-token-time=\"1775908213\"><noscript class=\"wpforms-error-noscript\">Activeu el JavaScript al navegador per a poder completar el formulari.<\/noscript><div class=\"wpforms-field-container\"><div id=\"wpforms-111-field_0-container\" class=\"wpforms-field wpforms-field-name\" data-field-id=\"0\"><label class=\"wpforms-field-label\" for=\"wpforms-111-field_0\">Nom <span class=\"wpforms-required-label\">*<\/span><\/label><input type=\"text\" id=\"wpforms-111-field_0\" class=\"wpforms-field-medium wpforms-field-required\" name=\"wpforms[fields][0]\" required><\/div><div id=\"wpforms-111-field_1-container\" class=\"wpforms-field wpforms-field-email\" data-field-id=\"1\"><label class=\"wpforms-field-label\" for=\"wpforms-111-field_1\">Correu electr\u00f2nic <span class=\"wpforms-required-label\">*<\/span><\/label><input type=\"email\" id=\"wpforms-111-field_1\" class=\"wpforms-field-medium wpforms-field-required\" name=\"wpforms[fields][1]\" spellcheck=\"false\" required><\/div><div id=\"wpforms-111-field_2-container\" class=\"wpforms-field wpforms-field-textarea\" data-field-id=\"2\"><label class=\"wpforms-field-label\" for=\"wpforms-111-field_2\">El teu missatge <span class=\"wpforms-required-label\">*<\/span><\/label><textarea id=\"wpforms-111-field_2\" class=\"wpforms-field-medium wpforms-field-required\" name=\"wpforms[fields][2]\" required><\/textarea><\/div><div id=\"wpforms-111-field_4-container\" class=\"wpforms-field wpforms-field-checkbox\" data-field-id=\"4\"><label class=\"wpforms-field-label\">Pol\u00edtica de privacitat <span class=\"wpforms-required-label\">*<\/span><\/label><ul id=\"wpforms-111-field_4\" class=\"wpforms-field-required\"><li class=\"choice-1 depth-1\"><input type=\"checkbox\" id=\"wpforms-111-field_4_1\" name=\"wpforms[fields][4][]\" value=\"Accepto els termes de la Pol\u00edtica de privacitat\" required ><label class=\"wpforms-field-label-inline\" for=\"wpforms-111-field_4_1\">Accepto els termes de la Pol\u00edtica de privacitat<\/label><\/li><\/ul><div class=\"wpforms-field-description\"><a href=\"https:\/\/zoodelpirineu.com\/politica-privacitat\/\" target=\"_blank\" rel=\"noreferrer noopener\">Pol\u00edtica de privacitat de la Fundaci\u00f3 Zoo del Pirineu<\/a><br><\/div><\/div><\/div><!-- .wpforms-field-container --><div class=\"wpforms-recaptcha-container wpforms-is-hcaptcha\" ><div class=\"h-captcha\" data-sitekey=\"3a696e59-ccd5-4f4f-8106-4d2588e64c8c\"><\/div><input type=\"text\" name=\"g-recaptcha-hidden\" class=\"wpforms-recaptcha-hidden\" style=\"position:absolute!important;clip:rect(0,0,0,0)!important;height:1px!important;width:1px!important;border:0!important;overflow:hidden!important;padding:0!important;margin:0!important;\" data-rule-hcaptcha=\"1\"><\/div><div class=\"wpforms-submit-container\" ><input type=\"hidden\" name=\"wpforms[id]\" value=\"111\"><input type=\"hidden\" name=\"page_title\" value=\"\"><input type=\"hidden\" name=\"page_url\" value=\"https:\/\/visitar.zoodelpirineu.com\/ca\/wp-json\/wp\/v2\/pages\/109\"><input type=\"hidden\" name=\"url_referer\" value=\"\"><button type=\"submit\" name=\"wpforms[submit]\" id=\"wpforms-submit-111\" class=\"wpforms-submit\" data-alt-text=\"Enviament...\" data-submit-text=\"Enviar\" aria-live=\"assertive\" value=\"wpforms-submit\">Enviar<\/button><img loading=\"lazy\" decoding=\"async\" src=\"https:\/\/visitar.zoodelpirineu.com\/wp-content\/plugins\/wpforms\/assets\/images\/submit-spin.svg\" class=\"wpforms-submit-spinner\" style=\"display: none;\" width=\"26\" height=\"26\" alt=\"S&#039;est\u00e0 carregant\"><\/div><\/form><\/div>  <!-- .wpforms-container -->\n\n\n\n<div style=\"height:20px\" aria-hidden=\"true\" class=\"wp-block-spacer\"><\/div>\n\n\n\n<p>Omple les dades al formulari, o contacta&#8217;ns via:<\/p>\n\n\n\n<p>Tel\u00e8fon: 610 75 02 24<br>Correu electr\u00f2nic gen\u00e8ric:&nbsp;<a href=\"mailto:zoopirineu@gmail.com\">zoopirineu@gmail.com<\/a><br>Correu del departament d&#8217;educaci\u00f3:&nbsp;<a href=\"mailto:educacio.zoodelpirineu@gmail.com\">educacio.zoodelpirineu@gmail.com<\/a><br>WhatsApp:&nbsp;<a href=\"https:\/\/api.whatsapp.com\/send?phone=34610750224&amp;text=Hola,%20est%C3%A0s%20contactant%20amb%20el%20refugi%20d'animals%20salvatges%20Zoo%20del%20Pirineu.%20Com%20et%20podem%20ajudar?%20\/\/%20Hola,%20est%C3%A1s%20contactando%20con%20el%20refugio%20de%20animales%20salvajes%20Zoo%20del%20Pirineu.%20%C2%BFEn%20qu%C3%A9%20podemos%20ayudarte?\" target=\"_blank\" rel=\"noopener\" title=\"610 75 02 24\">610 75 02 24<\/a><\/p>\n\n\n\n<div class=\"wp-block-buttons is-layout-flex wp-block-buttons-is-layout-flex\">\n<div class=\"wp-block-button\"><a class=\"wp-block-button__link wp-element-button\" href=\"https:\/\/api.whatsapp.com\/send?phone=34610750224&amp;text=Hola,%20est%C3%A0s%20contactant%20amb%20el%20refugi%20d'animals%20salvatges%20Zoo%20del%20Pirineu.%20Com%20et%20podem%20ajudar?%20\/\/%20Hola,%20est%C3%A1s%20contactando%20con%20el%20refugio%20de%20animales%20salvajes%20Zoo%20del%20Pirineu.%20%C2%BFEn%20qu%C3%A9%20podemos%20ayudarte?\">Enviar WhatsApp<\/a><\/div>\n<\/div>\n\n\n\n<div style=\"height:50px\" aria-hidden=\"true\" class=\"wp-block-spacer\"><\/div>\n\n\n\n<ul class=\"wp-block-social-links has-large-icon-size is-content-justification-left is-layout-flex wp-container-core-social-links-is-layout-fdcfc74e wp-block-social-links-is-layout-flex\"><li class=\"wp-social-link wp-social-link-twitter has-contrast-3-color has-base-background-color wp-block-social-link\"><a rel=\"noopener nofollow\" target=\"_blank\" href=\"https:\/\/twitter.com\/zoopirineu\" class=\"wp-block-social-link-anchor\"><svg width=\"24\" height=\"24\" viewBox=\"0 0 24 24\" version=\"1.1\" xmlns=\"http:\/\/www.w3.org\/2000\/svg\" aria-hidden=\"true\" focusable=\"false\"><path d=\"M22.23,5.924c-0.736,0.326-1.527,0.547-2.357,0.646c0.847-0.508,1.498-1.312,1.804-2.27 c-0.793,0.47-1.671,0.812-2.606,0.996C18.324,4.498,17.257,4,16.077,4c-2.266,0-4.103,1.837-4.103,4.103 c0,0.322,0.036,0.635,0.106,0.935C8.67,8.867,5.647,7.234,3.623,4.751C3.27,5.357,3.067,6.062,3.067,6.814 c0,1.424,0.724,2.679,1.825,3.415c-0.673-0.021-1.305-0.206-1.859-0.513c0,0.017,0,0.034,0,0.052c0,1.988,1.414,3.647,3.292,4.023 c-0.344,0.094-0.707,0.144-1.081,0.144c-0.264,0-0.521-0.026-0.772-0.074c0.522,1.63,2.038,2.816,3.833,2.85 c-1.404,1.1-3.174,1.756-5.096,1.756c-0.331,0-0.658-0.019-0.979-0.057c1.816,1.164,3.973,1.843,6.29,1.843 c7.547,0,11.675-6.252,11.675-11.675c0-0.178-0.004-0.355-0.012-0.531C20.985,7.47,21.68,6.747,22.23,5.924z\"><\/path><\/svg><span class=\"wp-block-social-link-label screen-reader-text\">Twitter<\/span><\/a><\/li>\n\n<li class=\"wp-social-link wp-social-link-instagram has-contrast-3-color has-base-background-color wp-block-social-link\"><a rel=\"noopener nofollow\" target=\"_blank\" href=\"https:\/\/www.instagram.com\/zoodelpirineu\/\" class=\"wp-block-social-link-anchor\"><svg width=\"24\" height=\"24\" viewBox=\"0 0 24 24\" version=\"1.1\" xmlns=\"http:\/\/www.w3.org\/2000\/svg\" aria-hidden=\"true\" focusable=\"false\"><path d=\"M12,4.622c2.403,0,2.688,0.009,3.637,0.052c0.877,0.04,1.354,0.187,1.671,0.31c0.42,0.163,0.72,0.358,1.035,0.673 c0.315,0.315,0.51,0.615,0.673,1.035c0.123,0.317,0.27,0.794,0.31,1.671c0.043,0.949,0.052,1.234,0.052,3.637 s-0.009,2.688-0.052,3.637c-0.04,0.877-0.187,1.354-0.31,1.671c-0.163,0.42-0.358,0.72-0.673,1.035 c-0.315,0.315-0.615,0.51-1.035,0.673c-0.317,0.123-0.794,0.27-1.671,0.31c-0.949,0.043-1.233,0.052-3.637,0.052 s-2.688-0.009-3.637-0.052c-0.877-0.04-1.354-0.187-1.671-0.31c-0.42-0.163-0.72-0.358-1.035-0.673 c-0.315-0.315-0.51-0.615-0.673-1.035c-0.123-0.317-0.27-0.794-0.31-1.671C4.631,14.688,4.622,14.403,4.622,12 s0.009-2.688,0.052-3.637c0.04-0.877,0.187-1.354,0.31-1.671c0.163-0.42,0.358-0.72,0.673-1.035 c0.315-0.315,0.615-0.51,1.035-0.673c0.317-0.123,0.794-0.27,1.671-0.31C9.312,4.631,9.597,4.622,12,4.622 M12,3 C9.556,3,9.249,3.01,8.289,3.054C7.331,3.098,6.677,3.25,6.105,3.472C5.513,3.702,5.011,4.01,4.511,4.511 c-0.5,0.5-0.808,1.002-1.038,1.594C3.25,6.677,3.098,7.331,3.054,8.289C3.01,9.249,3,9.556,3,12c0,2.444,0.01,2.751,0.054,3.711 c0.044,0.958,0.196,1.612,0.418,2.185c0.23,0.592,0.538,1.094,1.038,1.594c0.5,0.5,1.002,0.808,1.594,1.038 c0.572,0.222,1.227,0.375,2.185,0.418C9.249,20.99,9.556,21,12,21s2.751-0.01,3.711-0.054c0.958-0.044,1.612-0.196,2.185-0.418 c0.592-0.23,1.094-0.538,1.594-1.038c0.5-0.5,0.808-1.002,1.038-1.594c0.222-0.572,0.375-1.227,0.418-2.185 C20.99,14.751,21,14.444,21,12s-0.01-2.751-0.054-3.711c-0.044-0.958-0.196-1.612-0.418-2.185c-0.23-0.592-0.538-1.094-1.038-1.594 c-0.5-0.5-1.002-0.808-1.594-1.038c-0.572-0.222-1.227-0.375-2.185-0.418C14.751,3.01,14.444,3,12,3L12,3z M12,7.378 c-2.552,0-4.622,2.069-4.622,4.622S9.448,16.622,12,16.622s4.622-2.069,4.622-4.622S14.552,7.378,12,7.378z M12,15 c-1.657,0-3-1.343-3-3s1.343-3,3-3s3,1.343,3,3S13.657,15,12,15z M16.804,6.116c-0.596,0-1.08,0.484-1.08,1.08 s0.484,1.08,1.08,1.08c0.596,0,1.08-0.484,1.08-1.08S17.401,6.116,16.804,6.116z\"><\/path><\/svg><span class=\"wp-block-social-link-label screen-reader-text\">Instagram<\/span><\/a><\/li>\n\n<li class=\"wp-social-link wp-social-link-facebook has-contrast-3-color has-base-background-color wp-block-social-link\"><a rel=\"noopener nofollow\" target=\"_blank\" href=\"https:\/\/www.facebook.com\/zoodelpirineu\" class=\"wp-block-social-link-anchor\"><svg width=\"24\" height=\"24\" viewBox=\"0 0 24 24\" version=\"1.1\" xmlns=\"http:\/\/www.w3.org\/2000\/svg\" aria-hidden=\"true\" focusable=\"false\"><path d=\"M12 2C6.5 2 2 6.5 2 12c0 5 3.7 9.1 8.4 9.9v-7H7.9V12h2.5V9.8c0-2.5 1.5-3.9 3.8-3.9 1.1 0 2.2.2 2.2.2v2.5h-1.3c-1.2 0-1.6.8-1.6 1.6V12h2.8l-.4 2.9h-2.3v7C18.3 21.1 22 17 22 12c0-5.5-4.5-10-10-10z\"><\/path><\/svg><span class=\"wp-block-social-link-label screen-reader-text\">Facebook<\/span><\/a><\/li>\n\n<li class=\"wp-social-link wp-social-link-google has-contrast-3-color has-base-background-color wp-block-social-link\"><a rel=\"noopener nofollow\" target=\"_blank\" href=\"https:\/\/www.google.com\/search?q=Zoo+del+Pirineu&#038;oq=zoo+del+&#038;aqs=chrome.1.69i57j69i59j35i39j46i175i199i512j69i60l3j69i65.3972j0j4&#038;sourceid=chrome&#038;ie=UTF-8#lpqa=a,,d,1\" class=\"wp-block-social-link-anchor\"><svg width=\"24\" height=\"24\" viewBox=\"0 0 24 24\" version=\"1.1\" xmlns=\"http:\/\/www.w3.org\/2000\/svg\" aria-hidden=\"true\" focusable=\"false\"><path d=\"M12.02,10.18v3.72v0.01h5.51c-0.26,1.57-1.67,4.22-5.5,4.22c-3.31,0-6.01-2.75-6.01-6.12s2.7-6.12,6.01-6.12 c1.87,0,3.13,0.8,3.85,1.48l2.84-2.76C16.99,2.99,14.73,2,12.03,2c-5.52,0-10,4.48-10,10s4.48,10,10,10c5.77,0,9.6-4.06,9.6-9.77 c0-0.83-0.11-1.42-0.25-2.05H12.02z\"><\/path><\/svg><span class=\"wp-block-social-link-label screen-reader-text\">Google<\/span><\/a><\/li><\/ul>\n<\/div><\/div>\n\n\n\n<div style=\"height:25px\" aria-hidden=\"true\" class=\"wp-block-spacer\"><\/div>\n\n\n\n<div class=\"wp-block-columns are-vertically-aligned-center has-background is-layout-flex wp-container-core-columns-is-layout-9d6595d7 wp-block-columns-is-layout-flex\" style=\"background-color:#edf2fb\">\n<div class=\"wp-block-column is-vertically-aligned-center is-layout-flow wp-block-column-is-layout-flow\">\n<div style=\"height:10px\" aria-hidden=\"true\" class=\"wp-block-spacer\"><\/div>\n\n\n\n<h2 class=\"wp-block-heading\" id=\"direccio\">Direcci\u00f3:<\/h2>\n\n\n\n<p>Fundaci\u00f3 Zoo del Pirineu<br>Ctra. L-401, km 35,6<br>25283 Od\u00e8n \/ Lleida<br>Catalunya \/ Espanya<\/p>\n\n\n\n<p><a href=\"https:\/\/goo.gl\/maps\/bRqsyxX4ReYcW9F46\" target=\"_blank\" rel=\"noreferrer noopener\">Ubicaci\u00f3 del Zoo del Pirineu a Google Maps<\/a><br>Coordenades: 42.1220218,1.4964348,17<\/p>\n<\/div>\n\n\n\n<div class=\"wp-block-column is-vertically-aligned-center is-layout-flow wp-block-column-is-layout-flow\"><div class=\"aioseo-location-map \">\n\t\t<div class=\"d-flex\">\n\t\t\t\t\t<div class=\"col-auto\">\n\t\t\t\t<span class=\"icon map\">\n\t\t\t\t\t<svg width=\"20\" height=\"20\" viewBox=\"0 0 20 20\" xmlns=\"http:\/\/www.w3.org\/2000\/svg\"><path d=\"M11 11.14L9.83 5.2C9.04 4.77 8.5 3.95 8.5 3C8.5 1.62 9.62 0.499999 11 0.499999C12.38 0.499999 13.5 1.62 13.5 3C13.5 3.95 12.96 4.77 12.17 5.2L11 11.14ZM11 1.5C10.17 1.5 9.5 2.17 9.5 3C9.5 3.83 10.17 4.5 11 4.5C11.83 4.5 12.5 3.83 12.5 3C12.5 2.17 11.83 1.5 11 1.5ZM12.72 6.3L11 13.68L9.27 6.38L5 4.97L2.98023e-08 6.97V15.97L5 13.97L11.12 16L16 13.97V4.97L12.72 6.3Z\" fill=\"currentcolor\" \/><\/svg>\t\t\t\t<\/span>\n\t\t\t<\/div>\n\t\t\t\t\t\t\t<div class=\"col\">\n\t\t\t\t<div class=\"label\">\n\t\t\t\t\tOur location:\t\t\t\t<\/div>\n\t\t\t<\/div>\n\t\t\t<\/div>\n\t<div id=\"aioseo-local-map-69da35755f9a4\" class=\"aioseo-local-map\" style=\"width: 100%; height: 450px; \">\n\t\t<style>\n.aioseo-loading-spinner {\n\twidth: 35px;\n\theight: 35px;\n\tposition: absolute;\n}\n\n.aioseo-loading-spinner .double-bounce1,\n.aioseo-loading-spinner .double-bounce2 {\n\twidth: 100%;\n\theight: 100%;\n\tborder-radius: 50%;\n\tbackground-color: #fff;\n\topacity: 0.6;\n\tposition: absolute;\n\ttop: 0;\n\tleft: 0;\n\n\t-webkit-animation: aioseo-sk-bounce 1.3s infinite ease-in-out;\n\tanimation: aioseo-sk-bounce 1.3s infinite ease-in-out;\n}\n\n.aioseo-loading-spinner.dark .double-bounce1,\n.aioseo-loading-spinner.dark .double-bounce2 {\n\tbackground-color: #8C8F9A;\n}\n\n.aioseo-loading-spinner .double-bounce2 {\n\t-webkit-animation-delay: -0.65s;\n\tanimation-delay: -0.65s;\n}\n\n.aioseo-loading-spinner {}\n.aioseo-loading-spinner {}\n\n@-webkit-keyframes aioseo-sk-bounce {\n\t0%, 100% { -webkit-transform: scale(0.0) }\n\t50% { -webkit-transform: scale(1.0) }\n}\n\n@keyframes aioseo-sk-bounce {\n\t0%, 100% {\n\t\ttransform: scale(0.0);\n\t\t-webkit-transform: scale(0.0);\n\t} 50% {\n\t\ttransform: scale(1.0);\n\t\t-webkit-transform: scale(1.0);\n\t}\n}\n<\/style>\n<div style=\"height:50px; position:relative;\">\n\t<div class=\"aioseo-loading-spinner dark\" style=\"top:calc( 50% - 17px);left:calc( 50% - 17px);\">\n\t\t<div class=\"double-bounce1\"><\/div>\n\t\t<div class=\"double-bounce2\"><\/div>\n\t<\/div>\n<\/div>\t<\/div>\n<\/div><\/div>\n<\/div>\n\n\n\n<div class=\"wp-block-columns are-vertically-aligned-center has-background is-layout-flex wp-container-core-columns-is-layout-9d6595d7 wp-block-columns-is-layout-flex\" style=\"background-color:#edf2fb\">\n<div class=\"wp-block-column is-vertically-aligned-center is-layout-flow wp-block-column-is-layout-flow\">\n<div style=\"height:10px\" aria-hidden=\"true\" class=\"wp-block-spacer\"><\/div>\n\n\n\n<h2 class=\"wp-block-heading\" id=\"direccio\">NO passar per aquest cam\u00ed:<\/h2>\n<\/div>\n\n\n\n<div class=\"wp-block-column is-vertically-aligned-center is-layout-flow wp-block-column-is-layout-flow\">\n<figure class=\"wp-block-image size-full\"><img loading=\"lazy\" decoding=\"async\" width=\"710\" height=\"527\" src=\"https:\/\/visitar.zoodelpirineu.com\/wp-content\/uploads\/2024\/05\/Zoo-del-Pirineu-1.png\" alt=\"\" class=\"wp-image-5402\" srcset=\"https:\/\/visitar.zoodelpirineu.com\/wp-content\/uploads\/2024\/05\/Zoo-del-Pirineu-1.png 710w, https:\/\/visitar.zoodelpirineu.com\/wp-content\/uploads\/2024\/05\/Zoo-del-Pirineu-1-300x223.png 300w\" sizes=\"auto, (max-width: 710px) 100vw, 710px\" \/><\/figure>\n<\/div>\n<\/div>\n\n\n\n<div style=\"height:25px\" aria-hidden=\"true\" class=\"wp-block-spacer\"><\/div>\n\n\n\n<h2 class=\"wp-block-heading\" id=\"horari-d-obertura-del-zoo-del-pirineu\">Horari d\u2019obertura del Zoo del Pirineu<\/h2>\n\n\n\n<h3 class=\"wp-block-heading\" id=\"oficina\">Oficina<\/h3>\n\n\n\n<p>La nostra secret\u00e0ria Anna est\u00e0 a la teva disposici\u00f3\u00a0<strong>de dilluns a divendres de 9:00 a 18:00<\/strong>. Si ens truques fora d\u2019aquest horari o si en aquell moment la secret\u00e0ria no est\u00e0 disponible t&#8217;atendr\u00e0 un altre membre del nostre equip. Apuntar\u00e0 les teves dades i l\u2019Anna es posar\u00e0 en contacte amb tu el m\u00e9s aviat possible.<\/p>\n\n\n\n<h3 class=\"wp-block-heading\" id=\"obertura-del-parc-al-public\">Obertura del parc al p\u00fablic<\/h3>\n\n\n\n<p>El parc est\u00e0 <a href=\"https:\/\/visitar.zoodelpirineu.com\/horari\/\" target=\"_blank\" rel=\"noreferrer noopener\" title=\"Horari\">obert al p\u00fablic<\/a> cada dia, \u00e9s a dir de&nbsp;<strong>dilluns a diumenge de 10:00 a 18:00<\/strong>.<\/p>\n\n\n\n<h3 class=\"wp-block-heading\" id=\"faq\">FAQ<\/h3>\n\n\n\n<p>I no t&#8217;oblidis, 24\/7 tens a la teva disposici\u00f3 la nostra p\u00e0gina amb respostes a les preguntes freq\u00fcents.<\/p>\n","protected":false},"excerpt":{"rendered":"<p>Direcci\u00f3: Fundaci\u00f3 Zoo del PirineuCtra. L-401, km 35,625283 Od\u00e8n \/ LleidaCatalunya \/ Espanya Ubicaci\u00f3 del Zoo del Pirineu a Google MapsCoordenades: 42.1220218,1.4964348,17 NO passar per aquest cam\u00ed: Horari d\u2019obertura del Zoo del Pirineu Oficina La nostra secret\u00e0ria Anna est\u00e0 a la teva disposici\u00f3\u00a0de dilluns a divendres de 9:00 a 18:00. Si ens truques fora d\u2019aquest &#8230; <a title=\"Contacte\" class=\"read-more\" href=\"https:\/\/visitar.zoodelpirineu.com\/ca\/contacte\/\" aria-label=\"M\u00e9s informaci\u00f3 sobre Contacte\">Read more<\/a><\/p>\n","protected":false},"author":1,"featured_media":0,"parent":0,"menu_order":0,"comment_status":"closed","ping_status":"closed","template":"","meta":{"_monsterinsights_skip_tracking":false,"_monsterinsights_sitenote_active":false,"_monsterinsights_sitenote_note":"","_monsterinsights_sitenote_category":0,"footnotes":""},"class_list":{"0":"post-109","1":"page","2":"type-page","3":"status-publish","5":"infinite-scroll-item"},"aioseo_notices":[],"_links":{"self":[{"href":"https:\/\/visitar.zoodelpirineu.com\/ca\/wp-json\/wp\/v2\/pages\/109","targetHints":{"allow":["GET"]}}],"collection":[{"href":"https:\/\/visitar.zoodelpirineu.com\/ca\/wp-json\/wp\/v2\/pages"}],"about":[{"href":"https:\/\/visitar.zoodelpirineu.com\/ca\/wp-json\/wp\/v2\/types\/page"}],"author":[{"embeddable":true,"href":"https:\/\/visitar.zoodelpirineu.com\/ca\/wp-json\/wp\/v2\/users\/1"}],"replies":[{"embeddable":true,"href":"https:\/\/visitar.zoodelpirineu.com\/ca\/wp-json\/wp\/v2\/comments?post=109"}],"version-history":[{"count":23,"href":"https:\/\/visitar.zoodelpirineu.com\/ca\/wp-json\/wp\/v2\/pages\/109\/revisions"}],"predecessor-version":[{"id":6718,"href":"https:\/\/visitar.zoodelpirineu.com\/ca\/wp-json\/wp\/v2\/pages\/109\/revisions\/6718"}],"wp:attachment":[{"href":"https:\/\/visitar.zoodelpirineu.com\/ca\/wp-json\/wp\/v2\/media?parent=109"}],"curies":[{"name":"wp","href":"https:\/\/api.w.org\/{rel}","templated":true}]}}