{"id":1621,"date":"2021-12-24T13:01:23","date_gmt":"2021-12-24T12:01:23","guid":{"rendered":"https:\/\/visitar.zoodelpirineu.com\/?page_id=1621"},"modified":"2025-11-13T17:50:43","modified_gmt":"2025-11-13T16:50:43","slug":"curs-de-fotografia","status":"publish","type":"page","link":"https:\/\/visitar.zoodelpirineu.com\/ca\/activitats-amb-animals\/curs-de-fotografia\/","title":{"rendered":"Curs de fotografia"},"content":{"rendered":"\n<div class=\"wp-block-media-text alignwide is-stacked-on-mobile has-background\" style=\"background-color:#edf2fb\"><figure class=\"wp-block-media-text__media\"><img loading=\"lazy\" decoding=\"async\" width=\"800\" height=\"600\" src=\"https:\/\/visitar.zoodelpirineu.com\/wp-content\/uploads\/2021\/12\/Fotografiar-animals.jpg\" alt=\"Curs de fotografia\" class=\"wp-image-1622 size-full\" srcset=\"https:\/\/visitar.zoodelpirineu.com\/wp-content\/uploads\/2021\/12\/Fotografiar-animals.jpg 800w, https:\/\/visitar.zoodelpirineu.com\/wp-content\/uploads\/2021\/12\/Fotografiar-animals-300x225.jpg 300w, https:\/\/visitar.zoodelpirineu.com\/wp-content\/uploads\/2021\/12\/Fotografiar-animals-768x576.jpg 768w\" sizes=\"auto, (max-width: 800px) 100vw, 800px\" \/><\/figure><div class=\"wp-block-media-text__content\">\n<p>Un curs de fotografia essencial per a iniciar-se en el m\u00f3n de la fotografia de fauna salvatge. Fotografia animals en condicions controlades.<\/p>\n\n\n\n<p>Vols que les teves fotos destaquin? Participa en el curs de fotografia i converteix-te en un especialista de fotografiar la natura!<\/p>\n\n\n\n<p>Provar\u00e0s diferents ajustos de la c\u00e0mera amb tranquil\u00b7litat i sense por a que marxin els animals. Aprendr\u00e0s a anticipar els seus moviments i entendr\u00e0s els seus costums.<\/p>\n\n\n\n<div class=\"wp-block-buttons is-layout-flex wp-block-buttons-is-layout-flex\">\n<div class=\"wp-block-button\"><a class=\"wp-block-button__link has-medium-font-size has-custom-font-size wp-element-button\" href=\"https:\/\/fareharbor.com\/embeds\/book\/zoodelpirineu\/items\/448867\/?full-items=yes&amp;flow=923011\" style=\"border-radius:0px\" target=\"_blank\" rel=\"noreferrer noopener\">RESERVA ARA<\/a><\/div>\n<\/div>\n<\/div><\/div>\n\n\n\n<div style=\"height:50px\" aria-hidden=\"true\" class=\"wp-block-spacer\"><\/div>\n\n\n\n<h2 class=\"wp-block-heading\" id=\"les-raons-per-participar-en-el-curs-de-fotografia\">Les raons per participar en el Curs de fotografia<\/h2>\n\n\n\n<div class=\"wp-block-columns is-layout-flex wp-container-core-columns-is-layout-9d6595d7 wp-block-columns-is-layout-flex\">\n<div class=\"wp-block-column has-background is-layout-flow wp-block-column-is-layout-flow\" style=\"background-color:#d8e3f6\">\n<figure class=\"wp-block-image size-full\"><img loading=\"lazy\" decoding=\"async\" width=\"800\" height=\"600\" src=\"https:\/\/visitar.zoodelpirineu.com\/wp-content\/uploads\/2021\/12\/Icono-aguila.png\" alt=\"\" class=\"wp-image-1633\" srcset=\"https:\/\/visitar.zoodelpirineu.com\/wp-content\/uploads\/2021\/12\/Icono-aguila.png 800w, https:\/\/visitar.zoodelpirineu.com\/wp-content\/uploads\/2021\/12\/Icono-aguila-300x225.png 300w, https:\/\/visitar.zoodelpirineu.com\/wp-content\/uploads\/2021\/12\/Icono-aguila-768x576.png 768w\" sizes=\"auto, (max-width: 800px) 100vw, 800px\" \/><\/figure>\n\n\n\n<p class=\"has-text-align-center\">Fotografiar\u00e0s animals salvatges del nostre pa\u00eds.<\/p>\n<\/div>\n\n\n\n<div class=\"wp-block-column has-background is-layout-flow wp-block-column-is-layout-flow\" style=\"background-color:#d8e3f6\">\n<figure class=\"wp-block-image size-full\"><img loading=\"lazy\" decoding=\"async\" width=\"800\" height=\"600\" src=\"https:\/\/visitar.zoodelpirineu.com\/wp-content\/uploads\/2021\/12\/Fotograf-icono.png\" alt=\"\" class=\"wp-image-1637\" srcset=\"https:\/\/visitar.zoodelpirineu.com\/wp-content\/uploads\/2021\/12\/Fotograf-icono.png 800w, https:\/\/visitar.zoodelpirineu.com\/wp-content\/uploads\/2021\/12\/Fotograf-icono-300x225.png 300w, https:\/\/visitar.zoodelpirineu.com\/wp-content\/uploads\/2021\/12\/Fotograf-icono-768x576.png 768w\" sizes=\"auto, (max-width: 800px) 100vw, 800px\" \/><\/figure>\n\n\n\n<p class=\"has-text-align-center\">T&#8217;acompanya el <a href=\"https:\/\/phototrekking.cat\/raul-carmona-fotografia\" target=\"_blank\" rel=\"noreferrer noopener\" title=\"https:\/\/phototrekking.cat\/raul-carmona-fotografia\">Ra\u00fcl Carmona<\/a>, un fot\u00f2graf profesional.<\/p>\n<\/div>\n\n\n\n<div class=\"wp-block-column has-background is-layout-flow wp-block-column-is-layout-flow\" style=\"background-color:#d8e3f6\">\n<figure class=\"wp-block-image size-full\"><img loading=\"lazy\" decoding=\"async\" width=\"800\" height=\"600\" src=\"https:\/\/visitar.zoodelpirineu.com\/wp-content\/uploads\/2024\/02\/Curso-de-fotografia.png\" alt=\"\" class=\"wp-image-5232\" srcset=\"https:\/\/visitar.zoodelpirineu.com\/wp-content\/uploads\/2024\/02\/Curso-de-fotografia.png 800w, https:\/\/visitar.zoodelpirineu.com\/wp-content\/uploads\/2024\/02\/Curso-de-fotografia-300x225.png 300w, https:\/\/visitar.zoodelpirineu.com\/wp-content\/uploads\/2024\/02\/Curso-de-fotografia-768x576.png 768w\" sizes=\"auto, (max-width: 800px) 100vw, 800px\" \/><\/figure>\n\n\n\n<p class=\"has-text-align-center\">Adaptaci\u00f3 a les caracter\u00edstiques de la teva c\u00e0mera fotogr\u00e0fica.<\/p>\n<\/div>\n\n\n\n<div class=\"wp-block-column has-background is-layout-flow wp-block-column-is-layout-flow\" style=\"background-color:#d8e3f6\">\n<figure class=\"wp-block-image size-full\"><img loading=\"lazy\" decoding=\"async\" width=\"800\" height=\"600\" src=\"https:\/\/visitar.zoodelpirineu.com\/wp-content\/uploads\/2021\/12\/Fotografos-icono.png\" alt=\"\" class=\"wp-image-1640\" srcset=\"https:\/\/visitar.zoodelpirineu.com\/wp-content\/uploads\/2021\/12\/Fotografos-icono.png 800w, https:\/\/visitar.zoodelpirineu.com\/wp-content\/uploads\/2021\/12\/Fotografos-icono-300x225.png 300w, https:\/\/visitar.zoodelpirineu.com\/wp-content\/uploads\/2021\/12\/Fotografos-icono-768x576.png 768w\" sizes=\"auto, (max-width: 800px) 100vw, 800px\" \/><\/figure>\n\n\n\n<p class=\"has-text-align-center\">Els grups petits, de 5 a 12 persones, asseguren una atenci\u00f3 personalitzada.<\/p>\n<\/div>\n\n\n\n<div class=\"wp-block-column has-background is-layout-flow wp-block-column-is-layout-flow\" style=\"background-color:#d8e3f6\">\n<figure class=\"wp-block-image size-full\"><img loading=\"lazy\" decoding=\"async\" width=\"800\" height=\"600\" src=\"https:\/\/visitar.zoodelpirineu.com\/wp-content\/uploads\/2021\/12\/Tranquilidad.png\" alt=\"\" class=\"wp-image-1646\" srcset=\"https:\/\/visitar.zoodelpirineu.com\/wp-content\/uploads\/2021\/12\/Tranquilidad.png 800w, https:\/\/visitar.zoodelpirineu.com\/wp-content\/uploads\/2021\/12\/Tranquilidad-300x225.png 300w, https:\/\/visitar.zoodelpirineu.com\/wp-content\/uploads\/2021\/12\/Tranquilidad-768x576.png 768w\" sizes=\"auto, (max-width: 800px) 100vw, 800px\" \/><\/figure>\n\n\n\n<p class=\"has-text-align-center\">Passar\u00e0s un dia tranquil i agradable a la natura.<\/p>\n<\/div>\n<\/div>\n\n\n\n<div style=\"height:50px\" aria-hidden=\"true\" class=\"wp-block-spacer\"><\/div>\n\n\n\n<h2 class=\"wp-block-heading\" id=\"horari-del-curs-de-fotografia\">Horari del curs de fotografia<\/h2>\n\n\n\n<p>Horari: 10:00h &#8211; 16:00h<\/p>\n\n\n\n<p>El curs dura 5 hores i hi ha 1 hora per dinar. El preu del dinar no est\u00e0 incl\u00f2s en el preu del curs. Recomanem que et portis el dinar de casa.<\/p>\n\n\n\n<p>El pr\u00f2xim curs de fotografia planificat ser\u00e0 <strong>diumenge 19 d&#8217;abril de 2026<\/strong>. Assegura la teva pla\u00e7a avui mateix: <a href=\"https:\/\/fareharbor.com\/embeds\/book\/zoodelpirineu\/items\/448867\/?full-items=yes&amp;flow=923011\" target=\"_blank\" rel=\"noopener\" title=\"comprar entrades pel curs de fotografia\">comprar entrades pel curs de fotografia<\/a>. Si tens algun problema amb la compra en l\u00ednia, no dubtis en <a href=\"https:\/\/visitar.zoodelpirineu.com\/contacte\/\" target=\"_blank\" rel=\"noreferrer noopener\">posar-te en contacte amb nosaltres<\/a>. T&#8217;ajudarem encantats!<\/p>\n\n\n\n<div style=\"height:25px\" aria-hidden=\"true\" class=\"wp-block-spacer\"><\/div>\n\n\n\n<h2 class=\"wp-block-heading\" id=\"preu-del-curs-de-fotografia\">Preu del curs de fotografia<\/h2>\n\n\n\n<h3 class=\"wp-block-heading\" id=\"participant\">Participant<\/h3>\n\n\n\n<ul class=\"wp-block-list\">\n<li>75\u20ac per participant amb c\u00e0mera fotogr\u00e0fica<\/li>\n<\/ul>\n\n\n\n<h3 class=\"wp-block-heading\" id=\"acompanyant\">Acompanyant<\/h3>\n\n\n\n<p>Cada fot\u00f2graf pot anar acompanyat per 2 persones. Els acompanyants poden estar amb el grup durant tot el curs.<\/p>\n\n\n\n<p>El preu per acompanyant \u00e9s de 15\u20ac i inclou l&#8217;<a href=\"https:\/\/visitar.zoodelpirineu.com\/ca\/activitats-amb-animals\/exhibicio-aus-rapinyaires\/\" target=\"_blank\" rel=\"noopener\" title=\"https:\/\/visitar.zoodelpirineu.com\/activitats-amb-animals\/exhibicio-aus-rapinyaires\/\">Exhibici\u00f3 de vol d&#8217;aus rapinyaires<\/a>. Els nens i les nenes menors de 6 anys tenen l&#8217;entrada gratu\u00efta i no hi ha limitaci\u00f3 de places.<\/p>\n\n\n\n<h3 class=\"wp-block-heading\" id=\"curs-de-fotografia-en-grups-privats\">Curs de fotografia en grups privats<\/h3>\n\n\n\n<p>Pots demanar el curs de fotografia per un grup privat. En aquest cas tu <strong>triar\u00e0s el dia i els animals <\/strong>que vols aprendre a fotografiar. \u00d2bviament en aquest cas hem de confirmar pr\u00e8viament amb el fot\u00f2graf la seva disponibilitat pel dia que t&#8217;interessa.<\/p>\n\n\n\n<p>En un grup privat poden participar entre 1 i 12 persones i t\u00e9 un preu de 600\u20ac. <\/p>\n\n\n\n<h3 class=\"wp-block-heading\" id=\"val-regal\">Val regal<\/h3>\n\n\n\n<p>El curs de fotografia est\u00e0 disponible tamb\u00e9 com a val regal. Trobar\u00e0s tota la informaci\u00f3 a l&#8217;enlla\u00e7 seg\u00fcent: <a href=\"https:\/\/regalar-experiencias.zoodelpirineu.com\/ca\/curs-de-fotografia-de-natura\/\" target=\"_blank\" rel=\"noopener\" title=\"https:\/\/regalar-experiencias.zoodelpirineu.com\/ca\/\">Regalar experi\u00e8ncies<\/a>.<\/p>\n\n\n\n<div style=\"height:50px\" aria-hidden=\"true\" class=\"wp-block-spacer\"><\/div>\n\n\n\n<h2 class=\"wp-block-heading\" id=\"planificacio-del-curs-de-fotografia\">Planificaci\u00f3 del Curs de fotografia<\/h2>\n\n\n\n<h3 class=\"wp-block-heading\" id=\"10-00-inici-del-curs\">10:00 Inici del curs<\/h3>\n\n\n\n<p>Presentaci\u00f3 dels participants i del professor.<\/p>\n\n\n\n<p>Esmorzar. Els participants han de portar el seu menjar. Al Zoo del Pirineu nom\u00e9s hi ha un petit bar que serveix caf\u00e8s, begudes fresques, patates de bossa i gelats.<\/p>\n\n\n\n<p>Explicaci\u00f3 de les nocions b\u00e0siques sobre:<\/p>\n\n\n\n<ul class=\"wp-block-list\">\n<li>Fotos d&#8217;animals en moviment.<\/li>\n\n\n\n<li>Ajustaments de la c\u00e0mera per a fotografiar fauna.<\/li>\n\n\n\n<li>Altres funcions de la c\u00e0mera i accessoris.<\/li>\n<\/ul>\n\n\n\n<h3 class=\"wp-block-heading\" id=\"11-00-12-00-exhibicio-de-vol-d-aus-rapinyaires\">11:00 \u2013 12:00 <a href=\"https:\/\/visitar.zoodelpirineu.com\/ca\/activitats-amb-animals\/exhibicio-aus-rapinyaires\/\" target=\"_blank\" rel=\"noopener\" title=\"\">Exhibici\u00f3 de vol d\u2019aus rapinyaires<\/a><\/h3>\n\n\n\n<p>Una oportunitat magn\u00edfica per a:<\/p>\n\n\n\n<ul class=\"wp-block-list\">\n<li>Fer fotos dels animals en moviment.<\/li>\n\n\n\n<li>Observar la seva manera de moure\u2019s.<\/li>\n\n\n\n<li>Aprendre sobre els animals del nostre pa\u00eds.<\/li>\n<\/ul>\n\n\n\n<p>L&#8217;espectacle amb animals al Zoo del Pirineu brinda una perfecta oportunitat per fer fotos d\u2019animals en moviment.&nbsp;Hi participen tant mam\u00edfers com ocells.<\/p>\n\n\n\n<h3 class=\"wp-block-heading\" id=\"12-00-12-30-temps-per-repassar-les-fotos\">12:00 \u2013 12:30 Temps per repassar les fotos<\/h3>\n\n\n\n<p>Una estona per a repassar i comentar les fotos fetes durant l&#8217;espectacle. Preparaci\u00f3 per a la sessi\u00f3 de fotografia est\u00e0tica.<\/p>\n\n\n\n<h3 class=\"wp-block-heading\" id=\"12-30-13-30-animals-en-posicio-estatica\">12:30 \u2013 13:30 Animals en posici\u00f3 est\u00e0tica<\/h3>\n\n\n\n<p>Podreu fer fotos d\u2019un m\u00e0xim de 3 animals aut\u00f2ctons segons la vostra elecci\u00f3. Durant aquesta part de la sessi\u00f3 practicareu amb:<\/p>\n\n\n\n<ul class=\"wp-block-list\">\n<li>Contrasts, contrallums, primers plans, detalls\u2026<\/li>\n\n\n\n<li>Focus de la fotografia.<\/li>\n\n\n\n<li>Com la composici\u00f3 millora la nostra fotografia.<\/li>\n<\/ul>\n\n\n\n<div class=\"wp-block-columns is-layout-flex wp-container-core-columns-is-layout-9d6595d7 wp-block-columns-is-layout-flex\">\n<div class=\"wp-block-column is-layout-flow wp-block-column-is-layout-flow\">\n<p>Mussols:<\/p>\n\n\n\n<ul class=\"wp-block-list\">\n<li>Xot<\/li>\n\n\n\n<li>\u00d2liba<\/li>\n\n\n\n<li>Mussol banyut<\/li>\n\n\n\n<li>Duc<\/li>\n<\/ul>\n<\/div>\n\n\n\n<div class=\"wp-block-column is-layout-flow wp-block-column-is-layout-flow\">\n<p>Aus rapinyares di\u00fcrnes:<\/p>\n\n\n\n<ul class=\"wp-block-list\">\n<li>Xoriguer<\/li>\n\n\n\n<li>Esparver d\u2019espatlles negres<\/li>\n\n\n\n<li>\u00c0liga daurada<\/li>\n<\/ul>\n<\/div>\n\n\n\n<div class=\"wp-block-column is-layout-flow wp-block-column-is-layout-flow\">\n<p>Mam\u00edfers:<\/p>\n\n\n\n<ul class=\"wp-block-list\">\n<li>Cabirols<\/li>\n<\/ul>\n<\/div>\n<\/div>\n\n\n\n<h3 class=\"wp-block-heading\" id=\"13-30-14-30-dinar\">13:30 \u2013 14:30 Dinar<\/h3>\n\n\n\n<p>Cada participant ha de portar la seva carmanyola. El Zoo del Pirineu no disposa de restaurant. No obstant aix\u00f2 pots comprar caf\u00e8s, refrescos, patates i gelats al bar del parc. <\/p>\n\n\n\n<p>Des de la zona de p\u00edcnic tindr\u00e0s vistes a la Roca de Canalda. \u00c9s l&#8217;h\u00e0bitat natural del falc\u00f3 pelegr\u00ed, del voltor com\u00fa, de la gralla de bec vermell, de l&#8217;aufrany, de l&#8217;\u00e0liga daurada i del trencal\u00f2s. Les vistes orientades de cara al Sud abarquen una tercera part de tot Catalunya.<\/p>\n\n\n\n<h3 class=\"wp-block-heading\" id=\"13-30-16-00-paisatge-i-animals-amb-una-xarxa-al-davant\">14:30 \u2013 16:00 Paisatge i animals amb una xarxa al davant<\/h3>\n\n\n\n<p>Fareu una volta pel Zoo del Pirineu i aix\u00ed coneixereu a tots els animals que habiten aquest refugi d&#8217;animals salvatges.<\/p>\n\n\n\n<p>Es tractaran els seg\u00fcents temes:<\/p>\n\n\n\n<ul class=\"wp-block-list\">\n<li>Com fotografiar als animals amb un xarxa al davant.<\/li>\n\n\n\n<li>Foto paisatg\u00edstica.<\/li>\n\n\n\n<li>Siluetes al cel: Fotografia de fauna salvatge.<\/li>\n<\/ul>\n\n\n\n<h3 class=\"wp-block-heading\" id=\"16-00-final-del-curs-de-fotografia\">16:00 Final del curs de fotografia<\/h3>\n\n\n\n<p>Tot i que el curs acaba a les 16:00 els participants es poden quedar al Zoo del Pirineu fins que el parc tanqui les portes de cara al p\u00fablic, a les 18:00h o 19:00h segons l&#8217;\u00e8poca de l&#8217;any.<\/p>\n\n\n\n<p>Segons l&#8217;\u00e8poca pots participar en:<\/p>\n\n\n\n<ul class=\"wp-block-list\">\n<li><a href=\"https:\/\/visitar.zoodelpirineu.com\/ca\/toca-toca-amb-animals-domestics\/\" target=\"_blank\" rel=\"noopener\" title=\"\">Toca toca<\/a> amb animals dom\u00e8stics<\/li>\n\n\n\n<li><a href=\"https:\/\/visitar.zoodelpirineu.com\/ca\/activitats-amb-animals\/exhibicio-aus-rapinyaires\/\" target=\"_blank\" rel=\"noopener\" title=\"https:\/\/visitar.zoodelpirineu.com\/activitats-amb-animals\/exhibicio-aus-rapinyaires\/\">Exhibici\u00f3 de vol<\/a>&nbsp;(nom\u00e9s en horari d&#8217;estiu) \u2013 aquesta vegada sense mirar per l\u2019objectiu de la c\u00e0mera&nbsp;<\/li>\n\n\n\n<li><a href=\"https:\/\/visitar.zoodelpirineu.com\/activitats-amb-animals\/visita-guiada\/\" target=\"_blank\" rel=\"noreferrer noopener\" title=\"https:\/\/visitar.zoodelpirineu.com\/activitats-amb-animals\/visita-guiada\/\">Visita guiada<\/a> \u2013 aquesta vegada sense mirar per l\u2019objectiu de la c\u00e0mera<\/li>\n<\/ul>\n\n\n\n<p>Consulta les activitats, el seu preu i el seu horari i afegeix les activitats que t&#8217;interessin a la reserva en l\u00ednia! Aix\u00ed tindr\u00e0s una experi\u00e8ncia m\u00e9s completa.<\/p>\n\n\n\n<div style=\"height:50px\" aria-hidden=\"true\" class=\"wp-block-spacer\"><\/div>\n\n\n\n<h2 class=\"wp-block-heading\" id=\"informacio-important\">Informaci\u00f3 important<\/h2>\n\n\n\n<ul class=\"wp-block-list\">\n<li>Abans de venir llegeix les&nbsp;<a href=\"https:\/\/visitar.zoodelpirineu.com\/normes-del-zoo-del-pirineu\/\" target=\"_blank\" rel=\"noreferrer noopener\" title=\"https:\/\/visitar.zoodelpirineu.com\/normes-del-zoo-del-pirineu\/\">Normes del Zoo del Pirineu<\/a>.<\/li>\n\n\n\n<li>Per aclarir dubtes consulta la nostra&nbsp;<a href=\"https:\/\/zoodelpirineu.com\/politica-de-compra\/\">Pol\u00edtica de compra<\/a>.<\/li>\n\n\n\n<li>Si tens dubtes sobre l&#8217;organitzaci\u00f3 del curs de fotogarfia posa&#8217;t en <a href=\"https:\/\/visitar.zoodelpirineu.com\/contacte\/\" target=\"_blank\" rel=\"noreferrer noopener\" title=\"https:\/\/visitar.zoodelpirineu.com\/contacte\/\">contacte<\/a> amb nosaltres. Estarem encantats d&#8217;aclarir els teus dubtes.&nbsp;<\/li>\n\n\n\n<li>Per preguntes t\u00e8cniques en l&#8217;\u00e0mbit de la fotograf\u00eda contacta directament amb el professor del curs, el&nbsp;<a href=\"https:\/\/raulcarmonafotografia.com\/contacte\/\" target=\"_blank\" rel=\"noreferrer noopener\">Ra\u00fcl Carmona.<\/a><\/li>\n<\/ul>\n\n\n\n<div style=\"height:50px\" aria-hidden=\"true\" class=\"wp-block-spacer\"><\/div>\n\n\n\n<h2 class=\"wp-block-heading\" id=\"opinio-dels-participants\">Opini\u00f3 dels participants<\/h2>\n\n\n\n<p>\u00abVaig venir amb en Ra\u00fcl Carmona al curs de fotografia. Va ser un dia magn\u00edfic, tan per l\u2019entorn com per poder fer fotos de les aus tan en vol com est\u00e0tiques. Soc un aficionat que m\u2019agrada molt la fotografia i en aquesta sortida vaig aprendre molt\u00edssim. Va ser una jornada memorable que gr\u00e0cies a les vostres atencions i hospitalitat va ratllar l&#8217;excel\u00b7l\u00e8ncia. Continueu amb fermesa amb l\u2019important tasca que esteu realitzant.\u00bb<\/p>\n","protected":false},"excerpt":{"rendered":"<p>Les raons per participar en el Curs de fotografia Fotografiar\u00e0s animals salvatges del nostre pa\u00eds. T&#8217;acompanya el Ra\u00fcl Carmona, un fot\u00f2graf profesional. Adaptaci\u00f3 a les caracter\u00edstiques de la teva c\u00e0mera fotogr\u00e0fica. Els grups petits, de 5 a 12 persones, asseguren una atenci\u00f3 personalitzada. Passar\u00e0s un dia tranquil i agradable a la natura. Horari del curs &#8230; <a title=\"Curs de fotografia\" class=\"read-more\" href=\"https:\/\/visitar.zoodelpirineu.com\/ca\/activitats-amb-animals\/curs-de-fotografia\/\" aria-label=\"M\u00e9s informaci\u00f3 sobre Curs de fotografia\">Read more<\/a><\/p>\n","protected":false},"author":1,"featured_media":1622,"parent":2,"menu_order":0,"comment_status":"closed","ping_status":"closed","template":"","meta":{"_monsterinsights_skip_tracking":false,"_monsterinsights_sitenote_active":false,"_monsterinsights_sitenote_note":"","_monsterinsights_sitenote_category":0,"footnotes":""},"class_list":{"0":"post-1621","1":"page","2":"type-page","3":"status-publish","4":"has-post-thumbnail","6":"infinite-scroll-item"},"aioseo_notices":[],"_links":{"self":[{"href":"https:\/\/visitar.zoodelpirineu.com\/ca\/wp-json\/wp\/v2\/pages\/1621","targetHints":{"allow":["GET"]}}],"collection":[{"href":"https:\/\/visitar.zoodelpirineu.com\/ca\/wp-json\/wp\/v2\/pages"}],"about":[{"href":"https:\/\/visitar.zoodelpirineu.com\/ca\/wp-json\/wp\/v2\/types\/page"}],"author":[{"embeddable":true,"href":"https:\/\/visitar.zoodelpirineu.com\/ca\/wp-json\/wp\/v2\/users\/1"}],"replies":[{"embeddable":true,"href":"https:\/\/visitar.zoodelpirineu.com\/ca\/wp-json\/wp\/v2\/comments?post=1621"}],"version-history":[{"count":24,"href":"https:\/\/visitar.zoodelpirineu.com\/ca\/wp-json\/wp\/v2\/pages\/1621\/revisions"}],"predecessor-version":[{"id":6574,"href":"https:\/\/visitar.zoodelpirineu.com\/ca\/wp-json\/wp\/v2\/pages\/1621\/revisions\/6574"}],"up":[{"embeddable":true,"href":"https:\/\/visitar.zoodelpirineu.com\/ca\/wp-json\/wp\/v2\/pages\/2"}],"wp:featuredmedia":[{"embeddable":true,"href":"https:\/\/visitar.zoodelpirineu.com\/ca\/wp-json\/wp\/v2\/media\/1622"}],"wp:attachment":[{"href":"https:\/\/visitar.zoodelpirineu.com\/ca\/wp-json\/wp\/v2\/media?parent=1621"}],"curies":[{"name":"wp","href":"https:\/\/api.w.org\/{rel}","templated":true}]}}