{"id":167,"date":"2021-11-25T17:00:58","date_gmt":"2021-11-25T16:00:58","guid":{"rendered":"https:\/\/visitar.zoodelpirineu.com\/?page_id=167"},"modified":"2026-03-23T16:55:00","modified_gmt":"2026-03-23T15:55:00","slug":"visitar-zoo","status":"publish","type":"page","link":"https:\/\/visitar.zoodelpirineu.com\/ca\/","title":{"rendered":"Visitar el Zoo del Pirineu"},"content":{"rendered":"\n<div class=\"wp-block-cover\"><img loading=\"lazy\" decoding=\"async\" width=\"2000\" height=\"800\" class=\"wp-block-cover__image-background wp-image-3531\" alt=\"Visitar zoo del Pirineu\" src=\"https:\/\/visitar.zoodelpirineu.com\/wp-content\/uploads\/2023\/01\/Visitar-Zoo-del-Pirineu.jpg\" style=\"object-position:35% 66%\" data-object-fit=\"cover\" data-object-position=\"35% 66%\" srcset=\"https:\/\/visitar.zoodelpirineu.com\/wp-content\/uploads\/2023\/01\/Visitar-Zoo-del-Pirineu.jpg 2000w, https:\/\/visitar.zoodelpirineu.com\/wp-content\/uploads\/2023\/01\/Visitar-Zoo-del-Pirineu-300x120.jpg 300w, https:\/\/visitar.zoodelpirineu.com\/wp-content\/uploads\/2023\/01\/Visitar-Zoo-del-Pirineu-1024x410.jpg 1024w, https:\/\/visitar.zoodelpirineu.com\/wp-content\/uploads\/2023\/01\/Visitar-Zoo-del-Pirineu-768x307.jpg 768w, https:\/\/visitar.zoodelpirineu.com\/wp-content\/uploads\/2023\/01\/Visitar-Zoo-del-Pirineu-1536x614.jpg 1536w\" sizes=\"auto, (max-width: 2000px) 100vw, 2000px\" \/><span aria-hidden=\"true\" class=\"wp-block-cover__background has-background-dim\"><\/span><div class=\"wp-block-cover__inner-container is-layout-flow wp-block-cover-is-layout-flow\">\n<div style=\"height:60px\" aria-hidden=\"true\" class=\"wp-block-spacer\"><\/div>\n\n\n\n<div style=\"height:100px\" aria-hidden=\"true\" class=\"wp-block-spacer\"><\/div>\n\n\n\n<p class=\"has-text-align-center has-base-3-color has-text-color has-large-font-size\">Vine a gaudir dels animals i de la natura.<br>Viu una emocionant aventura salvatge!<\/p>\n\n\n\n<div class=\"wp-block-buttons is-content-justification-center is-layout-flex wp-container-core-buttons-is-layout-51f7783f wp-block-buttons-is-layout-flex\">\n<div class=\"wp-block-button\"><a class=\"wp-block-button__link has-medium-font-size has-custom-font-size wp-element-button\" href=\"https:\/\/fareharbor.com\/embeds\/book\/zoodelpirineu\/?full-items=yes&amp;flow=923009\" style=\"border-radius:0px\">COMPRAR ENTRADES<\/a><\/div>\n<\/div>\n\n\n\n<div style=\"height:100px\" aria-hidden=\"true\" class=\"wp-block-spacer\"><\/div>\n<\/div><\/div>\n\n\n\n<div style=\"height:60px\" aria-hidden=\"true\" class=\"wp-block-spacer\"><\/div>\n\n\n\n<h2 class=\"wp-block-heading has-text-align-center\">Per qu\u00e8 visitar el Zoo del Pirineu?<\/h2>\n\n\n\n<div class=\"wp-block-columns is-layout-flex wp-container-core-columns-is-layout-9d6595d7 wp-block-columns-is-layout-flex\">\n<div class=\"wp-block-column is-layout-flow wp-block-column-is-layout-flow\" style=\"flex-basis:10%\"><\/div>\n\n\n\n<div class=\"wp-block-column is-layout-flow wp-block-column-is-layout-flow\"><div class=\"wp-block-image\">\n<figure class=\"aligncenter size-thumbnail is-resized\"><img loading=\"lazy\" decoding=\"async\" width=\"150\" height=\"150\" src=\"https:\/\/visitar.zoodelpirineu.com\/wp-content\/uploads\/2023\/01\/Picto-mano-con-pota-150x150.png\" alt=\"\" class=\"wp-image-3534\" style=\"width:75px;height:75px\" srcset=\"https:\/\/visitar.zoodelpirineu.com\/wp-content\/uploads\/2023\/01\/Picto-mano-con-pota-150x150.png 150w, https:\/\/visitar.zoodelpirineu.com\/wp-content\/uploads\/2023\/01\/Picto-mano-con-pota-300x300.png 300w, https:\/\/visitar.zoodelpirineu.com\/wp-content\/uploads\/2023\/01\/Picto-mano-con-pota.png 512w\" sizes=\"auto, (max-width: 150px) 100vw, 150px\" \/><\/figure>\n<\/div>\n\n\n<p class=\"has-text-align-center\"><strong>Trobades<\/strong> emocionants amb <strong>animals<\/strong> <strong>salvatges<\/strong> del nostre pa\u00eds.<\/p>\n<\/div>\n\n\n\n<div class=\"wp-block-column is-layout-flow wp-block-column-is-layout-flow\"><div class=\"wp-block-image\">\n<figure class=\"aligncenter size-thumbnail is-resized\"><img loading=\"lazy\" decoding=\"async\" width=\"150\" height=\"150\" src=\"https:\/\/visitar.zoodelpirineu.com\/wp-content\/uploads\/2023\/01\/Tracte-personal-150x150.png\" alt=\"\" class=\"wp-image-3540\" style=\"width:75px;height:75px\" srcset=\"https:\/\/visitar.zoodelpirineu.com\/wp-content\/uploads\/2023\/01\/Tracte-personal-150x150.png 150w, https:\/\/visitar.zoodelpirineu.com\/wp-content\/uploads\/2023\/01\/Tracte-personal-300x300.png 300w, https:\/\/visitar.zoodelpirineu.com\/wp-content\/uploads\/2023\/01\/Tracte-personal.png 512w\" sizes=\"auto, (max-width: 150px) 100vw, 150px\" \/><\/figure>\n<\/div>\n\n\n<p class=\"has-text-align-center\">Tracte <strong>personal<\/strong> i <strong>professional<\/strong> en un ambient natural preci\u00f3s.<\/p>\n<\/div>\n\n\n\n<div class=\"wp-block-column is-layout-flow wp-block-column-is-layout-flow\"><div class=\"wp-block-image\">\n<figure class=\"aligncenter size-thumbnail is-resized\"><img loading=\"lazy\" decoding=\"async\" width=\"150\" height=\"150\" src=\"https:\/\/visitar.zoodelpirineu.com\/wp-content\/uploads\/2023\/01\/Beneficis-de-visitar-zoo-150x150.png\" alt=\"\" class=\"wp-image-3543\" style=\"width:75px;height:75px\" srcset=\"https:\/\/visitar.zoodelpirineu.com\/wp-content\/uploads\/2023\/01\/Beneficis-de-visitar-zoo-150x150.png 150w, https:\/\/visitar.zoodelpirineu.com\/wp-content\/uploads\/2023\/01\/Beneficis-de-visitar-zoo-300x300.png 300w, https:\/\/visitar.zoodelpirineu.com\/wp-content\/uploads\/2023\/01\/Beneficis-de-visitar-zoo.png 512w\" sizes=\"auto, (max-width: 150px) 100vw, 150px\" \/><\/figure>\n<\/div>\n\n\n<p class=\"has-text-align-center\"> Bones <strong>tarifes<\/strong> i possibilitat de <strong>canvis<\/strong> <strong>gratu\u00efts<\/strong>.<\/p>\n<\/div>\n\n\n\n<div class=\"wp-block-column is-layout-flow wp-block-column-is-layout-flow\"><div class=\"wp-block-image\">\n<figure class=\"aligncenter size-thumbnail is-resized\"><img loading=\"lazy\" decoding=\"async\" width=\"150\" height=\"150\" src=\"https:\/\/visitar.zoodelpirineu.com\/wp-content\/uploads\/2023\/01\/Centre-de-rescat-sanimals-150x150.png\" alt=\"\" class=\"wp-image-3537\" style=\"width:75px;height:75px\" srcset=\"https:\/\/visitar.zoodelpirineu.com\/wp-content\/uploads\/2023\/01\/Centre-de-rescat-sanimals-150x150.png 150w, https:\/\/visitar.zoodelpirineu.com\/wp-content\/uploads\/2023\/01\/Centre-de-rescat-sanimals-300x300.png 300w, https:\/\/visitar.zoodelpirineu.com\/wp-content\/uploads\/2023\/01\/Centre-de-rescat-sanimals.png 512w\" sizes=\"auto, (max-width: 150px) 100vw, 150px\" \/><\/figure>\n<\/div>\n\n\n<p class=\"has-text-align-center\">L&#8217;<strong>import<\/strong> de les teves <strong>entrades<\/strong> anir\u00e0 \u00edntegrament <strong>destinat<\/strong> al <strong>rescat<\/strong> d&#8217;animals i la seva <strong>alliberaci\u00f3<\/strong>.<\/p>\n<\/div>\n\n\n\n<div class=\"wp-block-column is-layout-flow wp-block-column-is-layout-flow\" style=\"flex-basis:10%\"><\/div>\n<\/div>\n\n\n\n<div class=\"wp-block-buttons is-content-justification-center is-layout-flex wp-container-core-buttons-is-layout-16018d1d wp-block-buttons-is-layout-flex\">\n<div class=\"wp-block-button\"><a class=\"wp-block-button__link wp-element-button\" href=\"https:\/\/fareharbor.com\/embeds\/book\/zoodelpirineu\/?full-items=yes&amp;flow=923009\" style=\"border-radius:0px\">COMPRAR ENTRADES<\/a><\/div>\n<\/div>\n\n\n\n<div style=\"height:100px\" aria-hidden=\"true\" class=\"wp-block-spacer\"><\/div>\n\n\n\n<h2 class=\"wp-block-heading has-text-align-center\">Activitats educatives i din\u00e0miques per totes les edats<\/h2>\n\n\n\n<div style=\"height:50px\" aria-hidden=\"true\" class=\"wp-block-spacer\"><\/div>\n\n\n\n<div class=\"wp-block-columns is-layout-flex wp-container-core-columns-is-layout-9d6595d7 wp-block-columns-is-layout-flex\">\n<div class=\"wp-block-column has-very-light-gray-to-cyan-bluish-gray-gradient-background has-background is-layout-flow wp-block-column-is-layout-flow\">\n<div style=\"height:25px\" aria-hidden=\"true\" class=\"wp-block-spacer\"><\/div>\n\n\n\n<h3 class=\"wp-block-heading has-text-align-center\"><a href=\"https:\/\/visitar.zoodelpirineu.com\/ca\/visitar-zoo-amb-nens-i-nenes\/\" target=\"_blank\" rel=\"noopener\" title=\"Activitats amb animals\">FAM\u00cdLIES<\/a><\/h3>\n\n\n\n<p class=\"has-text-align-center\">Gaudeix d\u2019<strong>activitats<\/strong> <strong>interactives<\/strong> i comparteix moments inoblidables amb la <strong>fam\u00edlia<\/strong>.<\/p>\n\n\n\n<figure class=\"wp-block-image size-full is-style-rounded\"><a href=\"https:\/\/visitar.zoodelpirineu.com\/activitats-amb-animals\/\" target=\"_blank\" rel=\"Activitats amb animals noopener\"><img loading=\"lazy\" decoding=\"async\" width=\"1000\" height=\"750\" src=\"https:\/\/visitar.zoodelpirineu.com\/wp-content\/uploads\/2021\/11\/Visitar-Zoo-del-Pirineu.jpg\" alt=\"El zoo es pot visitar nom\u00e9s participant en les activitats.\" class=\"wp-image-201\" srcset=\"https:\/\/visitar.zoodelpirineu.com\/wp-content\/uploads\/2021\/11\/Visitar-Zoo-del-Pirineu.jpg 1000w, https:\/\/visitar.zoodelpirineu.com\/wp-content\/uploads\/2021\/11\/Visitar-Zoo-del-Pirineu-300x225.jpg 300w, https:\/\/visitar.zoodelpirineu.com\/wp-content\/uploads\/2021\/11\/Visitar-Zoo-del-Pirineu-768x576.jpg 768w\" sizes=\"auto, (max-width: 1000px) 100vw, 1000px\" \/><\/a><\/figure>\n<\/div>\n\n\n\n<div class=\"wp-block-column p { farcit inferior: 20 px; } has-very-light-gray-to-cyan-bluish-gray-gradient-background has-background is-layout-flow wp-block-column-is-layout-flow\">\n<div style=\"height:25px\" aria-hidden=\"true\" class=\"wp-block-spacer\"><\/div>\n\n\n\n<h3 class=\"wp-block-heading has-text-align-center\"><a href=\"https:\/\/visitar.zoodelpirineu.com\/ca\/visitar-zoo-per-grups-de-seniors\/\" target=\"_blank\" rel=\"noopener\" title=\"Excursions per s\u00e8niors\">GRUPS<\/a><\/h3>\n\n\n\n<p class=\"has-text-align-center\">Organitza una <strong>excursi\u00f3<\/strong> amb <strong>amics<\/strong> i aprofita els nostres <strong>descomptes<\/strong> per a vosaltres!<\/p>\n\n\n\n<figure class=\"wp-block-image size-full is-style-rounded\"><img loading=\"lazy\" decoding=\"async\" width=\"800\" height=\"600\" src=\"https:\/\/visitar.zoodelpirineu.com\/wp-content\/uploads\/2022\/12\/Excursio-pels-seniors.jpg\" alt=\"Visitar el zoo amb grups de s\u00e8niors\" class=\"wp-image-3125\" srcset=\"https:\/\/visitar.zoodelpirineu.com\/wp-content\/uploads\/2022\/12\/Excursio-pels-seniors.jpg 800w, https:\/\/visitar.zoodelpirineu.com\/wp-content\/uploads\/2022\/12\/Excursio-pels-seniors-300x225.jpg 300w, https:\/\/visitar.zoodelpirineu.com\/wp-content\/uploads\/2022\/12\/Excursio-pels-seniors-768x576.jpg 768w\" sizes=\"auto, (max-width: 800px) 100vw, 800px\" \/><\/figure>\n<\/div>\n\n\n\n<div class=\"wp-block-column has-very-light-gray-to-cyan-bluish-gray-gradient-background has-background is-layout-flow wp-block-column-is-layout-flow\">\n<div style=\"height:25px\" aria-hidden=\"true\" class=\"wp-block-spacer\"><\/div>\n\n\n\n<h3 class=\"wp-block-heading has-text-align-center\"><a href=\"https:\/\/educando.zoodelpirineu.com\/\" target=\"_blank\" rel=\"noreferrer noopener\" title=\"https:\/\/educando.zoodelpirineu.com\/\">ESCOLES<\/a><\/h3>\n\n\n\n<p class=\"has-text-align-center\">Descobreix les <strong>activitats educatives<\/strong> especialment dissenyades per les escoles.<\/p>\n\n\n\n<figure class=\"wp-block-image size-full is-style-rounded\"><a href=\"https:\/\/educando.zoodelpirineu.com\/\" target=\"_blank\" rel=\"Oferta per les escoles noopener\"><img loading=\"lazy\" decoding=\"async\" width=\"1000\" height=\"750\" src=\"https:\/\/visitar.zoodelpirineu.com\/wp-content\/uploads\/2021\/11\/Tallers-a-escola.jpg\" alt=\"Activitats a escoles\" class=\"wp-image-214\" srcset=\"https:\/\/visitar.zoodelpirineu.com\/wp-content\/uploads\/2021\/11\/Tallers-a-escola.jpg 1000w, https:\/\/visitar.zoodelpirineu.com\/wp-content\/uploads\/2021\/11\/Tallers-a-escola-300x225.jpg 300w, https:\/\/visitar.zoodelpirineu.com\/wp-content\/uploads\/2021\/11\/Tallers-a-escola-768x576.jpg 768w\" sizes=\"auto, (max-width: 1000px) 100vw, 1000px\" \/><\/a><\/figure>\n<\/div>\n\n\n\n<div class=\"wp-block-column has-very-light-gray-to-cyan-bluish-gray-gradient-background has-background is-layout-flow wp-block-column-is-layout-flow\">\n<div style=\"height:25px\" aria-hidden=\"true\" class=\"wp-block-spacer\"><\/div>\n\n\n\n<h3 class=\"wp-block-heading has-text-align-center\"><a href=\"https:\/\/regalar-experiencias.zoodelpirineu.com\/ca\/\" target=\"_blank\" rel=\"noopener\" title=\"Vals Regals\">VALS REGAL<\/a><\/h3>\n\n\n\n<p class=\"has-text-align-center\">Regala les nostres <strong>activitats<\/strong> a qui m\u00e9s estimes amb els <strong>vals regal<\/strong>.<\/p>\n\n\n\n<figure class=\"wp-block-image size-full is-style-rounded\"><img loading=\"lazy\" decoding=\"async\" width=\"800\" height=\"600\" src=\"https:\/\/visitar.zoodelpirineu.com\/wp-content\/uploads\/2024\/10\/Toca-toca-1.jpg\" alt=\"Regala una visita al zoo del Pirineu\" class=\"wp-image-5750\" srcset=\"https:\/\/visitar.zoodelpirineu.com\/wp-content\/uploads\/2024\/10\/Toca-toca-1.jpg 800w, https:\/\/visitar.zoodelpirineu.com\/wp-content\/uploads\/2024\/10\/Toca-toca-1-300x225.jpg 300w, https:\/\/visitar.zoodelpirineu.com\/wp-content\/uploads\/2024\/10\/Toca-toca-1-768x576.jpg 768w\" sizes=\"auto, (max-width: 800px) 100vw, 800px\" \/><\/figure>\n<\/div>\n<\/div>\n\n\n\n<div style=\"height:60px\" aria-hidden=\"true\" class=\"wp-block-spacer\"><\/div>\n\n\n\n<h2 class=\"wp-block-heading has-text-align-center\">Planifica la teva visita abans de visitar el Zoo<\/h2>\n\n\n<div class=\"wp-block-image\">\n<figure class=\"aligncenter size-full is-resized\"><img loading=\"lazy\" decoding=\"async\" width=\"320\" height=\"213\" src=\"https:\/\/visitar.zoodelpirineu.com\/wp-content\/uploads\/2023\/01\/Check-picto.png\" alt=\"ok picto\" class=\"wp-image-3696\" style=\"width:85px\" srcset=\"https:\/\/visitar.zoodelpirineu.com\/wp-content\/uploads\/2023\/01\/Check-picto.png 320w, https:\/\/visitar.zoodelpirineu.com\/wp-content\/uploads\/2023\/01\/Check-picto-300x200.png 300w\" sizes=\"auto, (max-width: 320px) 100vw, 320px\" \/><\/figure>\n<\/div>\n\n\n<p class=\"has-text-align-center\">Abans de venir al Zoo del Pirineu, <br>consulta tota la <strong>informaci\u00f3<\/strong> <strong>necess\u00e0ria<\/strong> per gaudir al m\u00e0xim de la teva experi\u00e8ncia.<br>No es poden portar animals de companyia, \u00e9s per garantir la tranquil\u00b7litat dels animals del refugi.<\/p>\n\n\n\n<div class=\"wp-block-buttons is-content-justification-center is-layout-flex wp-container-core-buttons-is-layout-16018d1d wp-block-buttons-is-layout-flex\">\n<div class=\"wp-block-button\"><a class=\"wp-block-button__link wp-element-button\" href=\"https:\/\/visitar.zoodelpirineu.com\/ca\/planifica-la-teva-visita-al-zoo\/\" style=\"border-radius:0px\">PLANIFICA LA TEVA VISITA<\/a><\/div>\n<\/div>\n\n\n\n<div style=\"height:40px\" aria-hidden=\"true\" class=\"wp-block-spacer\"><\/div>\n\n\n<div class=\"wp-block-image\">\n<figure class=\"aligncenter size-full is-resized\"><img loading=\"lazy\" decoding=\"async\" width=\"320\" height=\"213\" src=\"https:\/\/visitar.zoodelpirineu.com\/wp-content\/uploads\/2023\/01\/Check-picto.png\" alt=\"ok picto\" class=\"wp-image-3696\" style=\"width:85px\" srcset=\"https:\/\/visitar.zoodelpirineu.com\/wp-content\/uploads\/2023\/01\/Check-picto.png 320w, https:\/\/visitar.zoodelpirineu.com\/wp-content\/uploads\/2023\/01\/Check-picto-300x200.png 300w\" sizes=\"auto, (max-width: 320px) 100vw, 320px\" \/><\/figure>\n<\/div>\n\n\n<p class=\"has-text-align-center\"><strong>El zoo es pot visitar NOM\u00c9S amb guia.<\/strong><br>Les <strong>activitats<\/strong> guiades s\u00f3n amb <strong>aforament<\/strong> <strong>limitat<\/strong> per poder garantir el benestar dels animals que viuen al refugi i, <br>oferir-te una experi\u00e8ncia personalitzada i enriquidora.    <\/p>\n\n\n\n<div class=\"wp-block-buttons is-content-justification-center is-layout-flex wp-container-core-buttons-is-layout-16018d1d wp-block-buttons-is-layout-flex\">\n<div class=\"wp-block-button\"><a class=\"wp-block-button__link wp-element-button\" href=\"https:\/\/visitar.zoodelpirineu.com\/ca\/activitats-amb-animals\/\" style=\"border-radius:0px\" target=\"_blank\" rel=\"noreferrer noopener\">ACTIVITATS<\/a><\/div>\n<\/div>\n\n\n\n<div style=\"height:40px\" aria-hidden=\"true\" class=\"wp-block-spacer\"><\/div>\n\n\n<div class=\"wp-block-image\">\n<figure class=\"aligncenter size-full is-resized\"><img loading=\"lazy\" decoding=\"async\" width=\"320\" height=\"213\" src=\"https:\/\/visitar.zoodelpirineu.com\/wp-content\/uploads\/2023\/01\/Check-picto.png\" alt=\"ok picto\" class=\"wp-image-3696\" style=\"width:85px\" srcset=\"https:\/\/visitar.zoodelpirineu.com\/wp-content\/uploads\/2023\/01\/Check-picto.png 320w, https:\/\/visitar.zoodelpirineu.com\/wp-content\/uploads\/2023\/01\/Check-picto-300x200.png 300w\" sizes=\"auto, (max-width: 320px) 100vw, 320px\" \/><\/figure>\n<\/div>\n\n\n<p class=\"has-text-align-center\"><strong>Reserva les teves entrades amb antelaci\u00f3<\/strong> per assegurar-te que el dia que vulguis venir al Zoo, no et quedis sense!                                                Gaudeix d\u2019un ambient familiar, sabent que la teva visita <strong>ajuda<\/strong> a <strong>protegir<\/strong> els nostres <strong>animals<\/strong>.<\/p>\n\n\n\n<div class=\"wp-block-buttons is-content-justification-center is-layout-flex wp-container-core-buttons-is-layout-16018d1d wp-block-buttons-is-layout-flex\">\n<div class=\"wp-block-button\"><a class=\"wp-block-button__link wp-element-button\" href=\"https:\/\/fareharbor.com\/embeds\/book\/zoodelpirineu\/?full-items=yes&amp;flow=923009\" style=\"border-radius:0px\">COMPRAR ENTRADES<\/a><\/div>\n<\/div>\n\n\n\n<div style=\"height:65px\" aria-hidden=\"true\" class=\"wp-block-spacer\"><\/div>\n\n\n\n<div class=\"wp-block-cover has-parallax\"><div role=\"img\" aria-label=\"Visitar el zoo amb animals del nostre pa\u00eds\" class=\"wp-block-cover__image-background wp-image-5757 has-parallax\" style=\"background-position:50% 50%;background-image:url(https:\/\/visitar.zoodelpirineu.com\/wp-content\/uploads\/2024\/10\/Buitre-leonado.jpg)\"><\/div><span aria-hidden=\"true\" class=\"wp-block-cover__background has-contrast-background-color has-background-dim\"><\/span><div class=\"wp-block-cover__inner-container is-layout-flow wp-block-cover-is-layout-flow\">\n<div class=\"wp-block-columns is-layout-flex wp-container-core-columns-is-layout-9d6595d7 wp-block-columns-is-layout-flex\">\n<div class=\"wp-block-column is-layout-flow wp-block-column-is-layout-flow\">\n<p class=\"has-text-align-center has-medium-font-size\">Visitar el Zoo del Pirineu \u00e9s una experi\u00e8ncia \u00fanica. No nom\u00e9s et divertir\u00e0s, <br>sin\u00f3 que aprendr\u00e0s curiositats fascinants sobre la fauna salvatge del nostre pa\u00eds.<\/p>\n\n\n\n<p class=\"has-text-align-center has-medium-font-size\">I el millor? Les teves entrades ajuden a cuidar i protegir els animals.<br>T&#8217;hi esperem!<\/p>\n\n\n\n<div class=\"wp-block-buttons is-content-justification-center is-layout-flex wp-container-core-buttons-is-layout-16018d1d wp-block-buttons-is-layout-flex\">\n<div class=\"wp-block-button\"><a class=\"wp-block-button__link wp-element-button\" href=\"https:\/\/fareharbor.com\/embeds\/book\/zoodelpirineu\/?full-items=yes&amp;flow=923009\" style=\"border-radius:0px\">COMPRAR ENTRADES<\/a><\/div>\n<\/div>\n<\/div>\n<\/div>\n<\/div><\/div>\n","protected":false},"excerpt":{"rendered":"<p>Per qu\u00e8 visitar el Zoo del Pirineu? Trobades emocionants amb animals salvatges del nostre pa\u00eds. Tracte personal i professional en un ambient natural preci\u00f3s. Bones tarifes i possibilitat de canvis gratu\u00efts. L&#8217;import de les teves entrades anir\u00e0 \u00edntegrament destinat al rescat d&#8217;animals i la seva alliberaci\u00f3. Activitats educatives i din\u00e0miques per totes les edats FAM\u00cdLIES &#8230; <a title=\"Visitar el Zoo del Pirineu\" class=\"read-more\" href=\"https:\/\/visitar.zoodelpirineu.com\/ca\/\" aria-label=\"M\u00e9s informaci\u00f3 sobre Visitar el Zoo del Pirineu\">Read more<\/a><\/p>\n","protected":false},"author":1,"featured_media":3531,"parent":0,"menu_order":0,"comment_status":"closed","ping_status":"closed","template":"","meta":{"_monsterinsights_skip_tracking":false,"_monsterinsights_sitenote_active":false,"_monsterinsights_sitenote_note":"","_monsterinsights_sitenote_category":0,"footnotes":""},"class_list":{"0":"post-167","1":"page","2":"type-page","3":"status-publish","4":"has-post-thumbnail","6":"infinite-scroll-item"},"aioseo_notices":[],"_links":{"self":[{"href":"https:\/\/visitar.zoodelpirineu.com\/ca\/wp-json\/wp\/v2\/pages\/167","targetHints":{"allow":["GET"]}}],"collection":[{"href":"https:\/\/visitar.zoodelpirineu.com\/ca\/wp-json\/wp\/v2\/pages"}],"about":[{"href":"https:\/\/visitar.zoodelpirineu.com\/ca\/wp-json\/wp\/v2\/types\/page"}],"author":[{"embeddable":true,"href":"https:\/\/visitar.zoodelpirineu.com\/ca\/wp-json\/wp\/v2\/users\/1"}],"replies":[{"embeddable":true,"href":"https:\/\/visitar.zoodelpirineu.com\/ca\/wp-json\/wp\/v2\/comments?post=167"}],"version-history":[{"count":94,"href":"https:\/\/visitar.zoodelpirineu.com\/ca\/wp-json\/wp\/v2\/pages\/167\/revisions"}],"predecessor-version":[{"id":6776,"href":"https:\/\/visitar.zoodelpirineu.com\/ca\/wp-json\/wp\/v2\/pages\/167\/revisions\/6776"}],"wp:featuredmedia":[{"embeddable":true,"href":"https:\/\/visitar.zoodelpirineu.com\/ca\/wp-json\/wp\/v2\/media\/3531"}],"wp:attachment":[{"href":"https:\/\/visitar.zoodelpirineu.com\/ca\/wp-json\/wp\/v2\/media?parent=167"}],"curies":[{"name":"wp","href":"https:\/\/api.w.org\/{rel}","templated":true}]}}