{"id":19,"date":"2021-11-24T04:46:46","date_gmt":"2021-11-24T03:46:46","guid":{"rendered":"https:\/\/visitar.zoodelpirineu.com\/?page_id=19"},"modified":"2026-02-21T05:35:50","modified_gmt":"2026-02-21T04:35:50","slug":"curs-de-falconeria","status":"publish","type":"page","link":"https:\/\/visitar.zoodelpirineu.com\/ca\/activitats-amb-animals\/curs-de-falconeria\/","title":{"rendered":"Curs de falconeria"},"content":{"rendered":"\n<div style=\"height:25px\" aria-hidden=\"true\" class=\"wp-block-spacer\"><\/div>\n\n\n\n<div class=\"wp-block-media-text alignwide is-stacked-on-mobile has-background\" style=\"background-color:#edf2fb\"><figure class=\"wp-block-media-text__media\"><img loading=\"lazy\" decoding=\"async\" width=\"800\" height=\"600\" src=\"https:\/\/visitar.zoodelpirineu.com\/wp-content\/uploads\/2021\/11\/Curs-de-falconeria-1.jpg\" alt=\"Curs de falconeria\" class=\"wp-image-95 size-full\" srcset=\"https:\/\/visitar.zoodelpirineu.com\/wp-content\/uploads\/2021\/11\/Curs-de-falconeria-1.jpg 800w, https:\/\/visitar.zoodelpirineu.com\/wp-content\/uploads\/2021\/11\/Curs-de-falconeria-1-300x225.jpg 300w, https:\/\/visitar.zoodelpirineu.com\/wp-content\/uploads\/2021\/11\/Curs-de-falconeria-1-768x576.jpg 768w\" sizes=\"auto, (max-width: 800px) 100vw, 800px\" \/><\/figure><div class=\"wp-block-media-text__content\">\n<div style=\"height:10px\" aria-hidden=\"true\" class=\"wp-block-spacer\"><\/div>\n\n\n\n<p>El curs de falconeria \u00e9s\u00a0un regal perfecte\u00a0per les persones que volen viure una\u00a0<strong>experi\u00e8ncia nova, aut\u00e8ntica i inoblidable<\/strong>.<\/p>\n\n\n\n<p><strong>Tot un dia en plena natura amb aus rapinyaires.<\/strong> Tu ser\u00e0s el protagonista.<\/p>\n\n\n\n<p>Al curs de falconeria <strong>participen<\/strong> un m\u00e0xim de 5 persones. Tamb\u00e9 et poden <strong>acompanyar <\/strong>persones que no participin directament al curs. <\/p>\n\n\n\n<p>I no t&#8217;oblidis, sempre tens la possibilitat de triar l&#8217;opci\u00f3 del <a href=\"https:\/\/visitar.zoodelpirineu.com\/ca\/curs-falconeria-grup-privat\/\" target=\"_blank\" rel=\"noopener\" title=\"\"><strong>grup privat<\/strong>.<\/a> D&#8217;aquesta manera tindr\u00e0s una atenci\u00f3 al 100% personalitzada per tu i pels teus estimats.<\/p>\n\n\n\n<div class=\"wp-block-buttons is-content-justification-left is-layout-flex wp-container-core-buttons-is-layout-76ea2f42 wp-block-buttons-is-layout-flex\">\n<div class=\"wp-block-button\"><a class=\"wp-block-button__link wp-element-button\" href=\"https:\/\/visitar.zoodelpirineu.com\/ca\/curs-falconeria-grup-privat\/\" style=\"border-top-left-radius:0px;border-top-right-radius:0px;border-bottom-left-radius:0px;border-bottom-right-radius:0px\" target=\"_blank\" rel=\"noreferrer noopener\">M\u00e9s informaci\u00f3 sobre el Curs de falconeria per Grups Privats<\/a><\/div>\n<\/div>\n<\/div><\/div>\n\n\n\n<div style=\"height:60px\" aria-hidden=\"true\" id=\"compartit\" class=\"wp-block-spacer\"><\/div>\n\n\n\n<h2 class=\"wp-block-heading\" id=\"horari-curs-falconeria\">Horari del curs de falconeria<\/h2>\n\n\n\n<p>El curs de falconeria comen\u00e7a a les 10:00 i finalitza a les 17:00.<\/p>\n\n\n\n<ul class=\"wp-block-list\">\n<li>10:00-11:00\n<ul class=\"wp-block-list\">\n<li>Benvinguda i presentaci\u00f3<\/li>\n\n\n\n<li>Primer contacte amb les aus<\/li>\n<\/ul>\n<\/li>\n\n\n\n<li>11:00-12:00 Exhibici\u00f3 de vol d&#8217;aus rapinyaires<\/li>\n\n\n\n<li>12:00-14:00 Mussols<\/li>\n\n\n\n<li>14:00-15:00 Pausa per dinar (El dinar no est\u00e0 incl\u00f2s al preu del curs, recomanem que portis menjar de casa.)<\/li>\n\n\n\n<li>15:00-17:00 Falcons i \u00e0ligues<\/li>\n\n\n\n<li>17:00 Final del curs de falconeria<\/li>\n<\/ul>\n\n\n\n<p>Com a record del dia que has passat amb nosaltres pots demanar que t&#8217;enviem per email un <strong>diploma acreditatiu<\/strong> sobre la teva superaci\u00f3 exitosa del curs de falconeria. <\/p>\n\n\n\n<div class=\"wp-block-buttons is-layout-flex wp-block-buttons-is-layout-flex\">\n<div class=\"wp-block-button\"><a class=\"wp-block-button__link wp-element-button\" href=\"https:\/\/fareharbor.com\/embeds\/book\/zoodelpirineu\/items\/448603\/?full-items=yes&amp;flow=923011\" style=\"border-top-left-radius:0px;border-top-right-radius:0px;border-bottom-left-radius:0px;border-bottom-right-radius:0px\">RESERVAR LA MEVA PLA\u00c7A EN CURS DE FALCONERIA<\/a><\/div>\n<\/div>\n\n\n\n<div style=\"height:60px\" aria-hidden=\"true\" class=\"wp-block-spacer\"><\/div>\n\n\n\n<h2 class=\"wp-block-heading\" id=\"planificacio-del-curs-de-falconeria\">Contingut del curs de falconeria<\/h2>\n\n\n\n<div class=\"wp-block-columns is-layout-flex wp-container-core-columns-is-layout-9d6595d7 wp-block-columns-is-layout-flex\">\n<div class=\"wp-block-column is-layout-flow wp-block-column-is-layout-flow\">\n<div class=\"wp-block-cover\"><img loading=\"lazy\" decoding=\"async\" width=\"800\" height=\"600\" class=\"wp-block-cover__image-background wp-image-4332\" alt=\"Introduci\u00f3 curs de falconer\u00eda\" src=\"https:\/\/visitar.zoodelpirineu.com\/wp-content\/uploads\/2023\/03\/Introduccio-Curs-de-falconeria.jpg\" data-object-fit=\"cover\" srcset=\"https:\/\/visitar.zoodelpirineu.com\/wp-content\/uploads\/2023\/03\/Introduccio-Curs-de-falconeria.jpg 800w, https:\/\/visitar.zoodelpirineu.com\/wp-content\/uploads\/2023\/03\/Introduccio-Curs-de-falconeria-300x225.jpg 300w, https:\/\/visitar.zoodelpirineu.com\/wp-content\/uploads\/2023\/03\/Introduccio-Curs-de-falconeria-768x576.jpg 768w\" sizes=\"auto, (max-width: 800px) 100vw, 800px\" \/><span aria-hidden=\"true\" class=\"wp-block-cover__background has-background-dim\"><\/span><div class=\"wp-block-cover__inner-container is-layout-flow wp-block-cover-is-layout-flow\">\n<h3 class=\"wp-block-heading\" id=\"benvinguda-i-presentacio\">Benvinguda i introducci\u00f3<\/h3>\n\n\n\n<p>10:00h &#8211; 11:00h<\/p>\n\n\n\n<p><strong>Les aus rapinyaires no s\u00f3n mascotes<\/strong>. Portar\u00e0s a la m\u00e0 ocells petits i mitjans i practicar\u00e0s el fet de transmetre\u2019ls la&nbsp;<strong>sensaci\u00f3 de seguretat i de confian\u00e7a<\/strong>. Aprendr\u00e0s a donar-los de menjar de la m\u00e0.<\/p>\n\n\n\n<p><em>Per un desenvolupament <em>bo i segur<\/em><\/em> <em>de l\u2019activitat rebr\u00e0s els<strong>&nbsp;utensilis d\u2019un falconer professional<\/strong>.<\/em><\/p>\n<\/div><\/div>\n<\/div>\n\n\n\n<div class=\"wp-block-column is-layout-flow wp-block-column-is-layout-flow\">\n<div class=\"wp-block-cover\"><img loading=\"lazy\" decoding=\"async\" width=\"1920\" height=\"600\" class=\"wp-block-cover__image-background wp-image-96\" alt=\"Aus rapinyaires nocturnes\" src=\"https:\/\/visitar.zoodelpirineu.com\/wp-content\/uploads\/2021\/11\/Exhibicio-de-vol.jpg\" data-object-fit=\"cover\" srcset=\"https:\/\/visitar.zoodelpirineu.com\/wp-content\/uploads\/2021\/11\/Exhibicio-de-vol.jpg 1920w, https:\/\/visitar.zoodelpirineu.com\/wp-content\/uploads\/2021\/11\/Exhibicio-de-vol-300x94.jpg 300w, https:\/\/visitar.zoodelpirineu.com\/wp-content\/uploads\/2021\/11\/Exhibicio-de-vol-1024x320.jpg 1024w, https:\/\/visitar.zoodelpirineu.com\/wp-content\/uploads\/2021\/11\/Exhibicio-de-vol-768x240.jpg 768w, https:\/\/visitar.zoodelpirineu.com\/wp-content\/uploads\/2021\/11\/Exhibicio-de-vol-1536x480.jpg 1536w\" sizes=\"auto, (max-width: 1920px) 100vw, 1920px\" \/><span aria-hidden=\"true\" class=\"wp-block-cover__background has-background-dim\"><\/span><div class=\"wp-block-cover__inner-container is-layout-flow wp-block-cover-is-layout-flow\">\n<h3 class=\"wp-block-heading has-base-3-color has-text-color\">Exhibici\u00f3 de vol<\/h3>\n\n\n\n<p>11:00h &#8211; 12:00h<\/p>\n\n\n\n<p>Abans de comen\u00e7ar a volar els ocells tu mateix assistir\u00e0s a l&#8217;exhibici\u00f3 de vol del Zoo del Pirineu. D&#8217;aquesta manera podr\u00e0s apreciar en directe <strong>el vincle que es forma entre una persona i l&#8217;au rapinyaire<\/strong>.<\/p>\n\n\n\n<p><em>A l&#8217;exhibici\u00f3 de vol assisteixen activament tant els participants com els acompanyants del curs, com tamb\u00e9 els altres visitants del parc.<\/em><\/p>\n<\/div><\/div>\n<\/div>\n<\/div>\n\n\n\n<div class=\"wp-block-columns is-layout-flex wp-container-core-columns-is-layout-9d6595d7 wp-block-columns-is-layout-flex\">\n<div class=\"wp-block-column is-layout-flow wp-block-column-is-layout-flow\">\n<div class=\"wp-block-cover is-light\"><img loading=\"lazy\" decoding=\"async\" width=\"800\" height=\"600\" class=\"wp-block-cover__image-background wp-image-376\" alt=\"Experi\u00e8ncia mussols\" src=\"https:\/\/visitar.zoodelpirineu.com\/wp-content\/uploads\/2021\/11\/Experiencia-mussols.jpg\" data-object-fit=\"cover\" srcset=\"https:\/\/visitar.zoodelpirineu.com\/wp-content\/uploads\/2021\/11\/Experiencia-mussols.jpg 800w, https:\/\/visitar.zoodelpirineu.com\/wp-content\/uploads\/2021\/11\/Experiencia-mussols-300x225.jpg 300w, https:\/\/visitar.zoodelpirineu.com\/wp-content\/uploads\/2021\/11\/Experiencia-mussols-768x576.jpg 768w\" sizes=\"auto, (max-width: 800px) 100vw, 800px\" \/><span aria-hidden=\"true\" class=\"wp-block-cover__background has-background-dim\"><\/span><div class=\"wp-block-cover__inner-container is-layout-flow wp-block-cover-is-layout-flow\">\n<h3 class=\"wp-block-heading has-base-3-color has-text-color\" id=\"benvinguda-i-presentacio\">Mussols<\/h3>\n\n\n\n<p class=\"has-base-3-color has-text-color\">12:00h &#8211; 14:00h<\/p>\n\n\n\n<p class=\"has-base-3-color has-text-color\">Veure com&nbsp;<strong>una au rapinyaire vola cap a tu i aterra suaument sobre el teu guant<\/strong>&nbsp;\u00e9s sens dubte una sensaci\u00f3 inoblidable. Adquirir\u00e0s pr\u00e0ctica amb mussols de mida petita d&#8217;una forma entretinguda i segura. A m\u00e9s,<strong> guanyar\u00e0s confian\u00e7a en tu mateix<\/strong>. <\/p>\n\n\n\n<p class=\"has-base-3-color has-text-color\">Despr\u00e9s arriba el moment de posar a prova la teva valentia. Entrar\u00e0s en contacte amb els ducs, els<strong> mussols m\u00e9s grans del m\u00f3n<\/strong>. Els alimentar\u00e0s, els portar\u00e0s a la m\u00e0 i fins i tot els podr\u00e0s fer volar. <\/p>\n<\/div><\/div>\n<\/div>\n\n\n\n<div class=\"wp-block-column is-layout-flow wp-block-column-is-layout-flow\">\n<div class=\"wp-block-cover\"><img loading=\"lazy\" decoding=\"async\" width=\"1920\" height=\"600\" class=\"wp-block-cover__image-background wp-image-97\" alt=\"Zoo del Pirineu a Catalunya\" src=\"https:\/\/visitar.zoodelpirineu.com\/wp-content\/uploads\/2021\/11\/Zoo-del-Pirineu.jpg\" data-object-fit=\"cover\" srcset=\"https:\/\/visitar.zoodelpirineu.com\/wp-content\/uploads\/2021\/11\/Zoo-del-Pirineu.jpg 1920w, https:\/\/visitar.zoodelpirineu.com\/wp-content\/uploads\/2021\/11\/Zoo-del-Pirineu-300x94.jpg 300w, https:\/\/visitar.zoodelpirineu.com\/wp-content\/uploads\/2021\/11\/Zoo-del-Pirineu-1024x320.jpg 1024w, https:\/\/visitar.zoodelpirineu.com\/wp-content\/uploads\/2021\/11\/Zoo-del-Pirineu-768x240.jpg 768w, https:\/\/visitar.zoodelpirineu.com\/wp-content\/uploads\/2021\/11\/Zoo-del-Pirineu-1536x480.jpg 1536w\" sizes=\"auto, (max-width: 1920px) 100vw, 1920px\" \/><span aria-hidden=\"true\" class=\"wp-block-cover__background has-background-dim\"><\/span><div class=\"wp-block-cover__inner-container is-layout-flow wp-block-cover-is-layout-flow\">\n<h3 class=\"wp-block-heading\">Dinar<\/h3>\n\n\n\n<p>14:00h &#8211; 15:00h<\/p>\n\n\n\n<p>El menjar no est\u00e0 incl\u00f2s al preu del curs. El Zoo del Pirineu no disposa de restaurant, nom\u00e9s de bar amb begudes i&nbsp;<strong>una zona de p\u00edcnic<\/strong>. Et recomanem portar-te el dinar de casa. <\/p>\n<\/div><\/div>\n<\/div>\n<\/div>\n\n\n\n<div class=\"wp-block-columns is-layout-flex wp-container-core-columns-is-layout-9d6595d7 wp-block-columns-is-layout-flex\">\n<div class=\"wp-block-column is-layout-flow wp-block-column-is-layout-flow\">\n<div class=\"wp-block-cover is-light\"><img loading=\"lazy\" decoding=\"async\" width=\"1920\" height=\"600\" class=\"wp-block-cover__image-background wp-image-94\" alt=\"\" src=\"https:\/\/visitar.zoodelpirineu.com\/wp-content\/uploads\/2021\/11\/Falconeria-amb-falco-pelegri.jpg\" data-object-fit=\"cover\" srcset=\"https:\/\/visitar.zoodelpirineu.com\/wp-content\/uploads\/2021\/11\/Falconeria-amb-falco-pelegri.jpg 1920w, https:\/\/visitar.zoodelpirineu.com\/wp-content\/uploads\/2021\/11\/Falconeria-amb-falco-pelegri-300x94.jpg 300w, https:\/\/visitar.zoodelpirineu.com\/wp-content\/uploads\/2021\/11\/Falconeria-amb-falco-pelegri-1024x320.jpg 1024w, https:\/\/visitar.zoodelpirineu.com\/wp-content\/uploads\/2021\/11\/Falconeria-amb-falco-pelegri-768x240.jpg 768w, https:\/\/visitar.zoodelpirineu.com\/wp-content\/uploads\/2021\/11\/Falconeria-amb-falco-pelegri-1536x480.jpg 1536w\" sizes=\"auto, (max-width: 1920px) 100vw, 1920px\" \/><span aria-hidden=\"true\" class=\"wp-block-cover__background has-background-dim\"><\/span><div class=\"wp-block-cover__inner-container is-layout-flow wp-block-cover-is-layout-flow\">\n<h3 class=\"wp-block-heading has-base-3-color has-text-color\" id=\"benvinguda-i-presentacio\">Falcons<\/h3>\n\n\n\n<p class=\"has-base-3-color has-text-color\">15:00h &#8211; 16:30h<\/p>\n\n\n\n<p class=\"has-base-3-color has-text-color\">Els falcons s\u00f3n els <strong>animals m\u00e9s r\u00e0pids del planeta<\/strong>. \u00d2bviament \u00e9s diferent tractar amb un mussol que amb un falc\u00f3. <\/p>\n\n\n\n<p class=\"has-base-3-color has-text-color\">Rebr\u00e0s una breu explicaci\u00f3 sobre com entendre&#8217;ls i aprendr\u00e0s a treballar amb ells. T&#8217;explicarem per qu\u00e8 se&#8217;ls tapen els ulls amb una caputxa i qu\u00e8 \u00e9s un esquer. <strong>Al final tu mateix volar\u00e0s al falc\u00f3 i li donar\u00e0s menjar.<\/strong><\/p>\n<\/div><\/div>\n<\/div>\n\n\n\n<div class=\"wp-block-column is-layout-flow wp-block-column-is-layout-flow\">\n<div class=\"wp-block-cover\"><img loading=\"lazy\" decoding=\"async\" width=\"800\" height=\"600\" class=\"wp-block-cover__image-background wp-image-726\" alt=\"\" src=\"https:\/\/visitar.zoodelpirineu.com\/wp-content\/uploads\/2021\/11\/Aguila-daurada-1.jpg\" style=\"object-position:27% 82%\" data-object-fit=\"cover\" data-object-position=\"27% 82%\" srcset=\"https:\/\/visitar.zoodelpirineu.com\/wp-content\/uploads\/2021\/11\/Aguila-daurada-1.jpg 800w, https:\/\/visitar.zoodelpirineu.com\/wp-content\/uploads\/2021\/11\/Aguila-daurada-1-300x225.jpg 300w, https:\/\/visitar.zoodelpirineu.com\/wp-content\/uploads\/2021\/11\/Aguila-daurada-1-768x576.jpg 768w\" sizes=\"auto, (max-width: 800px) 100vw, 800px\" \/><span aria-hidden=\"true\" class=\"wp-block-cover__background has-background-dim\"><\/span><div class=\"wp-block-cover__inner-container is-layout-flow wp-block-cover-is-layout-flow\">\n<h3 class=\"wp-block-heading\">\u00c0guiles<\/h3>\n\n\n\n<p>16:30h &#8211; 17:00h<\/p>\n\n\n\n<p>Acabar\u00e0s el dia amb&nbsp;<strong>una sensaci\u00f3 insuperable<\/strong>. Donar de menjar de la m\u00e0 a una \u00e0guila daurada i als voltors.&nbsp;<\/p>\n<\/div><\/div>\n<\/div>\n<\/div>\n\n\n\n<div style=\"height:60px\" aria-hidden=\"true\" class=\"wp-block-spacer\"><\/div>\n\n\n\n<div class=\"wp-block-buttons is-content-justification-center is-layout-flex wp-container-core-buttons-is-layout-16018d1d wp-block-buttons-is-layout-flex\">\n<div class=\"wp-block-button\"><a class=\"wp-block-button__link has-medium-font-size has-text-align-center has-custom-font-size wp-element-button\" href=\"https:\/\/fareharbor.com\/embeds\/book\/zoodelpirineu\/items\/448603\/?full-items=yes&amp;flow=923011\" style=\"border-top-left-radius:0px;border-top-right-radius:0px;border-bottom-left-radius:0px;border-bottom-right-radius:0px\">TRI\u00cf EL DIA I RESERVA<\/a><\/div>\n<\/div>\n\n\n\n<div style=\"height:60px\" aria-hidden=\"true\" class=\"wp-block-spacer\"><\/div>\n\n\n\n<h2 class=\"wp-block-heading has-text-align-center\" id=\"preu-del-curs-de-falconeria\">Preu del curs de falconeria<\/h2>\n\n\n\n<div class=\"wp-block-columns has-base-background-color has-background is-layout-flex wp-container-core-columns-is-layout-9d6595d7 wp-block-columns-is-layout-flex\">\n<div class=\"wp-block-column is-layout-flow wp-block-column-is-layout-flow\" style=\"flex-basis:5%\"><\/div>\n\n\n\n<div class=\"wp-block-column has-base-3-background-color has-background is-layout-flow wp-block-column-is-layout-flow\">\n<div style=\"height:30px\" aria-hidden=\"true\" class=\"wp-block-spacer\"><\/div>\n\n\n\n<h3 class=\"wp-block-heading has-text-align-center\" id=\"Participant\">Participant<\/h3>\n\n\n\n<p class=\"has-text-align-center\">El participant \u00e9s la persona que participa activament al curs. \u00c9s a dir, \u00e9s la persona que estar\u00e0 en <strong>contacte directe amb els ocells<\/strong>.<\/p>\n\n\n\n<p class=\"has-text-align-center\"><strong>El preu per participant \u00e9s de 120\u20ac<\/strong>. <\/p>\n\n\n\n<p class=\"has-text-align-center\">Inclou el lloguer del material, l&#8217;asseguran\u00e7a, el diploma credencial i a m\u00e9s l&#8217;exhibici\u00f3 de vol d&#8217;aus rapinyaires. El dinar no est\u00e0 incl\u00f2s.<\/p>\n<\/div>\n\n\n\n<div class=\"wp-block-column has-base-3-background-color has-background is-layout-flow wp-block-column-is-layout-flow\">\n<div style=\"height:30px\" aria-hidden=\"true\" class=\"wp-block-spacer\"><\/div>\n\n\n\n<h3 class=\"wp-block-heading has-text-align-center\" id=\"Participant\">Acompanyant<\/h3>\n\n\n\n<p class=\"has-text-align-center\">L&#8217;acompanyant \u00e9s la persona que acompanya al participant. Pot fer fotos, gravacions, preguntes, per\u00f2 <strong>no estar\u00e0 en contacte directe amb les aus rapinyaires<\/strong>.<\/p>\n\n\n\n<p class=\"has-text-align-center\"><strong>El preu per acompanyant \u00e9s de 20\u20ac<\/strong>.<\/p>\n\n\n\n<p class=\"has-text-align-center\">Inclou l&#8217;exhibici\u00f3 de vol i l&#8217;assist\u00e8ncia al curs de falconeria.<\/p>\n\n\n\n<p class=\"has-text-align-center\">*Els menors de 5 anys no han de pagar entrada.<\/p>\n<\/div>\n\n\n\n<div class=\"wp-block-column has-base-3-background-color has-background is-layout-flow wp-block-column-is-layout-flow\">\n<div style=\"height:30px\" aria-hidden=\"true\" class=\"wp-block-spacer\"><\/div>\n\n\n\n<h3 class=\"wp-block-heading has-text-align-center\" id=\"Participant\">Grup privat<\/h3>\n\n\n\n<p class=\"has-text-align-center\">Al grup privat poden participar fins a 5 participants i 10 acompanyants pel mateix preu.<\/p>\n\n\n\n<p class=\"has-text-align-center\"><strong>El preu per un grup privat es de 360\u20ac.<\/strong> <\/p>\n\n\n\n<div style=\"height:40px\" aria-hidden=\"true\" class=\"wp-block-spacer\"><\/div>\n\n\n\n<div class=\"wp-block-buttons is-layout-flex wp-block-buttons-is-layout-flex\">\n<div class=\"wp-block-button has-custom-width wp-block-button__width-100\"><a class=\"wp-block-button__link wp-element-button\" href=\"https:\/\/visitar.zoodelpirineu.com\/ca\/curs-falconeria-grup-privat\/\" style=\"border-radius:0px\" target=\"_blank\" rel=\"noreferrer noopener\">M\u00e9s informaci\u00f3 sobre el grup privat<\/a><\/div>\n<\/div>\n<\/div>\n\n\n\n<div class=\"wp-block-column is-layout-flow wp-block-column-is-layout-flow\" style=\"flex-basis:5%\"><\/div>\n<\/div>\n\n\n\n<div style=\"height:60px\" aria-hidden=\"true\" class=\"wp-block-spacer\"><\/div>\n\n\n\n<h2 class=\"wp-block-heading has-text-align-center\" id=\"preu-del-curs-de-falconeria\">Disponible tamb\u00e9 com a val regal<\/h2>\n\n\n\n<div class=\"wp-block-buttons is-content-justification-center is-layout-flex wp-container-core-buttons-is-layout-16018d1d wp-block-buttons-is-layout-flex\">\n<div class=\"wp-block-button has-custom-width wp-block-button__width-25\"><a class=\"wp-block-button__link has-medium-font-size has-custom-font-size wp-element-button\" href=\"https:\/\/zoodelpirineu.com\/experiencias-para-regalar\/comprar-vales-regalos\/\" style=\"border-radius:0px\">Regalar curs de falconeria<\/a><\/div>\n<\/div>\n\n\n\n<div style=\"height:100px\" aria-hidden=\"true\" class=\"wp-block-spacer\"><\/div>\n\n\n\n<h2 class=\"wp-block-heading has-text-align-center\" id=\"Requisits\">Requisits per participar al curs de falconeria <\/h2>\n\n\n\n<div class=\"wp-block-columns has-base-background-color has-background is-layout-flex wp-container-core-columns-is-layout-9d6595d7 wp-block-columns-is-layout-flex\">\n<div class=\"wp-block-column is-layout-flow wp-block-column-is-layout-flow\" style=\"flex-basis:5%\"><\/div>\n\n\n\n<div class=\"wp-block-column has-base-3-background-color has-background is-layout-flow wp-block-column-is-layout-flow\">\n<div style=\"height:20px\" aria-hidden=\"true\" class=\"wp-block-spacer\"><\/div>\n\n\n\n<h3 class=\"wp-block-heading has-text-align-center\" id=\"reserva-previa\">Reserva online<\/h3>\n\n\n\n<p class=\"has-text-align-center\">\u00c9s imprescindible fer la <strong>reserva online pr\u00e8via<\/strong>.<\/p>\n\n\n\n<p class=\"has-text-align-center\">Si tens cap problema amb la reserva, <strong>truca\u2019ns<\/strong> a 610 75 02 24 i t\u2019ajudem encantats.<\/p>\n\n\n\n<div class=\"wp-block-buttons is-layout-flex wp-block-buttons-is-layout-flex\">\n<div class=\"wp-block-button has-custom-width wp-block-button__width-100\"><a class=\"wp-block-button__link wp-element-button\" href=\"https:\/\/fareharbor.com\/embeds\/book\/zoodelpirineu\/items\/448603\/?full-items=yes&amp;flow=923011\" style=\"border-radius:0px\">Reserva online<\/a><\/div>\n<\/div>\n<\/div>\n\n\n\n<div class=\"wp-block-column has-base-3-background-color has-background is-layout-flow wp-block-column-is-layout-flow\">\n<div style=\"height:20px\" aria-hidden=\"true\" class=\"wp-block-spacer\"><\/div>\n\n\n\n<h3 class=\"wp-block-heading has-text-align-center\" id=\"Participant\">Edat<\/h3>\n\n\n\n<p class=\"has-text-align-center\">L&#8217;edat m\u00ednima per participar al curs de falconeria \u00e9s de 12 anys.<\/p>\n\n\n\n<p class=\"has-text-align-center\">En el cas que vulguis participar al curs de falconeria amb nens\/es <strong>menors de 12 anys<\/strong> tria l&#8217;opci\u00f3 <a href=\"https:\/\/visitar.zoodelpirineu.com\/ca\/curs-falconeria-grup-privat\/\" title=\"Curs de falconeria en grup privat\">Curs de falconeria en grup privat<\/a><a href=\"https:\/\/visitar.zoodelpirineu.com\/ca\/curs-falconeria-grup-privat\/\" target=\"_blank\" rel=\"noopener\" title=\"\">.<\/a><\/p>\n<\/div>\n\n\n\n<div class=\"wp-block-column has-base-3-background-color has-background is-layout-flow wp-block-column-is-layout-flow\">\n<div style=\"height:20px\" aria-hidden=\"true\" class=\"wp-block-spacer\"><\/div>\n\n\n\n<h3 class=\"wp-block-heading has-text-align-center\" id=\"Nivell-Aprenentatge\">Nivell d&#8217;aprenentatge<\/h3>\n\n\n\n<p class=\"has-text-align-center\">El curs de falconeria est\u00e0 dissenyat per a <strong>persones principiants<\/strong> amb ganes d&#8217;aprendre sobre la natura salvatge.<\/p>\n\n\n\n<p class=\"has-text-align-center\">Si t&#8217;interessa aprofundir en un tema espec\u00edfic et recomanem <a href=\"https:\/\/visitar.zoodelpirineu.com\/ca\/curs-falconeria-grup-privat\/\" title=\"Curs de falconeria en grup privat\">Curs de falconeria en grup privat<\/a><a href=\"https:\/\/visitar.zoodelpirineu.com\/ca\/curs-falconeria-grup-privat\/\" target=\"_blank\" rel=\"noopener\" title=\"\">.<\/a><\/p>\n<\/div>\n\n\n\n<div class=\"wp-block-column is-layout-flow wp-block-column-is-layout-flow\" style=\"flex-basis:5%\"><\/div>\n<\/div>\n\n\n\n<div style=\"height:60px\" aria-hidden=\"true\" class=\"wp-block-spacer\"><\/div>\n\n\n\n<div class=\"wp-block-cover\" id=\"beneficis\"><img loading=\"lazy\" decoding=\"async\" width=\"1920\" height=\"600\" class=\"wp-block-cover__image-background wp-image-67\" alt=\"\" src=\"https:\/\/visitar.zoodelpirineu.com\/wp-content\/uploads\/2021\/11\/Aguila-daurada.jpg\" style=\"object-position:68% 40%\" data-object-fit=\"cover\" data-object-position=\"68% 40%\" srcset=\"https:\/\/visitar.zoodelpirineu.com\/wp-content\/uploads\/2021\/11\/Aguila-daurada.jpg 1920w, https:\/\/visitar.zoodelpirineu.com\/wp-content\/uploads\/2021\/11\/Aguila-daurada-300x94.jpg 300w, https:\/\/visitar.zoodelpirineu.com\/wp-content\/uploads\/2021\/11\/Aguila-daurada-1024x320.jpg 1024w, https:\/\/visitar.zoodelpirineu.com\/wp-content\/uploads\/2021\/11\/Aguila-daurada-768x240.jpg 768w, https:\/\/visitar.zoodelpirineu.com\/wp-content\/uploads\/2021\/11\/Aguila-daurada-1536x480.jpg 1536w\" sizes=\"auto, (max-width: 1920px) 100vw, 1920px\" \/><span aria-hidden=\"true\" class=\"wp-block-cover__background has-background-dim\"><\/span><div class=\"wp-block-cover__inner-container is-layout-flow wp-block-cover-is-layout-flow\">\n<h2 class=\"wp-block-heading has-base-3-color has-text-color\" id=\"beneficis\">Beneficis de participar al curs de falconeria<\/h2>\n\n\n\n<h3 class=\"wp-block-heading has-base-3-color has-text-color\">Beneficis pel participant<\/h3>\n\n\n\n<ul class=\"wp-block-list has-base-3-color has-text-color\">\n<li>T&#8217;emportar\u00e0s una experi\u00e8ncia inoblidable<\/li>\n\n\n\n<li>Aprendr\u00e0s sobre la fauna salvatge<\/li>\n<\/ul>\n\n\n\n<h3 class=\"wp-block-heading has-base-3-color has-text-color\">Beneficis pels animals<\/h3>\n\n\n\n<ul class=\"wp-block-list has-base-3-color has-text-color\">\n<li>Ajudar\u00e0s amb l&#8217;entrenament diari de les aus rapinyaires que viuen al nostre refugi i enriquir\u00e0s el seu dia a dia <\/li>\n\n\n\n<li>L&#8217;import \u00edntegre de la teva entrada va destinat a la compra d&#8217;aliments pels animals dels quals cuidem<\/li>\n<\/ul>\n<\/div><\/div>\n","protected":false},"excerpt":{"rendered":"<p>Horari del curs de falconeria El curs de falconeria comen\u00e7a a les 10:00 i finalitza a les 17:00. Com a record del dia que has passat amb nosaltres pots demanar que t&#8217;enviem per email un diploma acreditatiu sobre la teva superaci\u00f3 exitosa del curs de falconeria. Contingut del curs de falconeria Preu del curs de &#8230; <a title=\"Curs de falconeria\" class=\"read-more\" href=\"https:\/\/visitar.zoodelpirineu.com\/ca\/activitats-amb-animals\/curs-de-falconeria\/\" aria-label=\"M\u00e9s informaci\u00f3 sobre Curs de falconeria\">Read more<\/a><\/p>\n","protected":false},"author":1,"featured_media":95,"parent":2,"menu_order":0,"comment_status":"closed","ping_status":"closed","template":"","meta":{"_monsterinsights_skip_tracking":false,"_monsterinsights_sitenote_active":false,"_monsterinsights_sitenote_note":"","_monsterinsights_sitenote_category":0,"footnotes":""},"class_list":{"0":"post-19","1":"page","2":"type-page","3":"status-publish","4":"has-post-thumbnail","6":"infinite-scroll-item"},"aioseo_notices":[],"_links":{"self":[{"href":"https:\/\/visitar.zoodelpirineu.com\/ca\/wp-json\/wp\/v2\/pages\/19","targetHints":{"allow":["GET"]}}],"collection":[{"href":"https:\/\/visitar.zoodelpirineu.com\/ca\/wp-json\/wp\/v2\/pages"}],"about":[{"href":"https:\/\/visitar.zoodelpirineu.com\/ca\/wp-json\/wp\/v2\/types\/page"}],"author":[{"embeddable":true,"href":"https:\/\/visitar.zoodelpirineu.com\/ca\/wp-json\/wp\/v2\/users\/1"}],"replies":[{"embeddable":true,"href":"https:\/\/visitar.zoodelpirineu.com\/ca\/wp-json\/wp\/v2\/comments?post=19"}],"version-history":[{"count":102,"href":"https:\/\/visitar.zoodelpirineu.com\/ca\/wp-json\/wp\/v2\/pages\/19\/revisions"}],"predecessor-version":[{"id":6649,"href":"https:\/\/visitar.zoodelpirineu.com\/ca\/wp-json\/wp\/v2\/pages\/19\/revisions\/6649"}],"up":[{"embeddable":true,"href":"https:\/\/visitar.zoodelpirineu.com\/ca\/wp-json\/wp\/v2\/pages\/2"}],"wp:featuredmedia":[{"embeddable":true,"href":"https:\/\/visitar.zoodelpirineu.com\/ca\/wp-json\/wp\/v2\/media\/95"}],"wp:attachment":[{"href":"https:\/\/visitar.zoodelpirineu.com\/ca\/wp-json\/wp\/v2\/media?parent=19"}],"curies":[{"name":"wp","href":"https:\/\/api.w.org\/{rel}","templated":true}]}}