{"id":2223,"date":"2022-04-19T11:53:31","date_gmt":"2022-04-19T10:53:31","guid":{"rendered":"https:\/\/visitar.zoodelpirineu.com\/?page_id=2223"},"modified":"2025-02-25T12:37:07","modified_gmt":"2025-02-25T11:37:07","slug":"supercapdesetmana-del-sx3","status":"publish","type":"page","link":"https:\/\/visitar.zoodelpirineu.com\/ca\/descomptes\/supercapdesetmana-del-sx3\/","title":{"rendered":"SX3 &#8211; Supercapdesetmana del SX3"},"content":{"rendered":"<div class=\"aioseo-breadcrumbs\"><span class=\"aioseo-breadcrumb\">\n\t<a href=\"https:\/\/visitar.zoodelpirineu.com\/ca\/\" title=\"Home\">Home<\/a>\n<\/span><span class=\"aioseo-breadcrumb-separator\">&raquo;<\/span><span class=\"aioseo-breadcrumb\">\n\t<a href=\"https:\/\/visitar.zoodelpirineu.com\/ca\/descomptes\/\" title=\"Descomptes\">Descomptes<\/a>\n<\/span><span class=\"aioseo-breadcrumb-separator\">&raquo;<\/span><span class=\"aioseo-breadcrumb\">\n\tSX3 \u2013 Supercapdesetmana del SX3\n<\/span><\/div>\n\n\n<div style=\"height:50px\" aria-hidden=\"true\" class=\"wp-block-spacer\"><\/div>\n\n\n\n<div class=\"wp-block-media-text alignwide is-stacked-on-mobile has-background\" style=\"background-color:#edf2fb\"><figure class=\"wp-block-media-text__media\"><img loading=\"lazy\" decoding=\"async\" width=\"800\" height=\"600\" src=\"https:\/\/visitar.zoodelpirineu.com\/wp-content\/uploads\/2022\/10\/Super-3-nou-logo.jpg\" alt=\"\" class=\"wp-image-2869 size-full\" srcset=\"https:\/\/visitar.zoodelpirineu.com\/wp-content\/uploads\/2022\/10\/Super-3-nou-logo.jpg 800w, https:\/\/visitar.zoodelpirineu.com\/wp-content\/uploads\/2022\/10\/Super-3-nou-logo-300x225.jpg 300w, https:\/\/visitar.zoodelpirineu.com\/wp-content\/uploads\/2022\/10\/Super-3-nou-logo-768x576.jpg 768w\" sizes=\"auto, (max-width: 800px) 100vw, 800px\" \/><\/figure><div class=\"wp-block-media-text__content\">\n<div style=\"height:10px\" aria-hidden=\"true\" class=\"wp-block-spacer\"><\/div>\n\n\n\n<div style=\"height:10px\" aria-hidden=\"true\" class=\"wp-block-spacer\"><\/div>\n\n\n\n<h2 class=\"wp-block-heading\">SX3 &#8211; Supercapdesetmana del 3 i 4 de maig<\/h2>\n\n\n\n<p class=\"has-medium-font-size\">Has trobat l&#8217;oferta del SX3 per passar un Supercapdesetmana al Zoo del Pirineu?<\/p>\n\n\n\n<p class=\"has-medium-font-size\">Ja queda poc pel 3 i 4 de maig!<\/p>\n\n\n\n<p class=\"has-medium-font-size\">Vine a gaudir d&#8217;aquest supercapdesetmana especial! Tens tot un cap de setmana per visitar-nos i con\u00e8ixer tots els animals que viuen al nostre parc. T&#8217;estem esperant!<\/p>\n\n\n\n<p class=\"has-medium-font-size\">Fins aviat! <\/p>\n<\/div><\/div>\n\n\n\n<div style=\"height:50px\" aria-hidden=\"true\" class=\"wp-block-spacer\"><\/div>\n\n\n\n<h2 class=\"wp-block-heading\">Qui som?<\/h2>\n\n\n\n<p>El Zoo del Pirineu \u00e9s un refugi d&#8217;animals salvatges. Ens trobem a Catalunya, a prop de les pistes d&#8217;esqu\u00ed del Port del Comte. Pots con\u00e8ixer-nos millor a la p\u00e0gina <a href=\"https:\/\/donaciones.zoodelpirineu.com\/ca\/refugi-animals-catalunya\/\" target=\"_blank\" rel=\"noreferrer noopener\" title=\"\">Zoo del Pirineu<\/a>.<\/p>\n\n\n\n<div style=\"height:50px\" aria-hidden=\"true\" class=\"wp-block-spacer\"><\/div>\n\n\n\n<h2 class=\"wp-block-heading\">Qu\u00e8 inclou l&#8217;entrada del Supercapdesetmana del SX3?<\/h2>\n\n\n\n<ul class=\"wp-block-list\">\n<li>Entrada a la <a href=\"https:\/\/visitar.zoodelpirineu.com\/ca\/activitats-amb-animals\/visita-guiada\/\" target=\"_blank\" rel=\"noopener\" title=\"\">visita guiada<\/a> i participaci\u00f3 en l&#8217;<a href=\"https:\/\/visitar.zoodelpirineu.com\/ca\/activitats-amb-animals\/exhibicio-aus-rapinyaires\/\" target=\"_blank\" rel=\"noopener\" title=\"Exhibici\u00f3 de vol de les aus rapinyaires\">exhibici\u00f3 de vol d&#8217;aus rapinyaires<\/a> per a tu.<\/li>\n\n\n\n<li>Tens el dissabte 3 o el diumenge 4 per aprofitar aquesta oferta. No t&#8217;ho perdis, t&#8217;encantar\u00e0!<\/li>\n<\/ul>\n\n\n\n<div style=\"height:50px\" aria-hidden=\"true\" class=\"wp-block-spacer\"><\/div>\n\n\n\n<h2 class=\"wp-block-heading\">Com pots aconseguir la teva entrada gratu\u00efta?<\/h2>\n\n\n\n<p>Demana als teus pares que <a href=\"https:\/\/fareharbor.com\/embeds\/book\/zoodelpirineu\/?full-items=yes\" target=\"_blank\" rel=\"noopener\" title=\"comprin les entrades a la nostra web\">comprin les entrades a la nostra web<\/a>.<\/p>\n\n\n\n<p>Si tens problemes amb la compra d&#8217;entrades en l\u00ednia, <a href=\"https:\/\/visitar.zoodelpirineu.com\/contacte\/\" target=\"_blank\" rel=\"noreferrer noopener\" title=\"contacta'ns\">contacta&#8217;ns<\/a>. T&#8217;ajudarem encantats!<\/p>\n\n\n\n<h3 class=\"wp-block-heading\">Com comprar les entrades pel Supercapdesetmana del SX3?<\/h3>\n\n\n\n<p>Les dues activitats que s&#8217;inclouen s\u00f3n la Visita guiada i l&#8217;Exhibici\u00f3 de vol. Per comprar les entrades amb la invitaci\u00f3 digues als teus pares que han de seguir els passos seg\u00fcents:<\/p>\n\n\n\n<ol class=\"wp-block-list\">\n<li>Buscar el bot\u00f3 on posi \u00abComprar Entrades\u00bb o \u00abReserva Ara\u00bb.<\/li>\n\n\n\n<li>Entrar a les \u00abActivitats Est\u00e0ndard\u00bb.<\/li>\n\n\n\n<li>Escollir la Visita guiada i\/o l&#8217;Exhibici\u00f3 de vol.<\/li>\n\n\n\n<li>Quan posin els participants de l&#8217;activitat han de posar els adults que t&#8217;acompanyaran. Llavors, pels membres del SX3, en comptes de posar entrada per nens han d&#8217;agafar la teva entrada com a <strong>entrada per SX3<\/strong>, que s\u00f3n les entrades gratu\u00eftes exclusives pels membres del SX3 (un m\u00e0xim de 4 places SX3 per fam\u00edlia). Finalment, si s&#8217;escau, afegir els nens que falten o altres participants (nadons, s\u00e8niors&#8230;).<\/li>\n\n\n\n<li>D&#8217;aquesta manera tota la fam\u00edlia t\u00e9 les seves places guardades i tu haur\u00e0s bescanviat les activitats que venen amb la invitaci\u00f3 SX3 a preu 0\u20ac.<\/li>\n\n\n\n<li>El dia de la vostra visita ensenyar\u00e0s la confirmaci\u00f3 de compra, el teu carnet SX3 i la invitaci\u00f3 del SX3 a la taquilla del zoo.<\/li>\n<\/ol>\n\n\n\n<p>Si els teus pares tenen alguna pregunta, simplement <a href=\"https:\/\/visitar.zoodelpirineu.com\/ca\/contacte\/\" target=\"_blank\" rel=\"noopener\" title=\"Contacte\">contacteu-nos<\/a> i us ajudarem!<\/p>\n\n\n\n<p class=\"has-text-align-left\">Per cert: <strong>tamb\u00e9 pots participar en <a href=\"https:\/\/visitar.zoodelpirineu.com\/activitats-amb-animals\/\" target=\"_blank\" rel=\"noreferrer noopener\" title=\"Activitats amb animals\">altres activitats<\/a><\/strong> del Zoo del Pirineu que no estan incloses en la invitaci\u00f3. En aquest cas, per\u00f2, haureu de pagar el preu regular. Quan els pares comprin les entrades poden afegir altres activitats i en comptes de les entrades gratu\u00eftes posar \u00abEntrades nens\u00bb i despr\u00e9s comprar les activitats complement\u00e0ries que vulguis.<\/p>\n\n\n\n<div style=\"height:50px\" aria-hidden=\"true\" class=\"wp-block-spacer\"><\/div>\n\n\n\n<h2 class=\"wp-block-heading\">Condicions <\/h2>\n\n\n\n<ul class=\"wp-block-list\">\n<li>S&#8217;admeten un m\u00e0xim de 4 participants del SX3 per la compra d&#8217;una entrada d&#8217;adult, obligat\u00f2riament amb vincle familiar entre ells.<\/li>\n\n\n\n<li>Tens nom\u00e9s els dies indicats per aprofitar les entrades gratu\u00eftes.<\/li>\n\n\n\n<li>Per fer servir l&#8217;oferta del Carnet SX3, haur\u00e0s d&#8217;anar <strong>acompanyat d&#8217;un adult<\/strong> que faci la mateixa activitat que tu.<\/li>\n\n\n\n<li>A la taquilla del zoo haur\u00e0s d&#8217;ensenyar el <strong>carnet del SX3<\/strong> i la confirmaci\u00f3 de la reserva.<\/li>\n\n\n\n<li>L&#8217;oferta <strong>no \u00e9s acumulable amb altres promocions<\/strong>. Per tant els teus pares hauran de triar quin descompte els sortir\u00e0 m\u00e9s a compte. Per exemple: si entreu gratu\u00eftament amb l&#8217;oferta del SX3 no podeu aplicar al mateix temps un descompte per fam\u00edlia nombrosa. <\/li>\n<\/ul>\n\n\n\n<p class=\"has-base-background-color has-background\">Si us plau, tingues en compte que al Zoo del Pirineu rescatem animals salvatges. En el cas que no puguin tornar mai m\u00e9s a la natura cuidem d&#8217;ells de per vida. No rebem cap ajuda econ\u00f2mica de l&#8217;administraci\u00f3. Conseq\u00fcentment, s\u00f3n exclusivament les entrades dels nostres visitants que asseguren el futur dels animals dels quals cuidem. <\/p>\n\n\n\n<div style=\"height:50px\" aria-hidden=\"true\" class=\"wp-block-spacer\"><\/div>\n\n\n\n<div class=\"wp-block-cover is-light\"><span aria-hidden=\"true\" class=\"wp-block-cover__background has-background-dim\"><\/span><img loading=\"lazy\" decoding=\"async\" width=\"800\" height=\"600\" class=\"wp-block-cover__image-background wp-image-2869\" alt=\"\" src=\"https:\/\/visitar.zoodelpirineu.com\/wp-content\/uploads\/2022\/10\/Super-3-nou-logo.jpg\" style=\"object-position:50% 22%\" data-object-fit=\"cover\" data-object-position=\"50% 22%\" srcset=\"https:\/\/visitar.zoodelpirineu.com\/wp-content\/uploads\/2022\/10\/Super-3-nou-logo.jpg 800w, https:\/\/visitar.zoodelpirineu.com\/wp-content\/uploads\/2022\/10\/Super-3-nou-logo-300x225.jpg 300w, https:\/\/visitar.zoodelpirineu.com\/wp-content\/uploads\/2022\/10\/Super-3-nou-logo-768x576.jpg 768w\" sizes=\"auto, (max-width: 800px) 100vw, 800px\" \/><div class=\"wp-block-cover__inner-container is-layout-flow wp-block-cover-is-layout-flow\">\n<p class=\"has-text-align-center has-base-3-color has-text-color has-large-font-size\">Fins aviat! Vine a visitar-nos i a gaudir de la natura. T&#8217;encantar\u00e0! Coneixer\u00e0s molts animals del nostre pa\u00eds i t&#8217;ho passar\u00e0s s\u00faper b\u00e9!<\/p>\n<\/div><\/div>\n","protected":false},"excerpt":{"rendered":"<p>Qui som? El Zoo del Pirineu \u00e9s un refugi d&#8217;animals salvatges. Ens trobem a Catalunya, a prop de les pistes d&#8217;esqu\u00ed del Port del Comte. Pots con\u00e8ixer-nos millor a la p\u00e0gina Zoo del Pirineu. Qu\u00e8 inclou l&#8217;entrada del Supercapdesetmana del SX3? Com pots aconseguir la teva entrada gratu\u00efta? Demana als teus pares que comprin les &#8230; <a title=\"SX3 &#8211; Supercapdesetmana del SX3\" class=\"read-more\" href=\"https:\/\/visitar.zoodelpirineu.com\/ca\/descomptes\/supercapdesetmana-del-sx3\/\" aria-label=\"M\u00e9s informaci\u00f3 sobre SX3 &#8211; Supercapdesetmana del SX3\">Read more<\/a><\/p>\n","protected":false},"author":1,"featured_media":0,"parent":25,"menu_order":0,"comment_status":"closed","ping_status":"closed","template":"","meta":{"_monsterinsights_skip_tracking":false,"_monsterinsights_sitenote_active":false,"_monsterinsights_sitenote_note":"","_monsterinsights_sitenote_category":0,"footnotes":""},"class_list":{"0":"post-2223","1":"page","2":"type-page","3":"status-publish","5":"infinite-scroll-item"},"aioseo_notices":[],"_links":{"self":[{"href":"https:\/\/visitar.zoodelpirineu.com\/ca\/wp-json\/wp\/v2\/pages\/2223","targetHints":{"allow":["GET"]}}],"collection":[{"href":"https:\/\/visitar.zoodelpirineu.com\/ca\/wp-json\/wp\/v2\/pages"}],"about":[{"href":"https:\/\/visitar.zoodelpirineu.com\/ca\/wp-json\/wp\/v2\/types\/page"}],"author":[{"embeddable":true,"href":"https:\/\/visitar.zoodelpirineu.com\/ca\/wp-json\/wp\/v2\/users\/1"}],"replies":[{"embeddable":true,"href":"https:\/\/visitar.zoodelpirineu.com\/ca\/wp-json\/wp\/v2\/comments?post=2223"}],"version-history":[{"count":19,"href":"https:\/\/visitar.zoodelpirineu.com\/ca\/wp-json\/wp\/v2\/pages\/2223\/revisions"}],"predecessor-version":[{"id":6387,"href":"https:\/\/visitar.zoodelpirineu.com\/ca\/wp-json\/wp\/v2\/pages\/2223\/revisions\/6387"}],"up":[{"embeddable":true,"href":"https:\/\/visitar.zoodelpirineu.com\/ca\/wp-json\/wp\/v2\/pages\/25"}],"wp:attachment":[{"href":"https:\/\/visitar.zoodelpirineu.com\/ca\/wp-json\/wp\/v2\/media?parent=2223"}],"curies":[{"name":"wp","href":"https:\/\/api.w.org\/{rel}","templated":true}]}}