{"id":23,"date":"2021-11-24T04:49:50","date_gmt":"2021-11-24T03:49:50","guid":{"rendered":"https:\/\/visitar.zoodelpirineu.com\/?page_id=23"},"modified":"2026-02-10T12:57:53","modified_gmt":"2026-02-10T11:57:53","slug":"tarifes","status":"publish","type":"page","link":"https:\/\/visitar.zoodelpirineu.com\/ca\/tarifes\/","title":{"rendered":"Tarifes"},"content":{"rendered":"<div class=\"aioseo-breadcrumbs\"><span class=\"aioseo-breadcrumb\">\n\t<a href=\"https:\/\/visitar.zoodelpirineu.com\/ca\/\" title=\"Home\">Home<\/a>\n<\/span><span class=\"aioseo-breadcrumb-separator\">&raquo;<\/span><span class=\"aioseo-breadcrumb\">\n\tTarifes\n<\/span><\/div>\n\n\n<div style=\"height:25px\" aria-hidden=\"true\" class=\"wp-block-spacer\"><\/div>\n\n\n\n<div class=\"wp-block-media-text alignwide is-stacked-on-mobile has-background\" style=\"background-color:#edf2fb\"><figure class=\"wp-block-media-text__media\"><img loading=\"lazy\" decoding=\"async\" width=\"800\" height=\"600\" src=\"https:\/\/visitar.zoodelpirineu.com\/wp-content\/uploads\/2021\/11\/Preu.jpg\" alt=\"Tarifes zoo del Pirineu\" class=\"wp-image-237 size-full\" srcset=\"https:\/\/visitar.zoodelpirineu.com\/wp-content\/uploads\/2021\/11\/Preu.jpg 800w, https:\/\/visitar.zoodelpirineu.com\/wp-content\/uploads\/2021\/11\/Preu-300x225.jpg 300w, https:\/\/visitar.zoodelpirineu.com\/wp-content\/uploads\/2021\/11\/Preu-768x576.jpg 768w\" sizes=\"auto, (max-width: 800px) 100vw, 800px\" \/><\/figure><div class=\"wp-block-media-text__content\">\n<div style=\"height:10px\" aria-hidden=\"true\" class=\"wp-block-spacer\"><\/div>\n\n\n\n<p class=\"has-medium-font-size\">Presta atenci\u00f3 perqu\u00e8 les tarifes per <a href=\"https:\/\/visitar.zoodelpirineu.com\/\" target=\"_blank\" rel=\"noreferrer noopener\" title=\"Visitar zoo\">visitar el Zoo del Pirineu<\/a> s\u00f3n una mica diferents del que est\u00e0s acostumat.<\/p>\n\n\n\n<p class=\"has-medium-font-size\">El parc no es pot visitar per lliure (vol dir sense acompanyament del guia) i per tant no es paga una entrada general.<\/p>\n\n\n\n<p class=\"has-medium-font-size\">Llavors l&#8217;entrada al zoo \u00e9s gratu\u00efta?<\/p>\n\n\n\n<p class=\"has-medium-font-size\">No. El Zoo del Pirineu ofereix diverses <a href=\"https:\/\/visitar.zoodelpirineu.com\/activitats\/\" target=\"_blank\" rel=\"noreferrer noopener\" title=\"Activitats\">activitats<\/a> durant tot el dia. Cada visitant tria les activitats en les quals vol participar i nom\u00e9s paga per aquestes activitats. <\/p>\n<\/div><\/div>\n\n\n\n<div style=\"height:50px\" aria-hidden=\"true\" class=\"wp-block-spacer\"><\/div>\n\n\n\n<h2 class=\"wp-block-heading\" id=\"tipus-de-tarifes\">Tipus de tarifes<\/h2>\n\n\n\n<p>Hi ha dos tipus de tarifes. El preu de la <strong><a href=\"https:\/\/visitar.zoodelpirineu.com\/venda-entrades\/venda\" target=\"_blank\" rel=\"noreferrer noopener\">compra en l\u00ednia<\/a><\/strong> (tarifa econ\u00f2mica) i el preu de la <strong>compra a taquilla<\/strong> (tarifa m\u00e9s cara). La ra\u00f3 per aquesta difer\u00e8ncia \u00e9s que volem evitar que et quedis sense fer les activitats que volies si vens sense reserva i no queden places. <\/p>\n\n\n\n<div style=\"height:40px\" aria-hidden=\"true\" class=\"wp-block-spacer\"><\/div>\n\n\n\n<h3 class=\"wp-block-heading\" id=\"tarifes-segons-l-edat\">Tarifes segons l&#8217;edat<\/h3>\n\n\n\n<p>Hi ha 3 franges:<\/p>\n\n\n\n<ul class=\"wp-block-list\">\n<li>Adults (13-77 anys)<\/li>\n\n\n\n<li>Nens (3-12 anys)<\/li>\n\n\n\n<li>Gratu\u00eftes\n<ul class=\"wp-block-list\">\n<li>Infants 0-2 anys<\/li>\n\n\n\n<li>S\u00e8niors de m\u00e9s de 78 anys<\/li>\n\n\n\n<li>Ofertes especials<\/li>\n\n\n\n<li>Beneficiaris de vals regal<\/li>\n<\/ul>\n<\/li>\n<\/ul>\n\n\n\n<p>Si una persona t\u00e9 una entrada gratu\u00efta \u00e9s important que tamb\u00e9 compri les entrades (li sortir\u00e0 a 0\u20ac, \u00f2bviament). Per\u00f2 d&#8217;aquesta manera es reserva la seva pla\u00e7a en les activitats.<\/p>\n\n\n\n<div style=\"height:40px\" aria-hidden=\"true\" class=\"wp-block-spacer\"><\/div>\n\n\n\n<h2 class=\"wp-block-heading\">Preus<\/h2>\n\n\n\n<h3 class=\"wp-block-heading\">Activitats est\u00e0ndard de 1 hora de durada<\/h3>\n\n\n\n<div class=\"wp-block-columns is-layout-flex wp-container-core-columns-is-layout-9d6595d7 wp-block-columns-is-layout-flex\">\n<div class=\"wp-block-column has-base-background-color has-background is-layout-flow wp-block-column-is-layout-flow\">\n<div style=\"height:10px\" aria-hidden=\"true\" class=\"wp-block-spacer\"><\/div>\n\n\n<div class=\"wp-block-image\">\n<figure class=\"aligncenter size-medium is-resized\" id=\"preu-visita-guiada\"><img loading=\"lazy\" decoding=\"async\" width=\"300\" height=\"225\" src=\"https:\/\/visitar.zoodelpirineu.com\/wp-content\/uploads\/2022\/09\/Picto-Visita-guiada-300x225.png\" alt=\"\" class=\"wp-image-2653\" style=\"width:150px;height:113px\" srcset=\"https:\/\/visitar.zoodelpirineu.com\/wp-content\/uploads\/2022\/09\/Picto-Visita-guiada-300x225.png 300w, https:\/\/visitar.zoodelpirineu.com\/wp-content\/uploads\/2022\/09\/Picto-Visita-guiada-768x576.png 768w, https:\/\/visitar.zoodelpirineu.com\/wp-content\/uploads\/2022\/09\/Picto-Visita-guiada.png 800w\" sizes=\"auto, (max-width: 300px) 100vw, 300px\" \/><\/figure>\n<\/div>\n\n\n<h4 class=\"wp-block-heading has-text-align-center\"><a href=\"https:\/\/visitar.zoodelpirineu.com\/ca\/activitats-amb-animals\/visita-guiada\/\" target=\"_blank\" rel=\"noopener\" title=\"Visita guiada\">Visita guiada<\/a><\/h4>\n\n\n\n<ul class=\"wp-block-list\">\n<li>Compra en l\u00ednia\n<ul class=\"wp-block-list\">\n<li>Adult: 10\u20ac<\/li>\n\n\n\n<li>Nen\/a: 7\u20ac<\/li>\n<\/ul>\n<\/li>\n<\/ul>\n\n\n\n<ul class=\"wp-block-list\">\n<li>Compra a taquilla\n<ul class=\"wp-block-list\">\n<li>Adult: 12\u20ac<\/li>\n\n\n\n<li>Nen\/a: 9\u20ac<\/li>\n<\/ul>\n<\/li>\n<\/ul>\n<\/div>\n\n\n\n<div class=\"wp-block-column has-base-background-color has-background is-layout-flow wp-block-column-is-layout-flow\">\n<div style=\"height:10px\" aria-hidden=\"true\" class=\"wp-block-spacer\"><\/div>\n\n\n<div class=\"wp-block-image\">\n<figure class=\"aligncenter size-medium is-resized\" id=\"preu-exhibicio-vol\"><img loading=\"lazy\" decoding=\"async\" width=\"300\" height=\"225\" src=\"https:\/\/visitar.zoodelpirineu.com\/wp-content\/uploads\/2022\/09\/Picto-Exhibicio-de-vol-300x225.png\" alt=\"\" class=\"wp-image-2649\" style=\"width:150px;height:113px\" srcset=\"https:\/\/visitar.zoodelpirineu.com\/wp-content\/uploads\/2022\/09\/Picto-Exhibicio-de-vol-300x225.png 300w, https:\/\/visitar.zoodelpirineu.com\/wp-content\/uploads\/2022\/09\/Picto-Exhibicio-de-vol-768x576.png 768w, https:\/\/visitar.zoodelpirineu.com\/wp-content\/uploads\/2022\/09\/Picto-Exhibicio-de-vol.png 800w\" sizes=\"auto, (max-width: 300px) 100vw, 300px\" \/><\/figure>\n<\/div>\n\n\n<h4 class=\"wp-block-heading has-text-align-center\"><a href=\"https:\/\/visitar.zoodelpirineu.com\/ca\/activitats-amb-animals\/exhibicio-aus-rapinyaires\/\" target=\"_blank\" rel=\"noopener\" title=\"Exhibici\u00f3 de vol de aus rapinyaires\">Exhibici\u00f3 de vol d&#8217;aus rapinyaires<\/a><\/h4>\n\n\n\n<ul class=\"wp-block-list\">\n<li>Compra en l\u00ednia\n<ul class=\"wp-block-list\">\n<li>Adult: 11\u20ac<\/li>\n\n\n\n<li>Nen\/a: 8\u20ac<\/li>\n<\/ul>\n<\/li>\n<\/ul>\n\n\n\n<ul class=\"wp-block-list\">\n<li>Compra a taquilla\n<ul class=\"wp-block-list\">\n<li>Adult: 12\u20ac<\/li>\n\n\n\n<li>Nen\/a: 10\u20ac<\/li>\n<\/ul>\n<\/li>\n<\/ul>\n<\/div>\n\n\n\n<div class=\"wp-block-column has-base-background-color has-background is-layout-flow wp-block-column-is-layout-flow\">\n<div style=\"height:10px\" aria-hidden=\"true\" class=\"wp-block-spacer\"><\/div>\n\n\n<div class=\"wp-block-image\">\n<figure class=\"aligncenter size-medium is-resized\"><img loading=\"lazy\" decoding=\"async\" width=\"300\" height=\"225\" src=\"https:\/\/visitar.zoodelpirineu.com\/wp-content\/uploads\/2022\/09\/Picto-toca-toca-300x225.png\" alt=\"Preu del toca toca\" class=\"wp-image-2643\" style=\"width:150px;height:113px\" srcset=\"https:\/\/visitar.zoodelpirineu.com\/wp-content\/uploads\/2022\/09\/Picto-toca-toca-300x225.png 300w, https:\/\/visitar.zoodelpirineu.com\/wp-content\/uploads\/2022\/09\/Picto-toca-toca-768x576.png 768w, https:\/\/visitar.zoodelpirineu.com\/wp-content\/uploads\/2022\/09\/Picto-toca-toca.png 800w\" sizes=\"auto, (max-width: 300px) 100vw, 300px\" \/><\/figure>\n<\/div>\n\n\n<h4 class=\"wp-block-heading has-text-align-center\"><a href=\"https:\/\/visitar.zoodelpirineu.com\/ca\/toca-toca-amb-animals-domestics\/\" target=\"_blank\" rel=\"noopener\" title=\"\">Toca toca<\/a><\/h4>\n\n\n\n<ul class=\"wp-block-list\">\n<li>Compra en l\u00ednia\n<ul class=\"wp-block-list\">\n<li>Adult: 10\u20ac<\/li>\n\n\n\n<li>Nen\/a: 10\u20ac<\/li>\n<\/ul>\n<\/li>\n<\/ul>\n\n\n\n<ul class=\"wp-block-list\">\n<li>Compra a taquilla\n<ul class=\"wp-block-list\">\n<li>Adult: 11\u20ac<\/li>\n\n\n\n<li>Nen\/a: 11\u20ac<\/li>\n<\/ul>\n<\/li>\n<\/ul>\n<\/div>\n\n\n\n<div class=\"wp-block-column is-layout-flow wp-block-column-is-layout-flow\"><\/div>\n<\/div>\n\n\n\n<p><strong>Et queden dubtes? <a href=\"#diferencia-preu\" title=\"\">Aqu\u00ed tens un exemple per il\u00b7lustrar-ho!<\/a><\/strong><\/p>\n\n\n\n<div style=\"height:40px\" aria-hidden=\"true\" class=\"wp-block-spacer\"><\/div>\n\n\n\n<h3 class=\"wp-block-heading\">Activitats exclusives<\/h3>\n\n\n\n<p><strong>Per\u00f2 atenci\u00f3!<\/strong> Al Zoo del Pirineu tamb\u00e9 pots gaudir d&#8217;<strong>experi\u00e8ncies exclusives<\/strong>, al 100% personalitzades. Aquestes experi\u00e8ncies tenen un <strong>preu per grup<\/strong>. A la venda estan limitades a 1 entrada per experi\u00e8ncia, tot i que hi poden participar <strong>un m\u00e0xim de 5 persones<\/strong>. <\/p>\n\n\n\n<div class=\"wp-block-columns is-layout-flex wp-container-core-columns-is-layout-9d6595d7 wp-block-columns-is-layout-flex\">\n<div class=\"wp-block-column has-base-background-color has-background is-layout-flow wp-block-column-is-layout-flow\">\n<div style=\"height:10px\" aria-hidden=\"true\" class=\"wp-block-spacer\"><\/div>\n\n\n<div class=\"wp-block-image\">\n<figure class=\"aligncenter size-medium is-resized\"><img loading=\"lazy\" decoding=\"async\" width=\"300\" height=\"225\" src=\"https:\/\/visitar.zoodelpirineu.com\/wp-content\/uploads\/2022\/09\/Picto-experiencia-animal-300x225.png\" alt=\"preu de experi\u00e8ncia animal\" class=\"wp-image-2668\" style=\"width:150px;height:113px\" srcset=\"https:\/\/visitar.zoodelpirineu.com\/wp-content\/uploads\/2022\/09\/Picto-experiencia-animal-300x225.png 300w, https:\/\/visitar.zoodelpirineu.com\/wp-content\/uploads\/2022\/09\/Picto-experiencia-animal-768x576.png 768w, https:\/\/visitar.zoodelpirineu.com\/wp-content\/uploads\/2022\/09\/Picto-experiencia-animal.png 800w\" sizes=\"auto, (max-width: 300px) 100vw, 300px\" \/><\/figure>\n<\/div>\n\n\n<h4 class=\"wp-block-heading has-text-align-center\"><a href=\"https:\/\/visitar.zoodelpirineu.com\/ca\/activitats-amb-animals\/experiencia-animal\/\" target=\"_blank\" rel=\"noopener\" title=\"Experi\u00e8ncia animal\">Experi\u00e8ncia animal<\/a><\/h4>\n\n\n\n<ul class=\"wp-block-list\">\n<li>Preu: 74,20\u20ac per grup<\/li>\n\n\n\n<li>Durada: 1 hora<\/li>\n\n\n\n<li>N\u00ba de participants: 1-5 persones<\/li>\n<\/ul>\n<\/div>\n\n\n\n<div class=\"wp-block-column has-base-background-color has-background is-layout-flow wp-block-column-is-layout-flow\">\n<div style=\"height:10px\" aria-hidden=\"true\" class=\"wp-block-spacer\"><\/div>\n\n\n<div class=\"wp-block-image\">\n<figure class=\"aligncenter size-medium is-resized\"><img loading=\"lazy\" decoding=\"async\" width=\"300\" height=\"225\" src=\"https:\/\/visitar.zoodelpirineu.com\/wp-content\/uploads\/2022\/09\/Picto-experiencia-mussols-300x225.png\" alt=\"\" class=\"wp-image-2662\" style=\"width:150px;height:113px\" srcset=\"https:\/\/visitar.zoodelpirineu.com\/wp-content\/uploads\/2022\/09\/Picto-experiencia-mussols-300x225.png 300w, https:\/\/visitar.zoodelpirineu.com\/wp-content\/uploads\/2022\/09\/Picto-experiencia-mussols-768x576.png 768w, https:\/\/visitar.zoodelpirineu.com\/wp-content\/uploads\/2022\/09\/Picto-experiencia-mussols.png 800w\" sizes=\"auto, (max-width: 300px) 100vw, 300px\" \/><\/figure>\n<\/div>\n\n\n<h4 class=\"wp-block-heading has-text-align-center\"><a href=\"https:\/\/visitar.zoodelpirineu.com\/ca\/activitats-amb-animals\/experiencia-mussols\/\" target=\"_blank\" rel=\"noopener\" title=\"Experi\u00e8ncia mussols\">Experi\u00e8ncia mussols<\/a><\/h4>\n\n\n\n<ul class=\"wp-block-list\">\n<li>Preu: 127,20\u20ac per grup<\/li>\n\n\n\n<li>Durada: 1 hora i mitja<\/li>\n\n\n\n<li>N\u00ba de participants: 1-5 persones<\/li>\n<\/ul>\n<\/div>\n\n\n\n<div class=\"wp-block-column has-base-background-color has-background is-layout-flow wp-block-column-is-layout-flow\">\n<div style=\"height:10px\" aria-hidden=\"true\" class=\"wp-block-spacer\"><\/div>\n\n\n<div class=\"wp-block-image\">\n<figure class=\"aligncenter size-medium is-resized\"><img loading=\"lazy\" decoding=\"async\" width=\"300\" height=\"225\" src=\"https:\/\/visitar.zoodelpirineu.com\/wp-content\/uploads\/2022\/09\/Picto-fotografia-animal-300x225.png\" alt=\"\" class=\"wp-image-2674\" style=\"width:150px;height:113px\" srcset=\"https:\/\/visitar.zoodelpirineu.com\/wp-content\/uploads\/2022\/09\/Picto-fotografia-animal-300x225.png 300w, https:\/\/visitar.zoodelpirineu.com\/wp-content\/uploads\/2022\/09\/Picto-fotografia-animal-768x576.png 768w, https:\/\/visitar.zoodelpirineu.com\/wp-content\/uploads\/2022\/09\/Picto-fotografia-animal.png 800w\" sizes=\"auto, (max-width: 300px) 100vw, 300px\" \/><\/figure>\n<\/div>\n\n\n<h4 class=\"wp-block-heading has-text-align-center\"><a href=\"https:\/\/visitar.zoodelpirineu.com\/ca\/activitats-amb-animals\/fotografia-animal\/\" target=\"_blank\" rel=\"noopener\" title=\"Fotografia animal\">Fotografia animal<\/a><\/h4>\n\n\n\n<ul class=\"wp-block-list\">\n<li>Preu: 63,60\u20ac per grup<\/li>\n\n\n\n<li>Durada: 1 hora<\/li>\n\n\n\n<li>N\u00ba de participants: 1-5 persones<\/li>\n<\/ul>\n<\/div>\n\n\n\n<div class=\"wp-block-column is-layout-flow wp-block-column-is-layout-flow\"><\/div>\n<\/div>\n\n\n\n<p><strong>Et queden dubtes? <a href=\"#diferencia-preu\" title=\"\">Aqu\u00ed tens un exemple per il\u00b7lustrar-ho!<\/a><\/strong><\/p>\n\n\n\n<div style=\"height:40px\" aria-hidden=\"true\" class=\"wp-block-spacer\"><\/div>\n\n\n\n<h3 class=\"wp-block-heading\"><a href=\"https:\/\/visitar.zoodelpirineu.com\/ca\/activitats-amb-animals\/curs-de-falconeria\/\" target=\"_blank\" rel=\"noopener\" title=\"Curs de falconeria\">Curs de falconeria<\/a><\/h3>\n\n\n\n<p>Durada: 6 hores<\/p>\n\n\n\n<div class=\"wp-block-columns is-layout-flex wp-container-core-columns-is-layout-9d6595d7 wp-block-columns-is-layout-flex\">\n<div class=\"wp-block-column has-base-background-color has-background is-layout-flow wp-block-column-is-layout-flow\">\n<div style=\"height:10px\" aria-hidden=\"true\" class=\"wp-block-spacer\"><\/div>\n\n\n<div class=\"wp-block-image\">\n<figure class=\"aligncenter size-medium is-resized\"><img loading=\"lazy\" decoding=\"async\" width=\"300\" height=\"225\" src=\"https:\/\/visitar.zoodelpirineu.com\/wp-content\/uploads\/2022\/09\/Picto-curs-falconeria-300x225.png\" alt=\"\" class=\"wp-image-2677\" style=\"width:150px;height:113px\" srcset=\"https:\/\/visitar.zoodelpirineu.com\/wp-content\/uploads\/2022\/09\/Picto-curs-falconeria-300x225.png 300w, https:\/\/visitar.zoodelpirineu.com\/wp-content\/uploads\/2022\/09\/Picto-curs-falconeria-768x576.png 768w, https:\/\/visitar.zoodelpirineu.com\/wp-content\/uploads\/2022\/09\/Picto-curs-falconeria.png 800w\" sizes=\"auto, (max-width: 300px) 100vw, 300px\" \/><\/figure>\n<\/div>\n\n\n<h4 class=\"wp-block-heading has-text-align-center\"><a href=\"https:\/\/visitar.zoodelpirineu.com\/ca\/curs-falconeria-grup-privat\/\" target=\"_blank\" rel=\"noopener\" title=\"Curs falconeria grup privat\">Grup privat<\/a><\/h4>\n\n\n\n<ul class=\"wp-block-list\">\n<li>Preu: 360\u20ac per grup<\/li>\n\n\n\n<li>N\u00ba de participants: 1-5 persones<\/li>\n\n\n\n<li>N\u00ba d&#8217;acompanyants: 0-5 persones<\/li>\n\n\n\n<li>Disponibilitat tots els dies de l&#8217;any. <a href=\"https:\/\/visitar.zoodelpirineu.com\/contacte\/\" target=\"_blank\" rel=\"noreferrer noopener\">Contacta&#8217;ns<\/a> i tria un dia!<\/li>\n<\/ul>\n<\/div>\n\n\n\n<div class=\"wp-block-column has-base-background-color has-background is-layout-flow wp-block-column-is-layout-flow\">\n<div style=\"height:10px\" aria-hidden=\"true\" class=\"wp-block-spacer\"><\/div>\n\n\n<div class=\"wp-block-image\">\n<figure class=\"aligncenter size-medium is-resized\"><img loading=\"lazy\" decoding=\"async\" width=\"300\" height=\"225\" src=\"https:\/\/visitar.zoodelpirineu.com\/wp-content\/uploads\/2022\/09\/Picto-curs-cetreria-300x225.png\" alt=\"\" class=\"wp-image-2680\" style=\"width:150px;height:113px\" srcset=\"https:\/\/visitar.zoodelpirineu.com\/wp-content\/uploads\/2022\/09\/Picto-curs-cetreria-300x225.png 300w, https:\/\/visitar.zoodelpirineu.com\/wp-content\/uploads\/2022\/09\/Picto-curs-cetreria-768x576.png 768w, https:\/\/visitar.zoodelpirineu.com\/wp-content\/uploads\/2022\/09\/Picto-curs-cetreria.png 800w\" sizes=\"auto, (max-width: 300px) 100vw, 300px\" \/><\/figure>\n<\/div>\n\n\n<h4 class=\"wp-block-heading has-text-align-center\"><a href=\"https:\/\/visitar.zoodelpirineu.com\/ca\/activitats-amb-animals\/curs-de-falconeria\/\" target=\"_blank\" rel=\"noopener\" title=\"Curs de falconeria\">Curs est\u00e0ndard<\/a><\/h4>\n\n\n\n<ul class=\"wp-block-list\">\n<li>Preu participant: 127,20\u20ac<\/li>\n\n\n\n<li>Preu acompanyant: 21,20\u20ac<\/li>\n\n\n\n<li>Disponibilitat cada 2<sup>n<\/sup> i 4<sup>rt<\/sup> diumenge del mes<\/li>\n<\/ul>\n<\/div>\n\n\n\n<div class=\"wp-block-column is-layout-flow wp-block-column-is-layout-flow\"><\/div>\n\n\n\n<div class=\"wp-block-column is-layout-flow wp-block-column-is-layout-flow\"><\/div>\n<\/div>\n\n\n\n<div style=\"height:50px\" aria-hidden=\"true\" class=\"wp-block-spacer\"><\/div>\n\n\n\n<h2 class=\"wp-block-heading\" id=\"descomptes\">Descomptes<\/h2>\n\n\n\n<p>Tamb\u00e9 tenim una varietat de descomptes. Trobar\u00e0s tota la informaci\u00f3 aqu\u00ed: <a href=\"https:\/\/visitar.zoodelpirineu.com\/ca\/descomptes\/\" target=\"_blank\" rel=\"noopener\" title=\"Descomptes\">Ofertes i Descomptes<\/a><\/p>\n\n\n\n<p>Si us plau, tingues en compte que al <a href=\"https:\/\/donaciones.zoodelpirineu.com\/ca\/refugi-animals-catalunya\/\" target=\"_blank\" rel=\"noreferrer noopener\" title=\"https:\/\/donaciones.zoodelpirineu.com\/ca\/refugi-animals-catalunya\/\">Zoo del Pirineu cuidem i rescatem animals en necessitat<\/a>. En el moment de comprar les entrades pensa en ells. No rebem cap classe d&#8217;ajuda de l&#8217;administraci\u00f3. Seran <strong>les teves entrades que ens permetran ajudar<\/strong> la propera vegada que rebem una trucada i sortim a rescatar un cabirol ferit o un cadell de guineu sense pares.<\/p>\n\n\n\n<div style=\"height:50px\" aria-hidden=\"true\" class=\"wp-block-spacer\"><\/div>\n\n\n\n<h2 class=\"wp-block-heading\" id=\"metode-de-pagament\">M\u00e8tode de pagament<\/h2>\n\n\n\n<p>Acceptem pagaments en efectiu, amb targeta de d\u00e8bit i cr\u00e8dit (<a href=\"https:\/\/www.visa.com.mx\/\" target=\"_blank\" rel=\"noreferrer noopener\" title=\"https:\/\/www.visa.com.mx\/\">Visa<\/a> i <a href=\"https:\/\/www.mastercard.es\/es-es.html\" target=\"_blank\" rel=\"noreferrer noopener\" title=\"https:\/\/www.mastercard.es\/es-es.html\">Mastercard<\/a>) i tamb\u00e9 pagament pel m\u00f2bil. En casos concrets tamb\u00e9 podeu pagar per transfer\u00e8ncia banc\u00e0ria.<\/p>\n\n\n\n<div style=\"height:50px\" aria-hidden=\"true\" class=\"wp-block-spacer\"><\/div>\n\n\n\n<h2 class=\"wp-block-heading\" id=\"politica-de-devolucio-i-canvi-de-dia\">Pol\u00edtica de devoluci\u00f3 i canvi de dia<\/h2>\n\n\n\n<p>Si us plau, consulta la nostra <a href=\"https:\/\/visitar.zoodelpirineu.com\/ca\/devolucions-i-canvi-dia\/\" target=\"_blank\" rel=\"noopener\" title=\"\">pol\u00edtica de devolucions i de canvi de dia<\/a>. No et volem complicar la vida i et donem total flexibilitat per demanar una devoluci\u00f3 o un canvi de dia de la teva visita, sempre i quan compleixis amb els requisits de la pol\u00edtica de devolucions i de canvi de dia. <\/p>\n\n\n\n<div style=\"height:50px\" aria-hidden=\"true\" class=\"wp-block-spacer\"><\/div>\n\n\n\n<h3 class=\"wp-block-heading\" id=\"diferencia-preu\">Difer\u00e8ncia entre \u00abPreu per persona\u00bb i \u00abPreu per grup\u00bb<\/h3>\n\n\n\n<h4 class=\"wp-block-heading\" id=\"preu-per-persona\">Preu per persona<\/h4>\n\n\n\n<p>Les activitats on poden participar visitants de fam\u00edlies diferents tenen un <strong>preu per persona<\/strong>. \u00c9s a dir, \u00e9s la variant t\u00edpica que coneixem de tota la vida. <\/p>\n\n\n\n<p class=\"has-base-background-color has-background\"><em>Per exemple: En Joan vol visitar el zoo amb la seva parella i amb la fam\u00edlia de la seva germana, la qual t\u00e9 un infant d&#8217;1 any. Decideixen participar en la visita guiada. Doncs en Joan comprar\u00e0 4 entrades per adults i 1 entrada gratu\u00efta.<\/em><\/p>\n\n\n\n<h4 class=\"wp-block-heading\" id=\"preu-per-grup\">Preu per grup<\/h4>\n\n\n\n<p>Per\u00f2 atenci\u00f3! Al Zoo del Pirineu tamb\u00e9 pots gaudir d&#8217;experi\u00e8ncies exclusives, al 100% personalitzades. Aquestes experi\u00e8ncies tenen un preu per grup. A la venda estan limitades a 1 entrada per experi\u00e8ncia, tot i que hi poden participar un m\u00e0xim de 5 persones. <\/p>\n\n\n\n<p>Per qu\u00e8 ho fem tan complicat?<\/p>\n\n\n\n<p>D&#8217;aquesta manera una fam\u00edlia, una parella o una persona tindr\u00e0 tota l&#8217;experi\u00e8ncia reservada per a ells. No hi pot participar cap altre visitant que no formi part del seu grup.<\/p>\n\n\n\n<p class=\"has-base-background-color has-background\"><em>Com funciona a la pr\u00e0ctica? En Joan de l&#8217;exemple anterior decideix que tots participaran tamb\u00e9 en l&#8217;Experi\u00e8ncia animal. Llavors afegeix a la compra 1 entrada per a Experi\u00e8ncia animal (no hi ha m\u00e9s disponibilitat). Amb aquesta entrada hi participaran tots: els 4 adults i 1 infant.<\/em><\/p>\n\n\n\n<div style=\"height:50px\" aria-hidden=\"true\" class=\"wp-block-spacer\"><\/div>\n\n\n\n<div class=\"wp-block-cover\"><img loading=\"lazy\" decoding=\"async\" width=\"1920\" height=\"600\" class=\"wp-block-cover__image-background wp-image-279\" alt=\"\" src=\"https:\/\/visitar.zoodelpirineu.com\/wp-content\/uploads\/2021\/11\/Mustela-putorius.jpg\" data-object-fit=\"cover\" srcset=\"https:\/\/visitar.zoodelpirineu.com\/wp-content\/uploads\/2021\/11\/Mustela-putorius.jpg 1920w, https:\/\/visitar.zoodelpirineu.com\/wp-content\/uploads\/2021\/11\/Mustela-putorius-300x94.jpg 300w, https:\/\/visitar.zoodelpirineu.com\/wp-content\/uploads\/2021\/11\/Mustela-putorius-1024x320.jpg 1024w, https:\/\/visitar.zoodelpirineu.com\/wp-content\/uploads\/2021\/11\/Mustela-putorius-768x240.jpg 768w, https:\/\/visitar.zoodelpirineu.com\/wp-content\/uploads\/2021\/11\/Mustela-putorius-1536x480.jpg 1536w\" sizes=\"auto, (max-width: 1920px) 100vw, 1920px\" \/><span aria-hidden=\"true\" class=\"wp-block-cover__background has-background-dim-30 has-background-dim\"><\/span><div class=\"wp-block-cover__inner-container is-layout-flow wp-block-cover-is-layout-flow\">\n<p class=\"has-text-align-right has-medium-font-size\">El Zoo del Pirineu t\u00e9 preus accessibles.<br>A m\u00e9s, l&#8217;estructura de les tarifes et permet<br>pagar nom\u00e9s per les activitats que realment t&#8217;interessen.<\/p>\n\n\n\n<p class=\"has-text-align-right has-medium-font-size\">La flexibilitat de la pol\u00edtica de devolucions i de canvi de dia<br>et dona seguretat en el moment de comprar les entrades.<\/p>\n<\/div><\/div>\n","protected":false},"excerpt":{"rendered":"<p>Tipus de tarifes Hi ha dos tipus de tarifes. El preu de la compra en l\u00ednia (tarifa econ\u00f2mica) i el preu de la compra a taquilla (tarifa m\u00e9s cara). La ra\u00f3 per aquesta difer\u00e8ncia \u00e9s que volem evitar que et quedis sense fer les activitats que volies si vens sense reserva i no queden places. &#8230; <a title=\"Tarifes\" class=\"read-more\" href=\"https:\/\/visitar.zoodelpirineu.com\/ca\/tarifes\/\" aria-label=\"M\u00e9s informaci\u00f3 sobre Tarifes\">Read more<\/a><\/p>\n","protected":false},"author":1,"featured_media":0,"parent":0,"menu_order":0,"comment_status":"closed","ping_status":"closed","template":"","meta":{"_monsterinsights_skip_tracking":false,"_monsterinsights_sitenote_active":false,"_monsterinsights_sitenote_note":"","_monsterinsights_sitenote_category":0,"footnotes":""},"class_list":{"0":"post-23","1":"page","2":"type-page","3":"status-publish","5":"infinite-scroll-item"},"aioseo_notices":[],"_links":{"self":[{"href":"https:\/\/visitar.zoodelpirineu.com\/ca\/wp-json\/wp\/v2\/pages\/23","targetHints":{"allow":["GET"]}}],"collection":[{"href":"https:\/\/visitar.zoodelpirineu.com\/ca\/wp-json\/wp\/v2\/pages"}],"about":[{"href":"https:\/\/visitar.zoodelpirineu.com\/ca\/wp-json\/wp\/v2\/types\/page"}],"author":[{"embeddable":true,"href":"https:\/\/visitar.zoodelpirineu.com\/ca\/wp-json\/wp\/v2\/users\/1"}],"replies":[{"embeddable":true,"href":"https:\/\/visitar.zoodelpirineu.com\/ca\/wp-json\/wp\/v2\/comments?post=23"}],"version-history":[{"count":29,"href":"https:\/\/visitar.zoodelpirineu.com\/ca\/wp-json\/wp\/v2\/pages\/23\/revisions"}],"predecessor-version":[{"id":6596,"href":"https:\/\/visitar.zoodelpirineu.com\/ca\/wp-json\/wp\/v2\/pages\/23\/revisions\/6596"}],"wp:attachment":[{"href":"https:\/\/visitar.zoodelpirineu.com\/ca\/wp-json\/wp\/v2\/media?parent=23"}],"curies":[{"name":"wp","href":"https:\/\/api.w.org\/{rel}","templated":true}]}}