{"id":2418,"date":"2022-05-23T12:53:27","date_gmt":"2022-05-23T11:53:27","guid":{"rendered":"https:\/\/visitar.zoodelpirineu.com\/curs-falconeria-grup-privat\/"},"modified":"2023-03-17T15:48:12","modified_gmt":"2023-03-17T14:48:12","slug":"curs-falconeria-grup-privat","status":"publish","type":"page","link":"https:\/\/visitar.zoodelpirineu.com\/ca\/curs-falconeria-grup-privat\/","title":{"rendered":"Curs falconeria grup privat"},"content":{"rendered":"\n<div class=\"wp-block-media-text alignwide is-stacked-on-mobile has-background\" style=\"background-color:#edf2fb\"><figure class=\"wp-block-media-text__media\"><img loading=\"lazy\" decoding=\"async\" width=\"800\" height=\"600\" src=\"https:\/\/visitar.zoodelpirineu.com\/wp-content\/uploads\/2021\/11\/Curs-de-falconeria-1.jpg\" alt=\"Curs de falconeria\" class=\"wp-image-95 size-full\" srcset=\"https:\/\/visitar.zoodelpirineu.com\/wp-content\/uploads\/2021\/11\/Curs-de-falconeria-1.jpg 800w, https:\/\/visitar.zoodelpirineu.com\/wp-content\/uploads\/2021\/11\/Curs-de-falconeria-1-300x225.jpg 300w, https:\/\/visitar.zoodelpirineu.com\/wp-content\/uploads\/2021\/11\/Curs-de-falconeria-1-768x576.jpg 768w\" sizes=\"auto, (max-width: 800px) 100vw, 800px\" \/><\/figure><div class=\"wp-block-media-text__content\">\n<div style=\"height:10px\" aria-hidden=\"true\" class=\"wp-block-spacer\"><\/div>\n\n\n\n<p>Per a una experi\u00e8ncia totalment \u00fanica, personalitzada i adaptada al teu nivell et presentem el curs de falconeria grup privat.<\/p>\n\n\n\n<p><strong>Perfecte per a gent amb nivell mitj\u00e0 i nivell expert de falconeria.<\/strong><\/p>\n\n\n\n<p>Els grups privats sempre tindran el mateix preu, ja siguis tu sol o vinguis acompanyat.<\/p>\n\n\n\n<div class=\"wp-block-buttons is-layout-flex wp-block-buttons-is-layout-flex\">\n<div class=\"wp-block-button has-custom-font-size has-medium-font-size\"><a class=\"wp-block-button__link wp-element-button\" href=\"https:\/\/fareharbor.com\/embeds\/book\/zoodelpirineu\/items\/448603\/?full-items=yes&amp;flow=923011\" style=\"border-radius:0px\" target=\"_blank\" rel=\"noreferrer noopener\">RESERVA ARA<\/a><\/div>\n<\/div>\n<\/div><\/div>\n\n\n\n<div style=\"height:40px\" aria-hidden=\"true\" class=\"wp-block-spacer\"><\/div>\n\n\n\n<p>Preu per grup privat: <strong>360\u20ac<\/strong><\/p>\n\n\n\n<h4 class=\"wp-block-heading\" id=\"beneficis\">Beneficis:<\/h4>\n\n\n\n<ol class=\"wp-block-list\">\n<li><strong>Rebr\u00e0s una atenci\u00f3 al 100% personalitzada.<\/strong><br>Adaptarem les activitats i la planificaci\u00f3 als teus interessos i desitjos.<br>Aix\u00f2 s\u00ed, sempre respectant el benestar dels animals i les normes de seguretat.<br><\/li>\n\n\n\n<li><strong>Es la opci\u00f3 m\u00e9s econ\u00f2mica.<\/strong><br>Per exemple: per a 5 participants + 5 acompanyants el preu normal \u00e9s de 700\u20ac. Per contra, el preu per grup privat \u00e9s de 360\u20ac.<br>Estalvies 340\u20ac, gaireb\u00e9 la meitat!<\/li>\n<\/ol>\n\n\n\n<p>En cas que vulguis optar per un grup privat, posa&#8217;t en contacte amb nosaltres. La p\u00e0gina web no et donar\u00e0 l&#8217;opci\u00f3 de reservar les places directament.<\/p>\n","protected":false},"excerpt":{"rendered":"<p>Preu per grup privat: 360\u20ac Beneficis: En cas que vulguis optar per un grup privat, posa&#8217;t en contacte amb nosaltres. La p\u00e0gina web no et donar\u00e0 l&#8217;opci\u00f3 de reservar les places directament.<\/p>\n","protected":false},"author":1,"featured_media":0,"parent":0,"menu_order":0,"comment_status":"closed","ping_status":"closed","template":"","meta":{"_monsterinsights_skip_tracking":false,"_monsterinsights_sitenote_active":false,"_monsterinsights_sitenote_note":"","_monsterinsights_sitenote_category":0,"footnotes":""},"class_list":{"0":"post-2418","1":"page","2":"type-page","3":"status-publish","5":"infinite-scroll-item"},"aioseo_notices":[],"_links":{"self":[{"href":"https:\/\/visitar.zoodelpirineu.com\/ca\/wp-json\/wp\/v2\/pages\/2418","targetHints":{"allow":["GET"]}}],"collection":[{"href":"https:\/\/visitar.zoodelpirineu.com\/ca\/wp-json\/wp\/v2\/pages"}],"about":[{"href":"https:\/\/visitar.zoodelpirineu.com\/ca\/wp-json\/wp\/v2\/types\/page"}],"author":[{"embeddable":true,"href":"https:\/\/visitar.zoodelpirineu.com\/ca\/wp-json\/wp\/v2\/users\/1"}],"replies":[{"embeddable":true,"href":"https:\/\/visitar.zoodelpirineu.com\/ca\/wp-json\/wp\/v2\/comments?post=2418"}],"version-history":[{"count":10,"href":"https:\/\/visitar.zoodelpirineu.com\/ca\/wp-json\/wp\/v2\/pages\/2418\/revisions"}],"predecessor-version":[{"id":4263,"href":"https:\/\/visitar.zoodelpirineu.com\/ca\/wp-json\/wp\/v2\/pages\/2418\/revisions\/4263"}],"wp:attachment":[{"href":"https:\/\/visitar.zoodelpirineu.com\/ca\/wp-json\/wp\/v2\/media?parent=2418"}],"curies":[{"name":"wp","href":"https:\/\/api.w.org\/{rel}","templated":true}]}}