{"id":25,"date":"2021-11-24T04:50:08","date_gmt":"2021-11-24T03:50:08","guid":{"rendered":"https:\/\/visitar.zoodelpirineu.com\/?page_id=25"},"modified":"2026-03-06T17:18:49","modified_gmt":"2026-03-06T16:18:49","slug":"descomptes","status":"publish","type":"page","link":"https:\/\/visitar.zoodelpirineu.com\/ca\/descomptes\/","title":{"rendered":"Descomptes"},"content":{"rendered":"\n<div class=\"wp-block-cover is-light\"><img loading=\"lazy\" decoding=\"async\" width=\"2000\" height=\"800\" class=\"wp-block-cover__image-background wp-image-5332\" alt=\"\" src=\"https:\/\/visitar.zoodelpirineu.com\/wp-content\/uploads\/2024\/03\/Oferta-con-carnet-Super3.jpg\" data-object-fit=\"cover\" srcset=\"https:\/\/visitar.zoodelpirineu.com\/wp-content\/uploads\/2024\/03\/Oferta-con-carnet-Super3.jpg 2000w, https:\/\/visitar.zoodelpirineu.com\/wp-content\/uploads\/2024\/03\/Oferta-con-carnet-Super3-300x120.jpg 300w, https:\/\/visitar.zoodelpirineu.com\/wp-content\/uploads\/2024\/03\/Oferta-con-carnet-Super3-1024x410.jpg 1024w, https:\/\/visitar.zoodelpirineu.com\/wp-content\/uploads\/2024\/03\/Oferta-con-carnet-Super3-768x307.jpg 768w, https:\/\/visitar.zoodelpirineu.com\/wp-content\/uploads\/2024\/03\/Oferta-con-carnet-Super3-1536x614.jpg 1536w\" sizes=\"auto, (max-width: 2000px) 100vw, 2000px\" \/><span aria-hidden=\"true\" class=\"wp-block-cover__background has-background-dim\"><\/span><div class=\"wp-block-cover__inner-container is-layout-flow wp-block-cover-is-layout-flow\">\n<div style=\"height:100px\" aria-hidden=\"true\" class=\"wp-block-spacer\"><\/div>\n\n\n\n<h2 class=\"wp-block-heading has-text-align-center has-base-3-color has-text-color has-link-color has-x-large-font-size wp-elements-9c3c72b71ab3baaa445332fad28890a9\">Descomptes<\/h2>\n\n\n\n<div style=\"height:60px\" aria-hidden=\"true\" class=\"wp-block-spacer\"><\/div>\n\n\n\n<div class=\"wp-block-columns is-layout-flex wp-container-core-columns-is-layout-9d6595d7 wp-block-columns-is-layout-flex\">\n<div class=\"wp-block-column is-layout-flow wp-block-column-is-layout-flow\"><\/div>\n\n\n\n<div class=\"wp-block-column is-layout-flow wp-block-column-is-layout-flow\">\n<div class=\"wp-block-buttons is-layout-flex wp-block-buttons-is-layout-flex\">\n<div class=\"wp-block-button has-custom-width wp-block-button__width-100 is-style-outline is-style-outline--1\"><a class=\"wp-block-button__link has-base-3-color has-text-color wp-element-button\" href=\"http:\/\/eepurl.com\/igrGuD\" target=\"_blank\" rel=\"noreferrer noopener\">Vull estar al corrent sobre les ofertes mensuals<br>del Zoo del Pirineu.<\/a><\/div>\n<\/div>\n<\/div>\n\n\n\n<div class=\"wp-block-column is-layout-flow wp-block-column-is-layout-flow\"><\/div>\n<\/div>\n<\/div><\/div>\n\n\n\n<div style=\"height:60px\" aria-hidden=\"true\" class=\"wp-block-spacer\"><\/div>\n\n\n\n<div class=\"wp-block-columns are-vertically-aligned-top is-layout-flex wp-container-core-columns-is-layout-9d6595d7 wp-block-columns-is-layout-flex\">\n<div class=\"wp-block-column is-vertically-aligned-top is-layout-flow wp-block-column-is-layout-flow\" style=\"flex-basis:15%\"><\/div>\n\n\n\n<div class=\"wp-block-column is-vertically-aligned-top has-base-background-color has-background is-layout-flow wp-block-column-is-layout-flow\">\n<div style=\"height:10px\" aria-hidden=\"true\" class=\"wp-block-spacer\"><\/div>\n\n\n\n<h2 class=\"wp-block-heading has-text-align-center\">Descomptes pels socis del Zoo del Pirineu<\/h2>\n\n\n<div class=\"wp-block-image\">\n<figure class=\"aligncenter size-thumbnail is-resized\"><img loading=\"lazy\" decoding=\"async\" width=\"150\" height=\"150\" src=\"https:\/\/visitar.zoodelpirineu.com\/wp-content\/uploads\/2022\/11\/Soci-150x150.png\" alt=\"Descomptes pels socis\" class=\"wp-image-2931\" style=\"width:75px;height:75px\"\/><\/figure>\n<\/div>\n\n\n<h4 class=\"wp-block-heading has-text-align-center\"><a href=\"https:\/\/donaciones.zoodelpirineu.com\/ca\/uneix-te-a-les-nostres-socies-i-socis-i-salva-vides-innocents\/\" target=\"_blank\" rel=\"noopener\" title=\"Socis &amp; S\u00f2cies\">Socis &amp; S\u00f2cies<\/a><\/h4>\n\n\n\n<p class=\"has-text-align-center\">Visita guiada gratu\u00efta<br>10\u20ac de descompte a l&#8217;Experi\u00e8ncia animal<\/p>\n\n\n\n<div class=\"wp-block-buttons is-layout-flex wp-block-buttons-is-layout-flex\">\n<div class=\"wp-block-button has-custom-width wp-block-button__width-100\"><a class=\"wp-block-button__link wp-element-button\" href=\"https:\/\/zoodelpirineu.com\/donacion\/beneficios-para-donantes\/\" style=\"border-radius:0px\">Coneix tots beneficis de ser soci o s\u00f2cia<\/a><\/div>\n<\/div>\n<\/div>\n\n\n\n<div class=\"wp-block-column is-vertically-aligned-top is-layout-flow wp-block-column-is-layout-flow\" style=\"flex-basis:15%\"><\/div>\n<\/div>\n\n\n\n<div style=\"height:40px\" aria-hidden=\"true\" class=\"wp-block-spacer\"><\/div>\n\n\n\n<h2 class=\"wp-block-heading has-text-align-center\">Descomptes disponibles durant tot l&#8217;any<\/h2>\n\n\n\n<div class=\"wp-block-columns is-layout-flex wp-container-core-columns-is-layout-9d6595d7 wp-block-columns-is-layout-flex\">\n<div class=\"wp-block-column has-background is-layout-flow wp-block-column-is-layout-flow\" style=\"background-color:#fef7fa\">\n<figure class=\"wp-block-image size-full\"><a href=\"https:\/\/visitar.zoodelpirineu.com\/ofertes\/discapacitat\/\" target=\"_blank\" rel=\"Descomptes amb discapacitat en el Zoo del Pirineu a Catalunya noopener\"><img loading=\"lazy\" decoding=\"async\" width=\"800\" height=\"600\" src=\"https:\/\/visitar.zoodelpirineu.com\/wp-content\/uploads\/2021\/11\/Oferta-pels-discapacitats.jpg\" alt=\"Ofertes amb carnet de discapacitat\" class=\"wp-image-853\" srcset=\"https:\/\/visitar.zoodelpirineu.com\/wp-content\/uploads\/2021\/11\/Oferta-pels-discapacitats.jpg 800w, https:\/\/visitar.zoodelpirineu.com\/wp-content\/uploads\/2021\/11\/Oferta-pels-discapacitats-300x225.jpg 300w, https:\/\/visitar.zoodelpirineu.com\/wp-content\/uploads\/2021\/11\/Oferta-pels-discapacitats-768x576.jpg 768w\" sizes=\"auto, (max-width: 800px) 100vw, 800px\" \/><\/a><\/figure>\n\n\n\n<p class=\"has-text-align-center\"><a href=\"https:\/\/visitar.zoodelpirineu.com\/ca\/descomptes\/discapacitat\/\" target=\"_blank\" rel=\"noopener\" title=\"Discapacitat\">Discapacitat<\/a><\/p>\n<\/div>\n\n\n\n<div class=\"wp-block-column has-background is-layout-flow wp-block-column-is-layout-flow\" style=\"background-color:#fef7fa\">\n<figure class=\"wp-block-image size-full\"><img loading=\"lazy\" decoding=\"async\" width=\"800\" height=\"600\" src=\"https:\/\/visitar.zoodelpirineu.com\/wp-content\/uploads\/2021\/12\/Oferta-amb-carnet-docent.jpg\" alt=\"Oferta entrada gratu\u00efta carnet docent\" class=\"wp-image-954\" srcset=\"https:\/\/visitar.zoodelpirineu.com\/wp-content\/uploads\/2021\/12\/Oferta-amb-carnet-docent.jpg 800w, https:\/\/visitar.zoodelpirineu.com\/wp-content\/uploads\/2021\/12\/Oferta-amb-carnet-docent-300x225.jpg 300w, https:\/\/visitar.zoodelpirineu.com\/wp-content\/uploads\/2021\/12\/Oferta-amb-carnet-docent-768x576.jpg 768w\" sizes=\"auto, (max-width: 800px) 100vw, 800px\" \/><\/figure>\n\n\n\n<p class=\"has-text-align-center\"><a href=\"https:\/\/educando.zoodelpirineu.com\/descompte-amb-carnet-docent\/\" target=\"_blank\" rel=\"noopener\" title=\"\">Descompte amb Carnet Docent<\/a><\/p>\n<\/div>\n\n\n\n<div class=\"wp-block-column has-background is-layout-flow wp-block-column-is-layout-flow\" style=\"background-color:#fef7fa\">\n<figure class=\"wp-block-image size-full\"><a href=\"https:\/\/visitar.zoodelpirineu.com\/ofertes\/carnet-jove\/\" target=\"_blank\" rel=\"2x1 amb Carnet Jove noopener\"><img loading=\"lazy\" decoding=\"async\" width=\"800\" height=\"600\" src=\"https:\/\/visitar.zoodelpirineu.com\/wp-content\/uploads\/2021\/12\/Carnet-Jove.jpg\" alt=\"Oferta de 2x1 amb carnet jove\" class=\"wp-image-957\" srcset=\"https:\/\/visitar.zoodelpirineu.com\/wp-content\/uploads\/2021\/12\/Carnet-Jove.jpg 800w, https:\/\/visitar.zoodelpirineu.com\/wp-content\/uploads\/2021\/12\/Carnet-Jove-300x225.jpg 300w, https:\/\/visitar.zoodelpirineu.com\/wp-content\/uploads\/2021\/12\/Carnet-Jove-768x576.jpg 768w\" sizes=\"auto, (max-width: 800px) 100vw, 800px\" \/><\/a><\/figure>\n\n\n\n<p class=\"has-text-align-center\"><a href=\"https:\/\/visitar.zoodelpirineu.com\/ca\/descomptes\/carnet-jove\/\" target=\"_blank\" rel=\"noopener\" title=\"Carnet Jove\">Carnet Jove<\/a><\/p>\n<\/div>\n\n\n\n<div class=\"wp-block-column has-background is-layout-flow wp-block-column-is-layout-flow\" style=\"background-color:#fef7fa\">\n<figure class=\"wp-block-image size-full\"><img loading=\"lazy\" decoding=\"async\" width=\"800\" height=\"600\" src=\"https:\/\/visitar.zoodelpirineu.com\/wp-content\/uploads\/2021\/12\/Familia-nombrosa.jpg\" alt=\"Descompte per fam\u00edlia nombrosa\" class=\"wp-image-960\" srcset=\"https:\/\/visitar.zoodelpirineu.com\/wp-content\/uploads\/2021\/12\/Familia-nombrosa.jpg 800w, https:\/\/visitar.zoodelpirineu.com\/wp-content\/uploads\/2021\/12\/Familia-nombrosa-300x225.jpg 300w, https:\/\/visitar.zoodelpirineu.com\/wp-content\/uploads\/2021\/12\/Familia-nombrosa-768x576.jpg 768w\" sizes=\"auto, (max-width: 800px) 100vw, 800px\" \/><\/figure>\n\n\n\n<p class=\"has-text-align-center\">Fam\u00edlia nombrosa<br>15% de descompte<br>Codi: <strong>FamNom<\/strong><\/p>\n<\/div>\n\n\n\n<div class=\"wp-block-column has-background is-layout-flow wp-block-column-is-layout-flow\" style=\"background-color:#fef7fa\">\n<figure class=\"wp-block-image size-full\"><img loading=\"lazy\" decoding=\"async\" width=\"800\" height=\"600\" src=\"https:\/\/visitar.zoodelpirineu.com\/wp-content\/uploads\/2021\/12\/Familia-monoparental.jpg\" alt=\"Ofertes per fam\u00edlies monoparentals\" class=\"wp-image-963\" srcset=\"https:\/\/visitar.zoodelpirineu.com\/wp-content\/uploads\/2021\/12\/Familia-monoparental.jpg 800w, https:\/\/visitar.zoodelpirineu.com\/wp-content\/uploads\/2021\/12\/Familia-monoparental-300x225.jpg 300w, https:\/\/visitar.zoodelpirineu.com\/wp-content\/uploads\/2021\/12\/Familia-monoparental-768x576.jpg 768w\" sizes=\"auto, (max-width: 800px) 100vw, 800px\" \/><\/figure>\n\n\n\n<p class=\"has-text-align-center\">Fam\u00edlia monoparental<br>15% de descompte<br>Codi: <strong>Fam1<\/strong><\/p>\n<\/div>\n\n\n\n<div class=\"wp-block-column has-background is-layout-flow wp-block-column-is-layout-flow\" style=\"background-color:#fef7fa\">\n<figure class=\"wp-block-image size-full\"><img loading=\"lazy\" decoding=\"async\" width=\"800\" height=\"600\" src=\"https:\/\/visitar.zoodelpirineu.com\/wp-content\/uploads\/2021\/12\/Solsones-Catalunya.jpg\" alt=\"Descompte si t'allotges a Solson\u00e8s\" class=\"wp-image-966\" srcset=\"https:\/\/visitar.zoodelpirineu.com\/wp-content\/uploads\/2021\/12\/Solsones-Catalunya.jpg 800w, https:\/\/visitar.zoodelpirineu.com\/wp-content\/uploads\/2021\/12\/Solsones-Catalunya-300x225.jpg 300w, https:\/\/visitar.zoodelpirineu.com\/wp-content\/uploads\/2021\/12\/Solsones-Catalunya-768x576.jpg 768w\" sizes=\"auto, (max-width: 800px) 100vw, 800px\" \/><\/figure>\n\n\n\n<p class=\"has-text-align-center\"><a href=\"https:\/\/visitar.zoodelpirineu.com\/ca\/descomptes\/descompte-turisme-rural\/\" target=\"_blank\" rel=\"noopener\" title=\"\">Si fas estada al Solson\u00e8s<\/a><\/p>\n<\/div>\n<\/div>\n\n\n\n<div style=\"height:25px\" aria-hidden=\"true\" class=\"wp-block-spacer\"><\/div>\n\n\n\n<h3 class=\"wp-block-heading has-text-align-center\">Activitats a les quals pots aplicar aquests descomptes<\/h3>\n\n\n\n<div class=\"wp-block-columns is-layout-flex wp-container-core-columns-is-layout-9d6595d7 wp-block-columns-is-layout-flex\">\n<div class=\"wp-block-column is-layout-flow wp-block-column-is-layout-flow\" style=\"flex-basis:25%\"><\/div>\n\n\n\n<div class=\"wp-block-column has-background is-layout-flow wp-block-column-is-layout-flow\" style=\"background-color:#fef7fa;flex-basis:25%\">\n<figure class=\"wp-block-image size-full\"><img loading=\"lazy\" decoding=\"async\" width=\"800\" height=\"600\" src=\"https:\/\/visitar.zoodelpirineu.com\/wp-content\/uploads\/2021\/11\/Visita-guiada.jpg\" alt=\"Ofertes per la visita guiada\" class=\"wp-image-563\" srcset=\"https:\/\/visitar.zoodelpirineu.com\/wp-content\/uploads\/2021\/11\/Visita-guiada.jpg 800w, https:\/\/visitar.zoodelpirineu.com\/wp-content\/uploads\/2021\/11\/Visita-guiada-300x225.jpg 300w, https:\/\/visitar.zoodelpirineu.com\/wp-content\/uploads\/2021\/11\/Visita-guiada-768x576.jpg 768w\" sizes=\"auto, (max-width: 800px) 100vw, 800px\" \/><\/figure>\n\n\n\n<p class=\"has-text-align-center\"><a href=\"https:\/\/visitar.zoodelpirineu.com\/ca\/activitats-amb-animals\/visita-guiada\/\" target=\"_blank\" rel=\"noopener\" title=\"Visita guiada\">Visita guiada<\/a><\/p>\n<\/div>\n\n\n\n<div class=\"wp-block-column has-background is-layout-flow wp-block-column-is-layout-flow\" style=\"background-color:#fef7fa;flex-basis:25%\">\n<figure class=\"wp-block-image size-full\"><img loading=\"lazy\" decoding=\"async\" width=\"800\" height=\"600\" src=\"https:\/\/visitar.zoodelpirineu.com\/wp-content\/uploads\/2021\/11\/Normes-exhibicio-aus-rapinyaires.jpg\" alt=\"Descomptes per exhibici\u00f3 de aus rapinyaires a Catalunya\" class=\"wp-image-685\" srcset=\"https:\/\/visitar.zoodelpirineu.com\/wp-content\/uploads\/2021\/11\/Normes-exhibicio-aus-rapinyaires.jpg 800w, https:\/\/visitar.zoodelpirineu.com\/wp-content\/uploads\/2021\/11\/Normes-exhibicio-aus-rapinyaires-300x225.jpg 300w, https:\/\/visitar.zoodelpirineu.com\/wp-content\/uploads\/2021\/11\/Normes-exhibicio-aus-rapinyaires-768x576.jpg 768w\" sizes=\"auto, (max-width: 800px) 100vw, 800px\" \/><\/figure>\n\n\n\n<p class=\"has-text-align-center\"><a href=\"https:\/\/visitar.zoodelpirineu.com\/ca\/activitats-amb-animals\/exhibicio-aus-rapinyaires\/\" target=\"_blank\" rel=\"noopener\" title=\"Exhibici\u00f3 de vol de aus rapinyaires\">Exhibici\u00f3 de vol d&#8217;aus rapinyaires<\/a><\/p>\n<\/div>\n\n\n\n<div class=\"wp-block-column is-layout-flow wp-block-column-is-layout-flow\" style=\"flex-basis:25%\"><\/div>\n<\/div>\n\n\n\n<div style=\"height:50px\" aria-hidden=\"true\" class=\"wp-block-spacer\"><\/div>\n\n\n\n<div class=\"wp-block-cover\"><span aria-hidden=\"true\" class=\"wp-block-cover__background has-contrast-2-background-color has-background-dim-100 has-background-dim\"><\/span><div class=\"wp-block-cover__inner-container is-layout-flow wp-block-cover-is-layout-flow\">\n<div style=\"height:40px\" aria-hidden=\"true\" class=\"wp-block-spacer\"><\/div>\n\n\n\n<h2 class=\"wp-block-heading has-text-align-center\">Com aplicar descomptes quan compres les entrades en l\u00ednia?<\/h2>\n\n\n\n<div class=\"wp-block-columns is-layout-flex wp-container-core-columns-is-layout-9d6595d7 wp-block-columns-is-layout-flex\">\n<div class=\"wp-block-column is-layout-flow wp-block-column-is-layout-flow\" style=\"flex-basis:5%\"><\/div>\n\n\n\n<div class=\"wp-block-column is-layout-flow wp-block-column-is-layout-flow\" style=\"flex-basis:10%\">\n<div class=\"wp-block-buttons is-layout-flex wp-block-buttons-is-layout-flex\"><\/div>\n\n\n<div class=\"wp-block-image\">\n<figure class=\"aligncenter size-thumbnail is-resized\"><img loading=\"lazy\" decoding=\"async\" width=\"150\" height=\"150\" src=\"https:\/\/visitar.zoodelpirineu.com\/wp-content\/uploads\/2023\/01\/Escojer-descuento-picto-150x150.png\" alt=\"\" class=\"wp-image-3493\" style=\"width:75px;height:75px\" srcset=\"https:\/\/visitar.zoodelpirineu.com\/wp-content\/uploads\/2023\/01\/Escojer-descuento-picto-150x150.png 150w, https:\/\/visitar.zoodelpirineu.com\/wp-content\/uploads\/2023\/01\/Escojer-descuento-picto-300x300.png 300w, https:\/\/visitar.zoodelpirineu.com\/wp-content\/uploads\/2023\/01\/Escojer-descuento-picto.png 512w\" sizes=\"auto, (max-width: 150px) 100vw, 150px\" \/><\/figure>\n<\/div><\/div>\n\n\n\n<div class=\"wp-block-column is-layout-flow wp-block-column-is-layout-flow\">\n<p>Els descomptes no s\u00f3n acumulables. En altres paraules: <strong>no pots combinar 2 tipus de descompte<\/strong>. Escull el que et surti m\u00e9s a compte.<\/p>\n<\/div>\n\n\n\n<div class=\"wp-block-column is-layout-flow wp-block-column-is-layout-flow\" style=\"flex-basis:5%\"><\/div>\n\n\n\n<div class=\"wp-block-column is-layout-flow wp-block-column-is-layout-flow\" style=\"flex-basis:10%\">\n<div class=\"wp-block-buttons is-layout-flex wp-block-buttons-is-layout-flex\"><\/div>\n\n\n<div class=\"wp-block-image\">\n<figure class=\"aligncenter size-thumbnail is-resized\"><img loading=\"lazy\" decoding=\"async\" width=\"150\" height=\"150\" src=\"https:\/\/visitar.zoodelpirineu.com\/wp-content\/uploads\/2022\/12\/Picto-legado-150x150.png\" alt=\"Document \" class=\"wp-image-3010\" style=\"width:75px;height:75px\" srcset=\"https:\/\/visitar.zoodelpirineu.com\/wp-content\/uploads\/2022\/12\/Picto-legado-150x150.png 150w, https:\/\/visitar.zoodelpirineu.com\/wp-content\/uploads\/2022\/12\/Picto-legado-300x300.png 300w, https:\/\/visitar.zoodelpirineu.com\/wp-content\/uploads\/2022\/12\/Picto-legado.png 512w\" sizes=\"auto, (max-width: 150px) 100vw, 150px\" \/><\/figure>\n<\/div><\/div>\n\n\n\n<div class=\"wp-block-column is-layout-flow wp-block-column-is-layout-flow\">\n<p>El dia de la teva visita haur\u00e0s d&#8217;ensenyar el document que acredita el teu dret per acollir-te al descompte.<\/p>\n<\/div>\n\n\n\n<div class=\"wp-block-column is-layout-flow wp-block-column-is-layout-flow\" style=\"flex-basis:5%\"><\/div>\n<\/div>\n\n\n\n<div class=\"wp-block-columns is-layout-flex wp-container-core-columns-is-layout-9d6595d7 wp-block-columns-is-layout-flex\">\n<div class=\"wp-block-column is-layout-flow wp-block-column-is-layout-flow\" style=\"flex-basis:5%\"><\/div>\n\n\n\n<div class=\"wp-block-column is-layout-flow wp-block-column-is-layout-flow\" style=\"flex-basis:10%\">\n<div class=\"wp-block-buttons is-layout-flex wp-block-buttons-is-layout-flex\"><\/div>\n\n\n<div class=\"wp-block-image\">\n<figure class=\"aligncenter size-thumbnail is-resized\"><img loading=\"lazy\" decoding=\"async\" width=\"150\" height=\"150\" src=\"https:\/\/visitar.zoodelpirineu.com\/wp-content\/uploads\/2022\/12\/Picto-valor-150x150.png\" alt=\"\" class=\"wp-image-3023\" style=\"width:75px;height:75px\" srcset=\"https:\/\/visitar.zoodelpirineu.com\/wp-content\/uploads\/2022\/12\/Picto-valor-150x150.png 150w, https:\/\/visitar.zoodelpirineu.com\/wp-content\/uploads\/2022\/12\/Picto-valor-300x300.png 300w, https:\/\/visitar.zoodelpirineu.com\/wp-content\/uploads\/2022\/12\/Picto-valor.png 512w\" sizes=\"auto, (max-width: 150px) 100vw, 150px\" \/><\/figure>\n<\/div><\/div>\n\n\n\n<div class=\"wp-block-column is-layout-flow wp-block-column-is-layout-flow\">\n<p><strong>Si no portes<\/strong> el document acreditatiu o si el document no justifica el descompte per tots els visitants  <strong>haur\u00e0s de pagar la difer\u00e8ncia<\/strong> a la taquilla.<\/p>\n<\/div>\n\n\n\n<div class=\"wp-block-column is-layout-flow wp-block-column-is-layout-flow\" style=\"flex-basis:5%\"><\/div>\n\n\n\n<div class=\"wp-block-column is-layout-flow wp-block-column-is-layout-flow\" style=\"flex-basis:10%\">\n<div class=\"wp-block-buttons is-layout-flex wp-block-buttons-is-layout-flex\"><\/div>\n\n\n<div class=\"wp-block-image\">\n<figure class=\"aligncenter size-thumbnail is-resized\"><img loading=\"lazy\" decoding=\"async\" width=\"150\" height=\"150\" src=\"https:\/\/visitar.zoodelpirineu.com\/wp-content\/uploads\/2023\/01\/Proteccio-de-natura-picto-150x150.png\" alt=\"\" class=\"wp-image-3496\" style=\"width:75px;height:75px\" srcset=\"https:\/\/visitar.zoodelpirineu.com\/wp-content\/uploads\/2023\/01\/Proteccio-de-natura-picto-150x150.png 150w, https:\/\/visitar.zoodelpirineu.com\/wp-content\/uploads\/2023\/01\/Proteccio-de-natura-picto-300x300.png 300w, https:\/\/visitar.zoodelpirineu.com\/wp-content\/uploads\/2023\/01\/Proteccio-de-natura-picto.png 512w\" sizes=\"auto, (max-width: 150px) 100vw, 150px\" \/><\/figure>\n<\/div><\/div>\n\n\n\n<div class=\"wp-block-column is-layout-flow wp-block-column-is-layout-flow\">\n<p>100% de les entrades es destinaran al rescat dels animals salvatges i al benestar d&#8217;animals que habiten el refugi de per vida.<\/p>\n<\/div>\n\n\n\n<div class=\"wp-block-column is-layout-flow wp-block-column-is-layout-flow\" style=\"flex-basis:5%\"><\/div>\n<\/div>\n\n\n\n<div class=\"wp-block-columns is-layout-flex wp-container-core-columns-is-layout-9d6595d7 wp-block-columns-is-layout-flex\">\n<div class=\"wp-block-column is-layout-flow wp-block-column-is-layout-flow\" style=\"flex-basis:5%\"><\/div>\n\n\n\n<div class=\"wp-block-column is-layout-flow wp-block-column-is-layout-flow\" style=\"flex-basis:10%\">\n<div class=\"wp-block-buttons is-layout-flex wp-block-buttons-is-layout-flex\"><\/div>\n\n\n<div class=\"wp-block-image\">\n<figure class=\"aligncenter size-thumbnail is-resized\"><a href=\"https:\/\/visitar.zoodelpirineu.com\/ca\/contacte\/\"><img loading=\"lazy\" decoding=\"async\" width=\"150\" height=\"150\" src=\"https:\/\/visitar.zoodelpirineu.com\/wp-content\/uploads\/2023\/01\/Contacto-picto-150x150.png\" alt=\"Tel\u00e9fono picto \" class=\"wp-image-3373\" style=\"width:75px;height:75px\" srcset=\"https:\/\/visitar.zoodelpirineu.com\/wp-content\/uploads\/2023\/01\/Contacto-picto-150x150.png 150w, https:\/\/visitar.zoodelpirineu.com\/wp-content\/uploads\/2023\/01\/Contacto-picto-300x300.png 300w, https:\/\/visitar.zoodelpirineu.com\/wp-content\/uploads\/2023\/01\/Contacto-picto.png 512w\" sizes=\"auto, (max-width: 150px) 100vw, 150px\" \/><\/a><\/figure>\n<\/div><\/div>\n\n\n\n<div class=\"wp-block-column is-layout-flow wp-block-column-is-layout-flow\">\n<p>Si tens dubtes, posa&#8217;t en contacte amb nosaltres. Estarem encantats d&#8217;ajudar-te.<\/p>\n<\/div>\n\n\n\n<div class=\"wp-block-column is-layout-flow wp-block-column-is-layout-flow\" style=\"flex-basis:5%\"><\/div>\n\n\n\n<div class=\"wp-block-column is-layout-flow wp-block-column-is-layout-flow\"><\/div>\n\n\n\n<div class=\"wp-block-column is-layout-flow wp-block-column-is-layout-flow\" style=\"flex-basis:5%\"><\/div>\n<\/div>\n<\/div><\/div>\n\n\n\n<div style=\"height:50px\" aria-hidden=\"true\" class=\"wp-block-spacer\"><\/div>\n\n\n\n<div class=\"wp-block-cover is-light\" style=\"min-height:403px;aspect-ratio:unset;\"><img loading=\"lazy\" decoding=\"async\" width=\"1920\" height=\"600\" class=\"wp-block-cover__image-background wp-image-535\" alt=\"\" src=\"https:\/\/visitar.zoodelpirineu.com\/wp-content\/uploads\/2021\/11\/Oliba-2.jpg\" data-object-fit=\"cover\" srcset=\"https:\/\/visitar.zoodelpirineu.com\/wp-content\/uploads\/2021\/11\/Oliba-2.jpg 1920w, https:\/\/visitar.zoodelpirineu.com\/wp-content\/uploads\/2021\/11\/Oliba-2-300x94.jpg 300w, https:\/\/visitar.zoodelpirineu.com\/wp-content\/uploads\/2021\/11\/Oliba-2-1024x320.jpg 1024w, https:\/\/visitar.zoodelpirineu.com\/wp-content\/uploads\/2021\/11\/Oliba-2-768x240.jpg 768w, https:\/\/visitar.zoodelpirineu.com\/wp-content\/uploads\/2021\/11\/Oliba-2-1536x480.jpg 1536w\" sizes=\"auto, (max-width: 1920px) 100vw, 1920px\" \/><span aria-hidden=\"true\" class=\"wp-block-cover__background has-background-dim\"><\/span><div class=\"wp-block-cover__inner-container is-layout-flow wp-block-cover-is-layout-flow\">\n<p class=\"has-text-align-center has-base-3-color has-text-color has-large-font-size\">El Zoo del Pirineu t&#8217;ofereix una gran varietat de descomptes.<br>A m\u00e9s pots gaudir de les ofertes puntuals.<\/p>\n\n\n\n<div class=\"wp-block-columns has-base-3-color has-text-color is-layout-flex wp-container-core-columns-is-layout-9d6595d7 wp-block-columns-is-layout-flex\">\n<div class=\"wp-block-column is-layout-flow wp-block-column-is-layout-flow\"><\/div>\n\n\n\n<div class=\"wp-block-column is-layout-flow wp-block-column-is-layout-flow\">\n<div class=\"wp-block-buttons is-layout-flex wp-block-buttons-is-layout-flex\">\n<div class=\"wp-block-button has-custom-width wp-block-button__width-100 is-style-outline is-style-outline--2\"><a class=\"wp-block-button__link wp-element-button\" href=\"http:\/\/eepurl.com\/igrGuD\" target=\"_blank\" rel=\"noreferrer noopener\">Vull estar al corrent sobre les ofertes puntuals del Zoo del Pirineu.<\/a><\/div>\n<\/div>\n<\/div>\n\n\n\n<div class=\"wp-block-column is-layout-flow wp-block-column-is-layout-flow\"><\/div>\n<\/div>\n<\/div><\/div>\n","protected":false},"excerpt":{"rendered":"<p>Descomptes pels socis del Zoo del Pirineu Socis &amp; S\u00f2cies Visita guiada gratu\u00efta10\u20ac de descompte a l&#8217;Experi\u00e8ncia animal Descomptes disponibles durant tot l&#8217;any Discapacitat Descompte amb Carnet Docent Carnet Jove Fam\u00edlia nombrosa15% de descompteCodi: FamNom Fam\u00edlia monoparental15% de descompteCodi: Fam1 Si fas estada al Solson\u00e8s Activitats a les quals pots aplicar aquests descomptes Visita guiada &#8230; <a title=\"Descomptes\" class=\"read-more\" href=\"https:\/\/visitar.zoodelpirineu.com\/ca\/descomptes\/\" aria-label=\"M\u00e9s informaci\u00f3 sobre Descomptes\">Read more<\/a><\/p>\n","protected":false},"author":1,"featured_media":198,"parent":0,"menu_order":0,"comment_status":"closed","ping_status":"closed","template":"","meta":{"_monsterinsights_skip_tracking":false,"_monsterinsights_sitenote_active":false,"_monsterinsights_sitenote_note":"","_monsterinsights_sitenote_category":0,"footnotes":""},"class_list":{"0":"post-25","1":"page","2":"type-page","3":"status-publish","4":"has-post-thumbnail","6":"infinite-scroll-item"},"aioseo_notices":[],"_links":{"self":[{"href":"https:\/\/visitar.zoodelpirineu.com\/ca\/wp-json\/wp\/v2\/pages\/25","targetHints":{"allow":["GET"]}}],"collection":[{"href":"https:\/\/visitar.zoodelpirineu.com\/ca\/wp-json\/wp\/v2\/pages"}],"about":[{"href":"https:\/\/visitar.zoodelpirineu.com\/ca\/wp-json\/wp\/v2\/types\/page"}],"author":[{"embeddable":true,"href":"https:\/\/visitar.zoodelpirineu.com\/ca\/wp-json\/wp\/v2\/users\/1"}],"replies":[{"embeddable":true,"href":"https:\/\/visitar.zoodelpirineu.com\/ca\/wp-json\/wp\/v2\/comments?post=25"}],"version-history":[{"count":50,"href":"https:\/\/visitar.zoodelpirineu.com\/ca\/wp-json\/wp\/v2\/pages\/25\/revisions"}],"predecessor-version":[{"id":6741,"href":"https:\/\/visitar.zoodelpirineu.com\/ca\/wp-json\/wp\/v2\/pages\/25\/revisions\/6741"}],"wp:featuredmedia":[{"embeddable":true,"href":"https:\/\/visitar.zoodelpirineu.com\/ca\/wp-json\/wp\/v2\/media\/198"}],"wp:attachment":[{"href":"https:\/\/visitar.zoodelpirineu.com\/ca\/wp-json\/wp\/v2\/media?parent=25"}],"curies":[{"name":"wp","href":"https:\/\/api.w.org\/{rel}","templated":true}]}}