{"id":2772,"date":"2022-09-15T17:15:05","date_gmt":"2022-09-15T16:15:05","guid":{"rendered":"https:\/\/visitar.zoodelpirineu.com\/?page_id=2772"},"modified":"2024-02-05T16:50:50","modified_gmt":"2024-02-05T15:50:50","slug":"combina-activitats-de-la-zona","status":"publish","type":"page","link":"https:\/\/visitar.zoodelpirineu.com\/ca\/planifica-la-teva-visita-al-zoo\/combina-activitats-de-la-zona\/","title":{"rendered":"Combina activitats de la zona"},"content":{"rendered":"\n<p>Et convidem a gaudir del magn\u00edfic entorn natural del Zoo del Pirineu. Aprofita el teu viatge i queda&#8217;t una mica m\u00e9s. No te&#8217;n penedir\u00e0s. A part de la nostra oferta hi ha altres establiments que ofereixen activitats de tot tipus i de diferents preus. Escull altres programes pels altres dies que s\u2019adeq\u00fcin a les teves necessitats i el teu pressupost. Si gaudeixes d&#8217;alguna d&#8217;aquestes activitats en els establiments que trobar\u00e0s a continuaci\u00f3 podr\u00e0s gaudir d\u2019un&nbsp;<a href=\"https:\/\/visitar.zoodelpirineu.com\/ofertes\/descompte-turisme-rural\/\" target=\"_blank\" rel=\"noreferrer noopener\">20% de descompte<\/a>&nbsp;a l\u2019entrada al Zoo del Pirineu.<\/p>\n\n\n\n<div style=\"height:30px\" aria-hidden=\"true\" id=\"camping\" class=\"wp-block-spacer\"><\/div>\n\n\n\n<h2 class=\"wp-block-heading\" id=\"descansar\">Activitats, de m\u00e9s a prop a m\u00e9s lluny del zoo<\/h2>\n\n\n\n<div class=\"wp-block-columns is-not-stacked-on-mobile is-layout-flex wp-container-core-columns-is-layout-9d6595d7 wp-block-columns-is-layout-flex\">\n<div class=\"wp-block-column is-layout-flow wp-block-column-is-layout-flow\" style=\"flex-basis:25%\">\n<figure class=\"wp-block-image size-full\"><img loading=\"lazy\" decoding=\"async\" width=\"320\" height=\"213\" src=\"https:\/\/visitar.zoodelpirineu.com\/wp-content\/uploads\/2024\/02\/Logo-Vall-de-Lord.jpg\" alt=\"\" class=\"wp-image-5267\" srcset=\"https:\/\/visitar.zoodelpirineu.com\/wp-content\/uploads\/2024\/02\/Logo-Vall-de-Lord.jpg 320w, https:\/\/visitar.zoodelpirineu.com\/wp-content\/uploads\/2024\/02\/Logo-Vall-de-Lord-300x200.jpg 300w\" sizes=\"auto, (max-width: 320px) 100vw, 320px\" \/><\/figure>\n\n\n\n<p><a href=\"http:\/\/www.lavalldelord.com\/\" target=\"_blank\" rel=\"noopener\" title=\"Oficina de Turisme Vall de Lord - 14,5 km\">Oficina de Turisme Vall de Lord &#8211; 14,5 km<\/a> (excl\u00f2s de la oferta)<\/p>\n<\/div>\n\n\n\n<div class=\"wp-block-column is-layout-flow wp-block-column-is-layout-flow\" style=\"flex-basis:25%\">\n<figure class=\"wp-block-image size-full\"><img loading=\"lazy\" decoding=\"async\" width=\"860\" height=\"536\" src=\"https:\/\/visitar.zoodelpirineu.com\/wp-content\/uploads\/2022\/09\/166-860x536-1.jpg\" alt=\"\" class=\"wp-image-2773\" srcset=\"https:\/\/visitar.zoodelpirineu.com\/wp-content\/uploads\/2022\/09\/166-860x536-1.jpg 860w, https:\/\/visitar.zoodelpirineu.com\/wp-content\/uploads\/2022\/09\/166-860x536-1-300x187.jpg 300w, https:\/\/visitar.zoodelpirineu.com\/wp-content\/uploads\/2022\/09\/166-860x536-1-768x479.jpg 768w\" sizes=\"auto, (max-width: 860px) 100vw, 860px\" \/><\/figure>\n\n\n\n<p><a href=\"http:\/\/salidecambrils.cat\/ca\/\" target=\"_blank\" rel=\"noopener\" title=\"El Sal\u00ed de Cambrils - 15 km\">El Sal\u00ed de Cambrils &#8211; 15 km<\/a><\/p>\n<\/div>\n\n\n\n<div class=\"wp-block-column is-layout-flow wp-block-column-is-layout-flow\" style=\"flex-basis:25%\">\n<figure class=\"wp-block-image size-full\"><img loading=\"lazy\" decoding=\"async\" width=\"320\" height=\"213\" src=\"https:\/\/visitar.zoodelpirineu.com\/wp-content\/uploads\/2023\/11\/Activitat-Cau-de-Llops.jpg\" alt=\"\" class=\"wp-image-4848\" srcset=\"https:\/\/visitar.zoodelpirineu.com\/wp-content\/uploads\/2023\/11\/Activitat-Cau-de-Llops.jpg 320w, https:\/\/visitar.zoodelpirineu.com\/wp-content\/uploads\/2023\/11\/Activitat-Cau-de-Llops-300x200.jpg 300w\" sizes=\"auto, (max-width: 320px) 100vw, 320px\" \/><\/figure>\n\n\n\n<p><a href=\"https:\/\/caudellops.com\/\" target=\"_blank\" rel=\"noopener\" title=\"Cau de Llops, gossos de trineu - 24 km\">Cau de Llops, gossos de trineu &#8211; 24 km<\/a><\/p>\n<\/div>\n\n\n\n<div class=\"wp-block-column is-layout-flow wp-block-column-is-layout-flow\" style=\"flex-basis:25%\">\n<figure class=\"wp-block-image size-full\"><img loading=\"lazy\" decoding=\"async\" width=\"320\" height=\"213\" src=\"https:\/\/visitar.zoodelpirineu.com\/wp-content\/uploads\/2023\/11\/Solsona-Experience.jpg\" alt=\"\" class=\"wp-image-4870\" srcset=\"https:\/\/visitar.zoodelpirineu.com\/wp-content\/uploads\/2023\/11\/Solsona-Experience.jpg 320w, https:\/\/visitar.zoodelpirineu.com\/wp-content\/uploads\/2023\/11\/Solsona-Experience-300x200.jpg 300w\" sizes=\"auto, (max-width: 320px) 100vw, 320px\" \/><\/figure>\n\n\n\n<p><a href=\"https:\/\/solsonaexperience.com\/home\" target=\"_blank\" rel=\"noopener\" title=\"Solsona Experience - 28,7 km\">Solsona Experience &#8211; 28,7 km<\/a><\/p>\n<\/div>\n<\/div>\n\n\n\n<div class=\"wp-block-columns is-not-stacked-on-mobile is-layout-flex wp-container-core-columns-is-layout-9d6595d7 wp-block-columns-is-layout-flex\">\n<div class=\"wp-block-column is-layout-flow wp-block-column-is-layout-flow\" style=\"flex-basis:25%\">\n<figure class=\"wp-block-image size-full\"><img loading=\"lazy\" decoding=\"async\" width=\"320\" height=\"213\" src=\"https:\/\/visitar.zoodelpirineu.com\/wp-content\/uploads\/2023\/11\/Fundacio-Cardona-Historica.jpg\" alt=\"\" class=\"wp-image-5037\" srcset=\"https:\/\/visitar.zoodelpirineu.com\/wp-content\/uploads\/2023\/11\/Fundacio-Cardona-Historica.jpg 320w, https:\/\/visitar.zoodelpirineu.com\/wp-content\/uploads\/2023\/11\/Fundacio-Cardona-Historica-300x200.jpg 300w\" sizes=\"auto, (max-width: 320px) 100vw, 320px\" \/><\/figure>\n\n\n\n<p><a href=\"https:\/\/cardonaturisme.cat\/ca\/\" target=\"_blank\" rel=\"noopener\" title=\"Cardona Turisme - 47,9 km\">Cardona Turisme &#8211; 47,9 km<\/a><\/p>\n<\/div>\n<\/div>\n","protected":false},"excerpt":{"rendered":"<p>Et convidem a gaudir del magn\u00edfic entorn natural del Zoo del Pirineu. Aprofita el teu viatge i queda&#8217;t una mica m\u00e9s. No te&#8217;n penedir\u00e0s. A part de la nostra oferta hi ha altres establiments que ofereixen activitats de tot tipus i de diferents preus. Escull altres programes pels altres dies que s\u2019adeq\u00fcin a les teves &#8230; <a title=\"Combina activitats de la zona\" class=\"read-more\" href=\"https:\/\/visitar.zoodelpirineu.com\/ca\/planifica-la-teva-visita-al-zoo\/combina-activitats-de-la-zona\/\" aria-label=\"M\u00e9s informaci\u00f3 sobre Combina activitats de la zona\">Read more<\/a><\/p>\n","protected":false},"author":1,"featured_media":0,"parent":31,"menu_order":0,"comment_status":"closed","ping_status":"closed","template":"","meta":{"_monsterinsights_skip_tracking":false,"_monsterinsights_sitenote_active":false,"_monsterinsights_sitenote_note":"","_monsterinsights_sitenote_category":0,"footnotes":""},"class_list":{"0":"post-2772","1":"page","2":"type-page","3":"status-publish","5":"infinite-scroll-item"},"aioseo_notices":[],"_links":{"self":[{"href":"https:\/\/visitar.zoodelpirineu.com\/ca\/wp-json\/wp\/v2\/pages\/2772","targetHints":{"allow":["GET"]}}],"collection":[{"href":"https:\/\/visitar.zoodelpirineu.com\/ca\/wp-json\/wp\/v2\/pages"}],"about":[{"href":"https:\/\/visitar.zoodelpirineu.com\/ca\/wp-json\/wp\/v2\/types\/page"}],"author":[{"embeddable":true,"href":"https:\/\/visitar.zoodelpirineu.com\/ca\/wp-json\/wp\/v2\/users\/1"}],"replies":[{"embeddable":true,"href":"https:\/\/visitar.zoodelpirineu.com\/ca\/wp-json\/wp\/v2\/comments?post=2772"}],"version-history":[{"count":8,"href":"https:\/\/visitar.zoodelpirineu.com\/ca\/wp-json\/wp\/v2\/pages\/2772\/revisions"}],"predecessor-version":[{"id":5272,"href":"https:\/\/visitar.zoodelpirineu.com\/ca\/wp-json\/wp\/v2\/pages\/2772\/revisions\/5272"}],"up":[{"embeddable":true,"href":"https:\/\/visitar.zoodelpirineu.com\/ca\/wp-json\/wp\/v2\/pages\/31"}],"wp:attachment":[{"href":"https:\/\/visitar.zoodelpirineu.com\/ca\/wp-json\/wp\/v2\/media?parent=2772"}],"curies":[{"name":"wp","href":"https:\/\/api.w.org\/{rel}","templated":true}]}}