{"id":2781,"date":"2022-09-15T17:31:20","date_gmt":"2022-09-15T16:31:20","guid":{"rendered":"https:\/\/visitar.zoodelpirineu.com\/?page_id=2781"},"modified":"2025-01-08T17:24:44","modified_gmt":"2025-01-08T16:24:44","slug":"on-menjar","status":"publish","type":"page","link":"https:\/\/visitar.zoodelpirineu.com\/ca\/planifica-la-teva-visita-al-zoo\/on-menjar\/","title":{"rendered":"On menjar"},"content":{"rendered":"\n<p>Et convidem a gaudir del magn\u00edfic entorn natural del Zoo del Pirineu. Aprofita el teu viatge i queda&#8217;t una mica m\u00e9s. No te&#8217;n penedir\u00e0s. Escull on menjar entre els establiments que m\u00e9s s&#8217;adeq\u00fcin a les teves necessitats i el teu pressupost. Si pares a menjar en els establiments que trobar\u00e0s a continuaci\u00f3 podr\u00e0s gaudir d\u2019un&nbsp;<a href=\"https:\/\/visitar.zoodelpirineu.com\/ofertes\/descompte-turisme-rural\/\" target=\"_blank\" rel=\"noreferrer noopener\">20% de descompte<\/a>&nbsp;a l&#8217;entrada a la Visita guiada i l&#8217;Exhibici\u00f3 de vol al Zoo del Pirineu.<\/p>\n\n\n\n<ul style=\"font-size:18px\" class=\"wp-block-list\">\n<li><a href=\"#bars\" title=\"Bars\">Bars<\/a><\/li>\n\n\n\n<li><a href=\"#fondes\" title=\"Fondes\">Fondes<\/a><\/li>\n\n\n\n<li><a href=\"#restaurants\" title=\"Restaurants\">Restaurants<\/a><\/li>\n<\/ul>\n\n\n\n<div style=\"height:30px\" aria-hidden=\"true\" id=\"camping\" class=\"wp-block-spacer\"><\/div>\n\n\n\n<h2 class=\"wp-block-heading\" id=\"bars\">Bars<\/h2>\n\n\n\n<div class=\"wp-block-columns is-not-stacked-on-mobile is-layout-flex wp-container-core-columns-is-layout-9d6595d7 wp-block-columns-is-layout-flex\">\n<div class=\"wp-block-column is-layout-flow wp-block-column-is-layout-flow\" style=\"flex-basis:25%\">\n<figure class=\"wp-block-image size-full\"><img loading=\"lazy\" decoding=\"async\" width=\"320\" height=\"213\" src=\"https:\/\/visitar.zoodelpirineu.com\/wp-content\/uploads\/2022\/09\/WEB-fotos-petites-320-\u00d7-213-px.jpg\" alt=\"\" class=\"wp-image-2806\" srcset=\"https:\/\/visitar.zoodelpirineu.com\/wp-content\/uploads\/2022\/09\/WEB-fotos-petites-320-\u00d7-213-px.jpg 320w, https:\/\/visitar.zoodelpirineu.com\/wp-content\/uploads\/2022\/09\/WEB-fotos-petites-320-\u00d7-213-px-300x200.jpg 300w\" sizes=\"auto, (max-width: 320px) 100vw, 320px\" \/><\/figure>\n\n\n\n<p><a href=\"http:\/\/salidecambrils.cat\/ca\/\" target=\"_blank\" rel=\"noreferrer noopener\" title=\"Gastrobar la Teuleria (Sal\u00ed de Cambrils) - 15 km\">Gastrobar la Teuleria (Sal\u00ed de Cambrils) &#8211; 15 km<\/a><\/p>\n<\/div>\n\n\n\n<div class=\"wp-block-column is-layout-flow wp-block-column-is-layout-flow\" style=\"flex-basis:25%\"><\/div>\n<\/div>\n\n\n\n<div style=\"height:30px\" aria-hidden=\"true\" id=\"hotel\" class=\"wp-block-spacer\"><\/div>\n\n\n\n<h2 class=\"wp-block-heading\" id=\"fondes\">Fondes<\/h2>\n\n\n\n<div class=\"wp-block-columns is-layout-flex wp-container-core-columns-is-layout-9d6595d7 wp-block-columns-is-layout-flex\">\n<div class=\"wp-block-column is-layout-flow wp-block-column-is-layout-flow\" style=\"flex-basis:25%\">\n<figure class=\"wp-block-image size-full\"><a href=\"http:\/\/www.calagusti.net\/\"><img loading=\"lazy\" decoding=\"async\" width=\"320\" height=\"213\" src=\"https:\/\/visitar.zoodelpirineu.com\/wp-content\/uploads\/2022\/03\/fonda-cal-agusti.jpg\" alt=\"On dormir Pirineus\" class=\"wp-image-2086\" srcset=\"https:\/\/visitar.zoodelpirineu.com\/wp-content\/uploads\/2022\/03\/fonda-cal-agusti.jpg 320w, https:\/\/visitar.zoodelpirineu.com\/wp-content\/uploads\/2022\/03\/fonda-cal-agusti-300x200.jpg 300w\" sizes=\"auto, (max-width: 320px) 100vw, 320px\" \/><\/a><\/figure>\n\n\n\n<p><a href=\"http:\/\/www.calagusti.net\/\" target=\"_blank\" rel=\"noopener\" title=\"Fonda Ca l\u2019Agust\u00ed -16 km\">Fonda Ca l\u2019Agust\u00ed -16 km<\/a><\/p>\n<\/div>\n\n\n\n<div class=\"wp-block-column is-layout-flow wp-block-column-is-layout-flow\" style=\"flex-basis:25%\">\n<figure class=\"wp-block-image size-full\"><img loading=\"lazy\" decoding=\"async\" width=\"320\" height=\"213\" src=\"https:\/\/visitar.zoodelpirineu.com\/wp-content\/uploads\/2022\/03\/Fonda-Casanova-1.jpg\" alt=\"\" class=\"wp-image-2120\" srcset=\"https:\/\/visitar.zoodelpirineu.com\/wp-content\/uploads\/2022\/03\/Fonda-Casanova-1.jpg 320w, https:\/\/visitar.zoodelpirineu.com\/wp-content\/uploads\/2022\/03\/Fonda-Casanova-1-300x200.jpg 300w\" sizes=\"auto, (max-width: 320px) 100vw, 320px\" \/><\/figure>\n\n\n\n<p><a href=\"http:\/\/www.fondacasanova.com\/ca\/dormir.php\" target=\"_blank\" rel=\"noopener\" title=\"Fonda Casanova \u2013 16 km\">Fonda Casanova \u2013 16 km<\/a><\/p>\n<\/div>\n\n\n\n<div class=\"wp-block-column is-layout-flow wp-block-column-is-layout-flow\" style=\"flex-basis:25%\">\n<p><\/p>\n<\/div>\n\n\n\n<div class=\"wp-block-column is-layout-flow wp-block-column-is-layout-flow\" style=\"flex-basis:25%\">\n<p><\/p>\n<\/div>\n<\/div>\n\n\n\n<div style=\"height:30px\" aria-hidden=\"true\" id=\"hotel\" class=\"wp-block-spacer\"><\/div>\n\n\n\n<h2 class=\"wp-block-heading\" id=\"restaurants\">Restaurants<\/h2>\n\n\n\n<div class=\"wp-block-columns is-layout-flex wp-container-core-columns-is-layout-9d6595d7 wp-block-columns-is-layout-flex\">\n<div class=\"wp-block-column is-layout-flow wp-block-column-is-layout-flow\">\n<figure class=\"wp-block-image size-full\"><img loading=\"lazy\" decoding=\"async\" width=\"320\" height=\"213\" src=\"https:\/\/visitar.zoodelpirineu.com\/wp-content\/uploads\/2023\/11\/Restaurant-lAvet.jpg\" alt=\"\" class=\"wp-image-4982\" srcset=\"https:\/\/visitar.zoodelpirineu.com\/wp-content\/uploads\/2023\/11\/Restaurant-lAvet.jpg 320w, https:\/\/visitar.zoodelpirineu.com\/wp-content\/uploads\/2023\/11\/Restaurant-lAvet-300x200.jpg 300w\" sizes=\"auto, (max-width: 320px) 100vw, 320px\" \/><\/figure>\n\n\n\n<p><a href=\"https:\/\/www.hotelavet.com\/es\/restaurante\/\" target=\"_blank\" rel=\"noopener\" title=\"Restaurant (Hotel) L'Avet - 12,1 km\">Restaurant (Hotel) L&#8217;Avet &#8211; 12,1 km<\/a><\/p>\n<\/div>\n\n\n\n<div class=\"wp-block-column is-layout-flow wp-block-column-is-layout-flow\">\n<figure class=\"wp-block-image size-full\"><img loading=\"lazy\" decoding=\"async\" width=\"320\" height=\"213\" src=\"https:\/\/visitar.zoodelpirineu.com\/wp-content\/uploads\/2023\/12\/Restaurant-Refugi-del-Bages.jpg\" alt=\"\" class=\"wp-image-5131\" srcset=\"https:\/\/visitar.zoodelpirineu.com\/wp-content\/uploads\/2023\/12\/Restaurant-Refugi-del-Bages.jpg 320w, https:\/\/visitar.zoodelpirineu.com\/wp-content\/uploads\/2023\/12\/Restaurant-Refugi-del-Bages-300x200.jpg 300w\" sizes=\"auto, (max-width: 320px) 100vw, 320px\" \/><\/figure>\n\n\n\n<p><a href=\"https:\/\/www.refugibages.cat\/\" target=\"_blank\" rel=\"noopener\" title=\"Restaurant Refugi del Bages - 13,9 km\">Restaurant Refugi del Bages &#8211; 13,9 km<\/a><\/p>\n<\/div>\n\n\n\n<div class=\"wp-block-column is-layout-flow wp-block-column-is-layout-flow\">\n<figure class=\"wp-block-image size-full\"><img loading=\"lazy\" decoding=\"async\" width=\"320\" height=\"213\" src=\"https:\/\/visitar.zoodelpirineu.com\/wp-content\/uploads\/2023\/06\/Restaurant-Golf-Natura.jpg\" alt=\"\" class=\"wp-image-4542\" srcset=\"https:\/\/visitar.zoodelpirineu.com\/wp-content\/uploads\/2023\/06\/Restaurant-Golf-Natura.jpg 320w, https:\/\/visitar.zoodelpirineu.com\/wp-content\/uploads\/2023\/06\/Restaurant-Golf-Natura-300x200.jpg 300w\" sizes=\"auto, (max-width: 320px) 100vw, 320px\" \/><\/figure>\n\n\n\n<p><a href=\"\/\/hotelgolfnatura.com\/\" target=\"_blank\" rel=\"noopener\" title=\"Restaurant (Hotel) Golf Natura - 14,7 km\">Restaurant (Hotel) Golf Natura &#8211; 14,7 km<\/a><\/p>\n<\/div>\n\n\n\n<div class=\"wp-block-column is-layout-flow wp-block-column-is-layout-flow\">\n<figure class=\"wp-block-image size-full\"><img loading=\"lazy\" decoding=\"async\" width=\"320\" height=\"213\" src=\"https:\/\/visitar.zoodelpirineu.com\/wp-content\/uploads\/2025\/01\/Foto-Web-Rollers-Grill.png\" alt=\"\" class=\"wp-image-6249\" srcset=\"https:\/\/visitar.zoodelpirineu.com\/wp-content\/uploads\/2025\/01\/Foto-Web-Rollers-Grill.png 320w, https:\/\/visitar.zoodelpirineu.com\/wp-content\/uploads\/2025\/01\/Foto-Web-Rollers-Grill-300x200.png 300w\" sizes=\"auto, (max-width: 320px) 100vw, 320px\" \/><\/figure>\n\n\n\n<p><a href=\"https:\/\/www.instagram.com\/rollersgrill\/?hl=es\" target=\"_blank\" rel=\"noopener\" title=\"Restaurant Roller's Grill - 14,7 km\">Restaurant Roller&#8217;s Grill &#8211; 14,7 km<\/a><\/p>\n<\/div>\n<\/div>\n\n\n\n<div class=\"wp-block-columns is-layout-flex wp-container-core-columns-is-layout-9d6595d7 wp-block-columns-is-layout-flex\">\n<div class=\"wp-block-column is-layout-flow wp-block-column-is-layout-flow\">\n<figure class=\"wp-block-image size-full\"><img loading=\"lazy\" decoding=\"async\" width=\"320\" height=\"213\" src=\"https:\/\/visitar.zoodelpirineu.com\/wp-content\/uploads\/2023\/07\/Restaurant-Cap-del-Pla.jpg\" alt=\"\" class=\"wp-image-4645\" srcset=\"https:\/\/visitar.zoodelpirineu.com\/wp-content\/uploads\/2023\/07\/Restaurant-Cap-del-Pla.jpg 320w, https:\/\/visitar.zoodelpirineu.com\/wp-content\/uploads\/2023\/07\/Restaurant-Cap-del-Pla-300x200.jpg 300w\" sizes=\"auto, (max-width: 320px) 100vw, 320px\" \/><\/figure>\n\n\n\n<p><a href=\"https:\/\/www.tripadvisor.es\/Restaurant_Review-g2440071-d7789632-Reviews-Restaurant_Hostal_Cap_Del_Pla-Lladurs_Province_of_Lleida_Catalonia.html\" target=\"_blank\" rel=\"noopener\" title=\"Restaurant Cap del Pla - 16 km\">Restaurant Cap del Pla &#8211; 16 km<\/a><\/p>\n<\/div>\n\n\n\n<div class=\"wp-block-column is-layout-flow wp-block-column-is-layout-flow\">\n<figure class=\"wp-block-image size-full\"><img loading=\"lazy\" decoding=\"async\" width=\"320\" height=\"213\" src=\"https:\/\/visitar.zoodelpirineu.com\/wp-content\/uploads\/2023\/11\/Restaurant-Camping-La-Comella.jpg\" alt=\"\" class=\"wp-image-4952\" srcset=\"https:\/\/visitar.zoodelpirineu.com\/wp-content\/uploads\/2023\/11\/Restaurant-Camping-La-Comella.jpg 320w, https:\/\/visitar.zoodelpirineu.com\/wp-content\/uploads\/2023\/11\/Restaurant-Camping-La-Comella-300x200.jpg 300w\" sizes=\"auto, (max-width: 320px) 100vw, 320px\" \/><\/figure>\n\n\n\n<p><a href=\"https:\/\/www.campinglacomella.net\/es\/attraction\/bar-restaurante-2\/\" target=\"_blank\" rel=\"noopener\" title=\"Restaurant (C\u00e0mping) La Comella - 16,3 km\">Restaurant (C\u00e0mping) La Comella &#8211; 16,3 km<\/a><\/p>\n<\/div>\n\n\n\n<div class=\"wp-block-column is-layout-flow wp-block-column-is-layout-flow\">\n<figure class=\"wp-block-image size-full\"><img loading=\"lazy\" decoding=\"async\" width=\"320\" height=\"213\" src=\"https:\/\/visitar.zoodelpirineu.com\/wp-content\/uploads\/2023\/11\/Restaurant-Fonts-del-Cardener.jpg\" alt=\"\" class=\"wp-image-4970\" srcset=\"https:\/\/visitar.zoodelpirineu.com\/wp-content\/uploads\/2023\/11\/Restaurant-Fonts-del-Cardener.jpg 320w, https:\/\/visitar.zoodelpirineu.com\/wp-content\/uploads\/2023\/11\/Restaurant-Fonts-del-Cardener-300x200.jpg 300w\" sizes=\"auto, (max-width: 320px) 100vw, 320px\" \/><\/figure>\n\n\n\n<p><a href=\"http:\/\/www.hotelfontsdelcardener.com\/restaurant-fonts-cardener.html\" target=\"_blank\" rel=\"noopener\" title=\"Restaurant (Hotel) Fonts del Cardener - 20,9 km\">Restaurant (Hotel) Fonts del Cardener &#8211; 20,9 km<\/a><\/p>\n<\/div>\n\n\n\n<div class=\"wp-block-column is-layout-flow wp-block-column-is-layout-flow\">\n<figure class=\"wp-block-image size-full\"><img loading=\"lazy\" decoding=\"async\" width=\"320\" height=\"213\" src=\"https:\/\/visitar.zoodelpirineu.com\/wp-content\/uploads\/2023\/11\/Restaurant-Camping-El-Solsones.jpg\" alt=\"\" class=\"wp-image-4949\" srcset=\"https:\/\/visitar.zoodelpirineu.com\/wp-content\/uploads\/2023\/11\/Restaurant-Camping-El-Solsones.jpg 320w, https:\/\/visitar.zoodelpirineu.com\/wp-content\/uploads\/2023\/11\/Restaurant-Camping-El-Solsones-300x200.jpg 300w\" sizes=\"auto, (max-width: 320px) 100vw, 320px\" \/><\/figure>\n\n\n\n<p><a href=\"https:\/\/restaurant.campingsolsones.com\/inicio\/\" target=\"_blank\" rel=\"noopener\" title=\"Restaurant (C\u00e0mping) El Solson\u00e8s - 26,5 km\">Restaurant (C\u00e0mping) El Solson\u00e8s &#8211; 26,5 km<\/a><\/p>\n<\/div>\n<\/div>\n\n\n\n<div class=\"wp-block-columns is-layout-flex wp-container-core-columns-is-layout-9d6595d7 wp-block-columns-is-layout-flex\">\n<div class=\"wp-block-column is-layout-flow wp-block-column-is-layout-flow\">\n<figure class=\"wp-block-image size-full\"><img loading=\"lazy\" decoding=\"async\" width=\"320\" height=\"213\" src=\"https:\/\/visitar.zoodelpirineu.com\/wp-content\/uploads\/2024\/11\/Ca-La-Lluisa.png\" alt=\"\" class=\"wp-image-5992\" srcset=\"https:\/\/visitar.zoodelpirineu.com\/wp-content\/uploads\/2024\/11\/Ca-La-Lluisa.png 320w, https:\/\/visitar.zoodelpirineu.com\/wp-content\/uploads\/2024\/11\/Ca-La-Lluisa-300x200.png 300w\" sizes=\"auto, (max-width: 320px) 100vw, 320px\" \/><\/figure>\n\n\n\n<p><a href=\"https:\/\/www.google.com\/search?q=Cal+La+Llu%C3%AFsa+del+Peret%C3%B3+&amp;sca_esv=4739c83ae12d61ba&amp;biw=1366&amp;bih=599&amp;sxsrf=ADLYWIKCz-JIg6R6ir45zB0aip23mA1Qwg%3A1730819705922&amp;ei=eTYqZ4vhN7mGkdUPztLiyAw&amp;ved=0ahUKEwjLgfftvcWJAxU5Q6QEHU6pGMkQ4dUDCA8&amp;uact=5&amp;oq=Cal+La+Llu%C3%AFsa+del+Peret%C3%B3+&amp;gs_lp=Egxnd3Mtd2l6LXNlcnAiG0NhbCBMYSBMbHXDr3NhIGRlbCBQZXJldMOzIDIEECMYJzICECYyCBAAGIAEGKIEMggQABiABBiiBDIIEAAYgAQYogQyCBAAGIAEGKIEMggQABiABBiiBEjhD1D0DVj0DXABeACQAQCYAYoBoAGKAaoBAzAuMbgBA8gBAPgBAZgCAqAClQHCAgsQABiABBiwAxiiBJgDAIgGAZAGBZIHAzEuMaAHgwc&amp;sclient=gws-wiz-serp\" target=\"_blank\" rel=\"noopener\" title=\"Restaurant (TR) Ca La Llu\u00efsa del Peret\u00f3 - 25,3 km\">Restaurant (TR) Ca La Llu\u00efsa del Peret\u00f3 &#8211; 25,3 km<\/a><\/p>\n<\/div>\n\n\n\n<div class=\"wp-block-column is-layout-flow wp-block-column-is-layout-flow\">\n<figure class=\"wp-block-image size-full\"><img loading=\"lazy\" decoding=\"async\" width=\"320\" height=\"213\" src=\"https:\/\/visitar.zoodelpirineu.com\/wp-content\/uploads\/2022\/07\/WEB-fotos-petites-320-\u00d7-213-px.png\" alt=\"Esmorzar pels grups dels seniors.\" class=\"wp-image-2614\" srcset=\"https:\/\/visitar.zoodelpirineu.com\/wp-content\/uploads\/2022\/07\/WEB-fotos-petites-320-\u00d7-213-px.png 320w, https:\/\/visitar.zoodelpirineu.com\/wp-content\/uploads\/2022\/07\/WEB-fotos-petites-320-\u00d7-213-px-300x200.png 300w\" sizes=\"auto, (max-width: 320px) 100vw, 320px\" \/><\/figure>\n\n\n\n<p><a href=\"https:\/\/solsonaturisme.com\/on-menjar\/restaurant-crisami\/\" target=\"_blank\" rel=\"noopener\" title=\"Restaurant (Hostal) Crisami - 28,9 km\">Restaurant (Hostal) Crisami &#8211; 28,9 km<\/a><\/p>\n<\/div>\n\n\n\n<div class=\"wp-block-column is-layout-flow wp-block-column-is-layout-flow\">\n<figure class=\"wp-block-image size-full\"><img loading=\"lazy\" decoding=\"async\" width=\"320\" height=\"213\" src=\"https:\/\/visitar.zoodelpirineu.com\/wp-content\/uploads\/2023\/11\/Restaurant-El-Buffi-Sant-Roc.jpg\" alt=\"\" class=\"wp-image-4958\" srcset=\"https:\/\/visitar.zoodelpirineu.com\/wp-content\/uploads\/2023\/11\/Restaurant-El-Buffi-Sant-Roc.jpg 320w, https:\/\/visitar.zoodelpirineu.com\/wp-content\/uploads\/2023\/11\/Restaurant-El-Buffi-Sant-Roc-300x200.jpg 300w\" sizes=\"auto, (max-width: 320px) 100vw, 320px\" \/><\/figure>\n\n\n\n<p><a href=\"https:\/\/www.hotelsantroc.com\/restaurante.html\" target=\"_blank\" rel=\"noopener\" title=\"Restaurant El Buffi - 29 km\">Restaurant El Buffi &#8211; 29 km<\/a><\/p>\n<\/div>\n\n\n\n<div class=\"wp-block-column is-layout-flow wp-block-column-is-layout-flow\">\n<figure class=\"wp-block-image size-full\"><img loading=\"lazy\" decoding=\"async\" width=\"320\" height=\"213\" src=\"https:\/\/visitar.zoodelpirineu.com\/wp-content\/uploads\/2022\/03\/Hotel-Gran-Sol.jpg\" alt=\"\" class=\"wp-image-2089\" srcset=\"https:\/\/visitar.zoodelpirineu.com\/wp-content\/uploads\/2022\/03\/Hotel-Gran-Sol.jpg 320w, https:\/\/visitar.zoodelpirineu.com\/wp-content\/uploads\/2022\/03\/Hotel-Gran-Sol-300x200.jpg 300w\" sizes=\"auto, (max-width: 320px) 100vw, 320px\" \/><\/figure>\n\n\n\n<p><a href=\"https:\/\/hotelgransolsolsona.com\/\" target=\"_blank\" rel=\"noopener\" title=\"Restaurant (Hotel) Gran Sol - 29,2 km\">Restaurant (Hotel) Gran Sol &#8211; 29,2 km<\/a><\/p>\n<\/div>\n<\/div>\n\n\n\n<div class=\"wp-block-columns is-layout-flex wp-container-core-columns-is-layout-9d6595d7 wp-block-columns-is-layout-flex\">\n<div class=\"wp-block-column is-layout-flow wp-block-column-is-layout-flow\">\n<figure class=\"wp-block-image size-full\"><img loading=\"lazy\" decoding=\"async\" width=\"320\" height=\"213\" src=\"https:\/\/visitar.zoodelpirineu.com\/wp-content\/uploads\/2023\/11\/Restaurant-El-Miracle-1.jpg\" alt=\"\" class=\"wp-image-4967\" srcset=\"https:\/\/visitar.zoodelpirineu.com\/wp-content\/uploads\/2023\/11\/Restaurant-El-Miracle-1.jpg 320w, https:\/\/visitar.zoodelpirineu.com\/wp-content\/uploads\/2023\/11\/Restaurant-El-Miracle-1-300x200.jpg 300w\" sizes=\"auto, (max-width: 320px) 100vw, 320px\" \/><\/figure>\n\n\n\n<p><a href=\"https:\/\/elmiracle.cat\/es\/restaurante\/\" target=\"_blank\" rel=\"noopener\" title=\"Restaurant Santuari El Miracle - 41,9 km\">Restaurant Santuari El Miracle &#8211; 41,9 km<\/a><\/p>\n<\/div>\n\n\n\n<div class=\"wp-block-column is-layout-flow wp-block-column-is-layout-flow\">\n<figure class=\"wp-block-image size-full\"><img loading=\"lazy\" decoding=\"async\" width=\"320\" height=\"213\" src=\"https:\/\/visitar.zoodelpirineu.com\/wp-content\/uploads\/2023\/11\/restaurant-El-Bremon-Cardona.jpg\" alt=\"\" class=\"wp-image-5059\" srcset=\"https:\/\/visitar.zoodelpirineu.com\/wp-content\/uploads\/2023\/11\/restaurant-El-Bremon-Cardona.jpg 320w, https:\/\/visitar.zoodelpirineu.com\/wp-content\/uploads\/2023\/11\/restaurant-El-Bremon-Cardona-300x200.jpg 300w\" sizes=\"auto, (max-width: 320px) 100vw, 320px\" \/><\/figure>\n\n\n\n<p><a href=\"https:\/\/www.hotelbremon.com\/es\/el-restaurante-del-bremon\" target=\"_blank\" rel=\"noopener\" title=\"El Restaurant del Bremon - 48,1 km\">El Restaurant del Bremon &#8211; 48,1 km<\/a><\/p>\n<\/div>\n\n\n\n<div class=\"wp-block-column is-layout-flow wp-block-column-is-layout-flow\">\n<figure class=\"wp-block-image size-full\"><img loading=\"lazy\" decoding=\"async\" width=\"320\" height=\"213\" src=\"https:\/\/visitar.zoodelpirineu.com\/wp-content\/uploads\/2023\/11\/Restaurant-Parador-de-Cardona.jpg\" alt=\"\" class=\"wp-image-4985\" srcset=\"https:\/\/visitar.zoodelpirineu.com\/wp-content\/uploads\/2023\/11\/Restaurant-Parador-de-Cardona.jpg 320w, https:\/\/visitar.zoodelpirineu.com\/wp-content\/uploads\/2023\/11\/Restaurant-Parador-de-Cardona-300x200.jpg 300w\" sizes=\"auto, (max-width: 320px) 100vw, 320px\" \/><\/figure>\n\n\n\n<p><a href=\"https:\/\/paradores.es\/es\/restaurante-del-parador-de-cardona\" target=\"_blank\" rel=\"noopener\" title=\"Restaurant Parador de Cardona - 48,6 km\">Restaurant Parador de Cardona &#8211; 48,6 km<\/a><\/p>\n<\/div>\n\n\n\n<div class=\"wp-block-column is-layout-flow wp-block-column-is-layout-flow\">\n<figure class=\"wp-block-image size-full\"><img loading=\"lazy\" decoding=\"async\" width=\"320\" height=\"213\" src=\"https:\/\/visitar.zoodelpirineu.com\/wp-content\/uploads\/2023\/11\/Restaurant-Cal-Petit-Oliana.jpg\" alt=\"\" class=\"wp-image-4863\" srcset=\"https:\/\/visitar.zoodelpirineu.com\/wp-content\/uploads\/2023\/11\/Restaurant-Cal-Petit-Oliana.jpg 320w, https:\/\/visitar.zoodelpirineu.com\/wp-content\/uploads\/2023\/11\/Restaurant-Cal-Petit-Oliana-300x200.jpg 300w\" sizes=\"auto, (max-width: 320px) 100vw, 320px\" \/><\/figure>\n\n\n\n<p><a href=\"https:\/\/www.hotelcalpetit.es\/\" target=\"_blank\" rel=\"noopener\" title=\"Restaurant Cal Petit - 51 km\">Restaurant Cal Petit &#8211; 51 km<\/a><\/p>\n<\/div>\n<\/div>\n\n\n\n<div class=\"wp-block-columns is-layout-flex wp-container-core-columns-is-layout-9d6595d7 wp-block-columns-is-layout-flex\">\n<div class=\"wp-block-column is-layout-flow wp-block-column-is-layout-flow\">\n<figure class=\"wp-block-image size-full\"><img loading=\"lazy\" decoding=\"async\" width=\"320\" height=\"213\" src=\"https:\/\/visitar.zoodelpirineu.com\/wp-content\/uploads\/2024\/11\/Restaurant-Hotel-Can-Boix-de-Peramola.png\" alt=\"\" class=\"wp-image-5999\" srcset=\"https:\/\/visitar.zoodelpirineu.com\/wp-content\/uploads\/2024\/11\/Restaurant-Hotel-Can-Boix-de-Peramola.png 320w, https:\/\/visitar.zoodelpirineu.com\/wp-content\/uploads\/2024\/11\/Restaurant-Hotel-Can-Boix-de-Peramola-300x200.png 300w\" sizes=\"auto, (max-width: 320px) 100vw, 320px\" \/><\/figure>\n\n\n\n<p><a href=\"https:\/\/www.canboix.cat\/\" target=\"_blank\" rel=\"noopener\" title=\"Restaurant Can Boix de Peramola - 53,2 km\">Restaurant Can Boix de Peramola &#8211; 53,2 km<\/a><\/p>\n<\/div>\n\n\n\n<div class=\"wp-block-column is-layout-flow wp-block-column-is-layout-flow\">\n<figure class=\"wp-block-image size-full\"><img loading=\"lazy\" decoding=\"async\" width=\"320\" height=\"213\" src=\"https:\/\/visitar.zoodelpirineu.com\/wp-content\/uploads\/2023\/11\/Casino-de-Peramola.jpg\" alt=\"\" class=\"wp-image-5067\" srcset=\"https:\/\/visitar.zoodelpirineu.com\/wp-content\/uploads\/2023\/11\/Casino-de-Peramola.jpg 320w, https:\/\/visitar.zoodelpirineu.com\/wp-content\/uploads\/2023\/11\/Casino-de-Peramola-300x200.jpg 300w\" sizes=\"auto, (max-width: 320px) 100vw, 320px\" \/><\/figure>\n\n\n\n<p><a href=\"https:\/\/casinodeperamola.wordpress.com\/\" target=\"_blank\" rel=\"noopener\" title=\"El Casino de Peramola - 53,8 km\">El Casino de Peramola &#8211; 53,8 km<\/a><\/p>\n<\/div>\n\n\n\n<div class=\"wp-block-column is-layout-flow wp-block-column-is-layout-flow\">\n<figure class=\"wp-block-image size-full\"><img loading=\"lazy\" decoding=\"async\" width=\"320\" height=\"213\" src=\"https:\/\/visitar.zoodelpirineu.com\/wp-content\/uploads\/2023\/11\/Restaurant-Hotel-Avenida.jpg\" alt=\"\" class=\"wp-image-4976\" srcset=\"https:\/\/visitar.zoodelpirineu.com\/wp-content\/uploads\/2023\/11\/Restaurant-Hotel-Avenida.jpg 320w, https:\/\/visitar.zoodelpirineu.com\/wp-content\/uploads\/2023\/11\/Restaurant-Hotel-Avenida-300x200.jpg 300w\" sizes=\"auto, (max-width: 320px) 100vw, 320px\" \/><\/figure>\n\n\n\n<p><a href=\"https:\/\/www.avenhotel.com\/es\/restaurante-miscela-seu-urgell-lleida\" target=\"_blank\" rel=\"noopener\" title=\"Restaurant Miscela - 60,1 km\">Restaurant Miscela &#8211; 60,1 km<\/a><\/p>\n<\/div>\n\n\n\n<div class=\"wp-block-column is-layout-flow wp-block-column-is-layout-flow\">\n<figure class=\"wp-block-image size-full\"><img loading=\"lazy\" decoding=\"async\" width=\"320\" height=\"213\" src=\"https:\/\/visitar.zoodelpirineu.com\/wp-content\/uploads\/2023\/11\/Restaurant-Hotel-Nice.jpg\" alt=\"\" class=\"wp-image-4979\" srcset=\"https:\/\/visitar.zoodelpirineu.com\/wp-content\/uploads\/2023\/11\/Restaurant-Hotel-Nice.jpg 320w, https:\/\/visitar.zoodelpirineu.com\/wp-content\/uploads\/2023\/11\/Restaurant-Hotel-Nice-300x200.jpg 300w\" sizes=\"auto, (max-width: 320px) 100vw, 320px\" \/><\/figure>\n\n\n\n<p><a href=\"https:\/\/www.hotelnice.net\/es\/menu.html\" target=\"_blank\" rel=\"noopener\" title=\"Restaurant (Hotel) Nice - 60,2 km\">Restaurant (Hotel) Nice &#8211; 60,2 km<\/a><\/p>\n<\/div>\n<\/div>\n\n\n\n<div class=\"wp-block-columns is-layout-flex wp-container-core-columns-is-layout-9d6595d7 wp-block-columns-is-layout-flex\">\n<div class=\"wp-block-column is-layout-flow wp-block-column-is-layout-flow\">\n<figure class=\"wp-block-image size-full\"><img loading=\"lazy\" decoding=\"async\" width=\"320\" height=\"213\" src=\"https:\/\/visitar.zoodelpirineu.com\/wp-content\/uploads\/2023\/11\/Restaurant-Hotel-Andria.jpg\" alt=\"\" class=\"wp-image-4973\" srcset=\"https:\/\/visitar.zoodelpirineu.com\/wp-content\/uploads\/2023\/11\/Restaurant-Hotel-Andria.jpg 320w, https:\/\/visitar.zoodelpirineu.com\/wp-content\/uploads\/2023\/11\/Restaurant-Hotel-Andria-300x200.jpg 300w\" sizes=\"auto, (max-width: 320px) 100vw, 320px\" \/><\/figure>\n\n\n\n<p><a href=\"https:\/\/www.hotelandria.com\/es\/restaurante\/\" target=\"_blank\" rel=\"noopener\" title=\"Restaurant (Hotel) Andria - 60,7 km\">Restaurant (Hotel) Andria &#8211; 60,7 km<\/a><\/p>\n<\/div>\n\n\n\n<div class=\"wp-block-column is-layout-flow wp-block-column-is-layout-flow\">\n<figure class=\"wp-block-image size-full\"><img loading=\"lazy\" decoding=\"async\" width=\"320\" height=\"213\" src=\"https:\/\/visitar.zoodelpirineu.com\/wp-content\/uploads\/2023\/11\/Restaurant-Camping-Cal-Paradis.jpg\" alt=\"\" class=\"wp-image-4945\" srcset=\"https:\/\/visitar.zoodelpirineu.com\/wp-content\/uploads\/2023\/11\/Restaurant-Camping-Cal-Paradis.jpg 320w, https:\/\/visitar.zoodelpirineu.com\/wp-content\/uploads\/2023\/11\/Restaurant-Camping-Cal-Paradis-300x200.jpg 300w\" sizes=\"auto, (max-width: 320px) 100vw, 320px\" \/><\/figure>\n\n\n\n<p><a href=\"https:\/\/campingcalparadis.com\/es\/restaurant\/\" target=\"_blank\" rel=\"noopener\" title=\"Restaurant (C\u00e0mping) Cal Parad\u00eds - 67,7 km\">Restaurant (C\u00e0mping) Cal Parad\u00eds &#8211; 67,7 km<\/a><\/p>\n<\/div>\n\n\n\n<div class=\"wp-block-column is-layout-flow wp-block-column-is-layout-flow\">\n<p><\/p>\n<\/div>\n\n\n\n<div class=\"wp-block-column is-layout-flow wp-block-column-is-layout-flow\">\n<p><\/p>\n<\/div>\n<\/div>\n","protected":false},"excerpt":{"rendered":"<p>Et convidem a gaudir del magn\u00edfic entorn natural del Zoo del Pirineu. Aprofita el teu viatge i queda&#8217;t una mica m\u00e9s. No te&#8217;n penedir\u00e0s. Escull on menjar entre els establiments que m\u00e9s s&#8217;adeq\u00fcin a les teves necessitats i el teu pressupost. Si pares a menjar en els establiments que trobar\u00e0s a continuaci\u00f3 podr\u00e0s gaudir d\u2019un&nbsp;20% &#8230; <a title=\"On menjar\" class=\"read-more\" href=\"https:\/\/visitar.zoodelpirineu.com\/ca\/planifica-la-teva-visita-al-zoo\/on-menjar\/\" aria-label=\"M\u00e9s informaci\u00f3 sobre On menjar\">Read more<\/a><\/p>\n","protected":false},"author":1,"featured_media":4952,"parent":31,"menu_order":0,"comment_status":"closed","ping_status":"closed","template":"","meta":{"_monsterinsights_skip_tracking":false,"_monsterinsights_sitenote_active":false,"_monsterinsights_sitenote_note":"","_monsterinsights_sitenote_category":0,"footnotes":""},"class_list":{"0":"post-2781","1":"page","2":"type-page","3":"status-publish","4":"has-post-thumbnail","6":"infinite-scroll-item"},"aioseo_notices":[],"_links":{"self":[{"href":"https:\/\/visitar.zoodelpirineu.com\/ca\/wp-json\/wp\/v2\/pages\/2781","targetHints":{"allow":["GET"]}}],"collection":[{"href":"https:\/\/visitar.zoodelpirineu.com\/ca\/wp-json\/wp\/v2\/pages"}],"about":[{"href":"https:\/\/visitar.zoodelpirineu.com\/ca\/wp-json\/wp\/v2\/types\/page"}],"author":[{"embeddable":true,"href":"https:\/\/visitar.zoodelpirineu.com\/ca\/wp-json\/wp\/v2\/users\/1"}],"replies":[{"embeddable":true,"href":"https:\/\/visitar.zoodelpirineu.com\/ca\/wp-json\/wp\/v2\/comments?post=2781"}],"version-history":[{"count":20,"href":"https:\/\/visitar.zoodelpirineu.com\/ca\/wp-json\/wp\/v2\/pages\/2781\/revisions"}],"predecessor-version":[{"id":6252,"href":"https:\/\/visitar.zoodelpirineu.com\/ca\/wp-json\/wp\/v2\/pages\/2781\/revisions\/6252"}],"up":[{"embeddable":true,"href":"https:\/\/visitar.zoodelpirineu.com\/ca\/wp-json\/wp\/v2\/pages\/31"}],"wp:featuredmedia":[{"embeddable":true,"href":"https:\/\/visitar.zoodelpirineu.com\/ca\/wp-json\/wp\/v2\/media\/4952"}],"wp:attachment":[{"href":"https:\/\/visitar.zoodelpirineu.com\/ca\/wp-json\/wp\/v2\/media?parent=2781"}],"curies":[{"name":"wp","href":"https:\/\/api.w.org\/{rel}","templated":true}]}}