{"id":31,"date":"2021-11-24T05:02:24","date_gmt":"2021-11-24T04:02:24","guid":{"rendered":"https:\/\/visitar.zoodelpirineu.com\/?page_id=31"},"modified":"2026-03-06T17:21:04","modified_gmt":"2026-03-06T16:21:04","slug":"planifica-la-teva-visita-al-zoo","status":"publish","type":"page","link":"https:\/\/visitar.zoodelpirineu.com\/ca\/planifica-la-teva-visita-al-zoo\/","title":{"rendered":"Planifica la teva visita al Zoo del Pirineu"},"content":{"rendered":"\n<div class=\"wp-block-cover\"><img loading=\"lazy\" decoding=\"async\" width=\"2000\" height=\"800\" class=\"wp-block-cover__image-background wp-image-5735\" alt=\"Planifica la teva visita al Zoo: animals en el seu h\u00e0bitat natural\" src=\"https:\/\/visitar.zoodelpirineu.com\/wp-content\/uploads\/2024\/10\/disfrura-de-tu-visita-al-zoo-del-Pirineu.jpg\" data-object-fit=\"cover\" srcset=\"https:\/\/visitar.zoodelpirineu.com\/wp-content\/uploads\/2024\/10\/disfrura-de-tu-visita-al-zoo-del-Pirineu.jpg 2000w, https:\/\/visitar.zoodelpirineu.com\/wp-content\/uploads\/2024\/10\/disfrura-de-tu-visita-al-zoo-del-Pirineu-300x120.jpg 300w, https:\/\/visitar.zoodelpirineu.com\/wp-content\/uploads\/2024\/10\/disfrura-de-tu-visita-al-zoo-del-Pirineu-1024x410.jpg 1024w, https:\/\/visitar.zoodelpirineu.com\/wp-content\/uploads\/2024\/10\/disfrura-de-tu-visita-al-zoo-del-Pirineu-768x307.jpg 768w, https:\/\/visitar.zoodelpirineu.com\/wp-content\/uploads\/2024\/10\/disfrura-de-tu-visita-al-zoo-del-Pirineu-1536x614.jpg 1536w\" sizes=\"auto, (max-width: 2000px) 100vw, 2000px\" \/><span aria-hidden=\"true\" class=\"wp-block-cover__background has-contrast-background-color has-background-dim\"><\/span><div class=\"wp-block-cover__inner-container is-layout-constrained wp-block-cover-is-layout-constrained\">\n<p class=\"has-text-align-center has-large-font-size\">Planifica la teva visita al Zoo del Pirineu <br>i prepara\u2019t per viure una experi\u00e8ncia \u00fanica! <br><br>Explora les activitats, els horaris, i tot el que necessites per gaudir d\u2019un dia inoblidable amb la fam\u00edlia.<\/p>\n<\/div><\/div>\n\n\n\n<div style=\"height:100px\" aria-hidden=\"true\" class=\"wp-block-spacer\"><\/div>\n\n\n\n<div class=\"wp-block-columns is-layout-flex wp-container-core-columns-is-layout-9d6595d7 wp-block-columns-is-layout-flex\">\n<div class=\"wp-block-column is-layout-flow wp-block-column-is-layout-flow\">\n<figure class=\"wp-block-image size-full\"><img loading=\"lazy\" decoding=\"async\" width=\"2000\" height=\"800\" src=\"https:\/\/visitar.zoodelpirineu.com\/wp-content\/uploads\/2024\/10\/Harario-zoo.jpg\" alt=\"Planifica la teva visita al Zoo: reserva online\" class=\"wp-image-5570\" srcset=\"https:\/\/visitar.zoodelpirineu.com\/wp-content\/uploads\/2024\/10\/Harario-zoo.jpg 2000w, https:\/\/visitar.zoodelpirineu.com\/wp-content\/uploads\/2024\/10\/Harario-zoo-300x120.jpg 300w, https:\/\/visitar.zoodelpirineu.com\/wp-content\/uploads\/2024\/10\/Harario-zoo-1024x410.jpg 1024w, https:\/\/visitar.zoodelpirineu.com\/wp-content\/uploads\/2024\/10\/Harario-zoo-768x307.jpg 768w, https:\/\/visitar.zoodelpirineu.com\/wp-content\/uploads\/2024\/10\/Harario-zoo-1536x614.jpg 1536w\" sizes=\"auto, (max-width: 2000px) 100vw, 2000px\" \/><\/figure>\n\n\n\n<div style=\"height:20px\" aria-hidden=\"true\" class=\"wp-block-spacer\"><\/div>\n\n\n\n<h2 class=\"wp-block-heading has-text-align-center has-medium-font-size\"><a href=\"https:\/\/visitar.zoodelpirineu.com\/ca\/horari\/\" title=\"Horari del Zoo del Pirineu\">HORARIS<\/a><\/h2>\n\n\n\n<p class=\"has-text-align-center\">Consulta els <strong>horaris<\/strong> i dies en qu\u00e8 el zoo est\u00e0 obert per poder planificar la teva visita.<\/p>\n<\/div>\n\n\n\n<div class=\"wp-block-column is-layout-flow wp-block-column-is-layout-flow\">\n<figure class=\"wp-block-image size-full\"><img loading=\"lazy\" decoding=\"async\" width=\"2000\" height=\"800\" src=\"https:\/\/visitar.zoodelpirineu.com\/wp-content\/uploads\/2024\/10\/Precio-de-entrada-al-zoo.jpg\" alt=\"Consulta els preus de les activitats\" class=\"wp-image-5711\" srcset=\"https:\/\/visitar.zoodelpirineu.com\/wp-content\/uploads\/2024\/10\/Precio-de-entrada-al-zoo.jpg 2000w, https:\/\/visitar.zoodelpirineu.com\/wp-content\/uploads\/2024\/10\/Precio-de-entrada-al-zoo-300x120.jpg 300w, https:\/\/visitar.zoodelpirineu.com\/wp-content\/uploads\/2024\/10\/Precio-de-entrada-al-zoo-1024x410.jpg 1024w, https:\/\/visitar.zoodelpirineu.com\/wp-content\/uploads\/2024\/10\/Precio-de-entrada-al-zoo-768x307.jpg 768w, https:\/\/visitar.zoodelpirineu.com\/wp-content\/uploads\/2024\/10\/Precio-de-entrada-al-zoo-1536x614.jpg 1536w\" sizes=\"auto, (max-width: 2000px) 100vw, 2000px\" \/><\/figure>\n\n\n\n<div style=\"height:20px\" aria-hidden=\"true\" class=\"wp-block-spacer\"><\/div>\n\n\n\n<h2 class=\"wp-block-heading has-text-align-center has-medium-font-size\"><a href=\"https:\/\/visitar.zoodelpirineu.com\/ca\/tarifes\/\" title=\"Tarifes\">TARIFES<\/a><\/h2>\n\n\n\n<p class=\"has-text-align-center\"><strong>Tarifes<\/strong> per a <strong>adults<\/strong>, <strong>nens<\/strong> i <strong>grups<\/strong>. Reserva amb antelaci\u00f3 la teva entrada!<\/p>\n<\/div>\n\n\n\n<div class=\"wp-block-column is-layout-flow wp-block-column-is-layout-flow\">\n<figure class=\"wp-block-image size-full\"><img loading=\"lazy\" decoding=\"async\" width=\"2000\" height=\"800\" src=\"https:\/\/visitar.zoodelpirineu.com\/wp-content\/uploads\/2024\/10\/Descuentos-para-el-zoo.jpg\" alt=\"Gaudeix dels descomptes\" class=\"wp-image-5729\" srcset=\"https:\/\/visitar.zoodelpirineu.com\/wp-content\/uploads\/2024\/10\/Descuentos-para-el-zoo.jpg 2000w, https:\/\/visitar.zoodelpirineu.com\/wp-content\/uploads\/2024\/10\/Descuentos-para-el-zoo-300x120.jpg 300w, https:\/\/visitar.zoodelpirineu.com\/wp-content\/uploads\/2024\/10\/Descuentos-para-el-zoo-1024x410.jpg 1024w, https:\/\/visitar.zoodelpirineu.com\/wp-content\/uploads\/2024\/10\/Descuentos-para-el-zoo-768x307.jpg 768w, https:\/\/visitar.zoodelpirineu.com\/wp-content\/uploads\/2024\/10\/Descuentos-para-el-zoo-1536x614.jpg 1536w\" sizes=\"auto, (max-width: 2000px) 100vw, 2000px\" \/><\/figure>\n\n\n\n<div style=\"height:20px\" aria-hidden=\"true\" class=\"wp-block-spacer\"><\/div>\n\n\n\n<h2 class=\"wp-block-heading has-text-align-center has-medium-font-size\"><a href=\"https:\/\/visitar.zoodelpirineu.com\/ca\/descomptes\/\" title=\"DESCOMPTES\">DESCOMPTES<\/a><\/h2>\n\n\n\n<p class=\"has-text-align-center\">Descobreix els nostres <strong>descomptes<\/strong> i <strong>promocions<\/strong> especials.<\/p>\n<\/div>\n\n\n\n<div class=\"wp-block-column is-layout-flow wp-block-column-is-layout-flow\">\n<figure class=\"wp-block-image size-full\"><img loading=\"lazy\" decoding=\"async\" width=\"2000\" height=\"800\" src=\"https:\/\/visitar.zoodelpirineu.com\/wp-content\/uploads\/2024\/10\/Paisatge-Oden.jpg\" alt=\"Planifica com arribar al zoo del Pirineu\" class=\"wp-image-5634\" srcset=\"https:\/\/visitar.zoodelpirineu.com\/wp-content\/uploads\/2024\/10\/Paisatge-Oden.jpg 2000w, https:\/\/visitar.zoodelpirineu.com\/wp-content\/uploads\/2024\/10\/Paisatge-Oden-300x120.jpg 300w, https:\/\/visitar.zoodelpirineu.com\/wp-content\/uploads\/2024\/10\/Paisatge-Oden-1024x410.jpg 1024w, https:\/\/visitar.zoodelpirineu.com\/wp-content\/uploads\/2024\/10\/Paisatge-Oden-768x307.jpg 768w, https:\/\/visitar.zoodelpirineu.com\/wp-content\/uploads\/2024\/10\/Paisatge-Oden-1536x614.jpg 1536w\" sizes=\"auto, (max-width: 2000px) 100vw, 2000px\" \/><\/figure>\n\n\n\n<div style=\"height:20px\" aria-hidden=\"true\" class=\"wp-block-spacer\"><\/div>\n\n\n\n<h2 class=\"wp-block-heading has-text-align-center has-medium-font-size\"><a href=\"https:\/\/visitar.zoodelpirineu.com\/ca\/planifica-la-teva-visita-al-zoo\/com-arribar\/\" title=\"\">COM ARRIBAR<\/a><\/h2>\n\n\n\n<p class=\"has-text-align-center\">El Zoo del Pirineu est\u00e0 <strong>situat<\/strong> prop de les pistes d&#8217;esqu\u00ed del Port del Compte.<\/p>\n<\/div>\n<\/div>\n\n\n\n<div style=\"height:50px\" aria-hidden=\"true\" class=\"wp-block-spacer\"><\/div>\n\n\n\n<div class=\"wp-block-columns is-layout-flex wp-container-core-columns-is-layout-9d6595d7 wp-block-columns-is-layout-flex\">\n<div class=\"wp-block-column is-layout-flow wp-block-column-is-layout-flow\">\n<figure class=\"wp-block-image size-full\"><img loading=\"lazy\" decoding=\"async\" width=\"2000\" height=\"800\" src=\"https:\/\/visitar.zoodelpirineu.com\/wp-content\/uploads\/2024\/10\/Serveis-al-zoo-del-Pirineu.jpg\" alt=\"Planifica la teva visita al Zoo: zona de p\u00edcnic per a fam\u00edlies\" class=\"wp-image-5717\" srcset=\"https:\/\/visitar.zoodelpirineu.com\/wp-content\/uploads\/2024\/10\/Serveis-al-zoo-del-Pirineu.jpg 2000w, https:\/\/visitar.zoodelpirineu.com\/wp-content\/uploads\/2024\/10\/Serveis-al-zoo-del-Pirineu-300x120.jpg 300w, https:\/\/visitar.zoodelpirineu.com\/wp-content\/uploads\/2024\/10\/Serveis-al-zoo-del-Pirineu-1024x410.jpg 1024w, https:\/\/visitar.zoodelpirineu.com\/wp-content\/uploads\/2024\/10\/Serveis-al-zoo-del-Pirineu-768x307.jpg 768w, https:\/\/visitar.zoodelpirineu.com\/wp-content\/uploads\/2024\/10\/Serveis-al-zoo-del-Pirineu-1536x614.jpg 1536w\" sizes=\"auto, (max-width: 2000px) 100vw, 2000px\" \/><\/figure>\n\n\n\n<div style=\"height:20px\" aria-hidden=\"true\" class=\"wp-block-spacer\"><\/div>\n\n\n\n<h2 class=\"wp-block-heading has-text-align-center has-medium-font-size\"><a href=\"https:\/\/visitar.zoodelpirineu.com\/ca\/visitar-zoo\/visita-familiar-al-zoo-serveis\/\" title=\"SERVEIS\">SERVEIS<\/a><\/h2>\n\n\n\n<p class=\"has-text-align-center\">Posem a la vostra disposici\u00f3 tots els <strong>serveis<\/strong> que pugueu necessitar per gaudir d&#8217;un gran dia al zoo!<\/p>\n<\/div>\n\n\n\n<div class=\"wp-block-column is-layout-flow wp-block-column-is-layout-flow\">\n<figure class=\"wp-block-image size-full\"><img loading=\"lazy\" decoding=\"async\" width=\"2000\" height=\"800\" src=\"https:\/\/visitar.zoodelpirineu.com\/wp-content\/uploads\/2024\/10\/Actividades-al-zoo-del-pirineu.jpg\" alt=\"Planifica la teva visita al Zoo: activitats educatives per a nens\" class=\"wp-image-5720\" srcset=\"https:\/\/visitar.zoodelpirineu.com\/wp-content\/uploads\/2024\/10\/Actividades-al-zoo-del-pirineu.jpg 2000w, https:\/\/visitar.zoodelpirineu.com\/wp-content\/uploads\/2024\/10\/Actividades-al-zoo-del-pirineu-300x120.jpg 300w, https:\/\/visitar.zoodelpirineu.com\/wp-content\/uploads\/2024\/10\/Actividades-al-zoo-del-pirineu-1024x410.jpg 1024w, https:\/\/visitar.zoodelpirineu.com\/wp-content\/uploads\/2024\/10\/Actividades-al-zoo-del-pirineu-768x307.jpg 768w, https:\/\/visitar.zoodelpirineu.com\/wp-content\/uploads\/2024\/10\/Actividades-al-zoo-del-pirineu-1536x614.jpg 1536w\" sizes=\"auto, (max-width: 2000px) 100vw, 2000px\" \/><\/figure>\n\n\n\n<div style=\"height:20px\" aria-hidden=\"true\" class=\"wp-block-spacer\"><\/div>\n\n\n\n<h2 class=\"wp-block-heading has-text-align-center has-medium-font-size\"><a href=\"https:\/\/visitar.zoodelpirineu.com\/ca\/activitats-amb-animals\/\" title=\"Activitats amb animals\">ACTIVITATS<\/a><\/h2>\n\n\n\n<p class=\"has-text-align-center\">Descobreix la <strong>varietat<\/strong> d&#8217;<strong>activitats<\/strong> que pots dur a terme al zoo.<\/p>\n<\/div>\n\n\n\n<div class=\"wp-block-column is-layout-flow wp-block-column-is-layout-flow\">\n<figure class=\"wp-block-image size-full\"><img loading=\"lazy\" decoding=\"async\" width=\"2000\" height=\"800\" src=\"https:\/\/visitar.zoodelpirineu.com\/wp-content\/uploads\/2024\/10\/Visita-guiada-2-1.png\" alt=\"Planifica la teva visita al Zoo: respecta les normes\" class=\"wp-image-5723\" srcset=\"https:\/\/visitar.zoodelpirineu.com\/wp-content\/uploads\/2024\/10\/Visita-guiada-2-1.png 2000w, https:\/\/visitar.zoodelpirineu.com\/wp-content\/uploads\/2024\/10\/Visita-guiada-2-1-300x120.png 300w, https:\/\/visitar.zoodelpirineu.com\/wp-content\/uploads\/2024\/10\/Visita-guiada-2-1-1024x410.png 1024w, https:\/\/visitar.zoodelpirineu.com\/wp-content\/uploads\/2024\/10\/Visita-guiada-2-1-768x307.png 768w, https:\/\/visitar.zoodelpirineu.com\/wp-content\/uploads\/2024\/10\/Visita-guiada-2-1-1536x614.png 1536w\" sizes=\"auto, (max-width: 2000px) 100vw, 2000px\" \/><\/figure>\n\n\n\n<div style=\"height:20px\" aria-hidden=\"true\" class=\"wp-block-spacer\"><\/div>\n\n\n\n<h2 class=\"wp-block-heading has-text-align-center has-medium-font-size\"><a href=\"https:\/\/visitar.zoodelpirineu.com\/ca\/normes-del-zoo-del-pirineu\/\" title=\"\">NORMES DEL ZOO<\/a><\/h2>\n\n\n\n<p class=\"has-text-align-center\">Planifica la teva visita respectant les <strong>normes<\/strong> per garantir el benestar dels animals i dels altres visitants.<\/p>\n<\/div>\n\n\n\n<div class=\"wp-block-column is-layout-flow wp-block-column-is-layout-flow\">\n<figure class=\"wp-block-image size-full\"><img loading=\"lazy\" decoding=\"async\" width=\"2000\" height=\"800\" src=\"https:\/\/visitar.zoodelpirineu.com\/wp-content\/uploads\/2024\/10\/Cambio-de-dia-de-la-visita-al-zoo-del-pirineu.jpg\" alt=\"Com gestionar els canvis i devolucions de les entrades al zoo\" class=\"wp-image-5726\" srcset=\"https:\/\/visitar.zoodelpirineu.com\/wp-content\/uploads\/2024\/10\/Cambio-de-dia-de-la-visita-al-zoo-del-pirineu.jpg 2000w, https:\/\/visitar.zoodelpirineu.com\/wp-content\/uploads\/2024\/10\/Cambio-de-dia-de-la-visita-al-zoo-del-pirineu-300x120.jpg 300w, https:\/\/visitar.zoodelpirineu.com\/wp-content\/uploads\/2024\/10\/Cambio-de-dia-de-la-visita-al-zoo-del-pirineu-1024x410.jpg 1024w, https:\/\/visitar.zoodelpirineu.com\/wp-content\/uploads\/2024\/10\/Cambio-de-dia-de-la-visita-al-zoo-del-pirineu-768x307.jpg 768w, https:\/\/visitar.zoodelpirineu.com\/wp-content\/uploads\/2024\/10\/Cambio-de-dia-de-la-visita-al-zoo-del-pirineu-1536x614.jpg 1536w\" sizes=\"auto, (max-width: 2000px) 100vw, 2000px\" \/><\/figure>\n\n\n\n<div style=\"height:20px\" aria-hidden=\"true\" class=\"wp-block-spacer\"><\/div>\n\n\n\n<h2 class=\"wp-block-heading has-text-align-center has-medium-font-size\"><a href=\"https:\/\/visitar.zoodelpirineu.com\/ca\/devolucions-i-canvi-dia\/\" title=\"Devolucions i canvi de dia\">DEVOLUCIONS I CANVIS DE DIA<\/a><\/h2>\n\n\n\n<p class=\"has-text-align-center\">Gestiona f\u00e0cilment els canvis de dia i devolucions de la teva reserva.<\/p>\n<\/div>\n<\/div>\n\n\n\n<div style=\"height:100px\" aria-hidden=\"true\" class=\"wp-block-spacer\"><\/div>\n\n\n\n<div class=\"wp-block-cover\"><img loading=\"lazy\" decoding=\"async\" width=\"2000\" height=\"800\" class=\"wp-block-cover__image-background wp-image-5732\" alt=\"Planifica la teva visita al Zoo del Pirineu per descobrir la fauna aut\u00f2ctona del Pirineu\n\" src=\"https:\/\/visitar.zoodelpirineu.com\/wp-content\/uploads\/2024\/10\/Planifica-la-teva-visita-al-zoo.jpg\" style=\"object-position:26% 29%\" data-object-fit=\"cover\" data-object-position=\"26% 29%\" srcset=\"https:\/\/visitar.zoodelpirineu.com\/wp-content\/uploads\/2024\/10\/Planifica-la-teva-visita-al-zoo.jpg 2000w, https:\/\/visitar.zoodelpirineu.com\/wp-content\/uploads\/2024\/10\/Planifica-la-teva-visita-al-zoo-300x120.jpg 300w, https:\/\/visitar.zoodelpirineu.com\/wp-content\/uploads\/2024\/10\/Planifica-la-teva-visita-al-zoo-1024x410.jpg 1024w, https:\/\/visitar.zoodelpirineu.com\/wp-content\/uploads\/2024\/10\/Planifica-la-teva-visita-al-zoo-768x307.jpg 768w, https:\/\/visitar.zoodelpirineu.com\/wp-content\/uploads\/2024\/10\/Planifica-la-teva-visita-al-zoo-1536x614.jpg 1536w\" sizes=\"auto, (max-width: 2000px) 100vw, 2000px\" \/><span aria-hidden=\"true\" class=\"wp-block-cover__background has-contrast-background-color has-background-dim\"><\/span><div class=\"wp-block-cover__inner-container is-layout-constrained wp-block-cover-is-layout-constrained\">\n<p class=\"has-text-align-center has-large-font-size\">Gaudeix d&#8217;activitats familiars, trobades properes amb animals i, aprofita els nostres descomptes especials per viure un dia inoblidable envoltat de natura i fauna salvatge al Zoo del Pirineu.<br>Fins aviat!<\/p>\n<\/div><\/div>\n\n\n\n<p class=\"has-text-align-right\">Foto: <a href=\"https:\/\/phototrekking.cat\/\" title=\"\">Phototrekking<\/a><\/p>\n","protected":false},"excerpt":{"rendered":"<p>HORARIS Consulta els horaris i dies en qu\u00e8 el zoo est\u00e0 obert per poder planificar la teva visita. TARIFES Tarifes per a adults, nens i grups. Reserva amb antelaci\u00f3 la teva entrada! DESCOMPTES Descobreix els nostres descomptes i promocions especials. COM ARRIBAR El Zoo del Pirineu est\u00e0 situat prop de les pistes d&#8217;esqu\u00ed del Port &#8230; <a title=\"Planifica la teva visita al Zoo del Pirineu\" class=\"read-more\" href=\"https:\/\/visitar.zoodelpirineu.com\/ca\/planifica-la-teva-visita-al-zoo\/\" aria-label=\"M\u00e9s informaci\u00f3 sobre Planifica la teva visita al Zoo del Pirineu\">Read more<\/a><\/p>\n","protected":false},"author":1,"featured_media":0,"parent":0,"menu_order":0,"comment_status":"closed","ping_status":"closed","template":"","meta":{"_monsterinsights_skip_tracking":false,"_monsterinsights_sitenote_active":false,"_monsterinsights_sitenote_note":"","_monsterinsights_sitenote_category":0,"footnotes":""},"class_list":{"0":"post-31","1":"page","2":"type-page","3":"status-publish","5":"infinite-scroll-item"},"aioseo_notices":[],"_links":{"self":[{"href":"https:\/\/visitar.zoodelpirineu.com\/ca\/wp-json\/wp\/v2\/pages\/31","targetHints":{"allow":["GET"]}}],"collection":[{"href":"https:\/\/visitar.zoodelpirineu.com\/ca\/wp-json\/wp\/v2\/pages"}],"about":[{"href":"https:\/\/visitar.zoodelpirineu.com\/ca\/wp-json\/wp\/v2\/types\/page"}],"author":[{"embeddable":true,"href":"https:\/\/visitar.zoodelpirineu.com\/ca\/wp-json\/wp\/v2\/users\/1"}],"replies":[{"embeddable":true,"href":"https:\/\/visitar.zoodelpirineu.com\/ca\/wp-json\/wp\/v2\/comments?post=31"}],"version-history":[{"count":13,"href":"https:\/\/visitar.zoodelpirineu.com\/ca\/wp-json\/wp\/v2\/pages\/31\/revisions"}],"predecessor-version":[{"id":6747,"href":"https:\/\/visitar.zoodelpirineu.com\/ca\/wp-json\/wp\/v2\/pages\/31\/revisions\/6747"}],"wp:attachment":[{"href":"https:\/\/visitar.zoodelpirineu.com\/ca\/wp-json\/wp\/v2\/media?parent=31"}],"curies":[{"name":"wp","href":"https:\/\/api.w.org\/{rel}","templated":true}]}}