{"id":33,"date":"2021-11-24T05:03:10","date_gmt":"2021-11-24T04:03:10","guid":{"rendered":"https:\/\/visitar.zoodelpirineu.com\/?page_id=33"},"modified":"2026-03-06T13:11:50","modified_gmt":"2026-03-06T12:11:50","slug":"com-arribar","status":"publish","type":"page","link":"https:\/\/visitar.zoodelpirineu.com\/ca\/planifica-la-teva-visita-al-zoo\/com-arribar\/","title":{"rendered":"Com arribar"},"content":{"rendered":"<div class=\"aioseo-breadcrumbs\"><span class=\"aioseo-breadcrumb\">\n\t<a href=\"https:\/\/visitar.zoodelpirineu.com\/ca\/\" title=\"Home\">Home<\/a>\n<\/span><span class=\"aioseo-breadcrumb-separator\">&raquo;<\/span><span class=\"aioseo-breadcrumb\">\n\t<a href=\"https:\/\/visitar.zoodelpirineu.com\/ca\/planifica-la-teva-visita-al-zoo\/\" title=\"Planifica la teva visita al Zoo del Pirineu\">Planifica la teva visita al Zoo del Pirineu<\/a>\n<\/span><span class=\"aioseo-breadcrumb-separator\">&raquo;<\/span><span class=\"aioseo-breadcrumb\">\n\tCom arribar\n<\/span><\/div>\n\n\n<div style=\"height:25px\" aria-hidden=\"true\" class=\"wp-block-spacer\"><\/div>\n\n\n\n<div class=\"wp-block-cover\"><img loading=\"lazy\" decoding=\"async\" width=\"2000\" height=\"800\" class=\"wp-block-cover__image-background wp-image-5634\" alt=\"\" src=\"https:\/\/visitar.zoodelpirineu.com\/wp-content\/uploads\/2024\/10\/Paisatge-Oden.jpg\" data-object-fit=\"cover\" srcset=\"https:\/\/visitar.zoodelpirineu.com\/wp-content\/uploads\/2024\/10\/Paisatge-Oden.jpg 2000w, https:\/\/visitar.zoodelpirineu.com\/wp-content\/uploads\/2024\/10\/Paisatge-Oden-300x120.jpg 300w, https:\/\/visitar.zoodelpirineu.com\/wp-content\/uploads\/2024\/10\/Paisatge-Oden-1024x410.jpg 1024w, https:\/\/visitar.zoodelpirineu.com\/wp-content\/uploads\/2024\/10\/Paisatge-Oden-768x307.jpg 768w, https:\/\/visitar.zoodelpirineu.com\/wp-content\/uploads\/2024\/10\/Paisatge-Oden-1536x614.jpg 1536w\" sizes=\"auto, (max-width: 2000px) 100vw, 2000px\" \/><span aria-hidden=\"true\" class=\"wp-block-cover__background has-contrast-background-color has-background-dim-20 has-background-dim\"><\/span><div class=\"wp-block-cover__inner-container is-layout-constrained wp-block-cover-is-layout-constrained\">\n<p class=\"has-text-align-center has-large-font-size\">A tan sols unes hores de les principals ciutats, <br>t&#8217;endinsar\u00e0s en un entorn natural privilegiat, <br>on descobrir\u00e0s la vida salvatge en el seu m\u00e0xim esplendor.<\/p>\n<\/div><\/div>\n\n\n\n<div style=\"height:40px\" aria-hidden=\"true\" class=\"wp-block-spacer\"><\/div>\n\n\n\n<div class=\"wp-block-media-text alignwide is-stacked-on-mobile has-background\" style=\"background-color:#edf2fb;grid-template-columns:40% auto\"><figure class=\"wp-block-media-text__media\"><img loading=\"lazy\" decoding=\"async\" width=\"839\" height=\"860\" src=\"https:\/\/visitar.zoodelpirineu.com\/wp-content\/uploads\/2021\/11\/Mapa-com-arribar-al-Zoo-del-Pirineu.jpg\" alt=\"Com arribar\" class=\"wp-image-332 size-full\" srcset=\"https:\/\/visitar.zoodelpirineu.com\/wp-content\/uploads\/2021\/11\/Mapa-com-arribar-al-Zoo-del-Pirineu.jpg 839w, https:\/\/visitar.zoodelpirineu.com\/wp-content\/uploads\/2021\/11\/Mapa-com-arribar-al-Zoo-del-Pirineu-293x300.jpg 293w, https:\/\/visitar.zoodelpirineu.com\/wp-content\/uploads\/2021\/11\/Mapa-com-arribar-al-Zoo-del-Pirineu-768x787.jpg 768w\" sizes=\"auto, (max-width: 839px) 100vw, 839px\" \/><\/figure><div class=\"wp-block-media-text__content\">\n<h2 class=\"wp-block-heading has-text-align-left\">On estem<\/h2>\n\n\n\n<div style=\"height:10px\" aria-hidden=\"true\" class=\"wp-block-spacer\"><\/div>\n\n\n\n<p class=\"has-medium-font-size\">Zoo del Pirineu<br>Ctra. L-401, km 35,6<br>25283 Od\u00e8n, Catalunya<br>Espanya<\/p>\n\n\n\n<p class=\"has-medium-font-size\"><a href=\"http:\/\/goo.gl\/maps\/bRqsyxX4ReYcW9F46\" target=\"_blank\" rel=\"noreferrer noopener\" title=\"Ubicaci\u00f3 en el Google Maps\">Ubicaci\u00f3 en el Google Maps<\/a><\/p>\n\n\n\n<p class=\"has-medium-font-size\">El Zoo del Pirineu es troba a la Catalunya central, prop de les pistes d&#8217;esqu\u00ed del Port del Comte.<\/p>\n<\/div><\/div>\n\n\n\n<div class=\"wp-block-columns is-layout-flex wp-container-core-columns-is-layout-9d6595d7 wp-block-columns-is-layout-flex\">\n<div class=\"wp-block-column is-layout-flow wp-block-column-is-layout-flow\" style=\"flex-basis:35%\"><\/div>\n\n\n\n<div class=\"wp-block-column is-layout-flow wp-block-column-is-layout-flow\" style=\"flex-basis:50%\"><\/div>\n\n\n\n<div class=\"wp-block-column is-layout-flow wp-block-column-is-layout-flow\" style=\"flex-basis:35%\"><\/div>\n<\/div>\n\n\n\n<div style=\"height:40px\" aria-hidden=\"true\" class=\"wp-block-spacer\"><\/div>\n\n\n\n<h2 class=\"wp-block-heading has-text-align-center\">Com arribar al Zoo del Pirineu?<\/h2>\n\n\n\n<div class=\"wp-block-columns is-layout-flex wp-container-core-columns-is-layout-9d6595d7 wp-block-columns-is-layout-flex\">\n<div class=\"wp-block-column is-layout-flow wp-block-column-is-layout-flow\" style=\"flex-basis:25%\"><\/div>\n\n\n\n<div class=\"wp-block-column is-layout-flow wp-block-column-is-layout-flow\" style=\"flex-basis:50%\">\n<div class=\"wp-block-cover\" style=\"min-height:214px;aspect-ratio:unset;\"><span aria-hidden=\"true\" class=\"wp-block-cover__background has-base-3-background-color has-background-dim-100 has-background-dim\"><\/span><div class=\"wp-block-cover__inner-container is-layout-constrained wp-block-cover-is-layout-constrained\"><div class=\"wp-block-image\">\n<figure class=\"aligncenter size-medium\"><img loading=\"lazy\" decoding=\"async\" width=\"300\" height=\"200\" src=\"https:\/\/visitar.zoodelpirineu.com\/wp-content\/uploads\/2024\/10\/Coche-icono-300x200.png\" alt=\"\" class=\"wp-image-5617\" srcset=\"https:\/\/visitar.zoodelpirineu.com\/wp-content\/uploads\/2024\/10\/Coche-icono-300x200.png 300w, https:\/\/visitar.zoodelpirineu.com\/wp-content\/uploads\/2024\/10\/Coche-icono.png 320w\" sizes=\"auto, (max-width: 300px) 100vw, 300px\" \/><\/figure>\n<\/div>\n\n\n<h3 class=\"wp-block-heading has-text-align-center\">Amb coche<\/h3>\n\n\n\n<p class=\"has-text-align-center has-contrast-2-color has-text-color has-link-color has-medium-font-size wp-elements-2f3b16dc8aa6098ba9cced30ab7116e5\">L&#8217;\u00fanica manera per visitar el nostre parc \u00e9s amb cotxe. Et recomanem utilitzar la <a href=\"https:\/\/www.google.es\/maps\/place\/Zoo+del+Pirineu\/@42.1220218,1.4964348,17z\/data=!3m1!4b1!4m5!3m4!1s0x12a5c7138a448751:0x94a38b73d95dd68c!8m2!3d42.1220218!4d1.4986235\" target=\"_blank\" rel=\"noreferrer noopener\" title=\"https:\/\/www.google.es\/maps\/place\/Zoo+del+Pirineu\/@42.1220218,1.4964348,17z\/data=!3m1!4b1!4m5!3m4!1s0x12a5c7138a448751:0x94a38b73d95dd68c!8m2!3d42.1220218!4d1.4986235\">navegaci\u00f3 de Google Maps<\/a>. I, sobretot, segueix la <strong>ruta recomanada<\/strong> (trobar\u00e0s el mapa que et recomanem seguir a sota). Les rutes marcades com a opcionals sovint nom\u00e9s s\u00f3n pistes forestals i, si no tens un 4&#215;4, podries tenir problemes per arribar al zoo.<\/p>\n\n\n\n<p class=\"has-text-align-center has-contrast-2-color has-text-color has-link-color has-medium-font-size wp-elements-ac8affcf8542c9a2c06f8ca2fd5798f5\">Si no fas servir Google Maps i no saps com arribar, si us plau, <a href=\"https:\/\/visitar.zoodelpirineu.com\/contacte\/\" target=\"_blank\" rel=\"noreferrer noopener\" title=\"Contacte\">contacta&#8217;ns<\/a>. T&#8217;enviarem una descripci\u00f3 detallada per email.<\/p>\n<\/div><\/div>\n<\/div>\n\n\n\n<div class=\"wp-block-column is-layout-flow wp-block-column-is-layout-flow\" style=\"flex-basis:25%\"><\/div>\n<\/div>\n\n\n\n<div class=\"wp-block-columns are-vertically-aligned-bottom has-base-background-color has-background is-layout-flex wp-container-core-columns-is-layout-9d6595d7 wp-block-columns-is-layout-flex\">\n<div class=\"wp-block-column is-vertically-aligned-bottom is-layout-flow wp-block-column-is-layout-flow\">\n<h3 class=\"wp-block-heading has-text-align-center\">Navegaci\u00f3 de Google Maps<\/h3>\n\n\n<div class=\"aioseo-location-map \">\n\t\t<div class=\"d-flex\">\n\t\t\t\t\t<div class=\"col-auto\">\n\t\t\t\t<span class=\"icon map\">\n\t\t\t\t\t<svg width=\"20\" height=\"20\" viewBox=\"0 0 20 20\" xmlns=\"http:\/\/www.w3.org\/2000\/svg\"><path d=\"M11 11.14L9.83 5.2C9.04 4.77 8.5 3.95 8.5 3C8.5 1.62 9.62 0.499999 11 0.499999C12.38 0.499999 13.5 1.62 13.5 3C13.5 3.95 12.96 4.77 12.17 5.2L11 11.14ZM11 1.5C10.17 1.5 9.5 2.17 9.5 3C9.5 3.83 10.17 4.5 11 4.5C11.83 4.5 12.5 3.83 12.5 3C12.5 2.17 11.83 1.5 11 1.5ZM12.72 6.3L11 13.68L9.27 6.38L5 4.97L2.98023e-08 6.97V15.97L5 13.97L11.12 16L16 13.97V4.97L12.72 6.3Z\" fill=\"currentcolor\" \/><\/svg>\t\t\t\t<\/span>\n\t\t\t<\/div>\n\t\t\t\t\t\t\t<div class=\"col\">\n\t\t\t\t<div class=\"label\">\n\t\t\t\t\tOur location:\t\t\t\t<\/div>\n\t\t\t<\/div>\n\t\t\t<\/div>\n\t<div id=\"aioseo-local-map-69ed169bc2d43\" class=\"aioseo-local-map\" style=\"width: 100%; height: 450px; \">\n\t\t<style>\n.aioseo-loading-spinner {\n\twidth: 35px;\n\theight: 35px;\n\tposition: absolute;\n}\n\n.aioseo-loading-spinner .double-bounce1,\n.aioseo-loading-spinner .double-bounce2 {\n\twidth: 100%;\n\theight: 100%;\n\tborder-radius: 50%;\n\tbackground-color: #fff;\n\topacity: 0.6;\n\tposition: absolute;\n\ttop: 0;\n\tleft: 0;\n\n\t-webkit-animation: aioseo-sk-bounce 1.3s infinite ease-in-out;\n\tanimation: aioseo-sk-bounce 1.3s infinite ease-in-out;\n}\n\n.aioseo-loading-spinner.dark .double-bounce1,\n.aioseo-loading-spinner.dark .double-bounce2 {\n\tbackground-color: #8C8F9A;\n}\n\n.aioseo-loading-spinner .double-bounce2 {\n\t-webkit-animation-delay: -0.65s;\n\tanimation-delay: -0.65s;\n}\n\n.aioseo-loading-spinner {}\n.aioseo-loading-spinner {}\n\n@-webkit-keyframes aioseo-sk-bounce {\n\t0%, 100% { -webkit-transform: scale(0.0) }\n\t50% { -webkit-transform: scale(1.0) }\n}\n\n@keyframes aioseo-sk-bounce {\n\t0%, 100% {\n\t\ttransform: scale(0.0);\n\t\t-webkit-transform: scale(0.0);\n\t} 50% {\n\t\ttransform: scale(1.0);\n\t\t-webkit-transform: scale(1.0);\n\t}\n}\n<\/style>\n<div style=\"height:50px; position:relative;\">\n\t<div class=\"aioseo-loading-spinner dark\" style=\"top:calc( 50% - 17px);left:calc( 50% - 17px);\">\n\t\t<div class=\"double-bounce1\"><\/div>\n\t\t<div class=\"double-bounce2\"><\/div>\n\t<\/div>\n<\/div>\t<\/div>\n<\/div><\/div>\n\n\n\n<div class=\"wp-block-column is-vertically-aligned-bottom is-layout-flow wp-block-column-is-layout-flow\">\n<p class=\"has-text-align-center\"><strong>NO AGAFEU LA RUTA AMB LA CREU VERMELLA<\/strong>! NO PODREU ARRIBAR AL ZOO I FAREU UNA VOLTA DE 45 MINUTS!!!<\/p>\n\n\n\n<figure class=\"wp-block-image size-full\"><img loading=\"lazy\" decoding=\"async\" width=\"710\" height=\"527\" src=\"https:\/\/visitar.zoodelpirineu.com\/wp-content\/uploads\/2024\/05\/Zoo-del-Pirineu-1.png\" alt=\"\" class=\"wp-image-5402\" srcset=\"https:\/\/visitar.zoodelpirineu.com\/wp-content\/uploads\/2024\/05\/Zoo-del-Pirineu-1.png 710w, https:\/\/visitar.zoodelpirineu.com\/wp-content\/uploads\/2024\/05\/Zoo-del-Pirineu-1-300x223.png 300w\" sizes=\"auto, (max-width: 710px) 100vw, 710px\" \/><\/figure>\n<\/div>\n<\/div>\n\n\n\n<div style=\"height:60px\" aria-hidden=\"true\" class=\"wp-block-spacer\"><\/div>\n\n\n<div class=\"wp-block-image\">\n<figure class=\"aligncenter size-medium\"><img loading=\"lazy\" decoding=\"async\" width=\"300\" height=\"200\" src=\"https:\/\/visitar.zoodelpirineu.com\/wp-content\/uploads\/2024\/10\/horari-icono-300x200.png\" alt=\"\" class=\"wp-image-5620\" srcset=\"https:\/\/visitar.zoodelpirineu.com\/wp-content\/uploads\/2024\/10\/horari-icono-300x200.png 300w, https:\/\/visitar.zoodelpirineu.com\/wp-content\/uploads\/2024\/10\/horari-icono.png 320w\" sizes=\"auto, (max-width: 300px) 100vw, 300px\" \/><\/figure>\n<\/div>\n\n\n<h2 class=\"wp-block-heading has-text-align-center\">Planifica b\u00e9 la teva visita<\/h2>\n\n\n\n<p class=\"has-text-align-center\">Si us plau, calcula pr\u00e8viament el temps que necessitar\u00e0s per arribar al Zoo del Pirineu. <br>Les activitats tenen el seu <a href=\"https:\/\/visitar.zoodelpirineu.com\/horari\/\" target=\"_blank\" rel=\"noreferrer noopener\" title=\"Horari\">horari<\/a>. No podem esperar a que arribis i comen\u00e7ar m\u00e9s tard.<\/p>\n\n\n\n<div style=\"height:60px\" aria-hidden=\"true\" class=\"wp-block-spacer\"><\/div>\n\n\n<div class=\"wp-block-image\">\n<figure class=\"aligncenter size-medium\"><img loading=\"lazy\" decoding=\"async\" width=\"300\" height=\"200\" src=\"https:\/\/visitar.zoodelpirineu.com\/wp-content\/uploads\/2024\/10\/aparcamiento-icono-300x200.png\" alt=\"\" class=\"wp-image-5623\" srcset=\"https:\/\/visitar.zoodelpirineu.com\/wp-content\/uploads\/2024\/10\/aparcamiento-icono-300x200.png 300w, https:\/\/visitar.zoodelpirineu.com\/wp-content\/uploads\/2024\/10\/aparcamiento-icono.png 320w\" sizes=\"auto, (max-width: 300px) 100vw, 300px\" \/><\/figure>\n<\/div>\n\n\n<h2 class=\"wp-block-heading has-text-align-center\"><a href=\"https:\/\/visitar.zoodelpirineu.com\/ca\/visitar-zoo\/visita-familiar-al-zoo-serveis\/\" title=\"Visita familiar al zoo: Serveis per a la teva comoditat\">Aparcament<\/a><\/h2>\n\n\n\n<p class=\"has-text-align-center\">El Zoo del Pirineu disposa d&#8217;un <a href=\"https:\/\/visitar.zoodelpirineu.com\/ca\/visitar-zoo\/visita-familiar-al-zoo-serveis\/\" title=\"Visita familiar al zoo: Serveis per a la teva comoditat\"><strong>aparcament<\/strong><\/a> prou ampli perqu\u00e8 puguin estacionar cotxes, autocaravanes i autocars.<\/p>\n\n\n\n<div style=\"height:60px\" aria-hidden=\"true\" class=\"wp-block-spacer\"><\/div>\n\n\n\n<div class=\"wp-block-columns is-layout-flex wp-container-core-columns-is-layout-9d6595d7 wp-block-columns-is-layout-flex\">\n<div class=\"wp-block-column is-layout-flow wp-block-column-is-layout-flow\" style=\"flex-basis:25%\"><\/div>\n\n\n\n<div class=\"wp-block-column is-layout-flow wp-block-column-is-layout-flow\" style=\"flex-basis:50%\">\n<div class=\"wp-block-cover\" style=\"min-height:214px;aspect-ratio:unset;\"><span aria-hidden=\"true\" class=\"wp-block-cover__background has-contrast-2-background-color has-background-dim-100 has-background-dim\"><\/span><div class=\"wp-block-cover__inner-container is-layout-constrained wp-block-cover-is-layout-constrained\"><div class=\"wp-block-image\">\n<figure class=\"aligncenter size-medium\"><img loading=\"lazy\" decoding=\"async\" width=\"300\" height=\"200\" src=\"https:\/\/visitar.zoodelpirineu.com\/wp-content\/uploads\/2024\/10\/Transport-publico-icono-300x200.png\" alt=\"\" class=\"wp-image-5614\" srcset=\"https:\/\/visitar.zoodelpirineu.com\/wp-content\/uploads\/2024\/10\/Transport-publico-icono-300x200.png 300w, https:\/\/visitar.zoodelpirineu.com\/wp-content\/uploads\/2024\/10\/Transport-publico-icono.png 320w\" sizes=\"auto, (max-width: 300px) 100vw, 300px\" \/><\/figure>\n<\/div>\n\n\n<h3 class=\"wp-block-heading has-text-align-center has-base-3-color has-text-color has-link-color wp-elements-b3ff74af271b8a205cb4a13d18721ab1\">Transport p\u00fablic<\/h3>\n\n\n\n<p class=\"has-text-align-center has-medium-font-size\">Ens sap greu, per\u00f2 <strong>no hi ha cap transport p\u00fablic<\/strong> que arribi fins al Zoo del Pirineu. L&#8217;estaci\u00f3 de tren m\u00e9s propera \u00e9s a Manresa. La l\u00ednia d&#8217;autob\u00fas arriba fins a Solsona, per\u00f2 des de Solsona encara hi ha 30 km.<\/p>\n<\/div><\/div>\n<\/div>\n\n\n\n<div class=\"wp-block-column is-layout-flow wp-block-column-is-layout-flow\" style=\"flex-basis:25%\"><\/div>\n<\/div>\n\n\n\n<div class=\"wp-block-cover\" style=\"min-height:500px;aspect-ratio:unset;\"><img loading=\"lazy\" decoding=\"async\" width=\"1920\" height=\"600\" class=\"wp-block-cover__image-background wp-image-342\" alt=\"Paisatge de Zoo del Pirineu\" src=\"https:\/\/visitar.zoodelpirineu.com\/wp-content\/uploads\/2021\/11\/Solsones.jpg\" style=\"object-position:56% 52%\" data-object-fit=\"cover\" data-object-position=\"56% 52%\" srcset=\"https:\/\/visitar.zoodelpirineu.com\/wp-content\/uploads\/2021\/11\/Solsones.jpg 1920w, https:\/\/visitar.zoodelpirineu.com\/wp-content\/uploads\/2021\/11\/Solsones-300x94.jpg 300w, https:\/\/visitar.zoodelpirineu.com\/wp-content\/uploads\/2021\/11\/Solsones-1024x320.jpg 1024w, https:\/\/visitar.zoodelpirineu.com\/wp-content\/uploads\/2021\/11\/Solsones-768x240.jpg 768w, https:\/\/visitar.zoodelpirineu.com\/wp-content\/uploads\/2021\/11\/Solsones-1536x480.jpg 1536w\" sizes=\"auto, (max-width: 1920px) 100vw, 1920px\" \/><span aria-hidden=\"true\" class=\"wp-block-cover__background has-background-dim-20 has-background-dim\"><\/span><div class=\"wp-block-cover__inner-container is-layout-flow wp-block-cover-is-layout-flow\">\n<p><\/p>\n\n\n\n<p><\/p>\n\n\n\n<p><\/p>\n\n\n\n<p class=\"has-text-align-center has-large-font-size\">Bon viatge i fins aviat!<\/p>\n\n\n\n<p><\/p>\n\n\n\n<p><\/p>\n\n\n\n<p class=\"has-text-align-right\"><\/p>\n<\/div><\/div>\n\n\n\n<p class=\"has-text-align-right\">Foto: Antonio Chaparro<\/p>\n","protected":false},"excerpt":{"rendered":"<p>Com arribar al Zoo del Pirineu? Navegaci\u00f3 de Google Maps NO AGAFEU LA RUTA AMB LA CREU VERMELLA! NO PODREU ARRIBAR AL ZOO I FAREU UNA VOLTA DE 45 MINUTS!!! Planifica b\u00e9 la teva visita Si us plau, calcula pr\u00e8viament el temps que necessitar\u00e0s per arribar al Zoo del Pirineu. Les activitats tenen el seu &#8230; <a title=\"Com arribar\" class=\"read-more\" href=\"https:\/\/visitar.zoodelpirineu.com\/ca\/planifica-la-teva-visita-al-zoo\/com-arribar\/\" aria-label=\"M\u00e9s informaci\u00f3 sobre Com arribar\">Read more<\/a><\/p>\n","protected":false},"author":1,"featured_media":0,"parent":31,"menu_order":0,"comment_status":"closed","ping_status":"closed","template":"","meta":{"_monsterinsights_skip_tracking":false,"_monsterinsights_sitenote_active":false,"_monsterinsights_sitenote_note":"","_monsterinsights_sitenote_category":0,"footnotes":""},"class_list":{"0":"post-33","1":"page","2":"type-page","3":"status-publish","5":"infinite-scroll-item"},"aioseo_notices":[],"_links":{"self":[{"href":"https:\/\/visitar.zoodelpirineu.com\/ca\/wp-json\/wp\/v2\/pages\/33","targetHints":{"allow":["GET"]}}],"collection":[{"href":"https:\/\/visitar.zoodelpirineu.com\/ca\/wp-json\/wp\/v2\/pages"}],"about":[{"href":"https:\/\/visitar.zoodelpirineu.com\/ca\/wp-json\/wp\/v2\/types\/page"}],"author":[{"embeddable":true,"href":"https:\/\/visitar.zoodelpirineu.com\/ca\/wp-json\/wp\/v2\/users\/1"}],"replies":[{"embeddable":true,"href":"https:\/\/visitar.zoodelpirineu.com\/ca\/wp-json\/wp\/v2\/comments?post=33"}],"version-history":[{"count":27,"href":"https:\/\/visitar.zoodelpirineu.com\/ca\/wp-json\/wp\/v2\/pages\/33\/revisions"}],"predecessor-version":[{"id":6683,"href":"https:\/\/visitar.zoodelpirineu.com\/ca\/wp-json\/wp\/v2\/pages\/33\/revisions\/6683"}],"up":[{"embeddable":true,"href":"https:\/\/visitar.zoodelpirineu.com\/ca\/wp-json\/wp\/v2\/pages\/31"}],"wp:attachment":[{"href":"https:\/\/visitar.zoodelpirineu.com\/ca\/wp-json\/wp\/v2\/media?parent=33"}],"curies":[{"name":"wp","href":"https:\/\/api.w.org\/{rel}","templated":true}]}}