{"id":35,"date":"2021-11-24T05:11:17","date_gmt":"2021-11-24T04:11:17","guid":{"rendered":"https:\/\/visitar.zoodelpirineu.com\/?page_id=35"},"modified":"2024-02-01T16:55:39","modified_gmt":"2024-02-01T15:55:39","slug":"descompte-turisme-rural","status":"publish","type":"page","link":"https:\/\/visitar.zoodelpirineu.com\/ca\/descomptes\/descompte-turisme-rural\/","title":{"rendered":"Cup\u00f3 de descompte Turisme Rural"},"content":{"rendered":"<div class=\"aioseo-breadcrumbs\"><span class=\"aioseo-breadcrumb\">\n\t<a href=\"https:\/\/visitar.zoodelpirineu.com\/ca\/\" title=\"Home\">Home<\/a>\n<\/span><span class=\"aioseo-breadcrumb-separator\">&raquo;<\/span><span class=\"aioseo-breadcrumb\">\n\t<a href=\"https:\/\/visitar.zoodelpirineu.com\/ca\/descomptes\/\" title=\"Descomptes\">Descomptes<\/a>\n<\/span><span class=\"aioseo-breadcrumb-separator\">&raquo;<\/span><span class=\"aioseo-breadcrumb\">\n\tCup\u00f3 de descompte Turisme Rural\n<\/span><\/div>\n\n\n<div style=\"height:25px\" aria-hidden=\"true\" class=\"wp-block-spacer\"><\/div>\n\n\n\n<div class=\"wp-block-media-text alignwide is-stacked-on-mobile has-background\" style=\"background-color:#edf2fb\"><figure class=\"wp-block-media-text__media\"><img loading=\"lazy\" decoding=\"async\" width=\"800\" height=\"600\" src=\"https:\/\/visitar.zoodelpirineu.com\/wp-content\/uploads\/2021\/12\/Solsones-Catalunya.jpg\" alt=\"Turisme rural Espanya\" class=\"wp-image-966 size-full\" srcset=\"https:\/\/visitar.zoodelpirineu.com\/wp-content\/uploads\/2021\/12\/Solsones-Catalunya.jpg 800w, https:\/\/visitar.zoodelpirineu.com\/wp-content\/uploads\/2021\/12\/Solsones-Catalunya-300x225.jpg 300w, https:\/\/visitar.zoodelpirineu.com\/wp-content\/uploads\/2021\/12\/Solsones-Catalunya-768x576.jpg 768w\" sizes=\"auto, (max-width: 800px) 100vw, 800px\" \/><\/figure><div class=\"wp-block-media-text__content\">\n<div style=\"height:10px\" aria-hidden=\"true\" class=\"wp-block-spacer\"><\/div>\n\n\n\n<p class=\"has-medium-font-size\">Has rebut un cup\u00f3 de descompte de Turisme Rural? Felicitats! T\u2019est\u00e0s allotjant en un <a href=\"https:\/\/visitar.zoodelpirineu.com\/ca\/planifica-visita\/on-dormir\/\" target=\"_blank\" rel=\"noopener\" title=\"\">establiment col\u00b7laborador<\/a> del Zoo del Pirineu.<\/p>\n\n\n\n<p class=\"has-medium-font-size\">Tens un 20% de descompte a les tres activitats est\u00e0ndard al nostre parc:<\/p>\n\n\n\n<ul class=\"wp-block-list\">\n<li><a href=\"https:\/\/visitar.zoodelpirineu.com\/activitats-amb-animals\/visita-guiada\/\" target=\"_blank\" rel=\"noreferrer noopener\" title=\"Visita guiada\">Visita guiada<\/a><\/li>\n\n\n\n<li><a href=\"https:\/\/visitar.zoodelpirineu.com\/activitats-amb-animals\/exhibicio-aus-rapinyaires\/\" target=\"_blank\" rel=\"noreferrer noopener\" title=\"Exhibici\u00f3 de vol de aus rapinyaires\">Exhibici\u00f3 de vol lliure d&#8217;aus rapinyaires<\/a><\/li>\n<\/ul>\n\n\n\n<p class=\"has-medium-font-size\">Si encara no coneixes el Zoo del Pirineu si us plau consulta la <strong><a href=\"https:\/\/visitar.zoodelpirineu.com\/\" target=\"_blank\" rel=\"noreferrer noopener\" title=\"p\u00e0gina d\u2019inici\">p\u00e0gina d\u2019inici<\/a><\/strong>.<\/p>\n\n\n\n<div style=\"height:10px\" aria-hidden=\"true\" class=\"wp-block-spacer\"><\/div>\n\n\n\n<div class=\"wp-block-buttons is-layout-flex wp-block-buttons-is-layout-flex\">\n<div class=\"wp-block-button\"><a class=\"wp-block-button__link wp-element-button\" href=\"https:\/\/visitar.zoodelpirineu.com\/ca\/planifica-visita\/on-dormir\/\" target=\"_blank\" rel=\"noreferrer noopener\">On allotjar-te per adquirir el descompte de turisme rural<\/a><\/div>\n<\/div>\n\n\n\n<div style=\"height:10px\" aria-hidden=\"true\" class=\"wp-block-spacer\"><\/div>\n<\/div><\/div>\n\n\n\n<div style=\"height:50px\" aria-hidden=\"true\" class=\"wp-block-spacer\"><\/div>\n\n\n\n<h2 class=\"wp-block-heading\">Com aplicar el descompte de Turisme rural<\/h2>\n\n\n\n<p><a href=\"https:\/\/fareharbor.com\/embeds\/book\/zoodelpirineu\/?full-items=yes\" title=\"Compra les entrades en l\u00ednia\">Compra les entrades en l\u00ednia<\/a> i aplica el Codi de descompte \u00ab<strong>Turisme Solson\u00e8s<\/strong>\u00bb. Naturalment pots triar entre <strong><a href=\"https:\/\/visitar.zoodelpirineu.com\/ca\/activitats-amb-animals\/\" target=\"_blank\" rel=\"noopener\" title=\"\">totes les activitats<\/a><\/strong> que oferim al Zoo del Pirineu. El descompte, per\u00f2, s&#8217;aplica nom\u00e9s a les 3 activitats mencionades al comen\u00e7ament.<\/p>\n\n\n\n<div class=\"wp-block-buttons is-layout-flex wp-block-buttons-is-layout-flex\">\n<div class=\"wp-block-button\"><a class=\"wp-block-button__link wp-element-button\" href=\"https:\/\/fareharbor.com\/embeds\/book\/zoodelpirineu\/?full-items=yes\" target=\"_blank\" rel=\"noreferrer noopener\">Comprar entrades<\/a><\/div>\n<\/div>\n\n\n\n<div style=\"height:50px\" aria-hidden=\"true\" class=\"wp-block-spacer\"><\/div>\n\n\n\n<div class=\"wp-block-columns are-vertically-aligned-center is-layout-flex wp-container-core-columns-is-layout-9d6595d7 wp-block-columns-is-layout-flex\">\n<div class=\"wp-block-column is-vertically-aligned-center is-layout-flow wp-block-column-is-layout-flow\" style=\"flex-basis:33.33%\">\n<figure class=\"wp-block-image size-full\"><img loading=\"lazy\" decoding=\"async\" width=\"800\" height=\"600\" src=\"https:\/\/visitar.zoodelpirineu.com\/wp-content\/uploads\/2022\/03\/Problemes.jpg\" alt=\"Una noia s'ha desquidat del cupo de turisme rural.\" class=\"wp-image-2063\" srcset=\"https:\/\/visitar.zoodelpirineu.com\/wp-content\/uploads\/2022\/03\/Problemes.jpg 800w, https:\/\/visitar.zoodelpirineu.com\/wp-content\/uploads\/2022\/03\/Problemes-300x225.jpg 300w, https:\/\/visitar.zoodelpirineu.com\/wp-content\/uploads\/2022\/03\/Problemes-768x576.jpg 768w\" sizes=\"auto, (max-width: 800px) 100vw, 800px\" \/><\/figure>\n<\/div>\n\n\n\n<div class=\"wp-block-column is-vertically-aligned-center is-layout-flow wp-block-column-is-layout-flow\" style=\"flex-basis:66.66%\">\n<h3 class=\"wp-block-heading\">Les condicions per aprofitar el descompte de Turisme rural<\/h3>\n\n\n\n<ul class=\"wp-block-list\">\n<li>Has de comprar les entrades en l\u00ednia.<\/li>\n\n\n\n<li>A la taquilla del zoo ens ensenyar\u00e0s el cup\u00f3 per justificar el descompte aplicat. El cup\u00f3 de descompte ha de portar el logo de l&#8217;amfitri\u00f3.<\/li>\n\n\n\n<li>Si no ens el pots mostrar haur\u00e0s de pagar la difer\u00e8ncia del preu a la taquilla.<\/li>\n\n\n\n<li>El descompte de Turisme rural <strong>no \u00e9s acumulable<\/strong> amb <a href=\"https:\/\/visitar.zoodelpirineu.com\/ca\/descomptes\/\" target=\"_blank\" rel=\"noopener\" title=\"\">altres ofertes<\/a>. <br><strong>Tria el descompte<\/strong> que et surti m\u00e9s a compte i utilitza el codi corresponent quan compris les entrades en l\u00ednia.<\/li>\n<\/ul>\n\n\n\n<div style=\"height:30px\" aria-hidden=\"true\" class=\"wp-block-spacer\"><\/div>\n<\/div>\n<\/div>\n\n\n\n<div style=\"height:30px\" aria-hidden=\"true\" class=\"wp-block-spacer\"><\/div>\n\n\n\n<h2 class=\"wp-block-heading\">Validesa del cup\u00f3 de Turisme rural<\/h2>\n\n\n\n<p>El cup\u00f3 de Turisme rural est\u00e0 pensat com un cup\u00f3 de descompte d&#8217;\u00fas immediat. \u00c9s un petit obsequi per agrair-te que has triat la nostra zona per fer turisme de proximitat.<\/p>\n\n\n\n<div style=\"height:30px\" aria-hidden=\"true\" class=\"wp-block-spacer\"><\/div>\n\n\n\n<h2 class=\"wp-block-heading\">Has comprat les entrades abans d&#8217;assabentar-te del descompte de turisme rural?<\/h2>\n\n\n\n<p>Si has comprat les entrades abans d&#8217;assabentar-te d&#8217;aquest descompte, porta&#8217;ns una foto del cup\u00f3 el dia de la teva visita. Et tornarem la difer\u00e8ncia a la taquilla del parc.<\/p>\n\n\n\n<div style=\"height:30px\" aria-hidden=\"true\" class=\"wp-block-spacer\"><\/div>\n\n\n\n<h2 class=\"wp-block-heading\">Problemes amb el pagament?<\/h2>\n\n\n\n<p>Si tens problemes amb la compra d&#8217;entrades en l\u00ednia, <a href=\"https:\/\/visitar.zoodelpirineu.com\/contacte\/\" target=\"_blank\" rel=\"noreferrer noopener\" title=\"contacta'ns\">contacta&#8217;ns<\/a>. T&#8217;ajudarem encantats!<\/p>\n","protected":false},"excerpt":{"rendered":"<p>Com aplicar el descompte de Turisme rural Compra les entrades en l\u00ednia i aplica el Codi de descompte \u00abTurisme Solson\u00e8s\u00bb. Naturalment pots triar entre totes les activitats que oferim al Zoo del Pirineu. El descompte, per\u00f2, s&#8217;aplica nom\u00e9s a les 3 activitats mencionades al comen\u00e7ament. Les condicions per aprofitar el descompte de Turisme rural Validesa &#8230; <a title=\"Cup\u00f3 de descompte Turisme Rural\" class=\"read-more\" href=\"https:\/\/visitar.zoodelpirineu.com\/ca\/descomptes\/descompte-turisme-rural\/\" aria-label=\"M\u00e9s informaci\u00f3 sobre Cup\u00f3 de descompte Turisme Rural\">Read more<\/a><\/p>\n","protected":false},"author":1,"featured_media":966,"parent":25,"menu_order":0,"comment_status":"closed","ping_status":"closed","template":"","meta":{"_monsterinsights_skip_tracking":false,"_monsterinsights_sitenote_active":false,"_monsterinsights_sitenote_note":"","_monsterinsights_sitenote_category":0,"footnotes":""},"class_list":{"0":"post-35","1":"page","2":"type-page","3":"status-publish","4":"has-post-thumbnail","6":"infinite-scroll-item"},"aioseo_notices":[],"_links":{"self":[{"href":"https:\/\/visitar.zoodelpirineu.com\/ca\/wp-json\/wp\/v2\/pages\/35","targetHints":{"allow":["GET"]}}],"collection":[{"href":"https:\/\/visitar.zoodelpirineu.com\/ca\/wp-json\/wp\/v2\/pages"}],"about":[{"href":"https:\/\/visitar.zoodelpirineu.com\/ca\/wp-json\/wp\/v2\/types\/page"}],"author":[{"embeddable":true,"href":"https:\/\/visitar.zoodelpirineu.com\/ca\/wp-json\/wp\/v2\/users\/1"}],"replies":[{"embeddable":true,"href":"https:\/\/visitar.zoodelpirineu.com\/ca\/wp-json\/wp\/v2\/comments?post=35"}],"version-history":[{"count":23,"href":"https:\/\/visitar.zoodelpirineu.com\/ca\/wp-json\/wp\/v2\/pages\/35\/revisions"}],"predecessor-version":[{"id":5214,"href":"https:\/\/visitar.zoodelpirineu.com\/ca\/wp-json\/wp\/v2\/pages\/35\/revisions\/5214"}],"up":[{"embeddable":true,"href":"https:\/\/visitar.zoodelpirineu.com\/ca\/wp-json\/wp\/v2\/pages\/25"}],"wp:featuredmedia":[{"embeddable":true,"href":"https:\/\/visitar.zoodelpirineu.com\/ca\/wp-json\/wp\/v2\/media\/966"}],"wp:attachment":[{"href":"https:\/\/visitar.zoodelpirineu.com\/ca\/wp-json\/wp\/v2\/media?parent=35"}],"curies":[{"name":"wp","href":"https:\/\/api.w.org\/{rel}","templated":true}]}}