{"id":392,"date":"2021-11-27T04:37:52","date_gmt":"2021-11-27T03:37:52","guid":{"rendered":"https:\/\/visitar.zoodelpirineu.com\/?page_id=392"},"modified":"2026-04-13T07:32:15","modified_gmt":"2026-04-13T06:32:15","slug":"activitat-interactiva-amb-animals","status":"publish","type":"page","link":"https:\/\/visitar.zoodelpirineu.com\/ca\/activitats-amb-animals\/activitat-interactiva-amb-animals\/","title":{"rendered":"Activitat interactiva amb animals"},"content":{"rendered":"<div class=\"aioseo-breadcrumbs\"><span class=\"aioseo-breadcrumb\">\n\t<a href=\"https:\/\/visitar.zoodelpirineu.com\/ca\/\" title=\"Home\">Home<\/a>\n<\/span><span class=\"aioseo-breadcrumb-separator\">&raquo;<\/span><span class=\"aioseo-breadcrumb\">\n\t<a href=\"https:\/\/visitar.zoodelpirineu.com\/ca\/activitats-amb-animals\/\" title=\"Activitats amb animals\">Activitats amb animals<\/a>\n<\/span><span class=\"aioseo-breadcrumb-separator\">&raquo;<\/span><span class=\"aioseo-breadcrumb\">\n\tActivitat interactiva amb animals\n<\/span><\/div>\n\n\n<div style=\"height:20px\" aria-hidden=\"true\" class=\"wp-block-spacer\"><\/div>\n\n\n\n<div class=\"wp-block-cover\"><img loading=\"lazy\" decoding=\"async\" width=\"1024\" height=\"320\" class=\"wp-block-cover__image-background wp-image-96 size-large\" alt=\"Aus rapinyaires nocturnes a l'activitat interactiva amb animals salvatges rescatats a Solson\u00e8s (Catalunya)\" src=\"https:\/\/visitar.zoodelpirineu.com\/wp-content\/uploads\/2021\/11\/Exhibicio-de-vol-1024x320.jpg\" style=\"object-position:50% 33%\" data-object-fit=\"cover\" data-object-position=\"50% 33%\" srcset=\"https:\/\/visitar.zoodelpirineu.com\/wp-content\/uploads\/2021\/11\/Exhibicio-de-vol-1024x320.jpg 1024w, https:\/\/visitar.zoodelpirineu.com\/wp-content\/uploads\/2021\/11\/Exhibicio-de-vol-300x94.jpg 300w, https:\/\/visitar.zoodelpirineu.com\/wp-content\/uploads\/2021\/11\/Exhibicio-de-vol-768x240.jpg 768w, https:\/\/visitar.zoodelpirineu.com\/wp-content\/uploads\/2021\/11\/Exhibicio-de-vol-1536x480.jpg 1536w, https:\/\/visitar.zoodelpirineu.com\/wp-content\/uploads\/2021\/11\/Exhibicio-de-vol.jpg 1920w\" sizes=\"auto, (max-width: 1024px) 100vw, 1024px\" \/><span aria-hidden=\"true\" class=\"wp-block-cover__background has-background-dim-30 has-background-dim\"><\/span><div class=\"wp-block-cover__inner-container is-layout-flow wp-block-cover-is-layout-flow\">\n<p class=\"has-text-align-center has-large-font-size\">Activitat interactiva amb animals al Pirineu<\/p>\n\n\n\n<p class=\"has-text-align-center\" style=\"font-size:25px\">Participa en el dia a dia d\u2019animals rescatats en una experi\u00e8ncia \u00fanica a Catalunya<\/p>\n\n\n\n<div class=\"wp-block-buttons is-vertical is-content-justification-center is-nowrap is-layout-flex wp-container-core-buttons-is-layout-f22fa84d wp-block-buttons-is-layout-flex\">\n<div class=\"wp-block-button\"><a class=\"wp-block-button__link has-medium-font-size has-custom-font-size wp-element-button\" href=\"https:\/\/fareharbor.com\/embeds\/book\/zoodelpirineu\/items\/448526\/?full-items=yes&amp;flow=923009\" style=\"border-radius:0px\" target=\"_blank\" rel=\"noreferrer noopener\">Reserva la teva pla\u00e7a aquest cap de setmana<\/a><\/div>\n<\/div>\n\n\n\n<div style=\"height:20px\" aria-hidden=\"true\" class=\"wp-block-spacer\"><\/div>\n\n\n\n<p class=\"has-text-align-center has-medium-font-size\">Places limitades en cada sessi\u00f3<\/p>\n<\/div><\/div>\n\n\n\n<div style=\"height:100px\" aria-hidden=\"true\" class=\"wp-block-spacer\"><\/div>\n\n\n\n<div class=\"wp-block-columns is-layout-flex wp-container-core-columns-is-layout-9d6595d7 wp-block-columns-is-layout-flex\">\n<div class=\"wp-block-column is-layout-flow wp-block-column-is-layout-flow\" style=\"flex-basis:25%\"><\/div>\n\n\n\n<div class=\"wp-block-column is-layout-flow wp-block-column-is-layout-flow\" style=\"flex-basis:50%\">\n<figure class=\"wp-block-video\"><video height=\"1100\" style=\"aspect-ratio: 1000 \/ 1100;\" width=\"1000\" controls src=\"https:\/\/visitar.zoodelpirineu.com\/wp-content\/uploads\/2021\/11\/Exhibicio-de-vol.mp4\"><\/video><\/figure>\n<\/div>\n\n\n\n<div class=\"wp-block-column is-layout-flow wp-block-column-is-layout-flow\" style=\"flex-basis:25%\"><\/div>\n<\/div>\n\n\n\n<div style=\"height:100px\" aria-hidden=\"true\" class=\"wp-block-spacer\"><\/div>\n\n\n\n<div class=\"wp-block-columns is-layout-flex wp-container-core-columns-is-layout-9d6595d7 wp-block-columns-is-layout-flex\">\n<div class=\"wp-block-column is-layout-flow wp-block-column-is-layout-flow\" style=\"flex-basis:25%\"><\/div>\n\n\n\n<div class=\"wp-block-column is-layout-flow wp-block-column-is-layout-flow\" style=\"flex-basis:50%\">\n<h2 class=\"wp-block-heading has-text-align-left\">Qu\u00e8 \u00e9s una activitat interactiva amb animals?<\/h2>\n\n\n\n<p>\u00c9s una activitat on participes activament en el dia a dia d&#8217;animals rescatats. Aquests animals no poden tornar a la natura i necessiten moviment, estimulaci\u00f3 i contacte per al seu benestar.<\/p>\n<\/div>\n\n\n\n<div class=\"wp-block-column is-layout-flow wp-block-column-is-layout-flow\" style=\"flex-basis:25%\"><\/div>\n<\/div>\n\n\n\n<div class=\"wp-block-columns is-layout-flex wp-container-core-columns-is-layout-9d6595d7 wp-block-columns-is-layout-flex\">\n<div class=\"wp-block-column is-layout-flow wp-block-column-is-layout-flow\" style=\"flex-basis:25%\"><\/div>\n\n\n\n<div class=\"wp-block-column is-layout-flow wp-block-column-is-layout-flow\" style=\"flex-basis:50%\">\n<h3 class=\"wp-block-heading has-text-align-left\">Per qu\u00e8 aquesta activitat interactiva amb animals \u00e9s diferent?<\/h3>\n\n\n\n<p>En la majoria d&#8217;activitats amb animals, tu mires. Aqu\u00ed, participes. Els animals no fan un espectacle. <\/p>\n\n\n\n<ul class=\"wp-block-list\">\n<li>Fan activitats que necessiten per estar b\u00e9 i mantenir-se actius. <\/li>\n\n\n\n<li>I tu formes part d&#8217;aquesta activitat.<\/li>\n<\/ul>\n<\/div>\n\n\n\n<div class=\"wp-block-column is-layout-flow wp-block-column-is-layout-flow\" style=\"flex-basis:25%\"><\/div>\n<\/div>\n\n\n\n<div class=\"wp-block-columns is-layout-flex wp-container-core-columns-is-layout-9d6595d7 wp-block-columns-is-layout-flex\">\n<div class=\"wp-block-column is-layout-flow wp-block-column-is-layout-flow\" style=\"flex-basis:25%\"><\/div>\n\n\n\n<div class=\"wp-block-column is-layout-flow wp-block-column-is-layout-flow\" style=\"flex-basis:50%\">\n<div style=\"height:40px\" aria-hidden=\"true\" class=\"wp-block-spacer\"><\/div>\n\n\n\n<h2 class=\"wp-block-heading has-text-align-left\">No nom\u00e9s mires. Participes.<\/h2>\n\n\n\n<ul class=\"wp-block-list\">\n<li>En un moment, un mussol passar\u00e0 entre les teves cames.<\/li>\n\n\n\n<li>Donar\u00e0s menjar a un corb directament de la teva m\u00e0, en una activitat segura i controlada.<\/li>\n\n\n\n<li>Altres animals es mouran al teu voltant, a pocs metres de tu, cada un amb el seu ritme.<\/li>\n<\/ul>\n\n\n\n<h3 class=\"wp-block-heading\">Mentre tot aix\u00f2 passa, comen\u00e7ar\u00e0s a entendre:<\/h3>\n\n\n\n<ul class=\"wp-block-list\">\n<li>per qu\u00e8 aquests animals no poden tornar a la natura,<\/li>\n\n\n\n<li>com es comporten quan ning\u00fa els obliga,<\/li>\n\n\n\n<li>i per qu\u00e8 protegir-los \u00e9s clau perqu\u00e8 altres animals no acabin igual.<\/li>\n<\/ul>\n\n\n\n<div style=\"height:40px\" aria-hidden=\"true\" class=\"wp-block-spacer\"><\/div>\n\n\n\n<div class=\"wp-block-cover\" style=\"min-height:193px;aspect-ratio:unset;\"><span aria-hidden=\"true\" class=\"wp-block-cover__background has-base-background-color has-background-dim-100 has-background-dim\"><\/span><div class=\"wp-block-cover__inner-container is-layout-constrained wp-block-cover-is-layout-constrained\"><div class=\"wp-block-image\">\n<figure class=\"alignleft size-full is-resized\"><img loading=\"lazy\" decoding=\"async\" width=\"800\" height=\"600\" src=\"https:\/\/visitar.zoodelpirineu.com\/wp-content\/uploads\/2022\/09\/Picto-curs-falconeria.png\" alt=\"Exhibici\u00f3 de vol de aus rapinyaires\" class=\"wp-image-2677\" style=\"width:auto;height:60px\" srcset=\"https:\/\/visitar.zoodelpirineu.com\/wp-content\/uploads\/2022\/09\/Picto-curs-falconeria.png 800w, https:\/\/visitar.zoodelpirineu.com\/wp-content\/uploads\/2022\/09\/Picto-curs-falconeria-300x225.png 300w, https:\/\/visitar.zoodelpirineu.com\/wp-content\/uploads\/2022\/09\/Picto-curs-falconeria-768x576.png 768w\" sizes=\"auto, (max-width: 800px) 100vw, 800px\" \/><\/figure>\n<\/div>\n\n\n<p class=\"has-text-align-left has-contrast-color has-text-color has-link-color wp-elements-7f624f765b261b2438a9003f82be9fa2\">Gr\u00e0cies a la ubicaci\u00f3 privilegiada del parc, els voltors i les \u00e0guiles salvatges poden apar\u00e8ixer de manera inesperada. Aix\u00f2 fa que cada sessi\u00f3 sigui diferent.<\/p>\n<\/div><\/div>\n\n\n\n<div style=\"height:40px\" aria-hidden=\"true\" class=\"wp-block-spacer\"><\/div>\n\n\n\n<div class=\"wp-block-buttons is-layout-flex wp-block-buttons-is-layout-flex\">\n<div class=\"wp-block-button\"><a class=\"wp-block-button__link has-medium-font-size has-custom-font-size wp-element-button\" href=\"https:\/\/fareharbor.com\/embeds\/book\/zoodelpirineu\/items\/448526\/?full-items=yes&amp;flow=923009\" style=\"border-top-left-radius:0px;border-top-right-radius:0px;border-bottom-left-radius:0px;border-bottom-right-radius:0px\">Vull viure aquesta experi\u00e8ncia<\/a><\/div>\n<\/div>\n<\/div>\n\n\n\n<div class=\"wp-block-column is-layout-flow wp-block-column-is-layout-flow\" style=\"flex-basis:25%\"><\/div>\n<\/div>\n\n\n\n<div style=\"height:60px\" aria-hidden=\"true\" class=\"wp-block-spacer\"><\/div>\n\n\n\n<div class=\"wp-block-columns is-layout-flex wp-container-core-columns-is-layout-9d6595d7 wp-block-columns-is-layout-flex\">\n<div class=\"wp-block-column is-layout-flow wp-block-column-is-layout-flow\" style=\"flex-basis:25%\"><\/div>\n\n\n\n<div class=\"wp-block-column is-layout-flow wp-block-column-is-layout-flow\" style=\"flex-basis:50%\">\n<h2 class=\"wp-block-heading has-text-align-left\" id=\"horari-de-la-exhibicio-de-aus-rapinyaires\">El moment m\u00e9s especial de la visita<\/h2>\n\n\n\n<p>Molts visitants fan nom\u00e9s la visita guiada. I es perden quan els animals surten, es mouen i interactuen.<\/p>\n\n\n\n<p>\u00c9s aqu\u00ed on comences a con\u00e8ixer-los de veritat: el seu car\u00e0cter i les ganes que tenen de viure plenament, tot i les seves limitacions.<\/p>\n\n\n\n<p>Si no participes, et falta una part important de l&#8217;experi\u00e8ncia.<\/p>\n\n\n\n<div class=\"wp-block-buttons is-layout-flex wp-block-buttons-is-layout-flex\">\n<div class=\"wp-block-button\"><a class=\"wp-block-button__link has-medium-font-size has-custom-font-size wp-element-button\" href=\"https:\/\/fareharbor.com\/embeds\/book\/zoodelpirineu\/items\/448526\/?full-items=yes&amp;flow=923009\" style=\"border-top-left-radius:0px;border-top-right-radius:0px;border-bottom-left-radius:0px;border-bottom-right-radius:0px\">Vull viure aquest moment<\/a><\/div>\n<\/div>\n<\/div>\n\n\n\n<div class=\"wp-block-column is-layout-flow wp-block-column-is-layout-flow\" style=\"flex-basis:25%\"><\/div>\n<\/div>\n\n\n\n<div style=\"height:60px\" aria-hidden=\"true\" class=\"wp-block-spacer\"><\/div>\n\n\n\n<div class=\"wp-block-columns is-layout-flex wp-container-core-columns-is-layout-9d6595d7 wp-block-columns-is-layout-flex\">\n<div class=\"wp-block-column is-layout-flow wp-block-column-is-layout-flow\" style=\"flex-basis:25%\"><\/div>\n\n\n\n<div class=\"wp-block-column is-layout-flow wp-block-column-is-layout-flow\" style=\"flex-basis:50%\">\n<h2 class=\"wp-block-heading has-text-align-left\" id=\"horari-de-la-exhibicio-de-aus-rapinyaires\">Activitat amb animals al Pirineu per fam\u00edlies<\/h2>\n\n\n\n<p>Una activitat ideal si busques alguna cosa diferent per fer amb nens al Pirineu.<\/p>\n\n\n\n<ul class=\"wp-block-list\">\n<li>experi\u00e8ncia amb animals rescatats<\/li>\n\n\n\n<li>activitat participativa<\/li>\n\n\n\n<li>al Solson\u00e8s, a prop de Port del Comte, Cardona i la Seu d&#8217;Urgell<\/li>\n<\/ul>\n<\/div>\n\n\n\n<div class=\"wp-block-column is-layout-flow wp-block-column-is-layout-flow\" style=\"flex-basis:25%\"><\/div>\n<\/div>\n\n\n\n<div style=\"height:60px\" aria-hidden=\"true\" class=\"wp-block-spacer\"><\/div>\n\n\n\n<div class=\"wp-block-columns is-layout-flex wp-container-core-columns-is-layout-9d6595d7 wp-block-columns-is-layout-flex\">\n<div class=\"wp-block-column is-layout-flow wp-block-column-is-layout-flow\" style=\"flex-basis:25%\"><\/div>\n\n\n\n<div class=\"wp-block-column is-layout-flow wp-block-column-is-layout-flow\" style=\"flex-basis:50%\">\n<figure class=\"wp-block-image size-full is-resized\"><img loading=\"lazy\" decoding=\"async\" width=\"320\" height=\"213\" src=\"https:\/\/visitar.zoodelpirineu.com\/wp-content\/uploads\/2023\/01\/Carta-de-amor-picto.png\" alt=\"\" class=\"wp-image-3689\" style=\"width:auto;height:80px\" srcset=\"https:\/\/visitar.zoodelpirineu.com\/wp-content\/uploads\/2023\/01\/Carta-de-amor-picto.png 320w, https:\/\/visitar.zoodelpirineu.com\/wp-content\/uploads\/2023\/01\/Carta-de-amor-picto-300x200.png 300w\" sizes=\"auto, (max-width: 320px) 100vw, 320px\" \/><\/figure>\n\n\n\n<h2 class=\"wp-block-heading has-text-align-left\" id=\"horari-de-la-exhibicio-de-aus-rapinyaires\">Tamb\u00e9 disponible com a val regal<\/h2>\n\n\n\n<p>Sorpr\u00e8n alg\u00fa amb una activitat interactiva amb animals al Pirineu.<\/p>\n\n\n\n<p>\u2714\ufe0f <strong>Val regal v\u00e0lid durant 1 any<\/strong><br>\u2714\ufe0f Lliurament digital el mateix dia (m\u00e0xim 24h)<br>\u2714\ufe0f Ideal per a fam\u00edlies i amants de la natura.<\/p>\n\n\n\n<div class=\"wp-block-buttons has-custom-font-size has-medium-font-size is-layout-flex wp-block-buttons-is-layout-flex\">\n<div class=\"wp-block-button\"><a class=\"wp-block-button__link has-text-align-left wp-element-button\" href=\"https:\/\/zoodelpirineu.com\/experiencias-para-regalar\/comprar-vales-regalos\/\" style=\"border-radius:0px\">Regala l\u2019activitat interactiva amb animals<\/a><\/div>\n<\/div>\n<\/div>\n\n\n\n<div class=\"wp-block-column is-layout-flow wp-block-column-is-layout-flow\" style=\"flex-basis:25%\"><\/div>\n<\/div>\n\n\n\n<div style=\"height:60px\" aria-hidden=\"true\" class=\"wp-block-spacer\"><\/div>\n\n\n\n<div class=\"wp-block-columns is-layout-flex wp-container-core-columns-is-layout-9d6595d7 wp-block-columns-is-layout-flex\">\n<div class=\"wp-block-column has-base-3-background-color has-background is-layout-flow wp-block-column-is-layout-flow\" style=\"flex-basis:15%\"><\/div>\n\n\n\n<div class=\"wp-block-column has-base-background-color has-background is-layout-flow wp-block-column-is-layout-flow\">\n<div class=\"wp-block-columns is-layout-flex wp-container-core-columns-is-layout-9d6595d7 wp-block-columns-is-layout-flex\">\n<div class=\"wp-block-column is-layout-flow wp-block-column-is-layout-flow\" style=\"flex-basis:5%\"><\/div>\n\n\n\n<div class=\"wp-block-column is-layout-flow wp-block-column-is-layout-flow\">\n<div style=\"height:20px\" aria-hidden=\"true\" class=\"wp-block-spacer\"><\/div>\n\n\n\n<figure class=\"wp-block-image size-full is-resized\"><img loading=\"lazy\" decoding=\"async\" width=\"320\" height=\"213\" src=\"https:\/\/visitar.zoodelpirineu.com\/wp-content\/uploads\/2026\/04\/FAQ-picto.png\" alt=\"\" class=\"wp-image-6861\" style=\"width:auto;height:80px\" srcset=\"https:\/\/visitar.zoodelpirineu.com\/wp-content\/uploads\/2026\/04\/FAQ-picto.png 320w, https:\/\/visitar.zoodelpirineu.com\/wp-content\/uploads\/2026\/04\/FAQ-picto-300x200.png 300w\" sizes=\"auto, (max-width: 320px) 100vw, 320px\" \/><\/figure>\n\n\n\n<h2 class=\"wp-block-heading has-text-align-left\" id=\"horari-de-la-exhibicio-de-aus-rapinyaires\">Preguntes Freq\u00fcents<\/h2>\n\n\n\n<h3 class=\"wp-block-heading has-text-align-left\" id=\"horari-de-la-exhibicio-de-aus-rapinyaires\">Abans de reservar<\/h3>\n\n\n\n<h4 class=\"wp-block-heading\">Quan es fa l&#8217;activitat?<\/h4>\n\n\n\n<p>Aquesta experi\u00e8ncia es realitza nom\u00e9s caps de setmana, ponts i vacances.<br>Per aix\u00f2, recomanem reservar amb antelaci\u00f3<\/p>\n\n\n\n<h4 class=\"wp-block-heading\">Quant dura l&#8217;activitat?<\/h4>\n\n\n\n<p>L&#8217;experi\u00e8ncia t\u00e9 una durada aproximada d&#8217;1 hora.<br>Est\u00e0 planificada perqu\u00e8 puguis gaudir de <strong><a href=\"https:\/\/visitar.zoodelpirineu.com\/activitats-amb-animals\/\" target=\"_blank\" rel=\"noreferrer noopener\">totes les activitats<\/a> <\/strong>que t&#8217;interessin.<\/p>\n\n\n\n<h4 class=\"wp-block-heading has-text-align-left\">Quin \u00e9s el preu de l&#8217;activitat?<\/h4>\n\n\n\n<p>Pots consultar el preu actual aqu\u00ed: <strong><a href=\"https:\/\/visitar.zoodelpirineu.com\/ca\/tarifes\/\" target=\"_blank\" rel=\"noopener\" title=\"Tarifes\">VEURE TARIFES<\/a><\/strong><\/p>\n\n\n\n<h4 class=\"wp-block-heading has-text-align-left\">Cal reservar amb antelaci\u00f3?<\/h4>\n\n\n\n<p>S\u00ed, es recomana reservar abans de venir.<br>Tamb\u00e9 es pot comprar el mateix dia si encara hi ha places disponibles.<\/p>\n\n\n\n<h4 class=\"wp-block-heading has-text-align-left\">\u00c9s apte per a nens?<\/h4>\n\n\n\n<p>S\u00ed, \u00e9s una activitat recomanable per a totes les edats.<br><strong>Important<\/strong>: Per seguretat, durant els vols cal estar assegut. Si vens amb nens molt petits i creus que no ser\u00e0 possible, et recomanem altres activitats del zoo.<\/p>\n\n\n\n<h4 class=\"wp-block-heading has-text-align-left\">Qu\u00e8 passa si fa mal temps?<\/h4>\n\n\n\n<p>Si les condicions ho permeten, l&#8217;activitat es pot traslladar a un espai interior.<br>En cas contrari, es buscar\u00e0 una alternativa.<\/p>\n\n\n\n<h4 class=\"wp-block-heading has-text-align-left\">Puc canviar o cancel\u00b7lar la reserva?<\/h4>\n\n\n\n<p>S\u00ed. Pots modificar la data o sol\u00b7licitar un reemborsament avisant amb antelaci\u00f3.<br>Consulta la <a href=\"https:\/\/visitar.zoodelpirineu.com\/ca\/devolucions-i-canvi-dia\/\" target=\"_blank\" rel=\"noopener\" title=\"pol\u00edtica de cancel\u00b7lacions\">pol\u00edtica de cancel\u00b7lacions<\/a><\/p>\n\n\n\n<div style=\"height:40px\" aria-hidden=\"true\" class=\"wp-block-spacer\"><\/div>\n\n\n\n<h3 class=\"wp-block-heading has-text-align-left\" id=\"informacio-util\">Informaci\u00f3 \u00fatil per la teva visita<\/h3>\n\n\n\n<div class=\"wp-block-group is-nowrap is-layout-flex wp-container-core-group-is-layout-ad2f72ca wp-block-group-is-layout-flex\">\n<h4 class=\"wp-block-heading has-text-align-left\">Puc fer fotos?<\/h4>\n<\/div>\n\n\n\n<p class=\"has-text-align-left\">S\u00ed, \u00e9s perm\u00e8s fer fotos durant tota l&#8217;activitat. Menciona @zoodelpirineu si vols que compartim les teves publicacions!<\/p>\n\n\n\n<h4 class=\"wp-block-heading\">En quin idioma es fa l&#8217;activitat?<\/h4>\n\n\n\n<p>L&#8217;activitat es realitza en catal\u00e0.<br>Per\u00f2 no et preocupis si no el parles. Disposem d&#8217;audioguies en:<\/p>\n\n\n\n<ul class=\"wp-block-list\">\n<li>castell\u00e0<\/li>\n\n\n\n<li>angl\u00e8s<\/li>\n\n\n\n<li>franc\u00e8s<\/li>\n\n\n\n<li>alemany<\/li>\n<\/ul>\n\n\n\n<p>L\u2019experi\u00e8ncia \u00e9s molt visual i f\u00e0cil de seguir.<\/p>\n\n\n\n<h4 class=\"wp-block-heading has-text-align-left\" id=\"persones-amb-por-a-les-aus\">I si tinc por a les aus?<\/h4>\n\n\n\n<p class=\"has-text-align-left\">Disposem d&#8217;un espai reservat per a aquells que prefereixin mantenir una certa dist\u00e0ncia.<br>Tot i aix\u00f2, si pateixes <a href=\"https:\/\/psicologiaymente.com\/clinica\/ornitofobia\" target=\"_blank\" rel=\"noreferrer noopener\" title=\"https:\/\/psicologiaymente.com\/clinica\/ornitofobia\">ornitofobia<\/a>, no recomanem aquesta activitat.<\/p>\n\n\n\n<h3 class=\"wp-block-heading has-text-align-left\" id=\"persones-amb-por-a-les-aus\">Recomanacions<\/h3>\n\n\n\n<p>L&#8217;activitat es fa a l&#8217;aire lliure. Recomanem portar gorra o protecci\u00f3 solar i aigua.<br>Es poden portar paraig\u00fces o para-sols, per\u00f2 no para-sols de platja, ja que poden espantar els animals.<\/p>\n\n\n\n<div class=\"wp-block-buttons is-vertical is-content-justification-left is-nowrap is-layout-flex wp-container-core-buttons-is-layout-c3acae67 wp-block-buttons-is-layout-flex\">\n<div class=\"wp-block-button\"><a class=\"wp-block-button__link has-medium-font-size has-custom-font-size wp-element-button\" href=\"https:\/\/fareharbor.com\/embeds\/book\/zoodelpirineu\/items\/448526\/?full-items=yes&amp;flow=923009\" style=\"border-radius:0px\" target=\"_blank\" rel=\"noreferrer noopener\">Reserva la teva aventura ara<\/a><\/div>\n<\/div>\n<\/div>\n<\/div>\n<\/div>\n\n\n\n<div class=\"wp-block-column has-base-3-background-color has-background is-layout-flow wp-block-column-is-layout-flow\" style=\"flex-basis:15%\"><\/div>\n<\/div>\n\n\n\n<div style=\"height:40px\" aria-hidden=\"true\" class=\"wp-block-spacer\"><\/div>\n\n\n\n<div class=\"wp-block-cover\"><img loading=\"lazy\" decoding=\"async\" width=\"1024\" height=\"320\" class=\"wp-block-cover__image-background wp-image-401 size-large\" alt=\"Activitat interactiva amb animals salvatges a Catalunya\" src=\"https:\/\/visitar.zoodelpirineu.com\/wp-content\/uploads\/2021\/11\/Activitats-amb-animals-1024x320.jpg\" style=\"object-position:29% 54%\" data-object-fit=\"cover\" data-object-position=\"29% 54%\" srcset=\"https:\/\/visitar.zoodelpirineu.com\/wp-content\/uploads\/2021\/11\/Activitats-amb-animals-1024x320.jpg 1024w, https:\/\/visitar.zoodelpirineu.com\/wp-content\/uploads\/2021\/11\/Activitats-amb-animals-300x94.jpg 300w, https:\/\/visitar.zoodelpirineu.com\/wp-content\/uploads\/2021\/11\/Activitats-amb-animals-768x240.jpg 768w, https:\/\/visitar.zoodelpirineu.com\/wp-content\/uploads\/2021\/11\/Activitats-amb-animals-1536x480.jpg 1536w, https:\/\/visitar.zoodelpirineu.com\/wp-content\/uploads\/2021\/11\/Activitats-amb-animals.jpg 1920w\" sizes=\"auto, (max-width: 1024px) 100vw, 1024px\" \/><span aria-hidden=\"true\" class=\"wp-block-cover__background has-background-dim\"><\/span><div class=\"wp-block-cover__inner-container is-layout-flow wp-block-cover-is-layout-flow\">\n<p class=\"has-text-align-center has-large-font-size\">Vine a viure aquest moment amb animals reals<\/p>\n\n\n\n<div class=\"wp-block-buttons is-content-justification-center is-layout-flex wp-container-core-buttons-is-layout-16018d1d wp-block-buttons-is-layout-flex\">\n<div class=\"wp-block-button\"><a class=\"wp-block-button__link has-medium-font-size has-custom-font-size wp-element-button\" href=\"https:\/\/visitar.zoodelpirineu.com\/ca\/activitats-amb-animals\/exhibicio-aus-rapinyaires\/?preview_id=392&amp;preview_nonce=725d03557d&amp;preview=true&amp;_thumbnail_id=348\" style=\"border-top-left-radius:0px;border-top-right-radius:0px;border-bottom-left-radius:0px;border-bottom-right-radius:0px\">Reserva la teva pla\u00e7a aquest cap de setmana<\/a><\/div>\n<\/div>\n\n\n\n<div style=\"height:20px\" aria-hidden=\"true\" class=\"wp-block-spacer\"><\/div>\n\n\n\n<p class=\"has-text-align-center has-medium-font-size\">Places limitades en cada sessi\u00f3<\/p>\n<\/div><\/div>\n","protected":false},"excerpt":{"rendered":"<p>Qu\u00e8 \u00e9s una activitat interactiva amb animals? \u00c9s una activitat on participes activament en el dia a dia d&#8217;animals rescatats. Aquests animals no poden tornar a la natura i necessiten moviment, estimulaci\u00f3 i contacte per al seu benestar. Per qu\u00e8 aquesta activitat interactiva amb animals \u00e9s diferent? En la majoria d&#8217;activitats amb animals, tu mires. &#8230; <a title=\"Activitat interactiva amb animals\" class=\"read-more\" href=\"https:\/\/visitar.zoodelpirineu.com\/ca\/activitats-amb-animals\/activitat-interactiva-amb-animals\/\" aria-label=\"M\u00e9s informaci\u00f3 sobre Activitat interactiva amb animals\">Read more<\/a><\/p>\n","protected":false},"author":1,"featured_media":348,"parent":2,"menu_order":0,"comment_status":"closed","ping_status":"closed","template":"","meta":{"_monsterinsights_skip_tracking":false,"_monsterinsights_sitenote_active":false,"_monsterinsights_sitenote_note":"","_monsterinsights_sitenote_category":0,"footnotes":""},"class_list":{"0":"post-392","1":"page","2":"type-page","3":"status-publish","4":"has-post-thumbnail","6":"infinite-scroll-item"},"aioseo_notices":[],"_links":{"self":[{"href":"https:\/\/visitar.zoodelpirineu.com\/ca\/wp-json\/wp\/v2\/pages\/392","targetHints":{"allow":["GET"]}}],"collection":[{"href":"https:\/\/visitar.zoodelpirineu.com\/ca\/wp-json\/wp\/v2\/pages"}],"about":[{"href":"https:\/\/visitar.zoodelpirineu.com\/ca\/wp-json\/wp\/v2\/types\/page"}],"author":[{"embeddable":true,"href":"https:\/\/visitar.zoodelpirineu.com\/ca\/wp-json\/wp\/v2\/users\/1"}],"replies":[{"embeddable":true,"href":"https:\/\/visitar.zoodelpirineu.com\/ca\/wp-json\/wp\/v2\/comments?post=392"}],"version-history":[{"count":47,"href":"https:\/\/visitar.zoodelpirineu.com\/ca\/wp-json\/wp\/v2\/pages\/392\/revisions"}],"predecessor-version":[{"id":6891,"href":"https:\/\/visitar.zoodelpirineu.com\/ca\/wp-json\/wp\/v2\/pages\/392\/revisions\/6891"}],"up":[{"embeddable":true,"href":"https:\/\/visitar.zoodelpirineu.com\/ca\/wp-json\/wp\/v2\/pages\/2"}],"wp:featuredmedia":[{"embeddable":true,"href":"https:\/\/visitar.zoodelpirineu.com\/ca\/wp-json\/wp\/v2\/media\/348"}],"wp:attachment":[{"href":"https:\/\/visitar.zoodelpirineu.com\/ca\/wp-json\/wp\/v2\/media?parent=392"}],"curies":[{"name":"wp","href":"https:\/\/api.w.org\/{rel}","templated":true}]}}