{"id":427,"date":"2021-11-27T08:39:31","date_gmt":"2021-11-27T07:39:31","guid":{"rendered":"https:\/\/visitar.zoodelpirineu.com\/?page_id=427"},"modified":"2026-01-06T11:55:17","modified_gmt":"2026-01-06T10:55:17","slug":"experiencia-animal","status":"publish","type":"page","link":"https:\/\/visitar.zoodelpirineu.com\/ca\/activitats-amb-animals\/experiencia-animal\/","title":{"rendered":"Experi\u00e8ncia animal"},"content":{"rendered":"<div class=\"aioseo-breadcrumbs\"><span class=\"aioseo-breadcrumb\">\n\t<a href=\"https:\/\/visitar.zoodelpirineu.com\/ca\/\" title=\"Home\">Home<\/a>\n<\/span><span class=\"aioseo-breadcrumb-separator\">&raquo;<\/span><span class=\"aioseo-breadcrumb\">\n\t<a href=\"https:\/\/visitar.zoodelpirineu.com\/ca\/activitats-amb-animals\/\" title=\"Activitats amb animals\">Activitats amb animals<\/a>\n<\/span><span class=\"aioseo-breadcrumb-separator\">&raquo;<\/span><span class=\"aioseo-breadcrumb\">\n\tExperi\u00e8ncia animal\n<\/span><\/div>\n\n\n<div style=\"height:10px\" aria-hidden=\"true\" class=\"wp-block-spacer\"><\/div>\n\n\n\n<div class=\"wp-block-media-text alignwide is-stacked-on-mobile has-background\" style=\"background-color:#edf2fb\"><figure class=\"wp-block-media-text__media\"><img loading=\"lazy\" decoding=\"async\" width=\"800\" height=\"600\" src=\"https:\/\/visitar.zoodelpirineu.com\/wp-content\/uploads\/2021\/11\/Experiencia-animal.jpg\" alt=\"Experi\u00e8ncia animal\" class=\"wp-image-373 size-full\" srcset=\"https:\/\/visitar.zoodelpirineu.com\/wp-content\/uploads\/2021\/11\/Experiencia-animal.jpg 800w, https:\/\/visitar.zoodelpirineu.com\/wp-content\/uploads\/2021\/11\/Experiencia-animal-300x225.jpg 300w, https:\/\/visitar.zoodelpirineu.com\/wp-content\/uploads\/2021\/11\/Experiencia-animal-768x576.jpg 768w\" sizes=\"auto, (max-width: 800px) 100vw, 800px\" \/><\/figure><div class=\"wp-block-media-text__content\">\n<div style=\"height:10px\" aria-hidden=\"true\" class=\"wp-block-spacer\"><\/div>\n\n\n\n<p class=\"has-medium-font-size\">La Experi\u00e8ncia animal \u00e9s una viv\u00e8ncia \u00fanica: temps de qualitat i records inoblidables&nbsp;per tota la fam\u00edlia.<\/p>\n\n\n\n<ul class=\"wp-block-list\">\n<li>La durada de l\u2019experi\u00e8ncia animal \u00e9s d&#8217;1 hora.<\/li>\n\n\n\n<li>Tu tries els animals amb els quals vols entrar en contacte.\n<ul class=\"wp-block-list\">\n<li>Mam\u00edfers<\/li>\n\n\n\n<li>\u00c0guiles i voltors<\/li>\n\n\n\n<li>Falcons<\/li>\n\n\n\n<li>Mussols<\/li>\n<\/ul>\n<\/li>\n\n\n\n<li>Pots fer fotos i v\u00eddeos durant tota l\u2019activitat.<\/li>\n\n\n\n<li>Poden participar un m\u00e0xim de 5 persones per sessi\u00f3.<\/li>\n<\/ul>\n\n\n\n<p class=\"has-medium-font-size\"><strong>L\u2019experi\u00e8ncia animal \u00e9s totalment privada, al 100% adaptada a tu<\/strong>. Un educador professional del parc estar\u00e0 a la teva plena disposici\u00f3 durant tota la sessi\u00f3: vetllar\u00e0 per la teva seguretat i pel benestar dels animals.<\/p>\n\n\n\n<div class=\"wp-block-buttons is-layout-flex wp-block-buttons-is-layout-flex\">\n<div class=\"wp-block-button\"><a class=\"wp-block-button__link has-medium-font-size has-custom-font-size wp-element-button\" href=\"https:\/\/fareharbor.com\/embeds\/book\/zoodelpirineu\/items\/448535\/?full-items=yes&amp;flow=923010\" style=\"border-radius:0px\" target=\"_blank\" rel=\"noreferrer noopener\">RESERVA ARA<\/a><\/div>\n<\/div>\n<\/div><\/div>\n\n\n\n<div style=\"height:50px\" aria-hidden=\"true\" class=\"wp-block-spacer\"><\/div>\n\n\n\n<h2 class=\"wp-block-heading\" id=\"qui-pot-participar-en-la-experiencia-animal\">Qui pot participar en la Experi\u00e8ncia animal<\/h2>\n\n\n\n<h3 class=\"wp-block-heading\" id=\"per-quina-edat-es-recomanable\">Per quina edat \u00e9s recomanable?<\/h3>\n\n\n\n<p>L&#8217;experi\u00e8ncia animal est\u00e0 pensada per visitants adults, adolescents i per fam\u00edlies amb nens a partir de <strong>5 anys<\/strong>. Has de tenir en compte que <strong>cal respectar les normes<\/strong> per assegurar el <strong>benestar dels animals<\/strong> i cal tenir paci\u00e8ncia i estar tranquils perqu\u00e8 els animals es sentin b\u00e9 amb tu.<\/p>\n\n\n\n<p>No obstant, ja que \u00e9s una experi\u00e8ncia personalitzada, hi pots participar tamb\u00e9 amb infants. Tot i aix\u00f2, segons la nostra experi\u00e8ncia, per fam\u00edlies amb nens petits recomanem m\u00e9s el <a href=\"https:\/\/visitar.zoodelpirineu.com\/activitats-amb-animals\/toca-toca\/\" target=\"_blank\" rel=\"noreferrer noopener\">Toca toca<\/a>.<\/p>\n\n\n\n<h4 class=\"wp-block-heading\" id=\"hi-poden-participar-nomes-els-teus-fills-juntament-amb-els-seus-cosins-o-amics\">Hi poden participar nom\u00e9s els teus fills juntament amb els seus cosins o amics?<\/h4>\n\n\n\n<p>No. Els pares o tutors han d&#8217;acompanyar els nens i les nenes. <strong>\u00c9s una experi\u00e8ncia FAMILIAR<\/strong>.<\/p>\n\n\n\n<div class=\"wp-block-cover is-light\"><img loading=\"lazy\" decoding=\"async\" width=\"1920\" height=\"600\" class=\"wp-block-cover__image-background wp-image-432\" alt=\"\" src=\"https:\/\/visitar.zoodelpirineu.com\/wp-content\/uploads\/2021\/11\/Mussols-pels-nens.jpg\" data-object-fit=\"cover\" srcset=\"https:\/\/visitar.zoodelpirineu.com\/wp-content\/uploads\/2021\/11\/Mussols-pels-nens.jpg 1920w, https:\/\/visitar.zoodelpirineu.com\/wp-content\/uploads\/2021\/11\/Mussols-pels-nens-300x94.jpg 300w, https:\/\/visitar.zoodelpirineu.com\/wp-content\/uploads\/2021\/11\/Mussols-pels-nens-1024x320.jpg 1024w, https:\/\/visitar.zoodelpirineu.com\/wp-content\/uploads\/2021\/11\/Mussols-pels-nens-768x240.jpg 768w, https:\/\/visitar.zoodelpirineu.com\/wp-content\/uploads\/2021\/11\/Mussols-pels-nens-1536x480.jpg 1536w\" sizes=\"auto, (max-width: 1920px) 100vw, 1920px\" \/><span aria-hidden=\"true\" class=\"wp-block-cover__background has-background-dim-0 has-background-dim\"><\/span><div class=\"wp-block-cover__inner-container is-layout-flow wp-block-cover-is-layout-flow\">\n<p class=\"has-text-align-center has-large-font-size\"><\/p>\n<\/div><\/div>\n\n\n\n<div style=\"height:50px\" aria-hidden=\"true\" class=\"wp-block-spacer\"><\/div>\n\n\n\n<h2 class=\"wp-block-heading\" id=\"quins-animals-pots-triar\">Quins animals pots triar?<\/h2>\n\n\n\n<h3 class=\"wp-block-heading\" id=\"mamifers\">Mam\u00edfers<\/h3>\n\n\n\n<p>Acompanyats pels nostres educadors entrar\u00e0s a les instal\u00b7lacions dels animals on no es pot accedir en una visita normal.<\/p>\n\n\n\n<ul class=\"wp-block-list\">\n<li>Entrar a la tanca de la&nbsp;<strong>guineu<\/strong>&nbsp;Nikki. Al comen\u00e7ament haur\u00e0s de ser pacient. La Nikki s\u2019excita quan veu a persones que no coneix. Una vegada s\u2019acostumi a tu li podr\u00e0s rascar la panxeta.<\/li>\n\n\n\n<li>Pels valents! Pots entrar a la tanca dels&nbsp;<strong>senglars<\/strong>. Hi viuen 5 porcs fers, per\u00f2 nom\u00e9s s\u2019apropa la \u00abcap del ramat\u00bb, l\u2019Ariel. Habitualment s\u2019estira sobre l\u2019esquena i li pots rascar la panxolina.<\/li>\n\n\n\n<li>Donar de menjar als&nbsp;<strong>cabirols<\/strong>. (Disponible nom\u00e9s durant l\u2019hivern quan el mascle Frac no t\u00e9 banyes.)<\/li>\n<\/ul>\n\n\n\n<div class=\"wp-block-columns is-layout-flex wp-container-core-columns-is-layout-9d6595d7 wp-block-columns-is-layout-flex\">\n<div class=\"wp-block-column is-layout-flow wp-block-column-is-layout-flow\">\n<figure class=\"wp-block-image size-full\"><img loading=\"lazy\" decoding=\"async\" width=\"800\" height=\"600\" src=\"https:\/\/visitar.zoodelpirineu.com\/wp-content\/uploads\/2021\/11\/Guineu.jpg\" alt=\"Guineu\" class=\"wp-image-462\" srcset=\"https:\/\/visitar.zoodelpirineu.com\/wp-content\/uploads\/2021\/11\/Guineu.jpg 800w, https:\/\/visitar.zoodelpirineu.com\/wp-content\/uploads\/2021\/11\/Guineu-300x225.jpg 300w, https:\/\/visitar.zoodelpirineu.com\/wp-content\/uploads\/2021\/11\/Guineu-768x576.jpg 768w\" sizes=\"auto, (max-width: 800px) 100vw, 800px\" \/><\/figure>\n<\/div>\n\n\n\n<div class=\"wp-block-column is-layout-flow wp-block-column-is-layout-flow\">\n<figure class=\"wp-block-image size-full\"><img loading=\"lazy\" decoding=\"async\" width=\"800\" height=\"600\" src=\"https:\/\/visitar.zoodelpirineu.com\/wp-content\/uploads\/2021\/11\/Senglar.jpg\" alt=\"\" class=\"wp-image-459\" srcset=\"https:\/\/visitar.zoodelpirineu.com\/wp-content\/uploads\/2021\/11\/Senglar.jpg 800w, https:\/\/visitar.zoodelpirineu.com\/wp-content\/uploads\/2021\/11\/Senglar-300x225.jpg 300w, https:\/\/visitar.zoodelpirineu.com\/wp-content\/uploads\/2021\/11\/Senglar-768x576.jpg 768w\" sizes=\"auto, (max-width: 800px) 100vw, 800px\" \/><\/figure>\n<\/div>\n\n\n\n<div class=\"wp-block-column is-layout-flow wp-block-column-is-layout-flow\">\n<figure class=\"wp-block-image size-full\"><img loading=\"lazy\" decoding=\"async\" width=\"800\" height=\"600\" src=\"https:\/\/visitar.zoodelpirineu.com\/wp-content\/uploads\/2021\/11\/Cabirol.jpg\" alt=\"Cabirol animal\" class=\"wp-image-456\" srcset=\"https:\/\/visitar.zoodelpirineu.com\/wp-content\/uploads\/2021\/11\/Cabirol.jpg 800w, https:\/\/visitar.zoodelpirineu.com\/wp-content\/uploads\/2021\/11\/Cabirol-300x225.jpg 300w, https:\/\/visitar.zoodelpirineu.com\/wp-content\/uploads\/2021\/11\/Cabirol-768x576.jpg 768w\" sizes=\"auto, (max-width: 800px) 100vw, 800px\" \/><\/figure>\n<\/div>\n<\/div>\n\n\n\n<h3 class=\"wp-block-heading\" id=\"ocells\">Ocells<\/h3>\n\n\n\n<p><strong>Els ocells formen una part important del nostre refugi<\/strong>. Per\u00f2 no tots els animals s\u00f3n adequats per tothom. Mentre que uns visitants volen interactuar amb una \u00e0liga o un duc, a altres els podria fer por.<\/p>\n\n\n\n<p><strong>Ens adaptem a tu.<\/strong>&nbsp;Al mateix temps, et recomanem animals perqu\u00e8 tu i les persones que t\u2019acompanyen pugueu gaudir d\u2019aquesta activitat familiar en tota tranquil\u00b7litat.<\/p>\n\n\n\n<ul class=\"wp-block-list\">\n<li>Dona de menjar de la m\u00e0 als <strong>voltors<\/strong> comuns.<\/li>\n\n\n\n<li>Tria els&nbsp;<strong>mussols<\/strong>&nbsp;que t\u2019agradin i que vulguis portar a la m\u00e0.<\/li>\n\n\n\n<li>Et pots fer una \u00ab<strong>foto de fam\u00edlia<\/strong>\u00bb on tots els participants de l\u2019experi\u00e8ncia porten a la m\u00e0 un falc\u00f3 o un mussol.<\/li>\n\n\n\n<li>Porta a la m\u00e0 al&nbsp;<strong>corb<\/strong>&nbsp;Phineas.<\/li>\n<\/ul>\n\n\n\n<div class=\"wp-block-columns is-layout-flex wp-container-core-columns-is-layout-9d6595d7 wp-block-columns-is-layout-flex\">\n<div class=\"wp-block-column is-layout-flow wp-block-column-is-layout-flow\">\n<figure class=\"wp-block-image size-full\"><img loading=\"lazy\" decoding=\"async\" width=\"800\" height=\"600\" src=\"https:\/\/visitar.zoodelpirineu.com\/wp-content\/uploads\/2021\/11\/Mussol-pirinenc.jpg\" alt=\"\" class=\"wp-image-435\" srcset=\"https:\/\/visitar.zoodelpirineu.com\/wp-content\/uploads\/2021\/11\/Mussol-pirinenc.jpg 800w, https:\/\/visitar.zoodelpirineu.com\/wp-content\/uploads\/2021\/11\/Mussol-pirinenc-300x225.jpg 300w, https:\/\/visitar.zoodelpirineu.com\/wp-content\/uploads\/2021\/11\/Mussol-pirinenc-768x576.jpg 768w\" sizes=\"auto, (max-width: 800px) 100vw, 800px\" \/><\/figure>\n<\/div>\n\n\n\n<div class=\"wp-block-column is-layout-flow wp-block-column-is-layout-flow\">\n<figure class=\"wp-block-image size-full\"><img loading=\"lazy\" decoding=\"async\" width=\"800\" height=\"600\" src=\"https:\/\/visitar.zoodelpirineu.com\/wp-content\/uploads\/2021\/11\/Falco-grifo.jpg\" alt=\"\" class=\"wp-image-438\" srcset=\"https:\/\/visitar.zoodelpirineu.com\/wp-content\/uploads\/2021\/11\/Falco-grifo.jpg 800w, https:\/\/visitar.zoodelpirineu.com\/wp-content\/uploads\/2021\/11\/Falco-grifo-300x225.jpg 300w, https:\/\/visitar.zoodelpirineu.com\/wp-content\/uploads\/2021\/11\/Falco-grifo-768x576.jpg 768w\" sizes=\"auto, (max-width: 800px) 100vw, 800px\" \/><\/figure>\n<\/div>\n\n\n\n<div class=\"wp-block-column is-layout-flow wp-block-column-is-layout-flow\">\n<figure class=\"wp-block-image size-full\"><img loading=\"lazy\" decoding=\"async\" width=\"800\" height=\"600\" src=\"https:\/\/visitar.zoodelpirineu.com\/wp-content\/uploads\/2021\/11\/Ester-i-corb.jpg\" alt=\"\" class=\"wp-image-447\" srcset=\"https:\/\/visitar.zoodelpirineu.com\/wp-content\/uploads\/2021\/11\/Ester-i-corb.jpg 800w, https:\/\/visitar.zoodelpirineu.com\/wp-content\/uploads\/2021\/11\/Ester-i-corb-300x225.jpg 300w, https:\/\/visitar.zoodelpirineu.com\/wp-content\/uploads\/2021\/11\/Ester-i-corb-768x576.jpg 768w\" sizes=\"auto, (max-width: 800px) 100vw, 800px\" \/><\/figure>\n<\/div>\n\n\n\n<div class=\"wp-block-column is-layout-flow wp-block-column-is-layout-flow\">\n<figure class=\"wp-block-image size-full\"><img loading=\"lazy\" decoding=\"async\" width=\"800\" height=\"600\" src=\"https:\/\/visitar.zoodelpirineu.com\/wp-content\/uploads\/2021\/11\/Duc.jpg\" alt=\"\" class=\"wp-image-441\" srcset=\"https:\/\/visitar.zoodelpirineu.com\/wp-content\/uploads\/2021\/11\/Duc.jpg 800w, https:\/\/visitar.zoodelpirineu.com\/wp-content\/uploads\/2021\/11\/Duc-300x225.jpg 300w, https:\/\/visitar.zoodelpirineu.com\/wp-content\/uploads\/2021\/11\/Duc-768x576.jpg 768w\" sizes=\"auto, (max-width: 800px) 100vw, 800px\" \/><\/figure>\n<\/div>\n\n\n\n<div class=\"wp-block-column is-layout-flow wp-block-column-is-layout-flow\">\n<figure class=\"wp-block-image size-full\"><img loading=\"lazy\" decoding=\"async\" width=\"800\" height=\"600\" src=\"https:\/\/visitar.zoodelpirineu.com\/wp-content\/uploads\/2021\/11\/Falconeria.jpg\" alt=\"\" class=\"wp-image-444\" srcset=\"https:\/\/visitar.zoodelpirineu.com\/wp-content\/uploads\/2021\/11\/Falconeria.jpg 800w, https:\/\/visitar.zoodelpirineu.com\/wp-content\/uploads\/2021\/11\/Falconeria-300x225.jpg 300w, https:\/\/visitar.zoodelpirineu.com\/wp-content\/uploads\/2021\/11\/Falconeria-768x576.jpg 768w\" sizes=\"auto, (max-width: 800px) 100vw, 800px\" \/><\/figure>\n<\/div>\n<\/div>\n\n\n\n<h2 class=\"wp-block-heading\" id=\"com-funciona-la-experiencia-animal\">Com funciona la Experi\u00e8ncia animal?<\/h2>\n\n\n\n<p><strong>L\u2019experi\u00e8ncia animal t\u00e9 una durada d\u20191 hora<\/strong>. Recomanem triar 4-5 animals com a m\u00e0xim.<\/p>\n\n\n\n<h3 class=\"wp-block-heading\" id=\"qui-tria-els-animals\">Qui tria els animals?<\/h3>\n\n\n\n<p><strong>Tu els tries<\/strong>, nom\u00e9s has de mirar els animals que tenim disponibles a la web i dir-ho a l&#8217;educador quan comenci l&#8217;activitat. Recomanem un m\u00e0xim de <strong>5 animals<\/strong>.<\/p>\n\n\n\n<h3 class=\"wp-block-heading\" id=\"no-es-estressant-pels-animals\">No \u00e9s estressant pels animals?<\/h3>\n\n\n\n<p>Els animals que participen en aquesta activitat familiar s\u00f3n exemplars que han passat tant de temps en contacte estret amb persones que no poden tornar a la natura. No reconeixen la seva esp\u00e8cie. <strong>El contacte i la interacci\u00f3 amb humans \u00e9s essencial pel seu benestar.<\/strong><\/p>\n\n\n\n<p>Tots aquests animals estan preparats pr\u00e8viament pel contacte directe amb els nostres visitants. Adaptar-se al contacte amb persones que no coneixen \u00e9s&nbsp;<strong>un petit repte<\/strong>&nbsp;per ells. Sense aquests petits reptes la seva vida en captivitat seria avorrida. Al mateix temps el contacte amb ells augmenta la sensibilitzaci\u00f3 de les persones a la&nbsp;<strong>problem\u00e0tica de la fauna salvatge<\/strong>.<\/p>\n\n\n\n<h3 class=\"wp-block-heading\" id=\"no-es-perillos-pels-participants\">No \u00e9s perill\u00f3s pels participants?<\/h3>\n\n\n\n<p>No. Un expert en fauna salvatge t\u2019acompanyar\u00e0 durant la sessi\u00f3. Abans d\u2019entrar en contacte directe amb cada animal t\u2019explicar\u00e0 les coses b\u00e0siques que haur\u00e0s de tenir en compte. <strong>\u00c9s important que segueixis les indicacions del treballador del parc.<\/strong><\/p>\n\n\n\n<h3 class=\"wp-block-heading\" id=\"quina-diferencia-hi-ha-entre-el-toca-toca-i-la-experiencia-animal\">Quina difer\u00e8ncia hi ha entre el Toca toca i la Experi\u00e8ncia animal?<\/h3>\n\n\n\n<p>El Toca toca \u00e9s una activitat est\u00e0ndard, hi participa m\u00e9s d&#8217;una fam\u00edlia, els participants estan asseguts en un recinte i els educadors hi porten 10 animals. Al contrari, l&#8217;experi\u00e8ncia animal \u00e9s <strong>exclusiva i al 100% adaptada als teus desitjos<\/strong>. Tu tries els animals i entres dins de les instal\u00b7lacions on viuen.<\/p>\n\n\n\n<div class=\"wp-block-cover is-light has-custom-content-position is-position-bottom-right\"><img loading=\"lazy\" decoding=\"async\" width=\"1920\" height=\"600\" class=\"wp-block-cover__image-background wp-image-470\" alt=\"\" src=\"https:\/\/visitar.zoodelpirineu.com\/wp-content\/uploads\/2021\/11\/Alimentar-un-xai.jpg\" style=\"object-position:26% 82%\" data-object-fit=\"cover\" data-object-position=\"26% 82%\" srcset=\"https:\/\/visitar.zoodelpirineu.com\/wp-content\/uploads\/2021\/11\/Alimentar-un-xai.jpg 1920w, https:\/\/visitar.zoodelpirineu.com\/wp-content\/uploads\/2021\/11\/Alimentar-un-xai-300x94.jpg 300w, https:\/\/visitar.zoodelpirineu.com\/wp-content\/uploads\/2021\/11\/Alimentar-un-xai-1024x320.jpg 1024w, https:\/\/visitar.zoodelpirineu.com\/wp-content\/uploads\/2021\/11\/Alimentar-un-xai-768x240.jpg 768w, https:\/\/visitar.zoodelpirineu.com\/wp-content\/uploads\/2021\/11\/Alimentar-un-xai-1536x480.jpg 1536w\" sizes=\"auto, (max-width: 1920px) 100vw, 1920px\" \/><span aria-hidden=\"true\" class=\"wp-block-cover__background has-background-dim-20 has-background-dim\"><\/span><div class=\"wp-block-cover__inner-container is-layout-flow wp-block-cover-is-layout-flow\">\n<p class=\"has-text-align-center has-medium-font-size\">A vegades tenim beb\u00e8s i llavors pots ajudar a donar-los de menjar.<\/p>\n<\/div><\/div>\n\n\n\n<div style=\"height:50px\" aria-hidden=\"true\" class=\"wp-block-spacer\"><\/div>\n\n\n\n<h2 class=\"wp-block-heading\" id=\"preu-de-la-experiencia-animal\">Preu de la Experi\u00e8ncia animal<\/h2>\n\n\n\n<p><strong>L&#8217;experi\u00e8ncia animal t\u00e9 un preu per grup.&nbsp;<\/strong>El preu no varia si a l\u2019activitat participa 1 persona o 5.<\/p>\n\n\n\n<ul class=\"wp-block-list\">\n<li>Preu: 70\u20ac per grup<\/li>\n<\/ul>\n\n\n\n<p>Si tens problemes amb la compra en l\u00ednia, <a href=\"https:\/\/visitar.zoodelpirineu.com\/contacte\/\" target=\"_blank\" rel=\"noreferrer noopener\" title=\"contacta'ns\">contacta&#8217;ns<\/a>. T&#8217;ajudarem encantats!<\/p>\n\n\n\n<p><strong>N\u00ba de participants per grup: 1 \u2013 5 persones.&nbsp;<\/strong><\/p>\n\n\n\n<p>Si a l\u2019activitat participen menors de 12 anys \u00e9s imprescindible que aquests vagin acompanyats pels adults.<\/p>\n\n\n\n<h3 class=\"wp-block-heading\" id=\"cancel-lacio-i-canvi-de-dia\">Cancel\u00b7laci\u00f3 i canvi de dia<\/h3>\n\n\n\n<p>En cas de pluja l\u2019experi\u00e8ncia animal no es pot fer. Tens la possibilitat de cancel\u00b7lar la sessi\u00f3 i demanar el reembossament dels diners o canviar la data. Aqu\u00ed trobar\u00e0s tota la informaci\u00f3: <a href=\"https:\/\/visitar.zoodelpirineu.com\/devolucions-i-canvi-dia\/\" target=\"_blank\" rel=\"noreferrer noopener\" title=\"Devolucions i canvi de dia\">Devolucions i canvi de dia<\/a><\/p>\n\n\n\n<div class=\"wp-block-cover\"><img loading=\"lazy\" decoding=\"async\" width=\"1920\" height=\"600\" class=\"wp-block-cover__image-background wp-image-465\" alt=\"\" src=\"https:\/\/visitar.zoodelpirineu.com\/wp-content\/uploads\/2021\/11\/Voltor-comu.jpg\" style=\"object-position:29% 71%\" data-object-fit=\"cover\" data-object-position=\"29% 71%\" srcset=\"https:\/\/visitar.zoodelpirineu.com\/wp-content\/uploads\/2021\/11\/Voltor-comu.jpg 1920w, https:\/\/visitar.zoodelpirineu.com\/wp-content\/uploads\/2021\/11\/Voltor-comu-300x94.jpg 300w, https:\/\/visitar.zoodelpirineu.com\/wp-content\/uploads\/2021\/11\/Voltor-comu-1024x320.jpg 1024w, https:\/\/visitar.zoodelpirineu.com\/wp-content\/uploads\/2021\/11\/Voltor-comu-768x240.jpg 768w, https:\/\/visitar.zoodelpirineu.com\/wp-content\/uploads\/2021\/11\/Voltor-comu-1536x480.jpg 1536w\" sizes=\"auto, (max-width: 1920px) 100vw, 1920px\" \/><span aria-hidden=\"true\" class=\"wp-block-cover__background has-background-dim-10 has-background-dim\"><\/span><div class=\"wp-block-cover__inner-container is-layout-flow wp-block-cover-is-layout-flow\">\n<p class=\"has-text-align-right has-medium-font-size\">L&#8217;experi\u00e8ncia animal \u00e9s una de les activitats m\u00e9s sol\u00b7licitades.<br>Sovint s&#8217;exhaureixen les places.<\/p>\n\n\n\n<p class=\"has-text-align-right has-medium-font-size\">No t&#8217;adormis i reserva la teva pla\u00e7a avui mateix.<\/p>\n\n\n\n<div class=\"wp-block-buttons is-horizontal is-content-justification-right is-layout-flex wp-container-core-buttons-is-layout-ae2fe186 wp-block-buttons-is-layout-flex\">\n<div class=\"wp-block-button is-style-fill\"><a class=\"wp-block-button__link wp-element-button\" href=\"https:\/\/fareharbor.com\/embeds\/book\/zoodelpirineu\/?full-items=yes\" target=\"_blank\" rel=\"noreferrer noopener\">Comprar entrades<\/a><\/div>\n<\/div>\n<\/div><\/div>\n\n\n\n<p><\/p>\n","protected":false},"excerpt":{"rendered":"<p>Qui pot participar en la Experi\u00e8ncia animal Per quina edat \u00e9s recomanable? L&#8217;experi\u00e8ncia animal est\u00e0 pensada per visitants adults, adolescents i per fam\u00edlies amb nens a partir de 5 anys. Has de tenir en compte que cal respectar les normes per assegurar el benestar dels animals i cal tenir paci\u00e8ncia i estar tranquils perqu\u00e8 els &#8230; <a title=\"Experi\u00e8ncia animal\" class=\"read-more\" href=\"https:\/\/visitar.zoodelpirineu.com\/ca\/activitats-amb-animals\/experiencia-animal\/\" aria-label=\"M\u00e9s informaci\u00f3 sobre Experi\u00e8ncia animal\">Read more<\/a><\/p>\n","protected":false},"author":1,"featured_media":0,"parent":2,"menu_order":0,"comment_status":"closed","ping_status":"closed","template":"","meta":{"_monsterinsights_skip_tracking":false,"_monsterinsights_sitenote_active":false,"_monsterinsights_sitenote_note":"","_monsterinsights_sitenote_category":0,"footnotes":""},"class_list":{"0":"post-427","1":"page","2":"type-page","3":"status-publish","5":"infinite-scroll-item"},"aioseo_notices":[],"_links":{"self":[{"href":"https:\/\/visitar.zoodelpirineu.com\/ca\/wp-json\/wp\/v2\/pages\/427","targetHints":{"allow":["GET"]}}],"collection":[{"href":"https:\/\/visitar.zoodelpirineu.com\/ca\/wp-json\/wp\/v2\/pages"}],"about":[{"href":"https:\/\/visitar.zoodelpirineu.com\/ca\/wp-json\/wp\/v2\/types\/page"}],"author":[{"embeddable":true,"href":"https:\/\/visitar.zoodelpirineu.com\/ca\/wp-json\/wp\/v2\/users\/1"}],"replies":[{"embeddable":true,"href":"https:\/\/visitar.zoodelpirineu.com\/ca\/wp-json\/wp\/v2\/comments?post=427"}],"version-history":[{"count":21,"href":"https:\/\/visitar.zoodelpirineu.com\/ca\/wp-json\/wp\/v2\/pages\/427\/revisions"}],"predecessor-version":[{"id":6585,"href":"https:\/\/visitar.zoodelpirineu.com\/ca\/wp-json\/wp\/v2\/pages\/427\/revisions\/6585"}],"up":[{"embeddable":true,"href":"https:\/\/visitar.zoodelpirineu.com\/ca\/wp-json\/wp\/v2\/pages\/2"}],"wp:attachment":[{"href":"https:\/\/visitar.zoodelpirineu.com\/ca\/wp-json\/wp\/v2\/media?parent=427"}],"curies":[{"name":"wp","href":"https:\/\/api.w.org\/{rel}","templated":true}]}}