{"id":63,"date":"2021-11-24T06:39:23","date_gmt":"2021-11-24T05:39:23","guid":{"rendered":"https:\/\/visitar.zoodelpirineu.com\/?page_id=63"},"modified":"2024-02-15T11:15:55","modified_gmt":"2024-02-15T10:15:55","slug":"discapacitat","status":"publish","type":"page","link":"https:\/\/visitar.zoodelpirineu.com\/ca\/descomptes\/discapacitat\/","title":{"rendered":"Discapacitat"},"content":{"rendered":"<div class=\"aioseo-breadcrumbs\"><span class=\"aioseo-breadcrumb\">\n\t<a href=\"https:\/\/visitar.zoodelpirineu.com\/ca\/\" title=\"Home\">Home<\/a>\n<\/span><span class=\"aioseo-breadcrumb-separator\">&raquo;<\/span><span class=\"aioseo-breadcrumb\">\n\t<a href=\"https:\/\/visitar.zoodelpirineu.com\/ca\/descomptes\/\" title=\"Descomptes\">Descomptes<\/a>\n<\/span><span class=\"aioseo-breadcrumb-separator\">&raquo;<\/span><span class=\"aioseo-breadcrumb\">\n\tDiscapacitat\n<\/span><\/div>\n\n\n<div style=\"height:25px\" aria-hidden=\"true\" class=\"wp-block-spacer\"><\/div>\n\n\n\n<div class=\"wp-block-media-text alignwide is-stacked-on-mobile has-background\" style=\"background-color:#edf2fb\"><figure class=\"wp-block-media-text__media\"><img loading=\"lazy\" decoding=\"async\" width=\"800\" height=\"600\" src=\"https:\/\/visitar.zoodelpirineu.com\/wp-content\/uploads\/2021\/11\/Oferta-pels-discapacitats.jpg\" alt=\"Oferta pels discapacitats.\" class=\"wp-image-853 size-full\" srcset=\"https:\/\/visitar.zoodelpirineu.com\/wp-content\/uploads\/2021\/11\/Oferta-pels-discapacitats.jpg 800w, https:\/\/visitar.zoodelpirineu.com\/wp-content\/uploads\/2021\/11\/Oferta-pels-discapacitats-300x225.jpg 300w, https:\/\/visitar.zoodelpirineu.com\/wp-content\/uploads\/2021\/11\/Oferta-pels-discapacitats-768x576.jpg 768w\" sizes=\"auto, (max-width: 800px) 100vw, 800px\" \/><\/figure><div class=\"wp-block-media-text__content\">\n<div style=\"height:10px\" aria-hidden=\"true\" class=\"wp-block-spacer\"><\/div>\n\n\n\n<p class=\"has-medium-font-size\">Descobreix els descomptes que oferim a persones amb discapacitat.<\/p>\n\n\n\n<p class=\"has-medium-font-size\">Et pots beneficiar de descomptes amb:<\/p>\n\n\n\n<ul class=\"has-medium-font-size wp-block-list\">\n<li>Discapacitat de classe 4. Discapacitat del 50% al 75%<\/li>\n\n\n\n<li>Minusvalidesa de classe 5. Discapacitat igual o major al 75%<\/li>\n<\/ul>\n\n\n\n<p class=\"has-medium-font-size\">Si tens discapacitat lleu o moderada, si us plau, consulta totes les nostres <a href=\"https:\/\/visitar.zoodelpirineu.com\/ofertes\/\" target=\"_blank\" rel=\"noreferrer noopener\" title=\"Ofertes\">ofertes<\/a> per verificar si et pots acollir a un altre descompte.<\/p>\n<\/div><\/div>\n\n\n\n<div style=\"height:50px\" aria-hidden=\"true\" class=\"wp-block-spacer\"><\/div>\n\n\n\n<h2 class=\"wp-block-heading\">Activitats a les quals s&#8217;apliquen els descomptes de discapacitat<\/h2>\n\n\n\n<ul class=\"wp-block-list\">\n<li><a href=\"https:\/\/visitar.zoodelpirineu.com\/activitats-amb-animals\/visita-guiada\/\" target=\"_blank\" rel=\"noreferrer noopener\" title=\"Visita guiada\">Visita guiada<\/a><\/li>\n\n\n\n<li><a href=\"https:\/\/visitar.zoodelpirineu.com\/activitats-amb-animals\/exhibicio-aus-rapinyaires\/\" target=\"_blank\" rel=\"noreferrer noopener\" title=\"Exhibici\u00f3 de vol de les aus rapinyaires\">Exhibici\u00f3 de vol d&#8217;aus rapinyaires<\/a><\/li>\n<\/ul>\n\n\n\n<div style=\"height:25px\" aria-hidden=\"true\" class=\"wp-block-spacer\"><\/div>\n\n\n\n<h2 class=\"wp-block-heading\">Discapacitat del 50% al 75% <\/h2>\n\n\n\n<p>Amb una discapacitat del 50% al 75% tens un <strong>15% de descompte<\/strong>. Quan escullis les activitats, una vegada hagis introduit el n\u00famero de visitants, pots personalitzar cada integrant del vostre grup. El descompte per aquest grau de discapacitat \u00e9s \u00ab-15% &#8211; Descompte discapacitat +50%\u00bb.<\/p>\n\n\n\n<div style=\"height:25px\" aria-hidden=\"true\" class=\"wp-block-spacer\"><\/div>\n\n\n\n<h2 class=\"wp-block-heading\">Discapacitat igual o major al 75% <\/h2>\n\n\n\n<p>Si pateixes una discapacitat igual o major al 75% t&#8217;oferim un <strong>descompte del 50%<\/strong>. Quan escullis les activitats, una vegada hagis introduit el n\u00famero de visitants, pots personalitzar cada integrant del vostre grup. El descompte per aquest grau de discapacitat \u00e9s \u00ab-50% &#8211; Descompte discapacitat +75%\u00bb.<\/p>\n\n\n\n<div style=\"height:25px\" aria-hidden=\"true\" class=\"wp-block-spacer\"><\/div>\n\n\n\n<h2 class=\"wp-block-heading\">Ens vols visitar sovint? <\/h2>\n\n\n\n<div class=\"wp-block-columns are-vertically-aligned-center is-layout-flex wp-container-core-columns-is-layout-9d6595d7 wp-block-columns-is-layout-flex\">\n<div class=\"wp-block-column is-vertically-aligned-center is-layout-flow wp-block-column-is-layout-flow\" style=\"flex-basis:33.33%\">\n<figure class=\"wp-block-image size-full\"><img loading=\"lazy\" decoding=\"async\" width=\"800\" height=\"600\" src=\"https:\/\/visitar.zoodelpirineu.com\/wp-content\/uploads\/2021\/11\/Trageta-NIP-protector.jpg\" alt=\"\" class=\"wp-image-848\" srcset=\"https:\/\/visitar.zoodelpirineu.com\/wp-content\/uploads\/2021\/11\/Trageta-NIP-protector.jpg 800w, https:\/\/visitar.zoodelpirineu.com\/wp-content\/uploads\/2021\/11\/Trageta-NIP-protector-300x225.jpg 300w, https:\/\/visitar.zoodelpirineu.com\/wp-content\/uploads\/2021\/11\/Trageta-NIP-protector-768x576.jpg 768w\" sizes=\"auto, (max-width: 800px) 100vw, 800px\" \/><\/figure>\n<\/div>\n\n\n\n<div class=\"wp-block-column is-vertically-aligned-center is-layout-flow wp-block-column-is-layout-flow\" style=\"flex-basis:66.66%\">\n<p>Per les persones amb discapacitat igual o major al 50% tenim un <strong>benefici addicional<\/strong>. Si t&#8217;agrada el nostre parc i la feina que fem pots demanar a la taquilla del Zoo del Pirineu una targeta NIP protector. Amb aquesta targeta tindr\u00e0s l&#8217;<strong>entrada gratu\u00efta<\/strong> a les 3 activitats mencionades m\u00e9s amunt sempre que ens vinguis a visitar.<\/p>\n<\/div>\n<\/div>\n\n\n\n<div style=\"height:25px\" aria-hidden=\"true\" class=\"wp-block-spacer\"><\/div>\n\n\n\n<h2 class=\"wp-block-heading\">Grups de persones amb discapacitat<\/h2>\n\n\n\n<div class=\"wp-block-columns are-vertically-aligned-center is-layout-flex wp-container-core-columns-is-layout-9d6595d7 wp-block-columns-is-layout-flex\">\n<div class=\"wp-block-column is-vertically-aligned-center is-layout-flow wp-block-column-is-layout-flow\" style=\"flex-basis:33.33%\">\n<figure class=\"wp-block-image size-full\"><img loading=\"lazy\" decoding=\"async\" width=\"800\" height=\"600\" src=\"https:\/\/visitar.zoodelpirineu.com\/wp-content\/uploads\/2021\/11\/Discapacitat.jpg\" alt=\"Grup de persones amb minusvalidesa\" class=\"wp-image-842\" srcset=\"https:\/\/visitar.zoodelpirineu.com\/wp-content\/uploads\/2021\/11\/Discapacitat.jpg 800w, https:\/\/visitar.zoodelpirineu.com\/wp-content\/uploads\/2021\/11\/Discapacitat-300x225.jpg 300w, https:\/\/visitar.zoodelpirineu.com\/wp-content\/uploads\/2021\/11\/Discapacitat-768x576.jpg 768w\" sizes=\"auto, (max-width: 800px) 100vw, 800px\" \/><\/figure>\n<\/div>\n\n\n\n<div class=\"wp-block-column is-vertically-aligned-center is-layout-flow wp-block-column-is-layout-flow\" style=\"flex-basis:66.66%\">\n<p>Si organitzes una excursi\u00f3 al Zoo del Pirineu per un <strong>grup de persones amb minusvalidesa<\/strong> si us plau <a href=\"https:\/\/visitar.zoodelpirineu.com\/contacte\/\" target=\"_blank\" rel=\"noreferrer noopener\">posa&#8217;t en contacte amb nosaltres<\/a>. (En aquest cas pot ser tamb\u00e9 un grup de persones amb discapacitat lleu o moderada.) Et prepararem un pressupost personalitzat on incorporarem tamb\u00e9 una proposta d&#8217;horari i el programa de l&#8217;excursi\u00f3.<\/p>\n<\/div>\n<\/div>\n\n\n\n<div style=\"height:25px\" aria-hidden=\"true\" class=\"wp-block-spacer\"><\/div>\n\n\n\n<h2 class=\"wp-block-heading\">Disculpes<\/h2>\n\n\n\n<p>Des de la direcci\u00f3 de la Fundaci\u00f3 Zoo del Pirineu ens volem disculpar a totes les persones amb mobilitat redu\u00efda per l&#8217;<strong>estat actual dels camins<\/strong> del parc. Malgrat el nostre esfor\u00e7 de mantenir els camins en condicions perfectes, no ens \u00e9s possible fer front a les alteracions causades pel mal temps. Tot i que tenim previst equipar el recorregut amb unes rampes estables, la nostra situaci\u00f3 econ\u00f2mica actual no ens permet portar a terme aquest projecte. <\/p>\n\n\n\n<p>Et donem la possibilitat d&#8217;apropar-te amb el vehicle fins als espais on es desenvolupen les activitats, sempre que arribis uns 10 minuts abans de que comenci l&#8217;activitat. <\/p>\n\n\n\n<p>Per cert: si coneixes alguna entitat que ens pogu\u00e9s ajudar a cobrir les despeses de la millora dels camins, si us plau <a href=\"https:\/\/visitar.zoodelpirineu.com\/contacte\/\" target=\"_blank\" rel=\"noreferrer noopener\" title=\"Contacte\">contacta amb nosaltres<\/a>. T&#8217;ho agrairem cordialment no nom\u00e9s nosaltres, sin\u00f3 tamb\u00e9 els nostres futurs visitants.<\/p>\n\n\n\n<div class=\"wp-block-cover\"><span aria-hidden=\"true\" class=\"wp-block-cover__background has-background-dim-30 has-background-dim\"><\/span><img loading=\"lazy\" decoding=\"async\" width=\"1920\" height=\"600\" class=\"wp-block-cover__image-background wp-image-845\" alt=\"\" src=\"https:\/\/visitar.zoodelpirineu.com\/wp-content\/uploads\/2021\/11\/Discapacidad.jpg\" data-object-fit=\"cover\" srcset=\"https:\/\/visitar.zoodelpirineu.com\/wp-content\/uploads\/2021\/11\/Discapacidad.jpg 1920w, https:\/\/visitar.zoodelpirineu.com\/wp-content\/uploads\/2021\/11\/Discapacidad-300x94.jpg 300w, https:\/\/visitar.zoodelpirineu.com\/wp-content\/uploads\/2021\/11\/Discapacidad-1024x320.jpg 1024w, https:\/\/visitar.zoodelpirineu.com\/wp-content\/uploads\/2021\/11\/Discapacidad-768x240.jpg 768w, https:\/\/visitar.zoodelpirineu.com\/wp-content\/uploads\/2021\/11\/Discapacidad-1536x480.jpg 1536w\" sizes=\"auto, (max-width: 1920px) 100vw, 1920px\" \/><div class=\"wp-block-cover__inner-container is-layout-flow wp-block-cover-is-layout-flow\">\n<p class=\"has-text-align-center has-medium-font-size\">Creiem que totes les persones tenen dret a gaudir de la natura. \u00c9s per aquesta ra\u00f3 que donem uns beneficis econ\u00f2mics a les persones amb discapacitat. Us admirem per la vostra valentia.<\/p>\n\n\n\n<p class=\"has-text-align-center has-medium-font-size\">Esperem que ens veurem aviat al Zoo del Pirineu amb tots vosaltres.<\/p>\n<\/div><\/div>\n","protected":false},"excerpt":{"rendered":"<p>Activitats a les quals s&#8217;apliquen els descomptes de discapacitat Discapacitat del 50% al 75% Amb una discapacitat del 50% al 75% tens un 15% de descompte. Quan escullis les activitats, una vegada hagis introduit el n\u00famero de visitants, pots personalitzar cada integrant del vostre grup. El descompte per aquest grau de discapacitat \u00e9s \u00ab-15% &#8211; &#8230; <a title=\"Discapacitat\" class=\"read-more\" href=\"https:\/\/visitar.zoodelpirineu.com\/ca\/descomptes\/discapacitat\/\" aria-label=\"M\u00e9s informaci\u00f3 sobre Discapacitat\">Read more<\/a><\/p>\n","protected":false},"author":1,"featured_media":845,"parent":25,"menu_order":0,"comment_status":"closed","ping_status":"closed","template":"","meta":{"_monsterinsights_skip_tracking":false,"_monsterinsights_sitenote_active":false,"_monsterinsights_sitenote_note":"","_monsterinsights_sitenote_category":0,"footnotes":""},"class_list":{"0":"post-63","1":"page","2":"type-page","3":"status-publish","4":"has-post-thumbnail","6":"infinite-scroll-item"},"aioseo_notices":[],"_links":{"self":[{"href":"https:\/\/visitar.zoodelpirineu.com\/ca\/wp-json\/wp\/v2\/pages\/63","targetHints":{"allow":["GET"]}}],"collection":[{"href":"https:\/\/visitar.zoodelpirineu.com\/ca\/wp-json\/wp\/v2\/pages"}],"about":[{"href":"https:\/\/visitar.zoodelpirineu.com\/ca\/wp-json\/wp\/v2\/types\/page"}],"author":[{"embeddable":true,"href":"https:\/\/visitar.zoodelpirineu.com\/ca\/wp-json\/wp\/v2\/users\/1"}],"replies":[{"embeddable":true,"href":"https:\/\/visitar.zoodelpirineu.com\/ca\/wp-json\/wp\/v2\/comments?post=63"}],"version-history":[{"count":9,"href":"https:\/\/visitar.zoodelpirineu.com\/ca\/wp-json\/wp\/v2\/pages\/63\/revisions"}],"predecessor-version":[{"id":5308,"href":"https:\/\/visitar.zoodelpirineu.com\/ca\/wp-json\/wp\/v2\/pages\/63\/revisions\/5308"}],"up":[{"embeddable":true,"href":"https:\/\/visitar.zoodelpirineu.com\/ca\/wp-json\/wp\/v2\/pages\/25"}],"wp:featuredmedia":[{"embeddable":true,"href":"https:\/\/visitar.zoodelpirineu.com\/ca\/wp-json\/wp\/v2\/media\/845"}],"wp:attachment":[{"href":"https:\/\/visitar.zoodelpirineu.com\/ca\/wp-json\/wp\/v2\/media?parent=63"}],"curies":[{"name":"wp","href":"https:\/\/api.w.org\/{rel}","templated":true}]}}