{"id":639,"date":"2021-11-28T16:25:30","date_gmt":"2021-11-28T15:25:30","guid":{"rendered":"https:\/\/visitar.zoodelpirineu.com\/?page_id=639"},"modified":"2022-09-09T18:00:25","modified_gmt":"2022-09-09T17:00:25","slug":"normes-del-zoo-del-pirineu","status":"publish","type":"page","link":"https:\/\/visitar.zoodelpirineu.com\/ca\/normes-del-zoo-del-pirineu\/","title":{"rendered":"Normes del Zoo del Pirineu"},"content":{"rendered":"<div class=\"aioseo-breadcrumbs\"><span class=\"aioseo-breadcrumb\">\n\t<a href=\"https:\/\/visitar.zoodelpirineu.com\/ca\/\" title=\"Home\">Home<\/a>\n<\/span><span class=\"aioseo-breadcrumb-separator\">&raquo;<\/span><span class=\"aioseo-breadcrumb\">\n\tNormes del Zoo del Pirineu\n<\/span><\/div>\n\n\n<div style=\"height:50px\" aria-hidden=\"true\" class=\"wp-block-spacer\"><\/div>\n\n\n\n<div class=\"wp-block-media-text alignwide is-stacked-on-mobile has-background\" style=\"background-color:#edf2fb\"><figure class=\"wp-block-media-text__media\"><img loading=\"lazy\" decoding=\"async\" width=\"800\" height=\"600\" src=\"https:\/\/visitar.zoodelpirineu.com\/wp-content\/uploads\/2021\/11\/Asio-otus.jpg\" alt=\"\" class=\"wp-image-640 size-full\" srcset=\"https:\/\/visitar.zoodelpirineu.com\/wp-content\/uploads\/2021\/11\/Asio-otus.jpg 800w, https:\/\/visitar.zoodelpirineu.com\/wp-content\/uploads\/2021\/11\/Asio-otus-300x225.jpg 300w, https:\/\/visitar.zoodelpirineu.com\/wp-content\/uploads\/2021\/11\/Asio-otus-768x576.jpg 768w\" sizes=\"auto, (max-width: 800px) 100vw, 800px\" \/><\/figure><div class=\"wp-block-media-text__content\">\n<div style=\"height:10px\" aria-hidden=\"true\" class=\"wp-block-spacer\"><\/div>\n\n\n\n<p>Ens prenem la teva seguretat i el benestar dels animals molt seriosament. Llegeix les 12 normes del Zoo del Pirineu abans de venir a visitar-nos. S\u00f3n f\u00e0cils de seguir.<\/p>\n\n\n\n<p><strong>La conseq\u00fc\u00e8ncia de comportaments inc\u00edvics envers els animals, el personal del Zoo o la resta de visitants pot comportar ser sancionat amb l&#8217;expulsi\u00f3 immediata de l&#8217;infractor<\/strong>.<\/p>\n\n\n\n<p>Respecta les normes del zoo perqu\u00e8 la teva visita sigui agradable no nom\u00e9s per a tu, sin\u00f3 tamb\u00e9 pels altres visitants. I, a m\u00e9s, ajudar\u00e0s a assegurar el benestar dels animals que viuen al parc.<\/p>\n<\/div><\/div>\n\n\n\n<div style=\"height:50px\" aria-hidden=\"true\" class=\"wp-block-spacer\"><\/div>\n\n\n\n<div class=\"wp-block-columns is-layout-flex wp-container-core-columns-is-layout-9d6595d7 wp-block-columns-is-layout-flex\">\n<div class=\"wp-block-column is-layout-flow wp-block-column-is-layout-flow\">\n<figure class=\"wp-block-image size-full\"><img decoding=\"async\" src=\"https:\/\/visitar.zoodelpirineu.com\/wp-content\/uploads\/2021\/11\/Normes-del-zoo-1.jpg\" alt=\"\" class=\"wp-image-647\"\/><\/figure>\n\n\n\n<p class=\"has-text-align-center\">Els menors de 13 anys han d&#8217;anar acompanyats de persones adultes a totes les activitats. <br>L&#8217;excepci\u00f3 \u00e9s l&#8217;activitat <a href=\"https:\/\/visitar.zoodelpirineu.com\/activitats-amb-animals\/toca-toca\/\" target=\"_blank\" rel=\"noreferrer noopener\" title=\"Toca toca\">Toca toca<\/a> on poden entrar els nens sols a partir de 3 anys si poden seguir les normes internes de l&#8217;activitat sols.<\/p>\n<\/div>\n\n\n\n<div class=\"wp-block-column has-base-background-color has-background is-layout-flow wp-block-column-is-layout-flow\">\n<figure class=\"wp-block-image size-full\"><img loading=\"lazy\" decoding=\"async\" width=\"800\" height=\"600\" src=\"https:\/\/visitar.zoodelpirineu.com\/wp-content\/uploads\/2021\/11\/Animals-de-companyia.jpg\" alt=\"\" class=\"wp-image-650\" srcset=\"https:\/\/visitar.zoodelpirineu.com\/wp-content\/uploads\/2021\/11\/Animals-de-companyia.jpg 800w, https:\/\/visitar.zoodelpirineu.com\/wp-content\/uploads\/2021\/11\/Animals-de-companyia-300x225.jpg 300w, https:\/\/visitar.zoodelpirineu.com\/wp-content\/uploads\/2021\/11\/Animals-de-companyia-768x576.jpg 768w\" sizes=\"auto, (max-width: 800px) 100vw, 800px\" \/><\/figure>\n\n\n\n<p class=\"has-text-align-center\">No es permet entrar amb animals de companyia.<br>L&#8217;excepci\u00f3 s\u00f3n gossos d&#8217;assist\u00e8ncia amb la corresponent documentaci\u00f3 sanit\u00e0ria. (<a href=\"https:\/\/www.parlament.cat\/document\/nom\/TL100.pdf\" target=\"_blank\" rel=\"noreferrer noopener\" title=\"https:\/\/www.parlament.cat\/document\/nom\/TL100.pdf\">Llei 19\/2009<\/a>, de 26 de novembre)<\/p>\n<\/div>\n\n\n\n<div class=\"wp-block-column is-layout-flow wp-block-column-is-layout-flow\">\n<figure class=\"wp-block-image size-full\"><img loading=\"lazy\" decoding=\"async\" width=\"800\" height=\"600\" src=\"https:\/\/visitar.zoodelpirineu.com\/wp-content\/uploads\/2021\/11\/Caminar-pels-camins.jpg\" alt=\"\" class=\"wp-image-664\" srcset=\"https:\/\/visitar.zoodelpirineu.com\/wp-content\/uploads\/2021\/11\/Caminar-pels-camins.jpg 800w, https:\/\/visitar.zoodelpirineu.com\/wp-content\/uploads\/2021\/11\/Caminar-pels-camins-300x225.jpg 300w, https:\/\/visitar.zoodelpirineu.com\/wp-content\/uploads\/2021\/11\/Caminar-pels-camins-768x576.jpg 768w\" sizes=\"auto, (max-width: 800px) 100vw, 800px\" \/><\/figure>\n\n\n\n<p class=\"has-text-align-center\">Els visitants han de seguir les rutes marcades, i&nbsp;<strong>nom\u00e9s a peu<\/strong>.<br>No es permet traspassar les <strong>barreres de seguretat<\/strong> de les instal\u00b7lacions.<\/p>\n<\/div>\n\n\n\n<div class=\"wp-block-column has-base-background-color has-background is-layout-flow wp-block-column-is-layout-flow\">\n<figure class=\"wp-block-image size-full\"><img loading=\"lazy\" decoding=\"async\" width=\"800\" height=\"600\" src=\"https:\/\/visitar.zoodelpirineu.com\/wp-content\/uploads\/2021\/11\/Respectar-les-plantes.jpg\" alt=\"\" class=\"wp-image-656\" srcset=\"https:\/\/visitar.zoodelpirineu.com\/wp-content\/uploads\/2021\/11\/Respectar-les-plantes.jpg 800w, https:\/\/visitar.zoodelpirineu.com\/wp-content\/uploads\/2021\/11\/Respectar-les-plantes-300x225.jpg 300w, https:\/\/visitar.zoodelpirineu.com\/wp-content\/uploads\/2021\/11\/Respectar-les-plantes-768x576.jpg 768w\" sizes=\"auto, (max-width: 800px) 100vw, 800px\" \/><\/figure>\n\n\n\n<p class=\"has-text-align-center\">Respecta la propietat dels altres.<br><strong>No s&#8217;ha de danyar la vegetaci\u00f3<\/strong>,<br>la propietat del zool\u00f2gic o la propietat d&#8217;altres persones.<\/p>\n<\/div>\n<\/div>\n\n\n\n<div class=\"wp-block-columns are-vertically-aligned-top is-layout-flex wp-container-core-columns-is-layout-9d6595d7 wp-block-columns-is-layout-flex\">\n<div class=\"wp-block-column is-vertically-aligned-top has-base-background-color has-background is-layout-flow wp-block-column-is-layout-flow\">\n<figure class=\"wp-block-image size-full\"><img loading=\"lazy\" decoding=\"async\" width=\"800\" height=\"600\" src=\"https:\/\/visitar.zoodelpirineu.com\/wp-content\/uploads\/2021\/11\/Abella.jpg\" alt=\"Normes de respecte versus animals\" class=\"wp-image-661\" srcset=\"https:\/\/visitar.zoodelpirineu.com\/wp-content\/uploads\/2021\/11\/Abella.jpg 800w, https:\/\/visitar.zoodelpirineu.com\/wp-content\/uploads\/2021\/11\/Abella-300x225.jpg 300w, https:\/\/visitar.zoodelpirineu.com\/wp-content\/uploads\/2021\/11\/Abella-768x576.jpg 768w\" sizes=\"auto, (max-width: 800px) 100vw, 800px\" \/><\/figure>\n\n\n\n<p class=\"has-text-align-center\">Tots els \u00e9ssers vius que es troben a l&#8217;entorn del Zoo del Pirineu s&#8217;han de <strong>tractar amb respecte<\/strong>.&nbsp;<br>No se&#8217;ls pot molestar fent soroll&nbsp;o tenint conductes inadequades o perilloses.<\/p>\n<\/div>\n\n\n\n<div class=\"wp-block-column is-vertically-aligned-top is-layout-flow wp-block-column-is-layout-flow\">\n<figure class=\"wp-block-image size-full\"><img loading=\"lazy\" decoding=\"async\" width=\"800\" height=\"600\" src=\"https:\/\/visitar.zoodelpirineu.com\/wp-content\/uploads\/2021\/11\/Nena-amb-senglar.jpg\" alt=\"Normes del zoo\" class=\"wp-image-653\" srcset=\"https:\/\/visitar.zoodelpirineu.com\/wp-content\/uploads\/2021\/11\/Nena-amb-senglar.jpg 800w, https:\/\/visitar.zoodelpirineu.com\/wp-content\/uploads\/2021\/11\/Nena-amb-senglar-300x225.jpg 300w, https:\/\/visitar.zoodelpirineu.com\/wp-content\/uploads\/2021\/11\/Nena-amb-senglar-768x576.jpg 768w\" sizes=\"auto, (max-width: 800px) 100vw, 800px\" \/><\/figure>\n\n\n\n<p class=\"has-text-align-center\">Est\u00e0 rigorosament prohibit donar de menjar als animals i tocar-los&nbsp;<strong>sense l&#8217;acompanyament del nostre guia.<\/strong><\/p>\n<\/div>\n\n\n\n<div class=\"wp-block-column is-vertically-aligned-top has-base-background-color has-background is-layout-flow wp-block-column-is-layout-flow\">\n<figure class=\"wp-block-image size-full\"><img loading=\"lazy\" decoding=\"async\" width=\"800\" height=\"600\" src=\"https:\/\/visitar.zoodelpirineu.com\/wp-content\/uploads\/2021\/11\/No-tirar-pedres.jpg\" alt=\"\" class=\"wp-image-667\" srcset=\"https:\/\/visitar.zoodelpirineu.com\/wp-content\/uploads\/2021\/11\/No-tirar-pedres.jpg 800w, https:\/\/visitar.zoodelpirineu.com\/wp-content\/uploads\/2021\/11\/No-tirar-pedres-300x225.jpg 300w, https:\/\/visitar.zoodelpirineu.com\/wp-content\/uploads\/2021\/11\/No-tirar-pedres-768x576.jpg 768w\" sizes=\"auto, (max-width: 800px) 100vw, 800px\" \/><\/figure>\n\n\n\n<p class=\"has-text-align-center\">Tirar pedres est\u00e0 prohibit en tot el recinte del parc. <br>Llan\u00e7ar objectes contra les g\u00e0bies dels animals est\u00e0&nbsp;sancionat amb <strong>l&#8217;expulsi\u00f3 immediata<\/strong> dels infractors.<\/p>\n<\/div>\n\n\n\n<div class=\"wp-block-column is-vertically-aligned-top is-layout-flow wp-block-column-is-layout-flow\">\n<figure class=\"wp-block-image size-full\"><img loading=\"lazy\" decoding=\"async\" width=\"800\" height=\"600\" src=\"https:\/\/visitar.zoodelpirineu.com\/wp-content\/uploads\/2021\/11\/respectar-arbres.jpg\" alt=\"\" class=\"wp-image-670\" srcset=\"https:\/\/visitar.zoodelpirineu.com\/wp-content\/uploads\/2021\/11\/respectar-arbres.jpg 800w, https:\/\/visitar.zoodelpirineu.com\/wp-content\/uploads\/2021\/11\/respectar-arbres-300x225.jpg 300w, https:\/\/visitar.zoodelpirineu.com\/wp-content\/uploads\/2021\/11\/respectar-arbres-768x576.jpg 768w\" sizes=\"auto, (max-width: 800px) 100vw, 800px\" \/><\/figure>\n\n\n\n<p class=\"has-text-align-center\">S&#8217;han de&nbsp;notificar les violacions de les normes&nbsp;i les <strong>situacions que posen en perill la seguretat d&#8217;altres<\/strong> persones o animals als treballadors del zool\u00f2gic.<\/p>\n<\/div>\n<\/div>\n\n\n\n<div class=\"wp-block-columns are-vertically-aligned-top is-layout-flex wp-container-core-columns-is-layout-9d6595d7 wp-block-columns-is-layout-flex\">\n<div class=\"wp-block-column is-vertically-aligned-top is-layout-flow wp-block-column-is-layout-flow\">\n<figure class=\"wp-block-image size-full\"><img loading=\"lazy\" decoding=\"async\" width=\"800\" height=\"600\" src=\"https:\/\/visitar.zoodelpirineu.com\/wp-content\/uploads\/2021\/11\/Normes-exhibicio-aus-rapinyaires.jpg\" alt=\"Normes exhibici\u00f3 aus rapinyaires\" class=\"wp-image-685\" srcset=\"https:\/\/visitar.zoodelpirineu.com\/wp-content\/uploads\/2021\/11\/Normes-exhibicio-aus-rapinyaires.jpg 800w, https:\/\/visitar.zoodelpirineu.com\/wp-content\/uploads\/2021\/11\/Normes-exhibicio-aus-rapinyaires-300x225.jpg 300w, https:\/\/visitar.zoodelpirineu.com\/wp-content\/uploads\/2021\/11\/Normes-exhibicio-aus-rapinyaires-768x576.jpg 768w\" sizes=\"auto, (max-width: 800px) 100vw, 800px\" \/><\/figure>\n\n\n\n<p class=\"has-text-align-center\">Cada <a href=\"https:\/\/visitar.zoodelpirineu.com\/activitats-amb-animals\/\" target=\"_blank\" rel=\"noreferrer noopener\" title=\"Activitats amb animals\">activitat<\/a> del Zoo del Pirineu t\u00e9 la seva <strong>normativa espec\u00edfica<\/strong> que s&#8217;explica al comen\u00e7ament de l&#8217;activitat. \u00c9s essencial respectar aquestes normes.<\/p>\n<\/div>\n\n\n\n<div class=\"wp-block-column is-vertically-aligned-top has-base-background-color has-background is-layout-flow wp-block-column-is-layout-flow\">\n<figure class=\"wp-block-image size-full\"><img loading=\"lazy\" decoding=\"async\" width=\"800\" height=\"600\" src=\"https:\/\/visitar.zoodelpirineu.com\/wp-content\/uploads\/2021\/11\/Normes-gravacio.jpg\" alt=\"\" class=\"wp-image-679\" srcset=\"https:\/\/visitar.zoodelpirineu.com\/wp-content\/uploads\/2021\/11\/Normes-gravacio.jpg 800w, https:\/\/visitar.zoodelpirineu.com\/wp-content\/uploads\/2021\/11\/Normes-gravacio-300x225.jpg 300w, https:\/\/visitar.zoodelpirineu.com\/wp-content\/uploads\/2021\/11\/Normes-gravacio-768x576.jpg 768w\" sizes=\"auto, (max-width: 800px) 100vw, 800px\" \/><\/figure>\n\n\n\n<p class=\"has-text-align-center\">No es permet fer fotografies o gravacions amb finalitats professionals o comercials&nbsp;<strong>sense l&#8217;autoritzaci\u00f3 expressa<\/strong>&nbsp;de l&#8217;organitzaci\u00f3.<\/p>\n<\/div>\n\n\n\n<div class=\"wp-block-column is-vertically-aligned-top is-layout-flow wp-block-column-is-layout-flow\">\n<figure class=\"wp-block-image size-full\"><img loading=\"lazy\" decoding=\"async\" width=\"800\" height=\"600\" src=\"https:\/\/visitar.zoodelpirineu.com\/wp-content\/uploads\/2021\/11\/Normes-del-Zoo-del-Pirineu.jpg\" alt=\"\" class=\"wp-image-682\" srcset=\"https:\/\/visitar.zoodelpirineu.com\/wp-content\/uploads\/2021\/11\/Normes-del-Zoo-del-Pirineu.jpg 800w, https:\/\/visitar.zoodelpirineu.com\/wp-content\/uploads\/2021\/11\/Normes-del-Zoo-del-Pirineu-300x225.jpg 300w, https:\/\/visitar.zoodelpirineu.com\/wp-content\/uploads\/2021\/11\/Normes-del-Zoo-del-Pirineu-768x576.jpg 768w\" sizes=\"auto, (max-width: 800px) 100vw, 800px\" \/><\/figure>\n\n\n\n<p class=\"has-text-align-center\">El Zoo del Pirineu no es fa responsable dels danys o perjudicis provocats per&nbsp;l&#8217;<strong>incompliment<\/strong>&nbsp;de les normes del zoo o per&nbsp;l&#8217;\u00fas incorrecte&nbsp;de les seves instal\u00b7lacions.<\/p>\n<\/div>\n\n\n\n<div class=\"wp-block-column is-vertically-aligned-top has-base-background-color has-background is-layout-flow wp-block-column-is-layout-flow\">\n<figure class=\"wp-block-image size-full\"><img loading=\"lazy\" decoding=\"async\" width=\"800\" height=\"600\" src=\"https:\/\/visitar.zoodelpirineu.com\/wp-content\/uploads\/2021\/11\/Dret-dadmissio.jpg\" alt=\"\" class=\"wp-image-688\" srcset=\"https:\/\/visitar.zoodelpirineu.com\/wp-content\/uploads\/2021\/11\/Dret-dadmissio.jpg 800w, https:\/\/visitar.zoodelpirineu.com\/wp-content\/uploads\/2021\/11\/Dret-dadmissio-300x225.jpg 300w, https:\/\/visitar.zoodelpirineu.com\/wp-content\/uploads\/2021\/11\/Dret-dadmissio-768x576.jpg 768w\" sizes=\"auto, (max-width: 800px) 100vw, 800px\" \/><\/figure>\n\n\n\n<p class=\"has-text-align-center\">Es reserva el dret d&#8217;admissi\u00f3.<\/p>\n<\/div>\n<\/div>\n\n\n\n<p><\/p>\n","protected":false},"excerpt":{"rendered":"<p>Els menors de 13 anys han d&#8217;anar acompanyats de persones adultes a totes les activitats. L&#8217;excepci\u00f3 \u00e9s l&#8217;activitat Toca toca on poden entrar els nens sols a partir de 3 anys si poden seguir les normes internes de l&#8217;activitat sols. No es permet entrar amb animals de companyia.L&#8217;excepci\u00f3 s\u00f3n gossos d&#8217;assist\u00e8ncia amb la corresponent documentaci\u00f3 &#8230; <a title=\"Normes del Zoo del Pirineu\" class=\"read-more\" href=\"https:\/\/visitar.zoodelpirineu.com\/ca\/normes-del-zoo-del-pirineu\/\" aria-label=\"M\u00e9s informaci\u00f3 sobre Normes del Zoo del Pirineu\">Read more<\/a><\/p>\n","protected":false},"author":1,"featured_media":0,"parent":0,"menu_order":0,"comment_status":"closed","ping_status":"closed","template":"","meta":{"_monsterinsights_skip_tracking":false,"_monsterinsights_sitenote_active":false,"_monsterinsights_sitenote_note":"","_monsterinsights_sitenote_category":0,"footnotes":""},"class_list":{"0":"post-639","1":"page","2":"type-page","3":"status-publish","5":"infinite-scroll-item"},"aioseo_notices":[],"_links":{"self":[{"href":"https:\/\/visitar.zoodelpirineu.com\/ca\/wp-json\/wp\/v2\/pages\/639","targetHints":{"allow":["GET"]}}],"collection":[{"href":"https:\/\/visitar.zoodelpirineu.com\/ca\/wp-json\/wp\/v2\/pages"}],"about":[{"href":"https:\/\/visitar.zoodelpirineu.com\/ca\/wp-json\/wp\/v2\/types\/page"}],"author":[{"embeddable":true,"href":"https:\/\/visitar.zoodelpirineu.com\/ca\/wp-json\/wp\/v2\/users\/1"}],"replies":[{"embeddable":true,"href":"https:\/\/visitar.zoodelpirineu.com\/ca\/wp-json\/wp\/v2\/comments?post=639"}],"version-history":[{"count":13,"href":"https:\/\/visitar.zoodelpirineu.com\/ca\/wp-json\/wp\/v2\/pages\/639\/revisions"}],"predecessor-version":[{"id":2743,"href":"https:\/\/visitar.zoodelpirineu.com\/ca\/wp-json\/wp\/v2\/pages\/639\/revisions\/2743"}],"wp:attachment":[{"href":"https:\/\/visitar.zoodelpirineu.com\/ca\/wp-json\/wp\/v2\/media?parent=639"}],"curies":[{"name":"wp","href":"https:\/\/api.w.org\/{rel}","templated":true}]}}