{"id":6839,"date":"2026-03-30T07:00:00","date_gmt":"2026-03-30T06:00:00","guid":{"rendered":"https:\/\/visitar.zoodelpirineu.com\/plans\/que-fer-solsona-nens\/"},"modified":"2026-03-31T04:57:24","modified_gmt":"2026-03-31T03:57:24","slug":"que-fer-solsona-nens","status":"publish","type":"page","link":"https:\/\/visitar.zoodelpirineu.com\/ca\/plans\/que-fer-solsona-nens\/","title":{"rendered":"Qu\u00e8 fer amb nens a Solsona"},"content":{"rendered":"\n<div class=\"wp-block-cover\"><img loading=\"lazy\" decoding=\"async\" width=\"1024\" height=\"410\" class=\"wp-block-cover__image-background wp-image-6812 size-large\" alt=\"Qu\u00e9 hacer en Solsona con ni\u00f1os\" src=\"https:\/\/visitar.zoodelpirineu.com\/wp-content\/uploads\/2026\/03\/Que-hacer-en-el-Solsonen-con-ninos-1024x410.jpg\" style=\"object-position:46% 41%\" data-object-fit=\"cover\" data-object-position=\"46% 41%\" srcset=\"https:\/\/visitar.zoodelpirineu.com\/wp-content\/uploads\/2026\/03\/Que-hacer-en-el-Solsonen-con-ninos-1024x410.jpg 1024w, https:\/\/visitar.zoodelpirineu.com\/wp-content\/uploads\/2026\/03\/Que-hacer-en-el-Solsonen-con-ninos-300x120.jpg 300w, https:\/\/visitar.zoodelpirineu.com\/wp-content\/uploads\/2026\/03\/Que-hacer-en-el-Solsonen-con-ninos-768x307.jpg 768w, https:\/\/visitar.zoodelpirineu.com\/wp-content\/uploads\/2026\/03\/Que-hacer-en-el-Solsonen-con-ninos-1536x614.jpg 1536w, https:\/\/visitar.zoodelpirineu.com\/wp-content\/uploads\/2026\/03\/Que-hacer-en-el-Solsonen-con-ninos.jpg 2000w\" sizes=\"auto, (max-width: 1024px) 100vw, 1024px\" \/><span aria-hidden=\"true\" class=\"wp-block-cover__background has-background-dim\"><\/span><div class=\"wp-block-cover__inner-container is-layout-constrained wp-block-cover-is-layout-constrained\">\n<p class=\"has-text-align-center has-large-font-size\">Qu\u00e8 fer amb nens a Solsona:<br\/>una experi\u00e8ncia \u00fanica amb animals salvatges<\/p>\n<\/div><\/div>\n\n<div style=\"height:100px\" aria-hidden=\"true\" class=\"wp-block-spacer\"><\/div>\n\n<div class=\"wp-block-columns is-layout-flex wp-container-core-columns-is-layout-9d6595d7 wp-block-columns-is-layout-flex\">\n<div class=\"wp-block-column is-layout-flow wp-block-column-is-layout-flow\" style=\"flex-basis:25%\"><\/div>\n\n\n\n<div class=\"wp-block-column is-layout-flow wp-block-column-is-layout-flow\" style=\"flex-basis:50%\">\n<h2 class=\"wp-block-heading has-text-align-center\">Un pla diferent per fer en fam\u00edlia al Solson\u00e8s<\/h2>\n\n\n\n<p class=\"has-text-align-center\">Descobreix animals salvatges rescatats en plena natura, en una visita guiada on els nens participen, fan preguntes i connecten amb cada hist\u00f2ria.<\/p>\n\n\n\n<p class=\"has-text-align-center\"><strong>A nom\u00e9s 30 minuts de Solsona, en plena natura del Solson\u00e8s<\/strong><\/p>\n\n\n\n<div class=\"wp-block-buttons is-content-justification-center is-layout-flex wp-container-core-buttons-is-layout-16018d1d wp-block-buttons-is-layout-flex\">\n<div class=\"wp-block-button\"><a class=\"wp-block-button__link wp-element-button\" href=\"https:\/\/fareharbor.com\/embeds\/book\/zoodelpirineu\/items\/448524\/?full-items=yes&amp;flow=923009\" style=\"border-top-left-radius:0px;border-top-right-radius:0px;border-bottom-left-radius:0px;border-bottom-right-radius:0px\">Reservar visita guiada<\/a><\/div>\n<\/div>\n\n\n\n<p class=\"has-text-align-center has-base-2-background-color has-background\">\u2b50 4,8\/5 a Google \u00b7 +2.100 ressenyes<br\/><br\/><strong><a href=\"https:\/\/g.page\/r\/CYzWXdlzi6OUEAE\/review\" target=\"_blank\" rel=\"noopener\" title=\"Veure opinions reals\">Veure opinions reals<\/a><\/strong><\/p>\n<\/div>\n\n\n\n<div class=\"wp-block-column is-layout-flow wp-block-column-is-layout-flow\" style=\"flex-basis:25%\"><\/div>\n<\/div>\n\n<div style=\"height:100px\" aria-hidden=\"true\" class=\"wp-block-spacer\"><\/div>\n\n<div class=\"wp-block-columns is-layout-flex wp-container-core-columns-is-layout-9d6595d7 wp-block-columns-is-layout-flex\">\n<div class=\"wp-block-column is-layout-flow wp-block-column-is-layout-flow\" style=\"flex-basis:25%\"><\/div>\n\n\n\n<div class=\"wp-block-column is-layout-flow wp-block-column-is-layout-flow\" style=\"flex-basis:50%\">\n<p class=\"has-text-align-center\">Si busques qu\u00e8 fer amb nens a Solsona, aquesta \u00e9s una de les experi\u00e8ncies m\u00e9s especials de la zona. Es tracta d\u2019una visita guiada a un refugi d\u2019animals salvatges rescatats, situat al Solson\u00e8s, en plena natura. <\/p>\n\n\n\n<p class=\"has-text-align-center\">Una activitat pensada per a fam\u00edlies que volen viure una experi\u00e8ncia real, educativa i diferent durant la seva escapada.<\/p>\n<\/div>\n\n\n\n<div class=\"wp-block-column is-layout-flow wp-block-column-is-layout-flow\" style=\"flex-basis:25%\"><\/div>\n<\/div>\n\n<div style=\"height:100px\" aria-hidden=\"true\" class=\"wp-block-spacer\"><\/div>\n\n<div class=\"wp-block-columns are-vertically-aligned-center is-layout-flex wp-container-core-columns-is-layout-9d6595d7 wp-block-columns-is-layout-flex\">\n<div class=\"wp-block-column is-vertically-aligned-center is-layout-flow wp-block-column-is-layout-flow\" style=\"flex-basis:10%\"><\/div>\n\n\n\n<div class=\"wp-block-column is-vertically-aligned-center is-layout-flow wp-block-column-is-layout-flow\" style=\"flex-basis:25%\">\n<figure class=\"wp-block-image size-full\"><img loading=\"lazy\" decoding=\"async\" width=\"800\" height=\"600\" src=\"https:\/\/visitar.zoodelpirineu.com\/wp-content\/uploads\/2026\/03\/Visita-guiada-en-el-Zoo-del-Pirineu.jpg\" alt=\"nens durant una visita guiada amb animals salvatges al Solson&#xE8;s\" class=\"wp-image-6806\" srcset=\"https:\/\/visitar.zoodelpirineu.com\/wp-content\/uploads\/2026\/03\/Visita-guiada-en-el-Zoo-del-Pirineu.jpg 800w, https:\/\/visitar.zoodelpirineu.com\/wp-content\/uploads\/2026\/03\/Visita-guiada-en-el-Zoo-del-Pirineu-300x225.jpg 300w, https:\/\/visitar.zoodelpirineu.com\/wp-content\/uploads\/2026\/03\/Visita-guiada-en-el-Zoo-del-Pirineu-768x576.jpg 768w\" sizes=\"auto, (max-width: 800px) 100vw, 800px\" \/><\/figure>\n<\/div>\n\n\n\n<div class=\"wp-block-column is-vertically-aligned-center is-layout-flow wp-block-column-is-layout-flow\">\n<h2 class=\"wp-block-heading has-text-align-left\">No \u00e9s un zoo tradicional<\/h2>\n\n\n\n<p class=\"has-base-2-background-color has-background\">\u201cNo \u00e9s un zoo, \u00e9s un lloc on cuiden animals ferits\u201d \u2014 visitant<\/p>\n\n\n\n<p class=\"has-text-align-left\">Aqu\u00ed els animals han estat rescatats i viuen en espais naturals. Cada un t\u00e9 una hist\u00f2ria i, durant la visita, entendr\u00e0s qu\u00e8 els ha passat i com es recuperen. <\/p>\n\n\n\n<p class=\"has-text-align-left\"><strong>No vens nom\u00e9s a veure animals<\/strong><br\/><strong>Vens a entendre\u2019ls<\/strong><\/p>\n\n\n\n<p class=\"has-text-align-left\">A difer\u00e8ncia d\u2019altres activitats, aqu\u00ed no hi ha exhibicions ni espectacles. \u00c9s una experi\u00e8ncia propera, respectuosa i guiada, que et permet connectar de veritat amb cada animal. <\/p>\n\n\n\n<div class=\"wp-block-buttons is-layout-flex wp-block-buttons-is-layout-flex\">\n<div class=\"wp-block-button\"><a class=\"wp-block-button__link wp-element-button\" href=\"https:\/\/fareharbor.com\/embeds\/book\/zoodelpirineu\/items\/448524\/?full-items=yes&amp;flow=923009\" style=\"border-top-left-radius:0px;border-top-right-radius:0px;border-bottom-left-radius:0px;border-bottom-right-radius:0px\">Vull venir amb la meva fam\u00edlia<\/a><\/div>\n<\/div>\n<\/div>\n\n\n\n<div class=\"wp-block-column is-vertically-aligned-center is-layout-flow wp-block-column-is-layout-flow\" style=\"flex-basis:10%\"><\/div>\n<\/div>\n\n<div style=\"height:100px\" aria-hidden=\"true\" class=\"wp-block-spacer\"><\/div>\n\n<div class=\"wp-block-columns are-vertically-aligned-center is-layout-flex wp-container-core-columns-is-layout-9d6595d7 wp-block-columns-is-layout-flex\">\n<div class=\"wp-block-column is-vertically-aligned-center is-layout-flow wp-block-column-is-layout-flow\" style=\"flex-basis:10%\"><\/div>\n\n\n\n<div class=\"wp-block-column is-vertically-aligned-center is-layout-flow wp-block-column-is-layout-flow\" style=\"flex-basis:25%\">\n<figure class=\"wp-block-image size-full\"><img loading=\"lazy\" decoding=\"async\" width=\"800\" height=\"600\" src=\"https:\/\/visitar.zoodelpirineu.com\/wp-content\/uploads\/2026\/03\/Los-ninos-podran-participar-y-hacer-preguntas.jpg\" alt=\"nen interactuant amb un animal durant una visita guiada prop de Solsona\" class=\"wp-image-6798\" srcset=\"https:\/\/visitar.zoodelpirineu.com\/wp-content\/uploads\/2026\/03\/Los-ninos-podran-participar-y-hacer-preguntas.jpg 800w, https:\/\/visitar.zoodelpirineu.com\/wp-content\/uploads\/2026\/03\/Los-ninos-podran-participar-y-hacer-preguntas-300x225.jpg 300w, https:\/\/visitar.zoodelpirineu.com\/wp-content\/uploads\/2026\/03\/Los-ninos-podran-participar-y-hacer-preguntas-768x576.jpg 768w\" sizes=\"auto, (max-width: 800px) 100vw, 800px\" \/><\/figure>\n<\/div>\n\n\n\n<div class=\"wp-block-column is-vertically-aligned-center is-layout-flow wp-block-column-is-layout-flow\">\n<h2 class=\"wp-block-heading has-text-align-left\">Qu\u00e8 viur\u00e0s durant la visita<\/h2>\n\n\n\n<p class=\"has-base-2-background-color has-background\">\u201cHem apr\u00e8s molt i la visita ha estat molt gratificant\u201d \u2014 visitant<\/p>\n\n\n\n<p class=\"has-text-align-left\">Durant la visita:<\/p>\n\n\n\n<ul class=\"wp-block-list\">\n<li>Veureu animals salvatges de prop<\/li>\n\n\n\n<li>Coneixereu les seves hist\u00f2ries reals<\/li>\n\n\n\n<li>Els nens podran participar i fer preguntes<\/li>\n\n\n\n<li>Descobrireu com viuen i es recuperen<\/li>\n\n\n\n<li>Viureu una experi\u00e8ncia guiada en plena natura<\/li>\n<\/ul>\n\n\n\n<p class=\"has-text-align-left\">Una activitat que sorpr\u00e8n, connecta i deixa empremta<\/p>\n\n\n\n<div class=\"wp-block-buttons is-layout-flex wp-block-buttons-is-layout-flex\">\n<div class=\"wp-block-button\"><a class=\"wp-block-button__link wp-element-button\" href=\"https:\/\/fareharbor.com\/embeds\/book\/zoodelpirineu\/items\/448524\/?full-items=yes&amp;flow=923009\" style=\"border-top-left-radius:0px;border-top-right-radius:0px;border-bottom-left-radius:0px;border-bottom-right-radius:0px\">Reservar visita guiada<\/a><\/div>\n<\/div>\n<\/div>\n\n\n\n<div class=\"wp-block-column is-vertically-aligned-center is-layout-flow wp-block-column-is-layout-flow\" style=\"flex-basis:10%\"><\/div>\n<\/div>\n\n<div style=\"height:100px\" aria-hidden=\"true\" class=\"wp-block-spacer\"><\/div>\n\n<div class=\"wp-block-columns are-vertically-aligned-center is-layout-flex wp-container-core-columns-is-layout-9d6595d7 wp-block-columns-is-layout-flex\">\n<div class=\"wp-block-column is-vertically-aligned-center is-layout-flow wp-block-column-is-layout-flow\" style=\"flex-basis:10%\"><\/div>\n\n\n\n<div class=\"wp-block-column is-vertically-aligned-center is-layout-flow wp-block-column-is-layout-flow\" style=\"flex-basis:25%\">\n<figure class=\"wp-block-video\"><video height=\"600\" style=\"aspect-ratio: 800 \/ 600;\" width=\"800\" controls=\"\" src=\"https:\/\/visitar.zoodelpirineu.com\/wp-content\/uploads\/2026\/03\/Toca-toca-con-animales-rescatados.mp4\"><\/video><\/figure>\n<\/div>\n\n\n\n<div class=\"wp-block-column is-vertically-aligned-center is-layout-flow wp-block-column-is-layout-flow\">\n<h2 class=\"wp-block-heading has-text-align-left\">Qu\u00e8 aprenen els nens<\/h2>\n\n\n\n<p class=\"has-base-2-background-color has-background\">Una de les experi\u00e8ncies millor valorades per fer amb nens al Solson\u00e8s<\/p>\n\n\n\n<p class=\"has-text-align-left\">Durant la visita, els nens no nom\u00e9s observen.<\/p>\n\n\n\n<p>Aprenen a respectar la fauna salvatge, entenen com les accions humanes afecten els animals i descobreixen la import\u00e0ncia de protegir-los.<\/p>\n\n\n\n<p class=\"has-text-align-left\">\u00c9s una manera natural i directa d\u2019aprendre, on el que viuen t\u00e9 molt m\u00e9s impacte que el que s\u2019explica a l\u2019aula.<\/p>\n<\/div>\n\n\n\n<div class=\"wp-block-column is-vertically-aligned-center is-layout-flow wp-block-column-is-layout-flow\" style=\"flex-basis:10%\"><\/div>\n<\/div>\n\n<div style=\"height:100px\" aria-hidden=\"true\" class=\"wp-block-spacer\"><\/div>\n\n<div class=\"wp-block-columns are-vertically-aligned-center is-layout-flex wp-container-core-columns-is-layout-9d6595d7 wp-block-columns-is-layout-flex\">\n<div class=\"wp-block-column is-vertically-aligned-center is-layout-flow wp-block-column-is-layout-flow\" style=\"flex-basis:10%\"><\/div>\n\n\n\n<div class=\"wp-block-column is-vertically-aligned-center is-layout-flow wp-block-column-is-layout-flow\" style=\"flex-basis:25%\">\n<figure class=\"wp-block-image size-full\"><img loading=\"lazy\" decoding=\"async\" width=\"800\" height=\"600\" src=\"https:\/\/visitar.zoodelpirineu.com\/wp-content\/uploads\/2026\/03\/Un-plan-perfecto-para-familias-en-Cataluna.jpg\" alt=\"fam&#xED;lies observant animals salvatges durant una visita guiada prop de Solsona\" class=\"wp-image-6822\" srcset=\"https:\/\/visitar.zoodelpirineu.com\/wp-content\/uploads\/2026\/03\/Un-plan-perfecto-para-familias-en-Cataluna.jpg 800w, https:\/\/visitar.zoodelpirineu.com\/wp-content\/uploads\/2026\/03\/Un-plan-perfecto-para-familias-en-Cataluna-300x225.jpg 300w, https:\/\/visitar.zoodelpirineu.com\/wp-content\/uploads\/2026\/03\/Un-plan-perfecto-para-familias-en-Cataluna-768x576.jpg 768w\" sizes=\"auto, (max-width: 800px) 100vw, 800px\" \/><\/figure>\n<\/div>\n\n\n\n<div class=\"wp-block-column is-vertically-aligned-center is-layout-flow wp-block-column-is-layout-flow\">\n<h2 class=\"wp-block-heading has-text-align-left\">Per a qui \u00e9s aquesta experi\u00e8ncia<\/h2>\n\n\n\n<p class=\"has-base-2-background-color has-background\"><em>\u201cMolt recomanable, sobretot amb nens\u201d \u2014 visitant<\/em><\/p>\n\n\n\n<p>Aquesta experi\u00e8ncia \u00e9s ideal per a:<\/p>\n\n\n\n<ul class=\"wp-block-list\">\n<li>Fam\u00edlies amb nens<\/li>\n\n\n\n<li>Persones que busquen un pla diferent al Solson\u00e8s<\/li>\n\n\n\n<li>Visitants de Solsona, Cardona o Port del Comte<\/li>\n<\/ul>\n\n\n\n<p class=\"has-text-align-left\">Perfecte per una escapada en fam\u00edlia o uns dies al Solson\u00e8s<\/p>\n<\/div>\n\n\n\n<div class=\"wp-block-column is-vertically-aligned-center is-layout-flow wp-block-column-is-layout-flow\" style=\"flex-basis:10%\"><\/div>\n<\/div>\n\n<div style=\"height:100px\" aria-hidden=\"true\" class=\"wp-block-spacer\"><\/div>\n\n<div class=\"wp-block-columns are-vertically-aligned-center is-layout-flex wp-container-core-columns-is-layout-9d6595d7 wp-block-columns-is-layout-flex\">\n<div class=\"wp-block-column is-vertically-aligned-center is-layout-flow wp-block-column-is-layout-flow\" style=\"flex-basis:10%\"><\/div>\n\n\n\n<div class=\"wp-block-column is-vertically-aligned-center is-layout-flow wp-block-column-is-layout-flow\" style=\"flex-basis:25%\">\n<figure class=\"wp-block-image size-full\"><img loading=\"lazy\" decoding=\"async\" width=\"800\" height=\"600\" src=\"https:\/\/visitar.zoodelpirineu.com\/wp-content\/uploads\/2026\/03\/Animales-rescatados-en-entorno-natural.jpg\" alt=\"fam&#xED;lia observant animals durant una visita guiada al Solson&#xE8;s\" class=\"wp-image-6803\" srcset=\"https:\/\/visitar.zoodelpirineu.com\/wp-content\/uploads\/2026\/03\/Animales-rescatados-en-entorno-natural.jpg 800w, https:\/\/visitar.zoodelpirineu.com\/wp-content\/uploads\/2026\/03\/Animales-rescatados-en-entorno-natural-300x225.jpg 300w, https:\/\/visitar.zoodelpirineu.com\/wp-content\/uploads\/2026\/03\/Animales-rescatados-en-entorno-natural-768x576.jpg 768w\" sizes=\"auto, (max-width: 800px) 100vw, 800px\" \/><\/figure>\n<\/div>\n\n\n\n<div class=\"wp-block-column is-vertically-aligned-center is-layout-flow wp-block-column-is-layout-flow\">\n<h2 class=\"wp-block-heading has-text-align-left\">Ubicaci\u00f3<\/h2>\n\n\n\n<p>Som al Solson\u00e8s, en plena natura:<\/p>\n\n\n\n<ul class=\"wp-block-list\">\n<li>A 30 minuts de Solsona<\/li>\n\n\n\n<li>A prop de Cardona<\/li>\n\n\n\n<li>Molt a prop de Port del Comte<\/li>\n<\/ul>\n\n\n\n<p class=\"has-text-align-left\">Un entorn tranquil, aut\u00e8ntic i lluny del soroll<\/p>\n\n\n\n<div class=\"wp-block-buttons is-layout-flex wp-block-buttons-is-layout-flex\">\n<div class=\"wp-block-button\"><a class=\"wp-block-button__link wp-element-button\" href=\"https:\/\/visitar.zoodelpirineu.com\/ca\/planifica-la-teva-visita-al-zoo\/com-arribar\/\" style=\"border-top-left-radius:0px;border-top-right-radius:0px;border-bottom-left-radius:0px;border-bottom-right-radius:0px\">Veure com arribar f\u00e0cilment<\/a><\/div>\n<\/div>\n<\/div>\n\n\n\n<div class=\"wp-block-column is-vertically-aligned-center is-layout-flow wp-block-column-is-layout-flow\" style=\"flex-basis:10%\"><\/div>\n<\/div>\n\n<div style=\"height:100px\" aria-hidden=\"true\" class=\"wp-block-spacer\"><\/div>\n\n<div class=\"wp-block-columns are-vertically-aligned-center is-layout-flex wp-container-core-columns-is-layout-9d6595d7 wp-block-columns-is-layout-flex\">\n<div class=\"wp-block-column is-vertically-aligned-center is-layout-flow wp-block-column-is-layout-flow\" style=\"flex-basis:10%\"><\/div>\n\n\n\n<div class=\"wp-block-column is-vertically-aligned-center is-layout-flow wp-block-column-is-layout-flow\" style=\"flex-basis:25%\">\n<figure class=\"wp-block-video\"><video height=\"600\" style=\"aspect-ratio: 800 \/ 600;\" width=\"800\" controls=\"\" src=\"https:\/\/visitar.zoodelpirineu.com\/wp-content\/uploads\/2026\/03\/Alimentar-un-buho.mp4\"><\/video><\/figure>\n<\/div>\n\n\n\n<div class=\"wp-block-column is-vertically-aligned-center is-layout-flow wp-block-column-is-layout-flow\">\n<h2 class=\"wp-block-heading has-text-align-left\">Un pla complet de dia<\/h2>\n\n\n\n<p>Pots convertir la teva visita en un pla complet:<\/p>\n\n\n\n<p>Passejar per Solsona, descobrir el patrimoni de Cardona o gaudir de la muntanya a Port del Comte, i completar el dia amb una experi\u00e8ncia \u00fanica amb animals salvatges.<\/p>\n\n\n\n<p class=\"has-text-align-left\"><strong>Natura, aprenentatge i aventura en un sol dia<\/strong><\/p>\n<\/div>\n\n\n\n<div class=\"wp-block-column is-vertically-aligned-center is-layout-flow wp-block-column-is-layout-flow\" style=\"flex-basis:10%\"><\/div>\n<\/div>\n\n<div style=\"height:100px\" aria-hidden=\"true\" class=\"wp-block-spacer\"><\/div>\n\n<div class=\"wp-block-columns is-layout-flex wp-container-core-columns-is-layout-9d6595d7 wp-block-columns-is-layout-flex\">\n<div class=\"wp-block-column is-layout-flow wp-block-column-is-layout-flow\" style=\"flex-basis:25%\"><\/div>\n\n\n\n<div class=\"wp-block-column is-layout-flow wp-block-column-is-layout-flow\" style=\"flex-basis:50%\">\n<p class=\"has-text-align-left\">Durant esdeveniments com la <a href=\"https:\/\/solsonaturisme.com\/ca\/que-fer\/fires-festes\/fira-de-sant-isidre\/\" target=\"_blank\" rel=\"noopener\" title=\"Fira de Sant Isidre\">Fira de Sant Isidre<\/a>, aquesta experi\u00e8ncia \u00e9s una opci\u00f3 ideal per completar la visita a <a href=\"https:\/\/solsonaturisme.com\/es\/\" target=\"_blank\" rel=\"noopener\" title=\"Solsona\">Solsona<\/a>.<\/p>\n\n\n\n<p><strong>Un pla diferent que completa la teva visita a la zona<\/strong><\/p>\n<\/div>\n\n\n\n<div class=\"wp-block-column is-layout-flow wp-block-column-is-layout-flow\" style=\"flex-basis:25%\"><\/div>\n<\/div>\n\n<div style=\"height:100px\" aria-hidden=\"true\" class=\"wp-block-spacer\"><\/div>\n\n<div class=\"wp-block-columns is-layout-flex wp-container-core-columns-is-layout-9d6595d7 wp-block-columns-is-layout-flex\">\n<div class=\"wp-block-column is-layout-flow wp-block-column-is-layout-flow\" style=\"flex-basis:25%\"><\/div>\n\n\n\n<div class=\"wp-block-column is-layout-flow wp-block-column-is-layout-flow\" style=\"flex-basis:50%\">\n<h2 class=\"wp-block-heading has-text-align-left\">El que diuen les persones que ja ens han visitat<\/h2>\n\n\n\n<p><strong>\u201cExperi\u00e8ncia de 10. Un lloc preci\u00f3s on es nota el respecte i l\u2019estima pels animals.\u201d<\/strong><br\/>\u2014 Raquel<\/p>\n\n\n\n<p>\u201cNo \u00e9s un zoo, \u00e9s un lloc on cuiden animals ferits i on aprens molt\u00edssim.\u201d<br\/>\u2014 Am\u00e8lia<\/p>\n\n\n\n<p><strong>\u201cMolt recomanable, sobretot amb nens. La visita guiada \u00e9s incre\u00efble.\u201d<\/strong><br\/>\u2014 Francesc<\/p>\n\n\n\n<p><strong>\u201cHem apr\u00e8s molt i la visita ha estat molt gratificant.\u201d<\/strong><br\/>\u2014 \u00d3scar<\/p>\n\n\n\n<p><strong>\u201cUna experi\u00e8ncia molt agradable, propera i molt ben explicada.\u201d<\/strong><br\/>\u2014 \u00c8lia<\/p>\n\n\n\n<p><a href=\"https:\/\/g.page\/r\/CYzWXdlzi6OUEAE\/review\" target=\"_blank\" rel=\"noopener\" title=\"Veure totes les opinions a Google\">Veure totes les opinions a Google<\/a><\/p>\n<\/div>\n\n\n\n<div class=\"wp-block-column is-layout-flow wp-block-column-is-layout-flow\" style=\"flex-basis:25%\"><\/div>\n<\/div>\n\n<div class=\"wp-block-cover\"><img loading=\"lazy\" decoding=\"async\" width=\"1024\" height=\"410\" class=\"wp-block-cover__image-background wp-image-6818 size-large\" alt=\"Refugio de animales salvajes a 30 minutos de Solsona\" src=\"https:\/\/visitar.zoodelpirineu.com\/wp-content\/uploads\/2026\/03\/Un-zorro-rescatado-1024x410.jpg\" style=\"object-position:71% 42%\" data-object-fit=\"cover\" data-object-position=\"71% 42%\" srcset=\"https:\/\/visitar.zoodelpirineu.com\/wp-content\/uploads\/2026\/03\/Un-zorro-rescatado-1024x410.jpg 1024w, https:\/\/visitar.zoodelpirineu.com\/wp-content\/uploads\/2026\/03\/Un-zorro-rescatado-300x120.jpg 300w, https:\/\/visitar.zoodelpirineu.com\/wp-content\/uploads\/2026\/03\/Un-zorro-rescatado-768x307.jpg 768w, https:\/\/visitar.zoodelpirineu.com\/wp-content\/uploads\/2026\/03\/Un-zorro-rescatado-1536x614.jpg 1536w, https:\/\/visitar.zoodelpirineu.com\/wp-content\/uploads\/2026\/03\/Un-zorro-rescatado.jpg 2000w\" sizes=\"auto, (max-width: 1024px) 100vw, 1024px\" \/><span aria-hidden=\"true\" class=\"wp-block-cover__background has-background-dim\"><\/span><div class=\"wp-block-cover__inner-container is-layout-constrained wp-block-cover-is-layout-constrained\">\n<p class=\"has-text-align-center has-large-font-size\">Reserva la teva visita i viu una experi\u00e8ncia que els nens no oblidaran<\/p>\n\n\n\n<div class=\"wp-block-buttons is-content-justification-center is-layout-flex wp-container-core-buttons-is-layout-16018d1d wp-block-buttons-is-layout-flex\">\n<div class=\"wp-block-button\"><a class=\"wp-block-button__link has-text-align-center has-custom-font-size wp-element-button\" href=\"https:\/\/fareharbor.com\/embeds\/book\/zoodelpirineu\/items\/448524\/?full-items=yes&amp;flow=923009\" style=\"border-top-left-radius:0px;border-top-right-radius:0px;border-bottom-left-radius:0px;border-bottom-right-radius:0px;font-size:30px\">Reservar ara<\/a><\/div>\n<\/div>\n<\/div><\/div>\n\n<p><\/p>\n","protected":false},"excerpt":{"rendered":"<p>Un pla diferent per fer en fam\u00edlia al Solson\u00e8s Descobreix animals salvatges rescatats en plena natura, en una visita guiada on els nens participen, fan preguntes i connecten amb cada hist\u00f2ria. A nom\u00e9s 30 minuts de Solsona, en plena natura del Solson\u00e8s \u2b50 4,8\/5 a Google \u00b7 +2.100 ressenyes Veure opinions reals Si busques qu\u00e8 &#8230; <a title=\"Qu\u00e8 fer amb nens a Solsona\" class=\"read-more\" href=\"https:\/\/visitar.zoodelpirineu.com\/ca\/plans\/que-fer-solsona-nens\/\" aria-label=\"M\u00e9s informaci\u00f3 sobre Qu\u00e8 fer amb nens a Solsona\">Read more<\/a><\/p>\n","protected":false},"author":1,"featured_media":0,"parent":6830,"menu_order":0,"comment_status":"closed","ping_status":"closed","template":"","meta":{"_monsterinsights_skip_tracking":false,"_monsterinsights_sitenote_active":false,"_monsterinsights_sitenote_note":"","_monsterinsights_sitenote_category":0,"footnotes":""},"class_list":{"0":"post-6839","1":"page","2":"type-page","3":"status-publish","5":"infinite-scroll-item"},"aioseo_notices":[],"_links":{"self":[{"href":"https:\/\/visitar.zoodelpirineu.com\/ca\/wp-json\/wp\/v2\/pages\/6839","targetHints":{"allow":["GET"]}}],"collection":[{"href":"https:\/\/visitar.zoodelpirineu.com\/ca\/wp-json\/wp\/v2\/pages"}],"about":[{"href":"https:\/\/visitar.zoodelpirineu.com\/ca\/wp-json\/wp\/v2\/types\/page"}],"author":[{"embeddable":true,"href":"https:\/\/visitar.zoodelpirineu.com\/ca\/wp-json\/wp\/v2\/users\/1"}],"replies":[{"embeddable":true,"href":"https:\/\/visitar.zoodelpirineu.com\/ca\/wp-json\/wp\/v2\/comments?post=6839"}],"version-history":[{"count":1,"href":"https:\/\/visitar.zoodelpirineu.com\/ca\/wp-json\/wp\/v2\/pages\/6839\/revisions"}],"predecessor-version":[{"id":6840,"href":"https:\/\/visitar.zoodelpirineu.com\/ca\/wp-json\/wp\/v2\/pages\/6839\/revisions\/6840"}],"up":[{"embeddable":true,"href":"https:\/\/visitar.zoodelpirineu.com\/ca\/wp-json\/wp\/v2\/pages\/6830"}],"wp:attachment":[{"href":"https:\/\/visitar.zoodelpirineu.com\/ca\/wp-json\/wp\/v2\/media?parent=6839"}],"curies":[{"name":"wp","href":"https:\/\/api.w.org\/{rel}","templated":true}]}}