{"id":700,"date":"2021-11-29T09:08:29","date_gmt":"2021-11-29T08:08:29","guid":{"rendered":"https:\/\/visitar.zoodelpirineu.com\/?page_id=700"},"modified":"2024-06-17T17:40:06","modified_gmt":"2024-06-17T16:40:06","slug":"fotografia-animal","status":"publish","type":"page","link":"https:\/\/visitar.zoodelpirineu.com\/ca\/activitats-amb-animals\/fotografia-animal\/","title":{"rendered":"Fotografia animal"},"content":{"rendered":"<div class=\"aioseo-breadcrumbs\"><span class=\"aioseo-breadcrumb\">\n\t<a href=\"https:\/\/visitar.zoodelpirineu.com\/ca\/\" title=\"Home\">Home<\/a>\n<\/span><span class=\"aioseo-breadcrumb-separator\">&raquo;<\/span><span class=\"aioseo-breadcrumb\">\n\t<a href=\"https:\/\/visitar.zoodelpirineu.com\/ca\/activitats-amb-animals\/\" title=\"Activitats amb animals\">Activitats amb animals<\/a>\n<\/span><span class=\"aioseo-breadcrumb-separator\">&raquo;<\/span><span class=\"aioseo-breadcrumb\">\n\tFotografia animal\n<\/span><\/div>\n\n\n<div style=\"height:25px\" aria-hidden=\"true\" class=\"wp-block-spacer\"><\/div>\n\n\n\n<div class=\"wp-block-media-text alignwide is-stacked-on-mobile has-background\" style=\"background-color:#edf2fb\"><figure class=\"wp-block-media-text__media\"><img loading=\"lazy\" decoding=\"async\" width=\"800\" height=\"600\" src=\"https:\/\/visitar.zoodelpirineu.com\/wp-content\/uploads\/2021\/11\/Fotografiar-animals-2.jpg\" alt=\"Fotografiar animals en condicions controlades\" class=\"wp-image-740 size-full\" srcset=\"https:\/\/visitar.zoodelpirineu.com\/wp-content\/uploads\/2021\/11\/Fotografiar-animals-2.jpg 800w, https:\/\/visitar.zoodelpirineu.com\/wp-content\/uploads\/2021\/11\/Fotografiar-animals-2-300x225.jpg 300w, https:\/\/visitar.zoodelpirineu.com\/wp-content\/uploads\/2021\/11\/Fotografiar-animals-2-768x576.jpg 768w\" sizes=\"auto, (max-width: 800px) 100vw, 800px\" \/><\/figure><div class=\"wp-block-media-text__content\">\n<div style=\"height:10px\" aria-hidden=\"true\" class=\"wp-block-spacer\"><\/div>\n\n\n\n<p class=\"has-medium-font-size\">T&#8217;agrada la fotografia animal d&#8217;animals salvatges? Llavors coneixes ben b\u00e9 la seva part desafiant: la <strong>paci\u00e8ncia<\/strong>, la <strong>persist\u00e8ncia<\/strong> i, entre altres, <strong>estar de sort<\/strong>. La vida salvatge \u00e9s fuga\u00e7 i per un fot\u00f2graf de fauna hi ha poc marge per a l&#8217;error.<\/p>\n\n\n\n<p class=\"has-medium-font-size\">Al Zoo del Pirineu pots <strong>fotografiar animals en condicions controlades<\/strong>. Les sessions s\u00f3n totalment privades. Un professional del parc estar\u00e0 a la teva plena disposici\u00f3 durant tot el temps. Portar\u00e0 els animals que vols fotografiar al lloc que tu tri\u00efs.<\/p>\n\n\n\n<p class=\"has-medium-font-size\">D&#8217;aquesta manera obtindr\u00e0s fotos amb una <strong>composici\u00f3 natural<\/strong>.  A m\u00e9s, tu tries els animals i el temps que hi vols dedicar per aconseguir la foto perfecta.<\/p>\n\n\n\n<div class=\"wp-block-buttons is-layout-flex wp-block-buttons-is-layout-flex\">\n<div class=\"wp-block-button has-custom-font-size has-medium-font-size\"><a class=\"wp-block-button__link wp-element-button\" href=\"https:\/\/fareharbor.com\/embeds\/book\/zoodelpirineu\/items\/448864\/?full-items=yes&amp;flow=923010\" style=\"border-radius:0px\" target=\"_blank\" rel=\"noreferrer noopener\">RESERVA ARA<\/a><\/div>\n<\/div>\n\n\n\n<p><br><\/p>\n<\/div><\/div>\n\n\n\n<div style=\"height:50px\" aria-hidden=\"true\" class=\"wp-block-spacer\"><\/div>\n\n\n\n<h2 class=\"wp-block-heading\">Contingut<\/h2>\n\n\n\n<ol class=\"wp-block-list\">\n<li><a href=\"#beneficis\" title=\"#beneficis\">Beneficis de la Fotografia animal<\/a><\/li>\n\n\n\n<li><a href=\"#animals\" title=\"#animals\">Animals que pots fotografiar<\/a>\n<ul class=\"wp-block-list\">\n<li>Fotografiar aus<\/li>\n\n\n\n<li>Fotografiar mam\u00edfers<\/li>\n<\/ul>\n<\/li>\n\n\n\n<li><a href=\"#funcionament\" title=\"#funcionament\">Funcionament<\/a>\n<ul class=\"wp-block-list\">\n<li>Variants\n<ul class=\"wp-block-list\">\n<li>Fotografiar animals salvatges en un entorn natural<\/li>\n\n\n\n<li>Fer la volta al refugi i fotografiar els animals en les seves instal\u00b7lacions<\/li>\n\n\n\n<li>Sessi\u00f3 fotogr\u00e0fica amb models<\/li>\n\n\n\n<li>Fotografiar els teus amics o familiars amb animals<\/li>\n<\/ul>\n<\/li>\n\n\n\n<li>Horari i duraci\u00f3<\/li>\n\n\n\n<li>Preu<\/li>\n<\/ul>\n<\/li>\n\n\n\n<li><a href=\"#val-regal\" title=\"#val-regal\">Fotografia animal com a Val regal<\/a><\/li>\n<\/ol>\n\n\n\n<div style=\"height:50px\" aria-hidden=\"true\" class=\"wp-block-spacer\"><\/div>\n\n\n\n<div class=\"wp-block-cover is-light\" id=\"beneficis\"><span aria-hidden=\"true\" class=\"wp-block-cover__background has-background-dim\"><\/span><img loading=\"lazy\" decoding=\"async\" width=\"1920\" height=\"600\" class=\"wp-block-cover__image-background wp-image-704\" alt=\"\" src=\"https:\/\/visitar.zoodelpirineu.com\/wp-content\/uploads\/2021\/11\/Fotografia-de-natura.jpg\" style=\"object-position:56% 51%\" data-object-fit=\"cover\" data-object-position=\"56% 51%\" srcset=\"https:\/\/visitar.zoodelpirineu.com\/wp-content\/uploads\/2021\/11\/Fotografia-de-natura.jpg 1920w, https:\/\/visitar.zoodelpirineu.com\/wp-content\/uploads\/2021\/11\/Fotografia-de-natura-300x94.jpg 300w, https:\/\/visitar.zoodelpirineu.com\/wp-content\/uploads\/2021\/11\/Fotografia-de-natura-1024x320.jpg 1024w, https:\/\/visitar.zoodelpirineu.com\/wp-content\/uploads\/2021\/11\/Fotografia-de-natura-768x240.jpg 768w, https:\/\/visitar.zoodelpirineu.com\/wp-content\/uploads\/2021\/11\/Fotografia-de-natura-1536x480.jpg 1536w\" sizes=\"auto, (max-width: 1920px) 100vw, 1920px\" \/><div class=\"wp-block-cover__inner-container is-layout-flow wp-block-cover-is-layout-flow\">\n<h2 class=\"wp-block-heading has-base-3-color has-text-color\">Beneficis de la Fotografia Animal <\/h2>\n\n\n\n<ol class=\"wp-block-list\">\n<li>L&#8217;activitat \u00e9s totalment privada, estarem nom\u00e9s per tu.<\/li>\n\n\n\n<li>Tu decideixes la durada de la sessi\u00f3 fotogr\u00e0fica amb els animals.<\/li>\n\n\n\n<li>Tu tries els animals que vols fotografiar.<\/li>\n\n\n\n<li>El canvi de dia \u00e9s gratu\u00eft.<\/li>\n\n\n\n<li>Fotografiar animals est\u00e0 disponible tamb\u00e9 com a Val regal.<\/li>\n<\/ol>\n\n\n\n<p class=\"has-base-3-color has-text-color\">I tamb\u00e9 pots portar fins a 4 amics amb tu pel mateix preu.<\/p>\n<\/div><\/div>\n\n\n\n<div style=\"height:100px\" aria-hidden=\"true\" class=\"wp-block-spacer\"><\/div>\n\n\n\n<h2 class=\"wp-block-heading\" id=\"animals\">Animals que pots fotografiar<\/h2>\n\n\n\n<h3 class=\"wp-block-heading\">Fotografiar aus nocturnes<\/h3>\n\n\n\n<div class=\"wp-block-columns is-layout-flex wp-container-core-columns-is-layout-9d6595d7 wp-block-columns-is-layout-flex\">\n<div class=\"wp-block-column is-layout-flow wp-block-column-is-layout-flow\">\n<figure class=\"wp-block-image size-full\"><img loading=\"lazy\" decoding=\"async\" width=\"400\" height=\"300\" src=\"https:\/\/visitar.zoodelpirineu.com\/wp-content\/uploads\/2021\/11\/Xot.png\" alt=\"Fotografiar xot mussol\" class=\"wp-image-707\" srcset=\"https:\/\/visitar.zoodelpirineu.com\/wp-content\/uploads\/2021\/11\/Xot.png 400w, https:\/\/visitar.zoodelpirineu.com\/wp-content\/uploads\/2021\/11\/Xot-300x225.png 300w\" sizes=\"auto, (max-width: 400px) 100vw, 400px\" \/><figcaption class=\"wp-element-caption\">Xot<\/figcaption><\/figure>\n<\/div>\n\n\n\n<div class=\"wp-block-column is-layout-flow wp-block-column-is-layout-flow\">\n<figure class=\"wp-block-image size-full\"><img loading=\"lazy\" decoding=\"async\" width=\"400\" height=\"300\" src=\"https:\/\/visitar.zoodelpirineu.com\/wp-content\/uploads\/2021\/11\/Oliba.png\" alt=\"Fotografiar \u00f2liba\" class=\"wp-image-607\" srcset=\"https:\/\/visitar.zoodelpirineu.com\/wp-content\/uploads\/2021\/11\/Oliba.png 400w, https:\/\/visitar.zoodelpirineu.com\/wp-content\/uploads\/2021\/11\/Oliba-300x225.png 300w\" sizes=\"auto, (max-width: 400px) 100vw, 400px\" \/><figcaption class=\"wp-element-caption\">\u00d2liba<\/figcaption><\/figure>\n<\/div>\n\n\n\n<div class=\"wp-block-column is-layout-flow wp-block-column-is-layout-flow\">\n<figure class=\"wp-block-image size-full\"><img loading=\"lazy\" decoding=\"async\" width=\"800\" height=\"600\" src=\"https:\/\/visitar.zoodelpirineu.com\/wp-content\/uploads\/2021\/11\/Asio-otus.jpg\" alt=\"Mussol banyut\" class=\"wp-image-640\" srcset=\"https:\/\/visitar.zoodelpirineu.com\/wp-content\/uploads\/2021\/11\/Asio-otus.jpg 800w, https:\/\/visitar.zoodelpirineu.com\/wp-content\/uploads\/2021\/11\/Asio-otus-300x225.jpg 300w, https:\/\/visitar.zoodelpirineu.com\/wp-content\/uploads\/2021\/11\/Asio-otus-768x576.jpg 768w\" sizes=\"auto, (max-width: 800px) 100vw, 800px\" \/><figcaption class=\"wp-element-caption\">Mussol banyut<\/figcaption><\/figure>\n<\/div>\n\n\n\n<div class=\"wp-block-column is-layout-flow wp-block-column-is-layout-flow\">\n<figure class=\"wp-block-image size-full\"><img loading=\"lazy\" decoding=\"async\" width=\"800\" height=\"600\" src=\"https:\/\/visitar.zoodelpirineu.com\/wp-content\/uploads\/2021\/11\/Gamarus.jpg\" alt=\"Fotografiar gamar\u00fas\" class=\"wp-image-713\" srcset=\"https:\/\/visitar.zoodelpirineu.com\/wp-content\/uploads\/2021\/11\/Gamarus.jpg 800w, https:\/\/visitar.zoodelpirineu.com\/wp-content\/uploads\/2021\/11\/Gamarus-300x225.jpg 300w, https:\/\/visitar.zoodelpirineu.com\/wp-content\/uploads\/2021\/11\/Gamarus-768x576.jpg 768w\" sizes=\"auto, (max-width: 800px) 100vw, 800px\" \/><figcaption class=\"wp-element-caption\">Gamar\u00fas<\/figcaption><\/figure>\n<\/div>\n\n\n\n<div class=\"wp-block-column is-layout-flow wp-block-column-is-layout-flow\">\n<figure class=\"wp-block-image size-full\"><img loading=\"lazy\" decoding=\"async\" width=\"800\" height=\"600\" src=\"https:\/\/visitar.zoodelpirineu.com\/wp-content\/uploads\/2021\/11\/Duc-1.jpg\" alt=\"Fotografia animal amb duc\" class=\"wp-image-710\" srcset=\"https:\/\/visitar.zoodelpirineu.com\/wp-content\/uploads\/2021\/11\/Duc-1.jpg 800w, https:\/\/visitar.zoodelpirineu.com\/wp-content\/uploads\/2021\/11\/Duc-1-300x225.jpg 300w, https:\/\/visitar.zoodelpirineu.com\/wp-content\/uploads\/2021\/11\/Duc-1-768x576.jpg 768w\" sizes=\"auto, (max-width: 800px) 100vw, 800px\" \/><figcaption class=\"wp-element-caption\">Duc<\/figcaption><\/figure>\n<\/div>\n<\/div>\n\n\n\n<h3 class=\"wp-block-heading\">Fotografiar aus rapinyaires di\u00fcrnes<\/h3>\n\n\n\n<div class=\"wp-block-columns is-layout-flex wp-container-core-columns-is-layout-9d6595d7 wp-block-columns-is-layout-flex\">\n<div class=\"wp-block-column is-layout-flow wp-block-column-is-layout-flow\" style=\"flex-basis:20%\">\n<figure class=\"wp-block-image size-full\"><img loading=\"lazy\" decoding=\"async\" width=\"800\" height=\"600\" src=\"https:\/\/visitar.zoodelpirineu.com\/wp-content\/uploads\/2021\/11\/Xoriguer.jpg\" alt=\"\" class=\"wp-image-720\" srcset=\"https:\/\/visitar.zoodelpirineu.com\/wp-content\/uploads\/2021\/11\/Xoriguer.jpg 800w, https:\/\/visitar.zoodelpirineu.com\/wp-content\/uploads\/2021\/11\/Xoriguer-300x225.jpg 300w, https:\/\/visitar.zoodelpirineu.com\/wp-content\/uploads\/2021\/11\/Xoriguer-768x576.jpg 768w\" sizes=\"auto, (max-width: 800px) 100vw, 800px\" \/><figcaption class=\"wp-element-caption\">Xoriguer com\u00fa<\/figcaption><\/figure>\n<\/div>\n\n\n\n<div class=\"wp-block-column is-layout-flow wp-block-column-is-layout-flow\" style=\"flex-basis:20%\">\n<figure class=\"wp-block-image size-full\"><img loading=\"lazy\" decoding=\"async\" width=\"800\" height=\"600\" src=\"https:\/\/visitar.zoodelpirineu.com\/wp-content\/uploads\/2024\/06\/Corb-Phineas.png\" alt=\"\" class=\"wp-image-5472\" srcset=\"https:\/\/visitar.zoodelpirineu.com\/wp-content\/uploads\/2024\/06\/Corb-Phineas.png 800w, https:\/\/visitar.zoodelpirineu.com\/wp-content\/uploads\/2024\/06\/Corb-Phineas-300x225.png 300w, https:\/\/visitar.zoodelpirineu.com\/wp-content\/uploads\/2024\/06\/Corb-Phineas-768x576.png 768w\" sizes=\"auto, (max-width: 800px) 100vw, 800px\" \/><figcaption class=\"wp-element-caption\">Corb<\/figcaption><\/figure>\n<\/div>\n\n\n\n<div class=\"wp-block-column is-layout-flow wp-block-column-is-layout-flow\" style=\"flex-basis:20%\">\n<figure class=\"wp-block-image size-full\"><img loading=\"lazy\" decoding=\"async\" width=\"800\" height=\"600\" src=\"https:\/\/visitar.zoodelpirineu.com\/wp-content\/uploads\/2021\/11\/Aguila-esteparia.jpg\" alt=\"\" class=\"wp-image-723\" srcset=\"https:\/\/visitar.zoodelpirineu.com\/wp-content\/uploads\/2021\/11\/Aguila-esteparia.jpg 800w, https:\/\/visitar.zoodelpirineu.com\/wp-content\/uploads\/2021\/11\/Aguila-esteparia-300x225.jpg 300w, https:\/\/visitar.zoodelpirineu.com\/wp-content\/uploads\/2021\/11\/Aguila-esteparia-768x576.jpg 768w\" sizes=\"auto, (max-width: 800px) 100vw, 800px\" \/><figcaption class=\"wp-element-caption\">\u00c0guila estep\u00e0ria<\/figcaption><\/figure>\n<\/div>\n<\/div>\n\n\n\n<h3 class=\"wp-block-heading\">Mam\u00edfers<\/h3>\n\n\n\n<p>Tamb\u00e9 hi ha la possibilitat de fotografiar mam\u00edfers. Per\u00f2 en aquest cas no podem treure als mam\u00edfers de les seves instal\u00b7lacions. Per saber quins mam\u00edfers pots fotografiar, si us plau, consulta l&#8217;<a href=\"https:\/\/visitar.zoodelpirineu.com\/activitats-amb-animals\/experiencia-animal\/\" target=\"_blank\" rel=\"noreferrer noopener\" title=\"Experi\u00e8ncia animal\">Experi\u00e8ncia animal<\/a>. S\u00f3n els mateixos.<\/p>\n\n\n\n<div style=\"height:100px\" aria-hidden=\"true\" class=\"wp-block-spacer\"><\/div>\n\n\n\n<h2 class=\"wp-block-heading\" id=\"funcionament\">Funcionament<\/h2>\n\n\n\n<div class=\"wp-block-columns are-vertically-aligned-center is-layout-flex wp-container-core-columns-is-layout-9d6595d7 wp-block-columns-is-layout-flex\">\n<div class=\"wp-block-column is-vertically-aligned-center is-layout-flow wp-block-column-is-layout-flow\" style=\"flex-basis:33.33%\">\n<figure class=\"wp-block-video\"><video height=\"802\" style=\"aspect-ratio: 1180 \/ 802;\" width=\"1180\" controls src=\"https:\/\/visitar.zoodelpirineu.com\/wp-content\/uploads\/2021\/11\/Fotografiar-animals-salvatges.mp4\"><\/video><\/figure>\n<\/div>\n\n\n\n<div class=\"wp-block-column is-vertically-aligned-center is-layout-flow wp-block-column-is-layout-flow\" style=\"flex-basis:66.66%\">\n<h3 class=\"wp-block-heading\">Variants<\/h3>\n\n\n\n<p>L&#8217;activitat Fotografia animal est\u00e0 disponible en quatre variants:<\/p>\n\n\n\n<ul class=\"wp-block-list\">\n<li>Fotografiar animals salvatges en un entorn natural<\/li>\n\n\n\n<li>Fer la volta al refugi i fotografiar els animals en les seves instal\u00b7lacions. (El guia informa sobre amb quins animals es pot obrir la porta de la instal\u00b7laci\u00f3, i en quins casos les fotos s&#8217;han de fer a trav\u00e9s de la xarxa.)<\/li>\n\n\n\n<li>Sessi\u00f3 fotogr\u00e0fica amb models<\/li>\n\n\n\n<li>Fotografiar els teus amics o familiars amb animals.&nbsp;(Les fotos queden molt boniques a l&#8217;Instagram.)&nbsp;<\/li>\n<\/ul>\n<\/div>\n<\/div>\n\n\n\n<h3 class=\"wp-block-heading\">Horari i durada de la Fotografia animal<\/h3>\n\n\n\n<div class=\"wp-block-columns are-vertically-aligned-center is-layout-flex wp-container-core-columns-is-layout-9d6595d7 wp-block-columns-is-layout-flex\">\n<div class=\"wp-block-column is-vertically-aligned-center is-layout-flow wp-block-column-is-layout-flow\" style=\"flex-basis:33.33%\">\n<figure class=\"wp-block-video\"><video height=\"1066\" style=\"aspect-ratio: 1600 \/ 1066;\" width=\"1600\" controls src=\"https:\/\/visitar.zoodelpirineu.com\/wp-content\/uploads\/2021\/11\/Fotografia-animal-modelos.mp4\"><\/video><\/figure>\n<\/div>\n\n\n\n<div class=\"wp-block-column is-vertically-aligned-center is-layout-flow wp-block-column-is-layout-flow\" style=\"flex-basis:66.66%\">\n<h4 class=\"wp-block-heading\">Est\u00e0ndard<\/h4>\n\n\n\n<p>La Fotografia animal est\u00e0 prevista com una activitat de 1 hora a la nostra oferta d&#8217;activitats al p\u00fablic. Si us plau, consulta l&#8217;<a href=\"https:\/\/visitar.zoodelpirineu.com\/horari\/\" target=\"_blank\" rel=\"noreferrer noopener\" title=\"Horari\">horari<\/a> actual del Zoo del Pirineu.<\/p>\n\n\n\n<h4 class=\"wp-block-heading\">Personalitzat<\/h4>\n\n\n\n<p>No obstant, molts fot\u00f2grafs, tant professionals com aficionats a la fotografia animal, cerquen unes <strong>condicions espec\u00edfiques<\/strong>. Per exemple, la llum \u00e9s molt important per la composici\u00f3 final i, conseq\u00fcentment, molts fot\u00f2grafs volen aprofitar les primeres hores del dia. A vegades els interessa tenir una <strong>durada flexible de la sessi\u00f3<\/strong>. \u00d2bviament, si cerques una fotografia amb animals perfecta, no pots anar amb pressa. <\/p>\n\n\n\n<p>Si \u00e9s el teu cas, si us plau <a href=\"https:\/\/visitar.zoodelpirineu.com\/contacte\/\" target=\"_blank\" rel=\"noreferrer noopener\" title=\"Contacte\">contacta<\/a> amb nosaltres directament. Ens adaptarem a les teves necessitats i requisits. Tingues en compte que \u00e9s possible que durant la temporada alta sigui m\u00e9s complicat adaptar-nos a causa de l&#8217;alt volum d&#8217;activitats que tenim programades per defecte. <\/p>\n<\/div>\n<\/div>\n\n\n\n<h3 class=\"wp-block-heading\">Preu de la Fotografia animal<\/h3>\n\n\n\n<p>L&#8217;activitat Fotografia animal t\u00e9 un preu de <strong>60\u20ac per hora<\/strong>. Hi poden participar fins a 5 persones sense que el preu vari\u00ef. Si vols que t\u2019acompanyin m\u00e9s persones hi ha un preu afegit de\u00a0<strong>12\u20ac per persona<\/strong>.<\/p>\n\n\n\n<p>En el cas que vulguis <strong>allargar la sessi\u00f3<\/strong> et cobrarem el preu proporcional. \u00c9s a dir: si contractes 1 hora per\u00f2 al final decideixes ampliar amb 1\/4 d&#8217;hora m\u00e9s, pagar\u00e0s: 60\u20ac + 15\u20ac (60\/4) = 75\u20ac<\/p>\n\n\n\n<p>Si us plau, tingues en compte que aquest preu <strong>no et permet l&#8217;acc\u00e9s lliure al Zoo del Pirineu<\/strong>. Si vols aprofitar el dia per con\u00e8ixer a tots els animals que viuen al nostre refugi tria entre totes les altres <a href=\"https:\/\/visitar.zoodelpirineu.com\/activitats-amb-animals\/\" target=\"_blank\" rel=\"noreferrer noopener\" title=\"Activitats amb animals\">activitats<\/a> que oferim.<\/p>\n\n\n\n<h2 class=\"wp-block-heading\" id=\"val-regal\">Fotografia animal com a Val regal<\/h2>\n\n\n\n<p>Vols regalar aquesta experi\u00e8ncia a una persona propera? Pot ser un amic a qui <strong>apassiona la fotografia de la natura<\/strong> o una persona que apreciaria tenir fotos boniques amb animals al seu perfil d&#8217;<strong>Instagram<\/strong>. Consulta la p\u00e0gina on aclarim tots els detalls sobre regals d&#8217;experi\u00e8ncies \u00faniques amb animals salvatges que oferim al Zoo del Pirineu.<\/p>\n\n\n\n<div class=\"wp-block-buttons is-layout-flex wp-block-buttons-is-layout-flex\">\n<div class=\"wp-block-button\"><a class=\"wp-block-button__link wp-element-button\" href=\"https:\/\/regalar-experiencias.zoodelpirineu.com\/ca\/\" target=\"_blank\" rel=\"noreferrer noopener\">Regalar experi\u00e8ncies<\/a><\/div>\n<\/div>\n\n\n\n<div style=\"height:25px\" aria-hidden=\"true\" class=\"wp-block-spacer\"><\/div>\n\n\n\n<div class=\"wp-block-cover is-light\"><span aria-hidden=\"true\" class=\"wp-block-cover__background has-background-dim-30 has-background-dim\"><\/span><img loading=\"lazy\" decoding=\"async\" width=\"1920\" height=\"600\" class=\"wp-block-cover__image-background wp-image-737\" alt=\"\" src=\"https:\/\/visitar.zoodelpirineu.com\/wp-content\/uploads\/2021\/11\/Mussol-pirinenc-1.jpg\" style=\"object-position:40% 53%\" data-object-fit=\"cover\" data-object-position=\"40% 53%\" srcset=\"https:\/\/visitar.zoodelpirineu.com\/wp-content\/uploads\/2021\/11\/Mussol-pirinenc-1.jpg 1920w, https:\/\/visitar.zoodelpirineu.com\/wp-content\/uploads\/2021\/11\/Mussol-pirinenc-1-300x94.jpg 300w, https:\/\/visitar.zoodelpirineu.com\/wp-content\/uploads\/2021\/11\/Mussol-pirinenc-1-1024x320.jpg 1024w, https:\/\/visitar.zoodelpirineu.com\/wp-content\/uploads\/2021\/11\/Mussol-pirinenc-1-768x240.jpg 768w, https:\/\/visitar.zoodelpirineu.com\/wp-content\/uploads\/2021\/11\/Mussol-pirinenc-1-1536x480.jpg 1536w\" sizes=\"auto, (max-width: 1920px) 100vw, 1920px\" \/><div class=\"wp-block-cover__inner-container is-layout-flow wp-block-cover-is-layout-flow\">\n<p class=\"has-text-align-left has-base-3-color has-text-color has-medium-font-size\">La Fotografia animal \u00e9s un regal inoblidable pels amants de fotografiar la natura. Podr\u00e0s fer fotos dels animals que vulguis en l&#8217;entorn natural propi de cada esp\u00e8cie. La sessi\u00f3 \u00e9s totalment privada. D&#8217;aquesta manera tindr\u00e0s el temps que necessitis i les condicions \u00f2ptimes per aconseguir la foto perfecta.<\/p>\n\n\n\n<p class=\"has-base-3-color has-text-color has-medium-font-size\">I com a benefici addicional no nom\u00e9s respectar\u00e0s el <a href=\"http:\/\/fotografsnatura.blogspot.com\/2009\/12\/codi-etic-per-fotografs-associats-la.html\" target=\"_blank\" rel=\"noreferrer noopener\"><span class=\"has-inline-color has-contrast-3-color\">codi \u00e8tic dels fot\u00f2grafs de fauna<\/span><\/a>, sin\u00f3 que ajudar\u00e0s activament en la protecci\u00f3 de la fauna del nostre pa\u00eds. La totalitat dels beneficis de les entrades de l&#8217;activitat Fotografia Animal va destinada al fons de rescat de la Fundaci\u00f3 Zoo del Pirineu.<\/p>\n<\/div><\/div>\n\n\n\n<p><\/p>\n","protected":false},"excerpt":{"rendered":"<p>Contingut Animals que pots fotografiar Fotografiar aus nocturnes Fotografiar aus rapinyaires di\u00fcrnes Mam\u00edfers Tamb\u00e9 hi ha la possibilitat de fotografiar mam\u00edfers. Per\u00f2 en aquest cas no podem treure als mam\u00edfers de les seves instal\u00b7lacions. Per saber quins mam\u00edfers pots fotografiar, si us plau, consulta l&#8217;Experi\u00e8ncia animal. S\u00f3n els mateixos. Funcionament Variants L&#8217;activitat Fotografia animal est\u00e0 &#8230; <a title=\"Fotografia animal\" class=\"read-more\" href=\"https:\/\/visitar.zoodelpirineu.com\/ca\/activitats-amb-animals\/fotografia-animal\/\" aria-label=\"M\u00e9s informaci\u00f3 sobre Fotografia animal\">Read more<\/a><\/p>\n","protected":false},"author":1,"featured_media":0,"parent":2,"menu_order":0,"comment_status":"closed","ping_status":"closed","template":"","meta":{"_monsterinsights_skip_tracking":false,"_monsterinsights_sitenote_active":false,"_monsterinsights_sitenote_note":"","_monsterinsights_sitenote_category":0,"footnotes":""},"class_list":{"0":"post-700","1":"page","2":"type-page","3":"status-publish","5":"infinite-scroll-item"},"aioseo_notices":[],"_links":{"self":[{"href":"https:\/\/visitar.zoodelpirineu.com\/ca\/wp-json\/wp\/v2\/pages\/700","targetHints":{"allow":["GET"]}}],"collection":[{"href":"https:\/\/visitar.zoodelpirineu.com\/ca\/wp-json\/wp\/v2\/pages"}],"about":[{"href":"https:\/\/visitar.zoodelpirineu.com\/ca\/wp-json\/wp\/v2\/types\/page"}],"author":[{"embeddable":true,"href":"https:\/\/visitar.zoodelpirineu.com\/ca\/wp-json\/wp\/v2\/users\/1"}],"replies":[{"embeddable":true,"href":"https:\/\/visitar.zoodelpirineu.com\/ca\/wp-json\/wp\/v2\/comments?post=700"}],"version-history":[{"count":19,"href":"https:\/\/visitar.zoodelpirineu.com\/ca\/wp-json\/wp\/v2\/pages\/700\/revisions"}],"predecessor-version":[{"id":5475,"href":"https:\/\/visitar.zoodelpirineu.com\/ca\/wp-json\/wp\/v2\/pages\/700\/revisions\/5475"}],"up":[{"embeddable":true,"href":"https:\/\/visitar.zoodelpirineu.com\/ca\/wp-json\/wp\/v2\/pages\/2"}],"wp:attachment":[{"href":"https:\/\/visitar.zoodelpirineu.com\/ca\/wp-json\/wp\/v2\/media?parent=700"}],"curies":[{"name":"wp","href":"https:\/\/api.w.org\/{rel}","templated":true}]}}