{"id":930,"date":"2021-12-03T18:42:43","date_gmt":"2021-12-03T17:42:43","guid":{"rendered":"https:\/\/visitar.zoodelpirineu.com\/?page_id=930"},"modified":"2026-03-06T17:02:35","modified_gmt":"2026-03-06T16:02:35","slug":"visita-familiar-al-zoo-serveis","status":"publish","type":"page","link":"https:\/\/visitar.zoodelpirineu.com\/ca\/visitar-zoo\/visita-familiar-al-zoo-serveis\/","title":{"rendered":"Visita familiar al zoo: Serveis per a la teva comoditat"},"content":{"rendered":"\n<div class=\"wp-block-cover\" style=\"min-height:500px;aspect-ratio:unset;\"><img decoding=\"async\" class=\"wp-block-cover__image-background wp-image-5700\" alt=\"\" src=\"https:\/\/visitar.zoodelpirineu.com\/wp-content\/uploads\/2024\/10\/Visita-guiada-2.png\" data-object-fit=\"cover\"\/><span aria-hidden=\"true\" class=\"wp-block-cover__background has-contrast-background-color has-background-dim\"><\/span><div class=\"wp-block-cover__inner-container is-layout-constrained wp-block-cover-is-layout-constrained\">\n<p class=\"has-text-align-center has-large-font-size\">Gaudeix d\u2019una <strong>visita familiar al zoo<\/strong> del Pirineu amb serveis pensats per garantir la vostra comoditat i diversi\u00f3.<\/p>\n<\/div><\/div>\n\n\n\n<div style=\"height:100px\" aria-hidden=\"true\" class=\"wp-block-spacer\"><\/div>\n\n\n<div class=\"wp-block-image\">\n<figure class=\"aligncenter size-full is-resized\"><img loading=\"lazy\" decoding=\"async\" width=\"320\" height=\"213\" src=\"https:\/\/visitar.zoodelpirineu.com\/wp-content\/uploads\/2024\/10\/aparcamiento-icono.png\" alt=\"Aparcament para visita familiar al zoo\" class=\"wp-image-5623\" style=\"width:150px\" srcset=\"https:\/\/visitar.zoodelpirineu.com\/wp-content\/uploads\/2024\/10\/aparcamiento-icono.png 320w, https:\/\/visitar.zoodelpirineu.com\/wp-content\/uploads\/2024\/10\/aparcamiento-icono-300x200.png 300w\" sizes=\"auto, (max-width: 320px) 100vw, 320px\" \/><\/figure>\n<\/div>\n\n\n<h2 class=\"wp-block-heading has-text-align-center\">Aparcament ampli i accessible<\/h2>\n\n\n\n<p class=\"has-text-align-center\">A l&#8217;entrada del zoo hi ha un ampli aparcament pels nostres visitants. Hi ha espai disponible per turismes, auto-caravanes i autocars.<\/p>\n\n\n\n<div class=\"wp-block-columns is-layout-flex wp-container-core-columns-is-layout-9d6595d7 wp-block-columns-is-layout-flex\">\n<div class=\"wp-block-column is-layout-flow wp-block-column-is-layout-flow\" style=\"flex-basis:5%\"><\/div>\n\n\n\n<div class=\"wp-block-column is-layout-flow wp-block-column-is-layout-flow\"><div class=\"wp-block-image\">\n<figure class=\"aligncenter size-full is-resized\"><img loading=\"lazy\" decoding=\"async\" width=\"320\" height=\"213\" src=\"https:\/\/visitar.zoodelpirineu.com\/wp-content\/uploads\/2024\/10\/Picto-autocaravana.png\" alt=\"\" class=\"wp-image-5644\" style=\"width:150px\" srcset=\"https:\/\/visitar.zoodelpirineu.com\/wp-content\/uploads\/2024\/10\/Picto-autocaravana.png 320w, https:\/\/visitar.zoodelpirineu.com\/wp-content\/uploads\/2024\/10\/Picto-autocaravana-300x200.png 300w\" sizes=\"auto, (max-width: 320px) 100vw, 320px\" \/><\/figure>\n<\/div>\n\n\n<h3 class=\"wp-block-heading has-text-align-center\">Autocaravanes<\/h3>\n\n\n\n<p class=\"has-text-align-center\">Hi ha espai suficient per aparcar autocaravanes, per\u00f2 no \u00e9s un lloc habilitat per pernoctar. A la zona trobareu diversos espais amb <a href=\"https:\/\/turismesolsones.com\/es\/guia-practica\/arees-daparcament-dautocaravanes\/\" target=\"_blank\" rel=\"noopener\" title=\"\"><strong>serveis per a autocaravanes<\/strong><\/a>.<\/p>\n<\/div>\n\n\n\n<div class=\"wp-block-column is-layout-flow wp-block-column-is-layout-flow\" style=\"flex-basis:5%\"><\/div>\n\n\n\n<div class=\"wp-block-column is-layout-flow wp-block-column-is-layout-flow\"><div class=\"wp-block-image\">\n<figure class=\"aligncenter size-full is-resized\"><img loading=\"lazy\" decoding=\"async\" width=\"320\" height=\"213\" src=\"https:\/\/visitar.zoodelpirineu.com\/wp-content\/uploads\/2024\/10\/Picto-autobus.png\" alt=\"\" class=\"wp-image-5647\" style=\"width:150px\" srcset=\"https:\/\/visitar.zoodelpirineu.com\/wp-content\/uploads\/2024\/10\/Picto-autobus.png 320w, https:\/\/visitar.zoodelpirineu.com\/wp-content\/uploads\/2024\/10\/Picto-autobus-300x200.png 300w\" sizes=\"auto, (max-width: 320px) 100vw, 320px\" \/><\/figure>\n<\/div>\n\n\n<h3 class=\"wp-block-heading has-text-align-center\">Autocars<\/h3>\n\n\n\n<p class=\"has-text-align-center\">Disposem d&#8217;espai suficient per aparcar fins a 3 autocars de fins a 65 places.<\/p>\n<\/div>\n\n\n\n<div class=\"wp-block-column is-layout-flow wp-block-column-is-layout-flow\" style=\"flex-basis:5%\"><\/div>\n\n\n\n<div class=\"wp-block-column is-layout-flow wp-block-column-is-layout-flow\"><div class=\"wp-block-image\">\n<figure class=\"aligncenter size-full is-resized\"><img loading=\"lazy\" decoding=\"async\" width=\"320\" height=\"213\" src=\"https:\/\/visitar.zoodelpirineu.com\/wp-content\/uploads\/2024\/10\/Picto-aparcamiento-para-discapacitados.png\" alt=\"\" class=\"wp-image-5650\" style=\"width:150px\" srcset=\"https:\/\/visitar.zoodelpirineu.com\/wp-content\/uploads\/2024\/10\/Picto-aparcamiento-para-discapacitados.png 320w, https:\/\/visitar.zoodelpirineu.com\/wp-content\/uploads\/2024\/10\/Picto-aparcamiento-para-discapacitados-300x200.png 300w\" sizes=\"auto, (max-width: 320px) 100vw, 320px\" \/><\/figure>\n<\/div>\n\n\n<h3 class=\"wp-block-heading has-text-align-center\">Aparcaments especialitzats<\/h3>\n\n\n\n<p class=\"has-text-align-center\">Hem reservat una zona especial per a cotxes de persones amb discapacitat, aix\u00ed com un espai espec\u00edfic per a motos.<\/p>\n<\/div>\n\n\n\n<div class=\"wp-block-column is-layout-flow wp-block-column-is-layout-flow\" style=\"flex-basis:5%\"><\/div>\n<\/div>\n\n\n\n<div class=\"wp-block-columns is-layout-flex wp-container-core-columns-is-layout-9d6595d7 wp-block-columns-is-layout-flex\">\n<div class=\"wp-block-column is-layout-flow wp-block-column-is-layout-flow\"><\/div>\n\n\n\n<div class=\"wp-block-column is-layout-flow wp-block-column-is-layout-flow\" style=\"flex-basis:30%\"><div class=\"wp-block-image\">\n<figure class=\"aligncenter size-full is-resized\"><img loading=\"lazy\" decoding=\"async\" width=\"320\" height=\"213\" src=\"https:\/\/visitar.zoodelpirineu.com\/wp-content\/uploads\/2024\/10\/Picto-gasolinera.png\" alt=\"\" class=\"wp-image-5653\" style=\"width:150px\" srcset=\"https:\/\/visitar.zoodelpirineu.com\/wp-content\/uploads\/2024\/10\/Picto-gasolinera.png 320w, https:\/\/visitar.zoodelpirineu.com\/wp-content\/uploads\/2024\/10\/Picto-gasolinera-300x200.png 300w\" sizes=\"auto, (max-width: 320px) 100vw, 320px\" \/><\/figure>\n<\/div>\n\n\n<h3 class=\"wp-block-heading has-text-align-center\">Gasolineres <\/h3>\n\n\n\n<p class=\"has-text-align-center\">Les gasolineres m\u00e9s properes les trobar\u00e0s a <a href=\"https:\/\/www.dieselogasolina.com\/Buscador\/Ficha\/4464\" target=\"_blank\" rel=\"noopener\" title=\"\">Sant Lloren\u00e7 de Morunys<\/a> a <a href=\"https:\/\/setelsis.com\/\" target=\"_blank\" rel=\"noopener\" title=\"\">Solsona<\/a> a <a href=\"http:\/\/dieselogasolina.com\/Buscador\/Ficha\/22744\" title=\"Coll de Narg\u00f3\">Coll de Narg\u00f3<\/a> i a <a href=\"https:\/\/g.co\/kgs\/Afn6p6F\" target=\"_blank\" rel=\"noopener\" title=\"\">Oliana<\/a>.<\/p>\n<\/div>\n\n\n\n<div class=\"wp-block-column is-layout-flow wp-block-column-is-layout-flow\" style=\"flex-basis:5%\"><\/div>\n\n\n\n<div class=\"wp-block-column is-layout-flow wp-block-column-is-layout-flow\" style=\"flex-basis:30%\"><div class=\"wp-block-image\">\n<figure class=\"aligncenter size-full is-resized\"><img loading=\"lazy\" decoding=\"async\" width=\"320\" height=\"213\" src=\"https:\/\/visitar.zoodelpirineu.com\/wp-content\/uploads\/2024\/10\/Picto-electrocagerador.png\" alt=\"\" class=\"wp-image-5656\" style=\"width:150px\" srcset=\"https:\/\/visitar.zoodelpirineu.com\/wp-content\/uploads\/2024\/10\/Picto-electrocagerador.png 320w, https:\/\/visitar.zoodelpirineu.com\/wp-content\/uploads\/2024\/10\/Picto-electrocagerador-300x200.png 300w\" sizes=\"auto, (max-width: 320px) 100vw, 320px\" \/><\/figure>\n<\/div>\n\n\n<h3 class=\"wp-block-heading has-text-align-center\">Punts de rec\u00e0rrega<\/h3>\n\n\n\n<p class=\"has-text-align-center\">No disposem de punts de c\u00e0rrega per a vehicles el\u00e8ctrics. Els m\u00e9s propers els trobar\u00e0s a Sant Lloren\u00e7 de Morunys, Solsona i la Seu d&#8217;Urgell.<\/p>\n<\/div>\n\n\n\n<div class=\"wp-block-column is-layout-flow wp-block-column-is-layout-flow\"><\/div>\n<\/div>\n\n\n\n<div style=\"height:100px\" aria-hidden=\"true\" class=\"wp-block-spacer\"><\/div>\n\n\n\n<h2 class=\"wp-block-heading has-text-align-center\">Serveis pensats per vosaltres<\/h2>\n\n\n\n<div class=\"wp-block-columns is-layout-flex wp-container-core-columns-is-layout-9d6595d7 wp-block-columns-is-layout-flex\">\n<div class=\"wp-block-column is-layout-flow wp-block-column-is-layout-flow\" style=\"flex-basis:5%\"><\/div>\n\n\n\n<div class=\"wp-block-column is-layout-flow wp-block-column-is-layout-flow\"><div class=\"wp-block-image\">\n<figure class=\"aligncenter size-full is-resized\"><img loading=\"lazy\" decoding=\"async\" width=\"320\" height=\"213\" src=\"https:\/\/visitar.zoodelpirineu.com\/wp-content\/uploads\/2024\/10\/Punto-de-informacion-picto.png\" alt=\"\" class=\"wp-image-5660\" style=\"width:150px\" srcset=\"https:\/\/visitar.zoodelpirineu.com\/wp-content\/uploads\/2024\/10\/Punto-de-informacion-picto.png 320w, https:\/\/visitar.zoodelpirineu.com\/wp-content\/uploads\/2024\/10\/Punto-de-informacion-picto-300x200.png 300w\" sizes=\"auto, (max-width: 320px) 100vw, 320px\" \/><\/figure>\n<\/div>\n\n\n<h3 class=\"wp-block-heading has-text-align-center\">Punts d&#8217;informaci\u00f3 <\/h3>\n\n\n\n<p class=\"has-text-align-center\">A la taquilla del zoo trobar\u00e0s el punt d&#8217;informaci\u00f3. Demana&#8217;ns el que necessitis i t&#8217;ajudarem!<\/p>\n\n\n\n<p class=\"has-text-align-center\"><\/p>\n<\/div>\n\n\n\n<div class=\"wp-block-column is-layout-flow wp-block-column-is-layout-flow\" style=\"flex-basis:5%\"><\/div>\n\n\n\n<div class=\"wp-block-column is-layout-flow wp-block-column-is-layout-flow\"><div class=\"wp-block-image\">\n<figure class=\"aligncenter size-full is-resized\"><img loading=\"lazy\" decoding=\"async\" width=\"320\" height=\"213\" src=\"https:\/\/visitar.zoodelpirineu.com\/wp-content\/uploads\/2024\/10\/Picnic-picto.png\" alt=\"\" class=\"wp-image-5663\" style=\"width:150px\" srcset=\"https:\/\/visitar.zoodelpirineu.com\/wp-content\/uploads\/2024\/10\/Picnic-picto.png 320w, https:\/\/visitar.zoodelpirineu.com\/wp-content\/uploads\/2024\/10\/Picnic-picto-300x200.png 300w\" sizes=\"auto, (max-width: 320px) 100vw, 320px\" \/><\/figure>\n<\/div>\n\n\n<h3 class=\"wp-block-heading has-text-align-center\">Zona de p\u00edcnic <\/h3>\n\n\n\n<p class=\"has-text-align-center\">Pots portar el teu menjar i gaudir de la nostra espaiosa zona de p\u00edcnic, situada en un encantador bosquet.<\/p>\n<\/div>\n\n\n\n<div class=\"wp-block-column is-layout-flow wp-block-column-is-layout-flow\" style=\"flex-basis:5%\"><\/div>\n\n\n\n<div class=\"wp-block-column is-layout-flow wp-block-column-is-layout-flow\"><div class=\"wp-block-image\">\n<figure class=\"aligncenter size-full is-resized\"><img loading=\"lazy\" decoding=\"async\" width=\"320\" height=\"213\" src=\"https:\/\/visitar.zoodelpirineu.com\/wp-content\/uploads\/2024\/10\/Bar-picto.png\" alt=\"\" class=\"wp-image-5666\" style=\"width:150px\" srcset=\"https:\/\/visitar.zoodelpirineu.com\/wp-content\/uploads\/2024\/10\/Bar-picto.png 320w, https:\/\/visitar.zoodelpirineu.com\/wp-content\/uploads\/2024\/10\/Bar-picto-300x200.png 300w\" sizes=\"auto, (max-width: 320px) 100vw, 320px\" \/><\/figure>\n<\/div>\n\n\n<h3 class=\"wp-block-heading has-text-align-center\">Bar amb terrassa<\/h3>\n\n\n\n<p class=\"has-text-align-center\">Tot i que no oferim serveis complets de menjar, disposem d&#8217;un bar on podr\u00e0s gaudir de begudes fresques i calentes, acompanyades de snacks com patates de bossa i gelats.<\/p>\n\n\n\n<p class=\"has-text-align-center\">Si vols descobrir la gastronomia t\u00edpica del Solson\u00e8s, et convidem a aprofitar els excel\u00b7lents restaurants de la zona. <\/p>\n\n\n\n<div class=\"wp-block-buttons is-content-justification-center is-layout-flex wp-container-core-buttons-is-layout-16018d1d wp-block-buttons-is-layout-flex\">\n<div class=\"wp-block-button\"><a class=\"wp-block-button__link wp-element-button\" href=\"https:\/\/visitar.zoodelpirineu.com\/ca\/planifica-visita\/on-menjar\/\">ON MENJAR<\/a><\/div>\n<\/div>\n<\/div>\n\n\n\n<div class=\"wp-block-column is-layout-flow wp-block-column-is-layout-flow\" style=\"flex-basis:5%\"><\/div>\n<\/div>\n\n\n\n<div class=\"wp-block-columns is-layout-flex wp-container-core-columns-is-layout-9d6595d7 wp-block-columns-is-layout-flex\">\n<div class=\"wp-block-column is-layout-flow wp-block-column-is-layout-flow\"><\/div>\n\n\n\n<div class=\"wp-block-column is-layout-flow wp-block-column-is-layout-flow\" style=\"flex-basis:30%\"><div class=\"wp-block-image\">\n<figure class=\"aligncenter size-full is-resized\"><img loading=\"lazy\" decoding=\"async\" width=\"320\" height=\"213\" src=\"https:\/\/visitar.zoodelpirineu.com\/wp-content\/uploads\/2024\/10\/Botiga-amb-records-picto.png\" alt=\"\" class=\"wp-image-5674\" style=\"width:150px\" srcset=\"https:\/\/visitar.zoodelpirineu.com\/wp-content\/uploads\/2024\/10\/Botiga-amb-records-picto.png 320w, https:\/\/visitar.zoodelpirineu.com\/wp-content\/uploads\/2024\/10\/Botiga-amb-records-picto-300x200.png 300w\" sizes=\"auto, (max-width: 320px) 100vw, 320px\" \/><\/figure>\n<\/div>\n\n\n<h3 class=\"wp-block-heading has-text-align-center\">Botiga de records<\/h3>\n\n\n\n<p class=\"has-text-align-center\">A la botiga trobar\u00e0s una \u00e0mplia selecci\u00f3 de <strong>records per a tota la fam\u00edlia<\/strong>: peluixos dels animals m\u00e9s emblem\u00e0tics, jocs educatius, productes locals i una l\u00ednia de roba exclusiva del Zoo del Pirineu amb motius divertits d&#8217;animals.<\/p>\n\n\n\n<p class=\"has-text-align-center\">Amb cada compra <strong>ajudes a la conservaci\u00f3 de la fauna<\/strong> salvatge. \u00c9s la forma perfecta d&#8217;acabar la teva visita familiar al zoo, mentre col\u00b7labores en una causa important.<\/p>\n<\/div>\n\n\n\n<div class=\"wp-block-column is-layout-flow wp-block-column-is-layout-flow\" style=\"flex-basis:5%\"><\/div>\n\n\n\n<div class=\"wp-block-column is-layout-flow wp-block-column-is-layout-flow\" style=\"flex-basis:30%\"><div class=\"wp-block-image\">\n<figure class=\"aligncenter size-full is-resized\"><img loading=\"lazy\" decoding=\"async\" width=\"320\" height=\"213\" src=\"https:\/\/visitar.zoodelpirineu.com\/wp-content\/uploads\/2024\/10\/Juegos-picto.png\" alt=\"\" class=\"wp-image-5671\" style=\"width:150px\" srcset=\"https:\/\/visitar.zoodelpirineu.com\/wp-content\/uploads\/2024\/10\/Juegos-picto.png 320w, https:\/\/visitar.zoodelpirineu.com\/wp-content\/uploads\/2024\/10\/Juegos-picto-300x200.png 300w\" sizes=\"auto, (max-width: 320px) 100vw, 320px\" \/><\/figure>\n<\/div>\n\n\n<h3 class=\"wp-block-heading has-text-align-center\">Zona de jocs infantils<\/h3>\n\n\n\n<p class=\"has-text-align-center\">Sorpresa! Al Zoo del Pirineu <strong>no hi ha gronxadors<\/strong> ni tobogans tradicionals, sin\u00f3 la natura en estat pur! Aprofiteu els recursos del bosc, com pinyes, branques i arbres caiguts, per crear jocs en fam\u00edlia i posar a prova la vostra imaginaci\u00f3.<\/p>\n\n\n\n<p class=\"has-text-align-center\">Acceptareu el repte de divertir-vos com abans, sense pantalles? L\u2019aventura us espera al bosc, on pares i fills podreu gaudir plegats de la m\u00e0gia de la natura!<\/p>\n<\/div>\n\n\n\n<div class=\"wp-block-column is-layout-flow wp-block-column-is-layout-flow\"><\/div>\n<\/div>\n\n\n\n<div style=\"height:100px\" aria-hidden=\"true\" class=\"wp-block-spacer\"><\/div>\n\n\n\n<h2 class=\"wp-block-heading has-text-align-center\">Camins accessibles i lavabos adaptats<\/h2>\n\n\n\n<div class=\"wp-block-columns is-layout-flex wp-container-core-columns-is-layout-9d6595d7 wp-block-columns-is-layout-flex\">\n<div class=\"wp-block-column is-layout-flow wp-block-column-is-layout-flow\" style=\"flex-basis:5%\"><\/div>\n\n\n\n<div class=\"wp-block-column is-layout-flow wp-block-column-is-layout-flow\"><div class=\"wp-block-image\">\n<figure class=\"aligncenter size-full is-resized\"><img loading=\"lazy\" decoding=\"async\" width=\"320\" height=\"213\" src=\"https:\/\/visitar.zoodelpirineu.com\/wp-content\/uploads\/2024\/10\/Discapacidad-picto.png\" alt=\"\" class=\"wp-image-5683\" style=\"width:150px\" srcset=\"https:\/\/visitar.zoodelpirineu.com\/wp-content\/uploads\/2024\/10\/Discapacidad-picto.png 320w, https:\/\/visitar.zoodelpirineu.com\/wp-content\/uploads\/2024\/10\/Discapacidad-picto-300x200.png 300w\" sizes=\"auto, (max-width: 320px) 100vw, 320px\" \/><\/figure>\n<\/div>\n\n\n<h3 class=\"wp-block-heading has-text-align-center\">Camins accessibles per cadires de rodes?<\/h3>\n\n\n\n<p class=\"has-text-align-center\">Ens disculpem sincerament, per\u00f2 actualment la visita guiada per tot el refugi no \u00e9s c\u00f2mode per a visitants amb cadira de rodes. No obstant, pots arribar c\u00f2modament amb el teu cotxe fins a les zones on es fan altres activitats.<\/p>\n\n\n\n<p class=\"has-text-align-center\">Estem treballant per aconseguir finan\u00e7ament que ens permeti construir rampes al llarg del recorregut.<\/p>\n<\/div>\n\n\n\n<div class=\"wp-block-column is-layout-flow wp-block-column-is-layout-flow\" style=\"flex-basis:5%\"><\/div>\n\n\n\n<div class=\"wp-block-column is-layout-flow wp-block-column-is-layout-flow\"><div class=\"wp-block-image\">\n<figure class=\"aligncenter size-full is-resized\"><img loading=\"lazy\" decoding=\"async\" width=\"320\" height=\"213\" src=\"https:\/\/visitar.zoodelpirineu.com\/wp-content\/uploads\/2024\/10\/Familia-con-cochet-picto.png\" alt=\"\" class=\"wp-image-5680\" style=\"width:150px\" srcset=\"https:\/\/visitar.zoodelpirineu.com\/wp-content\/uploads\/2024\/10\/Familia-con-cochet-picto.png 320w, https:\/\/visitar.zoodelpirineu.com\/wp-content\/uploads\/2024\/10\/Familia-con-cochet-picto-300x200.png 300w\" sizes=\"auto, (max-width: 320px) 100vw, 320px\" \/><\/figure>\n<\/div>\n\n\n<h3 class=\"wp-block-heading has-text-align-center\">Camins c\u00f2modes pels cotxets?<\/h3>\n\n\n\n<p class=\"has-text-align-center\">Les fam\u00edlies amb infants en cotxets poden trobar que algunes zones de la visita guiada no s\u00f3n del tot accessibles. Per a una experi\u00e8ncia m\u00e9s c\u00f2moda, recomanem utilitzar un <strong>porta-infants<\/strong> durant la visita guiada. <\/p>\n\n\n\n<p class=\"has-text-align-center\">A la resta d&#8217;activitats, pots arribar amb el cotxet sense cap inconvenient.<\/p>\n<\/div>\n\n\n\n<div class=\"wp-block-column is-layout-flow wp-block-column-is-layout-flow\" style=\"flex-basis:5%\"><\/div>\n\n\n\n<div class=\"wp-block-column is-layout-flow wp-block-column-is-layout-flow\"><div class=\"wp-block-image\">\n<figure class=\"aligncenter size-full is-resized\"><img loading=\"lazy\" decoding=\"async\" width=\"320\" height=\"213\" src=\"https:\/\/visitar.zoodelpirineu.com\/wp-content\/uploads\/2024\/10\/Lavabos-picto.png\" alt=\"\" class=\"wp-image-5677\" style=\"width:150px\" srcset=\"https:\/\/visitar.zoodelpirineu.com\/wp-content\/uploads\/2024\/10\/Lavabos-picto.png 320w, https:\/\/visitar.zoodelpirineu.com\/wp-content\/uploads\/2024\/10\/Lavabos-picto-300x200.png 300w\" sizes=\"auto, (max-width: 320px) 100vw, 320px\" \/><\/figure>\n<\/div>\n\n\n<h3 class=\"wp-block-heading has-text-align-center\">Lavabo adaptat i canviadors<\/h3>\n\n\n\n<p class=\"has-text-align-center\">Hi ha dues zones amb lavabos, un d&#8217;aquests est\u00e0 adaptat per a persones amb discapacitat.<\/p>\n\n\n\n<p class=\"has-text-align-center\">El mateix lavabo tamb\u00e9 disposa de canviador per a nens petits.<\/p>\n<\/div>\n\n\n\n<div class=\"wp-block-column is-layout-flow wp-block-column-is-layout-flow\" style=\"flex-basis:5%\"><\/div>\n<\/div>\n\n\n\n<div style=\"height:100px\" aria-hidden=\"true\" class=\"wp-block-spacer\"><\/div>\n\n\n\n<h2 class=\"wp-block-heading has-text-align-center\">Altres facilitats durant la teva visita familiar al zoo<\/h2>\n\n\n\n<div style=\"height:40px\" aria-hidden=\"true\" class=\"wp-block-spacer\"><\/div>\n\n\n\n<div class=\"wp-block-columns is-layout-flex wp-container-core-columns-is-layout-9d6595d7 wp-block-columns-is-layout-flex\">\n<div class=\"wp-block-column is-layout-flow wp-block-column-is-layout-flow\"><\/div>\n\n\n\n<div class=\"wp-block-column is-layout-flow wp-block-column-is-layout-flow\" style=\"flex-basis:30%\"><div class=\"wp-block-image\">\n<figure class=\"aligncenter size-full is-resized\"><img loading=\"lazy\" decoding=\"async\" width=\"320\" height=\"213\" src=\"https:\/\/visitar.zoodelpirineu.com\/wp-content\/uploads\/2024\/10\/Zona-fumadores-picto.png\" alt=\"\" class=\"wp-image-5689\" style=\"width:150px\" srcset=\"https:\/\/visitar.zoodelpirineu.com\/wp-content\/uploads\/2024\/10\/Zona-fumadores-picto.png 320w, https:\/\/visitar.zoodelpirineu.com\/wp-content\/uploads\/2024\/10\/Zona-fumadores-picto-300x200.png 300w\" sizes=\"auto, (max-width: 320px) 100vw, 320px\" \/><\/figure>\n<\/div>\n\n\n<h3 class=\"wp-block-heading has-text-align-center\">Zona de fumadors<\/h3>\n\n\n\n<p class=\"has-text-align-center\">Al Zoo del Pirineu no tenim restriccions espec\u00edfiques per als fumadors, per\u00f2 et demanem que siguis respectu\u00f3s amb els altres visitants i evitis fumar a prop seu.<\/p>\n\n\n\n<p class=\"has-text-align-center\">Per mantenir el parc net i agradable per a tothom, si us plau, no llencis les restes de cigarrets a terra.<\/p>\n<\/div>\n\n\n\n<div class=\"wp-block-column is-layout-flow wp-block-column-is-layout-flow\" style=\"flex-basis:5%\"><\/div>\n\n\n\n<div class=\"wp-block-column is-layout-flow wp-block-column-is-layout-flow\" style=\"flex-basis:30%\"><div class=\"wp-block-image\">\n<figure class=\"aligncenter size-full is-resized\"><img loading=\"lazy\" decoding=\"async\" width=\"320\" height=\"213\" src=\"https:\/\/visitar.zoodelpirineu.com\/wp-content\/uploads\/2024\/10\/Security-picto.png\" alt=\"\" class=\"wp-image-5686\" style=\"width:150px\" srcset=\"https:\/\/visitar.zoodelpirineu.com\/wp-content\/uploads\/2024\/10\/Security-picto.png 320w, https:\/\/visitar.zoodelpirineu.com\/wp-content\/uploads\/2024\/10\/Security-picto-300x200.png 300w\" sizes=\"auto, (max-width: 320px) 100vw, 320px\" \/><\/figure>\n<\/div>\n\n\n<h3 class=\"wp-block-heading has-text-align-center\">Servei de consignes<\/h3>\n\n\n\n<p class=\"has-text-align-center\">El Zoo del Pirineu no disposa de consignes. Si necessites deixar alguna cosa al cotxe, pots sortir i tornar a entrar al parc sense cap problema durant la teva visita.<\/p>\n<\/div>\n\n\n\n<div class=\"wp-block-column is-layout-flow wp-block-column-is-layout-flow\"><\/div>\n<\/div>\n\n\n\n<div style=\"height:100px\" aria-hidden=\"true\" class=\"wp-block-spacer\"><\/div>\n\n\n\n<div class=\"wp-block-cover has-parallax\"><div class=\"wp-block-cover__image-background wp-image-5641 has-parallax\" style=\"background-position:50% 50%;background-image:url(https:\/\/visitar.zoodelpirineu.com\/wp-content\/uploads\/2024\/10\/Bar-con-terrassa-en-el-zoo.jpg)\"><\/div><span aria-hidden=\"true\" class=\"wp-block-cover__background has-contrast-background-color has-background-dim\"><\/span><div class=\"wp-block-cover__inner-container is-layout-constrained wp-block-cover-is-layout-constrained\">\n<p class=\"has-text-align-center has-large-font-size\">Esperem que la teva <strong>visita familiar al zoo<\/strong> sigui inoblidable i que tornis aviat per seguir gaudint de la natura i dels animals salvatges.<\/p>\n<\/div><\/div>\n\n\n\n<p><\/p>\n","protected":false},"excerpt":{"rendered":"<p>Aparcament ampli i accessible A l&#8217;entrada del zoo hi ha un ampli aparcament pels nostres visitants. Hi ha espai disponible per turismes, auto-caravanes i autocars. Autocaravanes Hi ha espai suficient per aparcar autocaravanes, per\u00f2 no \u00e9s un lloc habilitat per pernoctar. A la zona trobareu diversos espais amb serveis per a autocaravanes. Autocars Disposem d&#8217;espai &#8230; <a title=\"Visita familiar al zoo: Serveis per a la teva comoditat\" class=\"read-more\" href=\"https:\/\/visitar.zoodelpirineu.com\/ca\/visitar-zoo\/visita-familiar-al-zoo-serveis\/\" aria-label=\"M\u00e9s informaci\u00f3 sobre Visita familiar al zoo: Serveis per a la teva comoditat\">Read more<\/a><\/p>\n","protected":false},"author":1,"featured_media":931,"parent":167,"menu_order":0,"comment_status":"closed","ping_status":"closed","template":"","meta":{"_monsterinsights_skip_tracking":false,"_monsterinsights_sitenote_active":false,"_monsterinsights_sitenote_note":"","_monsterinsights_sitenote_category":0,"footnotes":""},"class_list":{"0":"post-930","1":"page","2":"type-page","3":"status-publish","4":"has-post-thumbnail","6":"infinite-scroll-item"},"aioseo_notices":[],"_links":{"self":[{"href":"https:\/\/visitar.zoodelpirineu.com\/ca\/wp-json\/wp\/v2\/pages\/930","targetHints":{"allow":["GET"]}}],"collection":[{"href":"https:\/\/visitar.zoodelpirineu.com\/ca\/wp-json\/wp\/v2\/pages"}],"about":[{"href":"https:\/\/visitar.zoodelpirineu.com\/ca\/wp-json\/wp\/v2\/types\/page"}],"author":[{"embeddable":true,"href":"https:\/\/visitar.zoodelpirineu.com\/ca\/wp-json\/wp\/v2\/users\/1"}],"replies":[{"embeddable":true,"href":"https:\/\/visitar.zoodelpirineu.com\/ca\/wp-json\/wp\/v2\/comments?post=930"}],"version-history":[{"count":13,"href":"https:\/\/visitar.zoodelpirineu.com\/ca\/wp-json\/wp\/v2\/pages\/930\/revisions"}],"predecessor-version":[{"id":6730,"href":"https:\/\/visitar.zoodelpirineu.com\/ca\/wp-json\/wp\/v2\/pages\/930\/revisions\/6730"}],"up":[{"embeddable":true,"href":"https:\/\/visitar.zoodelpirineu.com\/ca\/wp-json\/wp\/v2\/pages\/167"}],"wp:featuredmedia":[{"embeddable":true,"href":"https:\/\/visitar.zoodelpirineu.com\/ca\/wp-json\/wp\/v2\/media\/931"}],"wp:attachment":[{"href":"https:\/\/visitar.zoodelpirineu.com\/ca\/wp-json\/wp\/v2\/media?parent=930"}],"curies":[{"name":"wp","href":"https:\/\/api.w.org\/{rel}","templated":true}]}}