{"id":6845,"date":"2026-03-31T04:14:39","date_gmt":"2026-03-31T03:14:39","guid":{"rendered":"https:\/\/visitar.zoodelpirineu.com\/plans\/"},"modified":"2026-03-31T04:57:17","modified_gmt":"2026-03-31T03:57:17","slug":"plans","status":"publish","type":"page","link":"https:\/\/visitar.zoodelpirineu.com\/en\/plans\/","title":{"rendered":"Plans"},"content":{"rendered":"\n<div class=\"wp-block-cover\"><img loading=\"lazy\" decoding=\"async\" width=\"1024\" height=\"410\" class=\"wp-block-cover__image-background wp-image-6780 size-large\" alt=\"qu\u00e8 fer amb nens al Solson\u00e8s per fam\u00edlies amb nens\" src=\"https:\/\/visitar.zoodelpirineu.com\/wp-content\/uploads\/2026\/03\/ninos-interactuando-con-animales-1024x410.jpg\" style=\"object-position:72% 52%\" data-object-fit=\"cover\" data-object-position=\"72% 52%\" srcset=\"https:\/\/visitar.zoodelpirineu.com\/wp-content\/uploads\/2026\/03\/ninos-interactuando-con-animales-1024x410.jpg 1024w, https:\/\/visitar.zoodelpirineu.com\/wp-content\/uploads\/2026\/03\/ninos-interactuando-con-animales-300x120.jpg 300w, https:\/\/visitar.zoodelpirineu.com\/wp-content\/uploads\/2026\/03\/ninos-interactuando-con-animales-768x307.jpg 768w, https:\/\/visitar.zoodelpirineu.com\/wp-content\/uploads\/2026\/03\/ninos-interactuando-con-animales-1536x614.jpg 1536w, https:\/\/visitar.zoodelpirineu.com\/wp-content\/uploads\/2026\/03\/ninos-interactuando-con-animales.jpg 2000w\" sizes=\"auto, (max-width: 1024px) 100vw, 1024px\" \/><span aria-hidden=\"true\" class=\"wp-block-cover__background has-contrast-background-color has-background-dim\"><\/span><div class=\"wp-block-cover__inner-container is-layout-constrained wp-block-cover-is-layout-constrained\">\n<p class=\"has-text-align-center has-large-font-size\">Wildlife experience with kids near Solsona (Catalonia)<\/p>\n\n\n\n<p class=\"has-text-align-center\" style=\"font-size:25px\">A unique guided visit to a wildlife rescue centre in the Pyrenees, ideal for families<\/p>\n<\/div><\/div>\n\n<div style=\"height:100px\" aria-hidden=\"true\" class=\"wp-block-spacer\"><\/div>\n\n<div class=\"wp-block-columns is-layout-flex wp-container-core-columns-is-layout-9d6595d7 wp-block-columns-is-layout-flex\">\n<div class=\"wp-block-column is-layout-flow wp-block-column-is-layout-flow\" style=\"flex-basis:25%\"><\/div>\n\n\n\n<div class=\"wp-block-column is-layout-flow wp-block-column-is-layout-flow\" style=\"flex-basis:50%\">\n<p class=\"has-text-align-center\">If you\u2019re looking for things to do with kids in Catalonia, this is one of the most unique experiences in the area. A guided visit to a wildlife rescue centre, set in nature near Solsona, Cardona and Port del Comte.<br\/>A real, educational and different experience for families who want to do something meaningful during their trip.  <\/p>\n<\/div>\n\n\n\n<div class=\"wp-block-column is-layout-flow wp-block-column-is-layout-flow\" style=\"flex-basis:25%\"><\/div>\n<\/div>\n\n<div style=\"height:100px\" aria-hidden=\"true\" class=\"wp-block-spacer\"><\/div>\n\n<div class=\"wp-block-columns is-layout-flex wp-container-core-columns-is-layout-9d6595d7 wp-block-columns-is-layout-flex\">\n<div class=\"wp-block-column has-base-2-background-color has-background is-layout-flow wp-block-column-is-layout-flow\">\n<h2 class=\"wp-block-heading has-text-align-center\"><a href=\"https:\/\/visitar.zoodelpirineu.com\/en\/plans\/things-to-do-solsona-kids\/\" title=\"A unique wildlife experience for families near Solsona\">A unique wildlife experience for families near Solsona<\/a><\/h2>\n\n\n\n<p class=\"has-text-align-center\">Discover a unique experience with rescued wild animals in nature. A guided visit where children can take part, ask questions and connect with each animal\u2019s story.  <\/p>\n\n\n\n<p class=\"has-text-align-center\">Just 30 minutes from Solsona, surrounded by nature<\/p>\n\n\n\n<p class=\"has-text-align-center\">Ideal if you\u2019re staying in Solsona or exploring the Solson\u00e8s area<\/p>\n\n\n\n<div class=\"wp-block-buttons is-layout-flex wp-block-buttons-is-layout-flex\">\n<div class=\"wp-block-button has-custom-width wp-block-button__width-100\"><a class=\"wp-block-button__link wp-element-button\" href=\"https:\/\/visitar.zoodelpirineu.com\/en\/plans\/things-to-do-solsona-kids\/\" style=\"border-top-left-radius:0px;border-top-right-radius:0px;border-bottom-left-radius:0px;border-bottom-right-radius:0px\">Discover what to do near Solsona<\/a><\/div>\n<\/div>\n<\/div>\n\n\n\n<div class=\"wp-block-column has-base-2-background-color has-background is-layout-flow wp-block-column-is-layout-flow\">\n<h2 class=\"wp-block-heading has-text-align-center\">Things to do near Cardona with kids<\/h2>\n\n\n\n<p class=\"has-text-align-center\">If you\u2019re visiting Cardona, you can complete your trip with a unique wildlife experience in nature, ideal for families.<\/p>\n\n\n\n<p class=\"has-text-align-center\">Less than 1 hour from Cardona<\/p>\n\n\n\n<p class=\"has-text-align-center\"><em>Available soon<\/em><\/p>\n<\/div>\n\n\n\n<div class=\"wp-block-column has-base-2-background-color has-background is-layout-flow wp-block-column-is-layout-flow\">\n<h2 class=\"wp-block-heading has-text-align-center\">Family activity near Port del Comte<\/h2>\n\n\n\n<p class=\"has-text-align-center\">After a day in the mountains or skiing at Port del Comte, you can complete your trip with a unique wildlife experience in nature, ideal for families.<\/p>\n\n\n\n<p class=\"has-text-align-center\">Just a short drive away<\/p>\n\n\n\n<p class=\"has-text-align-center\"><em>Available soon<\/em><\/p>\n<\/div>\n<\/div>\n\n<div style=\"height:100px\" aria-hidden=\"true\" class=\"wp-block-spacer\"><\/div>\n\n<div class=\"wp-block-columns is-layout-flex wp-container-core-columns-is-layout-9d6595d7 wp-block-columns-is-layout-flex\">\n<div class=\"wp-block-column is-layout-flow wp-block-column-is-layout-flow\" style=\"flex-basis:25%\"><\/div>\n\n\n\n<div class=\"wp-block-column is-layout-flow wp-block-column-is-layout-flow\" style=\"flex-basis:50%\">\n<p class=\"has-text-align-center\">Zoo del Pirineu is one of the most unique places to visit with kids in this area of Catalonia. A space where rescued animals live in natural environments, and every visit becomes a shared discovery.  <\/p>\n<\/div>\n\n\n\n<div class=\"wp-block-column is-layout-flow wp-block-column-is-layout-flow\" style=\"flex-basis:25%\"><\/div>\n<\/div>\n\n<div class=\"wp-block-cover\"><img loading=\"lazy\" decoding=\"async\" width=\"1024\" height=\"410\" class=\"wp-block-cover__image-background wp-image-6787 size-large\" alt=\"Qu\u00e8 fer amb nens al Solson\u00e8s\" src=\"https:\/\/visitar.zoodelpirineu.com\/wp-content\/uploads\/2026\/03\/ninos-interactuan-con-animales-en-cataluna-1024x410.jpg\" style=\"object-position:49% 59%\" data-object-fit=\"cover\" data-object-position=\"49% 59%\" srcset=\"https:\/\/visitar.zoodelpirineu.com\/wp-content\/uploads\/2026\/03\/ninos-interactuan-con-animales-en-cataluna-1024x410.jpg 1024w, https:\/\/visitar.zoodelpirineu.com\/wp-content\/uploads\/2026\/03\/ninos-interactuan-con-animales-en-cataluna-300x120.jpg 300w, https:\/\/visitar.zoodelpirineu.com\/wp-content\/uploads\/2026\/03\/ninos-interactuan-con-animales-en-cataluna-768x307.jpg 768w, https:\/\/visitar.zoodelpirineu.com\/wp-content\/uploads\/2026\/03\/ninos-interactuan-con-animales-en-cataluna-1536x614.jpg 1536w, https:\/\/visitar.zoodelpirineu.com\/wp-content\/uploads\/2026\/03\/ninos-interactuan-con-animales-en-cataluna.jpg 2000w\" sizes=\"auto, (max-width: 1024px) 100vw, 1024px\" \/><span aria-hidden=\"true\" class=\"wp-block-cover__background has-background-dim\"><\/span><div class=\"wp-block-cover__inner-container is-layout-constrained wp-block-cover-is-layout-constrained\">\n<div style=\"height:100px\" aria-hidden=\"true\" class=\"wp-block-spacer\"><\/div>\n\n\n\n<p class=\"has-text-align-center\" style=\"font-size:25px\">Discover a unique experience with rescued wild animals. Here, children don\u2019t just watch \u2014 they take part, ask questions and understand each animal\u2019s story.<\/p>\n\n\n\n<div style=\"height:40px\" aria-hidden=\"true\" class=\"wp-block-spacer\"><\/div>\n<\/div><\/div>\n\n<p><\/p>\n","protected":false},"excerpt":{"rendered":"<p>If you\u2019re looking for things to do with kids in Catalonia, this is one of the most unique experiences in the area. A guided visit to a wildlife rescue centre, set in nature near Solsona, Cardona and Port del Comte.A real, educational and different experience for families who want to do something meaningful during their &#8230; <a title=\"Plans\" class=\"read-more\" href=\"https:\/\/visitar.zoodelpirineu.com\/en\/plans\/\" aria-label=\"Read more about Plans\">Read more<\/a><\/p>\n","protected":false},"author":1,"featured_media":0,"parent":0,"menu_order":0,"comment_status":"closed","ping_status":"closed","template":"","meta":{"_monsterinsights_skip_tracking":false,"_monsterinsights_sitenote_active":false,"_monsterinsights_sitenote_note":"","_monsterinsights_sitenote_category":0,"footnotes":""},"class_list":{"0":"post-6845","1":"page","2":"type-page","3":"status-publish","5":"infinite-scroll-item"},"aioseo_notices":[],"_links":{"self":[{"href":"https:\/\/visitar.zoodelpirineu.com\/en\/wp-json\/wp\/v2\/pages\/6845","targetHints":{"allow":["GET"]}}],"collection":[{"href":"https:\/\/visitar.zoodelpirineu.com\/en\/wp-json\/wp\/v2\/pages"}],"about":[{"href":"https:\/\/visitar.zoodelpirineu.com\/en\/wp-json\/wp\/v2\/types\/page"}],"author":[{"embeddable":true,"href":"https:\/\/visitar.zoodelpirineu.com\/en\/wp-json\/wp\/v2\/users\/1"}],"replies":[{"embeddable":true,"href":"https:\/\/visitar.zoodelpirineu.com\/en\/wp-json\/wp\/v2\/comments?post=6845"}],"version-history":[{"count":3,"href":"https:\/\/visitar.zoodelpirineu.com\/en\/wp-json\/wp\/v2\/pages\/6845\/revisions"}],"predecessor-version":[{"id":6851,"href":"https:\/\/visitar.zoodelpirineu.com\/en\/wp-json\/wp\/v2\/pages\/6845\/revisions\/6851"}],"wp:attachment":[{"href":"https:\/\/visitar.zoodelpirineu.com\/en\/wp-json\/wp\/v2\/media?parent=6845"}],"curies":[{"name":"wp","href":"https:\/\/api.w.org\/{rel}","templated":true}]}}